{"id":89293,"date":"2025-02-05T14:46:19","date_gmt":"2025-02-05T13:46:19","guid":{"rendered":"https:\/\/chk-de.org\/?page_id=89293"},"modified":"2025-02-05T14:46:21","modified_gmt":"2025-02-05T13:46:21","slug":"eversheds-sutherland","status":"publish","type":"page","link":"https:\/\/chk-de.org\/de\/eversheds-sutherland\/","title":{"rendered":"Eversheds Sutherland (Germany) Rechtsanw\u00e4lte Steuerberater Solicitors Partnerschaft mbB"},"content":{"rendered":"\t\t<div data-elementor-type=\"wp-page\" data-elementor-id=\"89293\" class=\"elementor elementor-89293\" data-elementor-settings=\"[]\">\n\t\t\t\t\t\t\t<div class=\"elementor-section-wrap\">\n\t\t\t\t\t\t\t<section class=\"elementor-section elementor-top-section elementor-element elementor-element-91f30f9 is-yes elementor-section-boxed elementor-section-height-default elementor-section-height-default\" data-id=\"91f30f9\" data-element_type=\"section\">\n\t\t\t\t\t\t<div class=\"elementor-container elementor-column-gap-default\">\n\t\t\t\t\t<div class=\"dis-fl col-12 col-6--medium elementor-column elementor-col-50 elementor-top-column elementor-element elementor-element-5098c8f  gut\" data-id=\"5098c8f\" data-element_type=\"column\">\n\t\t\t<div class=\"elementor-widget-wrap elementor-element-populated\">\n\t\t\t\t\t\t\t\t<div class=\"elementor-element elementor-element-61b6072 elementor-widget elementor-widget-image\" data-id=\"61b6072\" data-element_type=\"widget\" data-widget_type=\"image.default\">\n\t\t\t\t<div class=\"elementor-widget-container\">\n\t\t\t\t\t\t\t\t\t\t\t\t\t\t\t<img width=\"1024\" height=\"428\" src=\"https:\/\/chk-de.org\/app\/uploads\/2025\/02\/eversheds-Logo-1024x428.png\" class=\"attachment-large size-large\" alt=\"\" loading=\"lazy\" srcset=\"https:\/\/chk-de.org\/app\/uploads\/2025\/02\/eversheds-Logo-1024x428.png 1024w, https:\/\/chk-de.org\/app\/uploads\/2025\/02\/eversheds-Logo-300x126.png 300w, https:\/\/chk-de.org\/app\/uploads\/2025\/02\/eversheds-Logo-768x321.png 768w, https:\/\/chk-de.org\/app\/uploads\/2025\/02\/eversheds-Logo.png 1047w\" sizes=\"(max-width: 1024px) 100vw, 1024px\" \/>\t\t\t\t\t\t\t\t\t\t\t\t\t\t\t<\/div>\n\t\t\t\t<\/div>\n\t\t\t\t\t<\/div>\n\t\t<\/div>\n\t\t\t\t<div class=\"dis-fl col-12 col-6--medium elementor-column elementor-col-50 elementor-top-column elementor-element elementor-element-a2ae18c  gut\" data-id=\"a2ae18c\" data-element_type=\"column\">\n\t\t\t<div class=\"elementor-widget-wrap\">\n\t\t\t\t\t\t\t\t\t<\/div>\n\t\t<\/div>\n\t\t\t\t\t\t\t<\/div>\n\t\t<\/section>\n\t\t\t\t<section class=\"elementor-section elementor-top-section elementor-element elementor-element-4f269ed is-yes elementor-section-boxed elementor-section-height-default elementor-section-height-default\" data-id=\"4f269ed\" data-element_type=\"section\">\n\t\t\t\t\t\t<div class=\"elementor-container elementor-column-gap-default\">\n\t\t\t\t\t<div class=\"dis-fl col-12 col-12--medium elementor-column elementor-col-100 elementor-top-column elementor-element elementor-element-e233262  gut\" data-id=\"e233262\" data-element_type=\"column\">\n\t\t\t<div class=\"elementor-widget-wrap elementor-element-populated\">\n\t\t\t\t\t\t\t\t<div class=\"elementor-element elementor-element-ba05c02 lh-3 co-black elementor-widget elementor-widget-text-block\" data-id=\"ba05c02\" data-element_type=\"widget\" data-widget_type=\"text-block.default\">\n\t\t\t\t<div class=\"elementor-widget-container\">\n\t\t\t\n\n<div class=\"elementor-text-editor\"><p>\u00a0<\/p><p>Eversheds Sutherland z\u00e4hlt mit \u00fcber 3.000 Rechtsanw\u00e4lten mit 74 B\u00fcros in 35 L\u00e4ndern in Europa, Asien, Afrika, dem Nahen Osten und den USA zu den weltweit gr\u00f6\u00dften Anwaltskanzleien. Eversheds Sutherland wird im \u201eGlobal 20\u201c-Ranking des US-Branchendienstes Law360 unter den weltweit f\u00fchrenden Kanzleien f\u00fcr grenz\u00fcberschreitende Beratung empfohlen. In Deutschland beraten mehr als 160 Rechtsanw\u00e4lte, Steuerberater und Notare an den Standorten in M\u00fcnchen, D\u00fcsseldorf, Frankfurt und Hamburg in allen wichtigen Bereichen des Wirtschaftsrechts.Unser China Desk in Deutschland unterst\u00fctzt seit vielen Jahren regelm\u00e4\u00dfig chinesische Investoren in Europa. Zu ihnen geh\u00f6ren gro\u00dfe Staatsunternehmen, Regierungen als auch Privatunternehmen.\u00a0 Wir begleiten Sie in allen Bereichen, die ein chinesischer Investor in Deutschland ben\u00f6tigt, beispielsweise bei M&amp;A Transaktionen, B\u00f6rseng\u00e4ngen, Vertr\u00e4gen, Rechtsstreitigkeiten, Verhandlungen mit Beh\u00f6rden, Joint Ventures als auch bei der Gr\u00fcndung von Tochterunternehmen und bei Fragen des Arbeitsrechtes. Uns sind die Besonderheiten des deutsch chinesischen Gesch\u00e4ftes sehr gut bekannt. Unser Ziel ist, Ihnen im deutschen Markt ein erfolgreiches Gesch\u00e4ft zu erm\u00f6glichen. In China stehen unsere\u00a0 B\u00fcros in Peking, Shanghai und Hongkong zur Verf\u00fcgung. Unser umfangreiches spezialisiertes Netzwerk stellen wir gerne bereit.<\/p><\/div>\t\t<\/div>\n\t\t\t\t<\/div>\n\t\t\t\t\t<\/div>\n\t\t<\/div>\n\t\t\t\t\t\t\t<\/div>\n\t\t<\/section>\n\t\t\t\t<section class=\"elementor-section elementor-top-section elementor-element elementor-element-112be88 is-yes elementor-section-boxed elementor-section-height-default elementor-section-height-default\" data-id=\"112be88\" data-element_type=\"section\">\n\t\t\t\t\t\t<div class=\"elementor-container elementor-column-gap-default\">\n\t\t\t\t\t<div class=\"dis-fl col-12 col-12--medium elementor-column elementor-col-100 elementor-top-column elementor-element elementor-element-c78eea7  gut\" data-id=\"c78eea7\" data-element_type=\"column\">\n\t\t\t<div class=\"elementor-widget-wrap elementor-element-populated\">\n\t\t\t\t\t\t\t\t<div class=\"elementor-element elementor-element-f35e7a4 elementor-widget elementor-widget-spacer\" data-id=\"f35e7a4\" data-element_type=\"widget\" data-widget_type=\"spacer.default\">\n\t\t\t\t<div class=\"elementor-widget-container\">\n\t\t\t\t\t<div class=\"elementor-spacer\">\n\t\t\t<div class=\"elementor-spacer-inner\"><\/div>\n\t\t<\/div>\n\t\t\t\t<\/div>\n\t\t\t\t<\/div>\n\t\t\t\t\t<\/div>\n\t\t<\/div>\n\t\t\t\t\t\t\t<\/div>\n\t\t<\/section>\n\t\t\t\t<section class=\"elementor-section elementor-top-section elementor-element elementor-element-04d66ad is-yes elementor-section-boxed elementor-section-height-default elementor-section-height-default\" data-id=\"04d66ad\" data-element_type=\"section\">\n\t\t\t\t\t\t<div class=\"elementor-container elementor-column-gap-default\">\n\t\t\t\t\t<div class=\"dis-fl col-12 col-6--medium elementor-column elementor-col-50 elementor-top-column elementor-element elementor-element-b03b924  gut\" data-id=\"b03b924\" data-element_type=\"column\">\n\t\t\t<div class=\"elementor-widget-wrap elementor-element-populated\">\n\t\t\t\t\t\t\t\t<div class=\"elementor-element elementor-element-90f9b79 lh-3 co-black elementor-widget elementor-widget-text-block\" data-id=\"90f9b79\" data-element_type=\"widget\" data-widget_type=\"text-block.default\">\n\t\t\t\t<div class=\"elementor-widget-container\">\n\t\t\t\n\n<div class=\"elementor-text-editor\"><p>\u00a0<\/p><p style=\"text-align: center;\"><span style=\"color: #ffffff;\"><span style=\"text-decoration: underline;\"><strong>T<\/strong><\/span><\/span><span style=\"color: #ffffff;\"><span style=\"text-decoration: underline;\"><strong>\u00e4tigkeitsberei<\/strong><\/span><span style=\"text-decoration: underline;\"><strong>c<\/strong><\/span><span style=\"text-decoration: underline;\"><strong>h<\/strong><\/span><\/span><\/p><p style=\"text-align: center;\"><span style=\"color: #ffffff;\">Rechtsberatung<\/span><\/p><p>\u00a0<\/p><\/div>\t\t<\/div>\n\t\t\t\t<\/div>\n\t\t\t\t\t<\/div>\n\t\t<\/div>\n\t\t\t\t<div class=\"dis-fl col-12 col-6--medium elementor-column elementor-col-50 elementor-top-column elementor-element elementor-element-0de6037  gut\" data-id=\"0de6037\" data-element_type=\"column\">\n\t\t\t<div class=\"elementor-widget-wrap\">\n\t\t\t\t\t\t\t\t\t<\/div>\n\t\t<\/div>\n\t\t\t\t\t\t\t<\/div>\n\t\t<\/section>\n\t\t\t\t<section class=\"elementor-section elementor-top-section elementor-element elementor-element-d5049c5 is-yes elementor-section-boxed elementor-section-height-default elementor-section-height-default\" data-id=\"d5049c5\" data-element_type=\"section\">\n\t\t\t\t\t\t<div class=\"elementor-container elementor-column-gap-default\">\n\t\t\t\t\t<div class=\"dis-fl col-12 col-12--medium elementor-column elementor-col-100 elementor-top-column elementor-element elementor-element-f38ac0b  gut\" data-id=\"f38ac0b\" data-element_type=\"column\">\n\t\t\t<div class=\"elementor-widget-wrap elementor-element-populated\">\n\t\t\t\t\t\t\t\t<div class=\"elementor-element elementor-element-2a3b681 elementor-widget elementor-widget-spacer\" data-id=\"2a3b681\" data-element_type=\"widget\" data-widget_type=\"spacer.default\">\n\t\t\t\t<div class=\"elementor-widget-container\">\n\t\t\t\t\t<div class=\"elementor-spacer\">\n\t\t\t<div class=\"elementor-spacer-inner\"><\/div>\n\t\t<\/div>\n\t\t\t\t<\/div>\n\t\t\t\t<\/div>\n\t\t\t\t\t<\/div>\n\t\t<\/div>\n\t\t\t\t\t\t\t<\/div>\n\t\t<\/section>\n\t\t\t\t<section class=\"elementor-section elementor-top-section elementor-element elementor-element-e0a7faa is-yes elementor-section-boxed elementor-section-height-default elementor-section-height-default\" data-id=\"e0a7faa\" data-element_type=\"section\">\n\t\t\t\t\t\t<div class=\"elementor-container elementor-column-gap-default\">\n\t\t\t\t\t<div class=\"dis-fl col-12 col-12--medium elementor-column elementor-col-100 elementor-top-column elementor-element elementor-element-22318d1  gut\" data-id=\"22318d1\" data-element_type=\"column\">\n\t\t\t<div class=\"elementor-widget-wrap elementor-element-populated\">\n\t\t\t\t\t\t\t\t<div class=\"elementor-element elementor-element-af06b8d pad-b-1 elementor-widget elementor-widget-header\" data-id=\"af06b8d\" data-element_type=\"widget\" data-widget_type=\"header.default\">\n\t\t\t\t<div class=\"elementor-widget-container\">\n\t\t\t<h2 class=\"heading\">\n    <span class=\"fontw-l has-divider lh-3 size-4\">Kontakt<\/span>\n  <div class=\"heading__divider pad-t-2\" aria-hidden><svg width=\"90\" height=\"2\" viewBox=\"0 0 90 2\" xmlns=\"http:\/\/www.w3.org\/2000\/svg\"><line x1=\"0\" y1=\"1\" x2=\"90\" y2=\"1\" stroke-width=\"2\" \/><\/svg><\/div><\/h2>\t\t<\/div>\n\t\t\t\t<\/div>\n\t\t\t\t\t<\/div>\n\t\t<\/div>\n\t\t\t\t\t\t\t<\/div>\n\t\t<\/section>\n\t\t\t\t<section class=\"elementor-section elementor-top-section elementor-element elementor-element-91fd5d5 is-yes elementor-section-boxed elementor-section-height-default elementor-section-height-default\" data-id=\"91fd5d5\" data-element_type=\"section\">\n\t\t\t\t\t\t<div class=\"elementor-container elementor-column-gap-default\">\n\t\t\t\t\t<div class=\"dis-fl col-12 col-4--medium elementor-column elementor-col-33 elementor-top-column elementor-element elementor-element-5a4c593  gut\" data-id=\"5a4c593\" data-element_type=\"column\">\n\t\t\t<div class=\"elementor-widget-wrap elementor-element-populated\">\n\t\t\t\t\t\t\t\t<div class=\"elementor-element elementor-element-6e03fd1 pad-t-1 elementor-widget elementor-widget-simple-button\" data-id=\"6e03fd1\" data-element_type=\"widget\" data-widget_type=\"simple-button.default\">\n\t\t\t\t<div class=\"elementor-widget-container\">\n\t\t\t    \n  \n  \n\n\n<a href=\"www.eversheds-sutherland.com\" class=\"button size-2\">\n  <span>Homepage<\/span>\n<\/a>\t\t<\/div>\n\t\t\t\t<\/div>\n\t\t\t\t\t<\/div>\n\t\t<\/div>\n\t\t\t\t<div class=\"dis-fl col-12 col-4--medium elementor-column elementor-col-33 elementor-top-column elementor-element elementor-element-67560f5  gut\" data-id=\"67560f5\" data-element_type=\"column\">\n\t\t\t<div class=\"elementor-widget-wrap\">\n\t\t\t\t\t\t\t\t\t<\/div>\n\t\t<\/div>\n\t\t\t\t<div class=\"dis-fl col-12 col-4--medium elementor-column elementor-col-33 elementor-top-column elementor-element elementor-element-c2a483f  gut\" data-id=\"c2a483f\" data-element_type=\"column\">\n\t\t\t<div class=\"elementor-widget-wrap\">\n\t\t\t\t\t\t\t\t\t<\/div>\n\t\t<\/div>\n\t\t\t\t\t\t\t<\/div>\n\t\t<\/section>\n\t\t\t\t<section class=\"elementor-section elementor-top-section elementor-element elementor-element-f9fb759 is-yes elementor-section-boxed elementor-section-height-default elementor-section-height-default\" data-id=\"f9fb759\" data-element_type=\"section\">\n\t\t\t\t\t\t<div class=\"elementor-container elementor-column-gap-default\">\n\t\t\t\t\t<div class=\"dis-fl col-12 col-12--medium elementor-column elementor-col-100 elementor-top-column elementor-element elementor-element-72359a7  gut\" data-id=\"72359a7\" data-element_type=\"column\">\n\t\t\t<div class=\"elementor-widget-wrap elementor-element-populated\">\n\t\t\t\t\t\t\t\t<div class=\"elementor-element elementor-element-0481231 elementor-widget elementor-widget-spacer\" data-id=\"0481231\" data-element_type=\"widget\" data-widget_type=\"spacer.default\">\n\t\t\t\t<div class=\"elementor-widget-container\">\n\t\t\t\t\t<div class=\"elementor-spacer\">\n\t\t\t<div class=\"elementor-spacer-inner\"><\/div>\n\t\t<\/div>\n\t\t\t\t<\/div>\n\t\t\t\t<\/div>\n\t\t\t\t\t<\/div>\n\t\t<\/div>\n\t\t\t\t\t\t\t<\/div>\n\t\t<\/section>\n\t\t\t\t<section class=\"elementor-section elementor-top-section elementor-element elementor-element-9bd8b1f is-yes elementor-section-boxed elementor-section-height-default elementor-section-height-default\" data-id=\"9bd8b1f\" data-element_type=\"section\">\n\t\t\t\t\t\t<div class=\"elementor-container elementor-column-gap-default\">\n\t\t\t\t\t<div class=\"dis-fl col-12 col-12--medium elementor-column elementor-col-100 elementor-top-column elementor-element elementor-element-badb881  gut\" data-id=\"badb881\" data-element_type=\"column\">\n\t\t\t<div class=\"elementor-widget-wrap elementor-element-populated\">\n\t\t\t\t\t\t\t\t<div class=\"elementor-element elementor-element-68e7e14 pad-b-1 elementor-widget elementor-widget-header\" data-id=\"68e7e14\" data-element_type=\"widget\" data-widget_type=\"header.default\">\n\t\t\t\t<div class=\"elementor-widget-container\">\n\t\t\t<h2 class=\"heading\">\n      <span class=\"heading__meta dis-bl co-red\">Ansprechpartner<\/span>\n    <span class=\"fontw-l  lh-3 size-4\">Eversheds Sutherland (Germany) Rechtsanw\u00e4lte Steuerberater Solicitors Partnerschaft mbB<\/span>\n  <\/h2>\t\t<\/div>\n\t\t\t\t<\/div>\n\t\t\t\t\t<\/div>\n\t\t<\/div>\n\t\t\t\t\t\t\t<\/div>\n\t\t<\/section>\n\t\t\t\t<section class=\"elementor-section elementor-top-section elementor-element elementor-element-56f17d6 is-yes elementor-section-boxed elementor-section-height-default elementor-section-height-default\" data-id=\"56f17d6\" data-element_type=\"section\">\n\t\t\t\t\t\t<div class=\"elementor-container elementor-column-gap-default\">\n\t\t\t\t\t<div class=\"dis-fl col-12 col-8--medium elementor-column elementor-col-66 elementor-top-column elementor-element elementor-element-7a60c18  gut\" data-id=\"7a60c18\" data-element_type=\"column\">\n\t\t\t<div class=\"elementor-widget-wrap elementor-element-populated\">\n\t\t\t\t\t\t\t\t<div class=\"elementor-element elementor-element-74968d8 lh-3 co-black elementor-widget elementor-widget-text-block\" data-id=\"74968d8\" data-element_type=\"widget\" data-widget_type=\"text-block.default\">\n\t\t\t\t<div class=\"elementor-widget-container\">\n\t\t\t\n\n<div class=\"elementor-text-editor\"><\/div>\t\t<\/div>\n\t\t\t\t<\/div>\n\t\t\t\t<div class=\"elementor-element elementor-element-e26b178 lh-3 co-black elementor-widget elementor-widget-text-block\" data-id=\"e26b178\" data-element_type=\"widget\" data-widget_type=\"text-block.default\">\n\t\t\t\t<div class=\"elementor-widget-container\">\n\t\t\t\n\n<div class=\"elementor-text-editor\"><p><strong>Dr. Alexander Honrath<\/strong><\/p><p>Partner<\/p><p><a href=\"mailto:alexanderhonrath@eversheds-sutherland.com\">alexanderhonrath@eversheds-sutherland.com<\/a><\/p><p>+49 89 54565 232 (Tel.)<\/p><p>+49 89 54565 201 (Fax)<\/p><p>wxid_I1774rjvz8vp12 (WeChat)<\/p><\/div>\t\t<\/div>\n\t\t\t\t<\/div>\n\t\t\t\t\t<\/div>\n\t\t<\/div>\n\t\t\t\t<div class=\"dis-fl col-12 col-4--medium elementor-column elementor-col-33 elementor-top-column elementor-element elementor-element-c96223c  gut\" data-id=\"c96223c\" data-element_type=\"column\">\n\t\t\t<div class=\"elementor-widget-wrap\">\n\t\t\t\t\t\t\t\t\t<\/div>\n\t\t<\/div>\n\t\t\t\t\t\t\t<\/div>\n\t\t<\/section>\n\t\t\t\t<section class=\"elementor-section elementor-top-section elementor-element elementor-element-9de9105 is-yes elementor-section-boxed elementor-section-height-default elementor-section-height-default\" data-id=\"9de9105\" data-element_type=\"section\">\n\t\t\t\t\t\t<div class=\"elementor-container elementor-column-gap-default\">\n\t\t\t\t\t<div class=\"dis-fl col-12 col-12--medium elementor-column elementor-col-100 elementor-top-column elementor-element elementor-element-8237b7b  gut\" data-id=\"8237b7b\" data-element_type=\"column\">\n\t\t\t<div class=\"elementor-widget-wrap elementor-element-populated\">\n\t\t\t\t\t\t\t\t<div class=\"elementor-element elementor-element-9b154c3 elementor-widget-divider--view-line elementor-widget elementor-widget-divider\" data-id=\"9b154c3\" data-element_type=\"widget\" data-widget_type=\"divider.default\">\n\t\t\t\t<div class=\"elementor-widget-container\">\n\t\t\t\t\t<div class=\"elementor-divider\">\n\t\t\t<span class=\"elementor-divider-separator\">\n\t\t\t\t\t\t<\/span>\n\t\t<\/div>\n\t\t\t\t<\/div>\n\t\t\t\t<\/div>\n\t\t\t\t\t<\/div>\n\t\t<\/div>\n\t\t\t\t\t\t\t<\/div>\n\t\t<\/section>\n\t\t\t\t<section class=\"elementor-section elementor-top-section elementor-element elementor-element-4cbbec6 is-yes elementor-section-boxed elementor-section-height-default elementor-section-height-default\" data-id=\"4cbbec6\" data-element_type=\"section\">\n\t\t\t\t\t\t<div class=\"elementor-container elementor-column-gap-default\">\n\t\t\t\t\t<div class=\"dis-fl col-12 col-8--medium elementor-column elementor-col-66 elementor-top-column elementor-element elementor-element-3748a15  gut\" data-id=\"3748a15\" data-element_type=\"column\">\n\t\t\t<div class=\"elementor-widget-wrap elementor-element-populated\">\n\t\t\t\t\t\t\t\t<div class=\"elementor-element elementor-element-57f0939 lh-3 co-black elementor-widget elementor-widget-text-block\" data-id=\"57f0939\" data-element_type=\"widget\" data-widget_type=\"text-block.default\">\n\t\t\t\t<div class=\"elementor-widget-container\">\n\t\t\t\n\n<div class=\"elementor-text-editor\"><p><strong>LIU Ling<\/strong><\/p><p>Senior Associate, Rechtsanw\u00e4ltin, Chinesische Anwaltsqualifikation<\/p><p><a href=\"mailto:lingliu@eversheds-sutherland.com\">lingliu@eversheds-sutherland.com<\/a><\/p><p>+49 89 54565 350 (Tel.)<\/p><p>+49 89 54565 201 (Fax)<\/p><p>liuling_lawyer (WeChat)<\/p><\/div>\t\t<\/div>\n\t\t\t\t<\/div>\n\t\t\t\t\t<\/div>\n\t\t<\/div>\n\t\t\t\t<div class=\"dis-fl col-12 col-4--medium elementor-column elementor-col-33 elementor-top-column elementor-element elementor-element-ad12dba  gut\" data-id=\"ad12dba\" data-element_type=\"column\">\n\t\t\t<div class=\"elementor-widget-wrap\">\n\t\t\t\t\t\t\t\t\t<\/div>\n\t\t<\/div>\n\t\t\t\t\t\t\t<\/div>\n\t\t<\/section>\n\t\t\t\t<section class=\"elementor-section elementor-top-section elementor-element elementor-element-b519c65 is-yes elementor-section-boxed elementor-section-height-default elementor-section-height-default\" data-id=\"b519c65\" data-element_type=\"section\">\n\t\t\t\t\t\t<div class=\"elementor-container elementor-column-gap-default\">\n\t\t\t\t\t<div class=\"dis-fl col-12 col-12--medium elementor-column elementor-col-100 elementor-top-column elementor-element elementor-element-7073e9b  gut\" data-id=\"7073e9b\" data-element_type=\"column\">\n\t\t\t<div class=\"elementor-widget-wrap elementor-element-populated\">\n\t\t\t\t\t\t\t\t<div class=\"elementor-element elementor-element-d276681 elementor-widget-divider--view-line elementor-widget elementor-widget-divider\" data-id=\"d276681\" data-element_type=\"widget\" data-widget_type=\"divider.default\">\n\t\t\t\t<div class=\"elementor-widget-container\">\n\t\t\t\t\t<div class=\"elementor-divider\">\n\t\t\t<span class=\"elementor-divider-separator\">\n\t\t\t\t\t\t<\/span>\n\t\t<\/div>\n\t\t\t\t<\/div>\n\t\t\t\t<\/div>\n\t\t\t\t\t<\/div>\n\t\t<\/div>\n\t\t\t\t\t\t\t<\/div>\n\t\t<\/section>\n\t\t\t\t<section class=\"elementor-section elementor-top-section elementor-element elementor-element-fcb062b is-yes elementor-section-boxed elementor-section-height-default elementor-section-height-default\" data-id=\"fcb062b\" data-element_type=\"section\">\n\t\t\t\t\t\t<div class=\"elementor-container elementor-column-gap-default\">\n\t\t\t\t\t<div class=\"dis-fl col-12 col-12--medium elementor-column elementor-col-100 elementor-top-column elementor-element elementor-element-41f59fa  gut\" data-id=\"41f59fa\" data-element_type=\"column\">\n\t\t\t<div class=\"elementor-widget-wrap elementor-element-populated\">\n\t\t\t\t\t\t\t\t<div class=\"elementor-element elementor-element-1c928f4 lh-3 co-black elementor-widget elementor-widget-text-block\" data-id=\"1c928f4\" data-element_type=\"widget\" data-widget_type=\"text-block.default\">\n\t\t\t\t<div class=\"elementor-widget-container\">\n\t\t\t\n\n<div class=\"elementor-text-editor\"><p>\u00a0<\/p><p>\u00a0<\/p><p><em>Beratung auf Chinesisch m\u00f6glich!<\/em><\/p><p>\u00a0<\/p><p>\u00a0<\/p><\/div>\t\t<\/div>\n\t\t\t\t<\/div>\n\t\t\t\t\t<\/div>\n\t\t<\/div>\n\t\t\t\t\t\t\t<\/div>\n\t\t<\/section>\n\t\t\t\t<section class=\"elementor-section elementor-top-section elementor-element elementor-element-fde28ff is-yes elementor-section-boxed elementor-section-height-default elementor-section-height-default\" data-id=\"fde28ff\" data-element_type=\"section\">\n\t\t\t\t\t\t<div class=\"elementor-container elementor-column-gap-default\">\n\t\t\t\t\t<div class=\"dis-fl col-12 col-12--medium elementor-column elementor-col-100 elementor-top-column elementor-element elementor-element-00f6c2b  gut\" data-id=\"00f6c2b\" data-element_type=\"column\">\n\t\t\t<div class=\"elementor-widget-wrap elementor-element-populated\">\n\t\t\t\t\t\t\t\t<div class=\"elementor-element elementor-element-49e18d6 pad-b-1 elementor-widget elementor-widget-header\" data-id=\"49e18d6\" data-element_type=\"widget\" data-widget_type=\"header.default\">\n\t\t\t\t<div class=\"elementor-widget-container\">\n\t\t\t<h2 class=\"heading\">\n      <span class=\"heading__meta dis-bl co-red\">Standorte<\/span>\n    <span class=\"fontw-l  lh-3 size-4\">Deutschland<\/span>\n  <\/h2>\t\t<\/div>\n\t\t\t\t<\/div>\n\t\t\t\t\t<\/div>\n\t\t<\/div>\n\t\t\t\t\t\t\t<\/div>\n\t\t<\/section>\n\t\t\t\t<section class=\"elementor-section elementor-top-section elementor-element elementor-element-c8d5150 is-yes elementor-section-boxed elementor-section-height-default elementor-section-height-default\" data-id=\"c8d5150\" data-element_type=\"section\">\n\t\t\t\t\t\t<div class=\"elementor-container elementor-column-gap-default\">\n\t\t\t\t\t<div class=\"dis-fl col-12 col-12--medium elementor-column elementor-col-100 elementor-top-column elementor-element elementor-element-85554a0  gut\" data-id=\"85554a0\" data-element_type=\"column\">\n\t\t\t<div class=\"elementor-widget-wrap elementor-element-populated\">\n\t\t\t\t\t\t\t\t<div class=\"elementor-element elementor-element-1a9106a lh-3 co-black elementor-widget elementor-widget-text-block\" data-id=\"1a9106a\" data-element_type=\"widget\" data-widget_type=\"text-block.default\">\n\t\t\t\t<div class=\"elementor-widget-container\">\n\t\t\t\n\n<div class=\"elementor-text-editor\"><p><span style=\"color: #000000;\">D\u00fcsseldorf, Frankfurt, Hamburg, M\u00fcnchen<\/span><\/p><\/div>\t\t<\/div>\n\t\t\t\t<\/div>\n\t\t\t\t\t<\/div>\n\t\t<\/div>\n\t\t\t\t\t\t\t<\/div>\n\t\t<\/section>\n\t\t\t\t<section class=\"elementor-section elementor-top-section elementor-element elementor-element-e2a391b is-yes elementor-section-boxed elementor-section-height-default elementor-section-height-default\" data-id=\"e2a391b\" data-element_type=\"section\">\n\t\t\t\t\t\t<div class=\"elementor-container elementor-column-gap-default\">\n\t\t\t\t\t<div class=\"dis-fl col-12 col-12--medium elementor-column elementor-col-100 elementor-top-column elementor-element elementor-element-7b6d50a  gut\" data-id=\"7b6d50a\" data-element_type=\"column\">\n\t\t\t<div class=\"elementor-widget-wrap elementor-element-populated\">\n\t\t\t\t\t\t\t\t<div class=\"elementor-element elementor-element-e675acf elementor-widget elementor-widget-spacer\" data-id=\"e675acf\" data-element_type=\"widget\" data-widget_type=\"spacer.default\">\n\t\t\t\t<div class=\"elementor-widget-container\">\n\t\t\t\t\t<div class=\"elementor-spacer\">\n\t\t\t<div class=\"elementor-spacer-inner\"><\/div>\n\t\t<\/div>\n\t\t\t\t<\/div>\n\t\t\t\t<\/div>\n\t\t\t\t\t<\/div>\n\t\t<\/div>\n\t\t\t\t\t\t\t<\/div>\n\t\t<\/section>\n\t\t\t\t<section class=\"elementor-section elementor-top-section elementor-element elementor-element-b81dd64 is-yes elementor-section-boxed elementor-section-height-default elementor-section-height-default\" data-id=\"b81dd64\" data-element_type=\"section\">\n\t\t\t\t\t\t<div class=\"elementor-container elementor-column-gap-default\">\n\t\t\t\t\t<div class=\"dis-fl col-12 col-12--medium elementor-column elementor-col-100 elementor-top-column elementor-element elementor-element-dd48410  gut\" data-id=\"dd48410\" data-element_type=\"column\">\n\t\t\t<div class=\"elementor-widget-wrap elementor-element-populated\">\n\t\t\t\t\t\t\t\t<div class=\"elementor-element elementor-element-a277298 lh-3 co-black elementor-widget elementor-widget-text-block\" data-id=\"a277298\" data-element_type=\"widget\" data-widget_type=\"text-block.default\">\n\t\t\t\t<div class=\"elementor-widget-container\">\n\t\t\t\n\n<div class=\"elementor-text-editor\"><p><a href=\"https:\/\/chk-de.org\/de\/beraternetzwerk\/\">Mehr Infos zum CHKD Beraternetzwerk<\/a><\/p><\/div>\t\t<\/div>\n\t\t\t\t<\/div>\n\t\t\t\t\t<\/div>\n\t\t<\/div>\n\t\t\t\t\t\t\t<\/div>\n\t\t<\/section>\n\t\t\t\t\t\t<\/div>\n\t\t\t\t\t<\/div>\n\t\t","protected":false},"excerpt":{"rendered":"<p>\u00a0 Eversheds Sutherland z\u00e4hlt mit \u00fcber 3.000 Rechtsanw\u00e4lten mit 74 B\u00fcros in 35 L\u00e4ndern in Europa, Asien, Afrika, dem Nahen Osten und den USA zu den weltweit gr\u00f6\u00dften Anwaltskanzleien. Eversheds Sutherland wird im \u201eGlobal 20\u201c-Ranking des US-Branchendienstes Law360 unter den weltweit f\u00fchrenden Kanzleien f\u00fcr grenz\u00fcberschreitende Beratung empfohlen. In Deutschland beraten mehr als 160 Rechtsanw\u00e4lte, Steuerberater [&hellip;]<\/p>\n","protected":false},"author":3,"featured_media":0,"parent":0,"menu_order":0,"comment_status":"closed","ping_status":"closed","template":"","meta":[],"_links":{"self":[{"href":"https:\/\/chk-de.org\/de\/wp-json\/wp\/v2\/pages\/89293"}],"collection":[{"href":"https:\/\/chk-de.org\/de\/wp-json\/wp\/v2\/pages"}],"about":[{"href":"https:\/\/chk-de.org\/de\/wp-json\/wp\/v2\/types\/page"}],"author":[{"embeddable":true,"href":"https:\/\/chk-de.org\/de\/wp-json\/wp\/v2\/users\/3"}],"replies":[{"embeddable":true,"href":"https:\/\/chk-de.org\/de\/wp-json\/wp\/v2\/comments?post=89293"}],"version-history":[{"count":6,"href":"https:\/\/chk-de.org\/de\/wp-json\/wp\/v2\/pages\/89293\/revisions"}],"predecessor-version":[{"id":89305,"href":"https:\/\/chk-de.org\/de\/wp-json\/wp\/v2\/pages\/89293\/revisions\/89305"}],"wp:attachment":[{"href":"https:\/\/chk-de.org\/de\/wp-json\/wp\/v2\/media?parent=89293"}],"curies":[{"name":"wp","href":"https:\/\/api.w.org\/{rel}","templated":true}]}}