{"id":87309,"date":"2024-06-07T11:41:41","date_gmt":"2024-06-07T09:41:41","guid":{"rendered":"https:\/\/chk-de.org\/?page_id=87309"},"modified":"2024-06-10T15:06:02","modified_gmt":"2024-06-10T13:06:02","slug":"geschaeftsstelle","status":"publish","type":"page","link":"https:\/\/chk-de.org\/de\/geschaeftsstelle\/","title":{"rendered":"Gesch\u00e4ftsstelle"},"content":{"rendered":"\t\t<div data-elementor-type=\"wp-page\" data-elementor-id=\"87309\" class=\"elementor elementor-87309\" data-elementor-settings=\"[]\">\n\t\t\t\t\t\t\t<div class=\"elementor-section-wrap\">\n\t\t\t\t\t\t\t<section class=\"elementor-section elementor-top-section elementor-element elementor-element-dc30449 is-yes elementor-section-boxed elementor-section-height-default elementor-section-height-default\" data-id=\"dc30449\" data-element_type=\"section\">\n\t\t\t\t\t\t<div class=\"elementor-container elementor-column-gap-default\">\n\t\t\t\t\t<div class=\"dis-fl col-12 col-12--medium elementor-column elementor-col-100 elementor-top-column elementor-element elementor-element-9783c21  gut\" data-id=\"9783c21\" data-element_type=\"column\">\n\t\t\t<div class=\"elementor-widget-wrap elementor-element-populated\">\n\t\t\t\t\t\t\t\t<div class=\"elementor-element elementor-element-00fd673 lh-3 co-black elementor-widget elementor-widget-text-block\" data-id=\"00fd673\" data-element_type=\"widget\" data-widget_type=\"text-block.default\">\n\t\t\t\t<div class=\"elementor-widget-container\">\n\t\t\t\n\n<div class=\"elementor-text-editor\"><p>Die Gesch\u00e4ftsstelle des <strong>Die Chinesische Handelskammer in Deutschland e. V.<\/strong> (CHKD) befindet sich in Berlin. Sie ist unter Leitung der Gesch\u00e4ftsf\u00fchrung f\u00fcr die operative Arbeit der Kammer verantwortlich und k\u00fcmmert sich um die Vorbereitung und Umsetzung der Organbeschl\u00fcsse.<\/p><p>Die Gesch\u00e4ftsstelle in Berlin koordiniert zudem die Aktivit\u00e4ten der CHKD Vertretungsb\u00fcros in M\u00fcnchen und Hamburg sowie des CHKD Fachausschusses (Automobilindustrie).<\/p><\/div>\t\t<\/div>\n\t\t\t\t<\/div>\n\t\t\t\t\t<\/div>\n\t\t<\/div>\n\t\t\t\t\t\t\t<\/div>\n\t\t<\/section>\n\t\t\t\t<section class=\"elementor-section elementor-top-section elementor-element elementor-element-b8b771a is-yes elementor-section-boxed elementor-section-height-default elementor-section-height-default\" data-id=\"b8b771a\" data-element_type=\"section\">\n\t\t\t\t\t\t<div class=\"elementor-container elementor-column-gap-default\">\n\t\t\t\t\t<div class=\"dis-fl col-12 col-12--medium elementor-column elementor-col-100 elementor-top-column elementor-element elementor-element-45ea062  gut\" data-id=\"45ea062\" data-element_type=\"column\">\n\t\t\t<div class=\"elementor-widget-wrap elementor-element-populated\">\n\t\t\t\t\t\t\t\t<div class=\"elementor-element elementor-element-f7622a1 elementor-widget elementor-widget-spacer\" data-id=\"f7622a1\" data-element_type=\"widget\" data-widget_type=\"spacer.default\">\n\t\t\t\t<div class=\"elementor-widget-container\">\n\t\t\t\t\t<div class=\"elementor-spacer\">\n\t\t\t<div class=\"elementor-spacer-inner\"><\/div>\n\t\t<\/div>\n\t\t\t\t<\/div>\n\t\t\t\t<\/div>\n\t\t\t\t\t<\/div>\n\t\t<\/div>\n\t\t\t\t\t\t\t<\/div>\n\t\t<\/section>\n\t\t\t\t<section class=\"elementor-section elementor-top-section elementor-element elementor-element-b4505d3 is-yes elementor-section-boxed elementor-section-height-default elementor-section-height-default\" data-id=\"b4505d3\" data-element_type=\"section\">\n\t\t\t\t\t\t<div class=\"elementor-container elementor-column-gap-default\">\n\t\t\t\t\t<div class=\"dis-fl col-12 col-12--medium elementor-column elementor-col-100 elementor-top-column elementor-element elementor-element-8121348  gut\" data-id=\"8121348\" data-element_type=\"column\">\n\t\t\t<div class=\"elementor-widget-wrap elementor-element-populated\">\n\t\t\t\t\t\t\t\t<div class=\"elementor-element elementor-element-e91e4bb pad-b-1 elementor-widget elementor-widget-header\" data-id=\"e91e4bb\" data-element_type=\"widget\" data-widget_type=\"header.default\">\n\t\t\t\t<div class=\"elementor-widget-container\">\n\t\t\t<h1 class=\"heading\">\n    <span class=\"fontw-l has-divider lh-3 size-4\">Kontaktieren Sie uns gerne!<\/span>\n  <div class=\"heading__divider pad-t-2\" aria-hidden><svg width=\"90\" height=\"2\" viewBox=\"0 0 90 2\" xmlns=\"http:\/\/www.w3.org\/2000\/svg\"><line x1=\"0\" y1=\"1\" x2=\"90\" y2=\"1\" stroke-width=\"2\" \/><\/svg><\/div><\/h1>\t\t<\/div>\n\t\t\t\t<\/div>\n\t\t\t\t\t<\/div>\n\t\t<\/div>\n\t\t\t\t\t\t\t<\/div>\n\t\t<\/section>\n\t\t\t\t<section class=\"elementor-section elementor-top-section elementor-element elementor-element-e6f716a is-yes elementor-section-boxed elementor-section-height-default elementor-section-height-default\" data-id=\"e6f716a\" data-element_type=\"section\">\n\t\t\t\t\t\t<div class=\"elementor-container elementor-column-gap-default\">\n\t\t\t\t\t<div class=\"dis-fl col-12 col-12--medium elementor-column elementor-col-100 elementor-top-column elementor-element elementor-element-cfdc45b  gut\" data-id=\"cfdc45b\" data-element_type=\"column\">\n\t\t\t<div class=\"elementor-widget-wrap elementor-element-populated\">\n\t\t\t\t\t\t\t\t<div class=\"elementor-element elementor-element-e38b319 lh-3 co-black elementor-widget elementor-widget-text-block\" data-id=\"e38b319\" data-element_type=\"widget\" data-widget_type=\"text-block.default\">\n\t\t\t\t<div class=\"elementor-widget-container\">\n\t\t\t\n\n<div class=\"elementor-text-editor\"><p>Wir freuen uns, von Ihnen zu h\u00f6ren! Bei Fragen, Anregungen oder Interesse an unseren Dienstleistungen stehen wir Ihnen gerne zur Verf\u00fcgung. Gerne unters\u00fctzen wir Sie bei Anfragen und freuen uns auf den Austausch mit Ihnen.<\/p><p>\u00a0<\/p><p>Unsere Plattform bietet vielf\u00e4ltige M\u00f6glichkeiten zur Vernetzung und Zusammenarbeit. Sie m\u00f6chten sich \u00fcber Projekte informieren, streben Partnerschaften an oder wollen mehr \u00fcber unsere Arbeit erfahren? Wir sind hier, um Ihre Fragen zu beantworten und Sie bestm\u00f6glich zu\u00a0unterst\u00fctzen.<\/p><p>\u00a0<\/p><p><strong>Tel:<\/strong>\u00a0+49 30 20917522<br \/><strong>Fax:<\/strong>\u00a0+49 30 20917340<br \/><strong>Email:<\/strong>\u00a0<a href=\"mailto:info[at]chk-de.org\">info[at]chk-de.org<\/a><\/p><p>\u00a0<\/p><p><strong>Gesch\u00e4ftszeiten:<\/strong> Mo. bis Fr. 10 Uhr \u2013 15 Uhr<br \/><em>Sprechstunden: bitte nach Vereinbarung<\/em><\/p><\/div>\t\t<\/div>\n\t\t\t\t<\/div>\n\t\t\t\t\t<\/div>\n\t\t<\/div>\n\t\t\t\t\t\t\t<\/div>\n\t\t<\/section>\n\t\t\t\t<section class=\"elementor-section elementor-top-section elementor-element elementor-element-51796c7 is-yes elementor-section-boxed elementor-section-height-default elementor-section-height-default\" data-id=\"51796c7\" data-element_type=\"section\">\n\t\t\t\t\t\t<div class=\"elementor-container elementor-column-gap-default\">\n\t\t\t\t\t<div class=\"dis-fl col-12 col-12--medium elementor-column elementor-col-100 elementor-top-column elementor-element elementor-element-83f87ec  gut\" data-id=\"83f87ec\" data-element_type=\"column\">\n\t\t\t<div class=\"elementor-widget-wrap elementor-element-populated\">\n\t\t\t\t\t\t\t\t<div class=\"elementor-element elementor-element-722d434 pad-t-2 align-left elementor-widget elementor-widget-simple-button\" data-id=\"722d434\" data-element_type=\"widget\" data-widget_type=\"simple-button.default\">\n\t\t\t\t<div class=\"elementor-widget-container\">\n\t\t\t    \n  \n  \n  \n\n<a href=\"https:\/\/chk-de.org\/de\/kontakt\/\" class=\"button size-2 is-primary\">\n  <span>Kontakt<\/span>\n<\/a>\t\t<\/div>\n\t\t\t\t<\/div>\n\t\t\t\t\t<\/div>\n\t\t<\/div>\n\t\t\t\t\t\t\t<\/div>\n\t\t<\/section>\n\t\t\t\t<section class=\"elementor-section elementor-top-section elementor-element elementor-element-a68b13e is-yes elementor-section-boxed elementor-section-height-default elementor-section-height-default\" data-id=\"a68b13e\" data-element_type=\"section\">\n\t\t\t\t\t\t<div class=\"elementor-container elementor-column-gap-default\">\n\t\t\t\t\t<div class=\"dis-fl col-12 col-12--medium elementor-column elementor-col-100 elementor-top-column elementor-element elementor-element-aaf6d80  gut\" data-id=\"aaf6d80\" data-element_type=\"column\">\n\t\t\t<div class=\"elementor-widget-wrap elementor-element-populated\">\n\t\t\t\t\t\t\t\t<div class=\"elementor-element elementor-element-cfde648 elementor-widget-divider--view-line elementor-widget elementor-widget-divider\" data-id=\"cfde648\" data-element_type=\"widget\" data-widget_type=\"divider.default\">\n\t\t\t\t<div class=\"elementor-widget-container\">\n\t\t\t\t\t<div class=\"elementor-divider\">\n\t\t\t<span class=\"elementor-divider-separator\">\n\t\t\t\t\t\t<\/span>\n\t\t<\/div>\n\t\t\t\t<\/div>\n\t\t\t\t<\/div>\n\t\t\t\t<div class=\"elementor-element elementor-element-d6c14ad align-center pad-b-1 elementor-widget elementor-widget-header\" data-id=\"d6c14ad\" data-element_type=\"widget\" data-widget_type=\"header.default\">\n\t\t\t\t<div class=\"elementor-widget-container\">\n\t\t\t<h2 class=\"heading\">\n    <span class=\"fontw-l  lh-3 size-7\">Die Chinesische Handelskammer in Deutschland e.V.<\/span>\n  <\/h2>\t\t<\/div>\n\t\t\t\t<\/div>\n\t\t\t\t<div class=\"elementor-element elementor-element-30fddbd align-center pad-b-1 elementor-widget elementor-widget-header\" data-id=\"30fddbd\" data-element_type=\"widget\" data-widget_type=\"header.default\">\n\t\t\t\t<div class=\"elementor-widget-container\">\n\t\t\t<h2 class=\"heading\">\n    <span class=\"fontw-l  lh-3 size-4\">IHZ Hochhaus 7. Etage,\nFriedrichstrasse 95\n10117 Berlin<br>\nTel: +49 30 20917522\nFax: +49 30 20917340\nEmail: info[at]chk-de.org<\/span>\n  <\/h2>\t\t<\/div>\n\t\t\t\t<\/div>\n\t\t\t\t\t<\/div>\n\t\t<\/div>\n\t\t\t\t\t\t\t<\/div>\n\t\t<\/section>\n\t\t\t\t<section class=\"elementor-section elementor-top-section elementor-element elementor-element-363eb2f is-yes elementor-section-boxed elementor-section-height-default elementor-section-height-default\" data-id=\"363eb2f\" data-element_type=\"section\">\n\t\t\t\t\t\t<div class=\"elementor-container elementor-column-gap-default\">\n\t\t\t\t\t<div class=\"dis-fl col-12 col-12--medium elementor-column elementor-col-100 elementor-top-column elementor-element elementor-element-a40d8ac  gut\" data-id=\"a40d8ac\" data-element_type=\"column\">\n\t\t\t<div class=\"elementor-widget-wrap elementor-element-populated\">\n\t\t\t\t\t\t\t\t<div class=\"elementor-element elementor-element-b5be7ad elementor-widget elementor-widget-google_maps\" data-id=\"b5be7ad\" data-element_type=\"widget\" data-widget_type=\"google_maps.default\">\n\t\t\t\t<div class=\"elementor-widget-container\">\n\t\t\t<div class=\"elementor-custom-embed\"><iframe frameborder=\"0\" scrolling=\"no\" marginheight=\"0\" marginwidth=\"0\" src=\"https:\/\/maps.google.com\/maps?q=Friedrichstra%C3%9Fe%2095%20%20IHZ%20Hochhaus%2010117%20Berlin&amp;t=m&amp;z=13&amp;output=embed&amp;iwloc=near\" title=\"Friedrichstra\u00dfe 95  IHZ Hochhaus 10117 Berlin\" aria-label=\"Friedrichstra\u00dfe 95  IHZ Hochhaus 10117 Berlin\"><\/iframe><\/div>\t\t<\/div>\n\t\t\t\t<\/div>\n\t\t\t\t\t<\/div>\n\t\t<\/div>\n\t\t\t\t\t\t\t<\/div>\n\t\t<\/section>\n\t\t\t\t\t\t<\/div>\n\t\t\t\t\t<\/div>\n\t\t","protected":false},"excerpt":{"rendered":"<p>Die Gesch\u00e4ftsstelle des Die Chinesische Handelskammer in Deutschland e. V. (CHKD) befindet sich in Berlin. Sie ist unter Leitung der Gesch\u00e4ftsf\u00fchrung f\u00fcr die operative Arbeit der Kammer verantwortlich und k\u00fcmmert sich um die Vorbereitung und Umsetzung der Organbeschl\u00fcsse. Die Gesch\u00e4ftsstelle in Berlin koordiniert zudem die Aktivit\u00e4ten der CHKD Vertretungsb\u00fcros in M\u00fcnchen und Hamburg sowie des [&hellip;]<\/p>\n","protected":false},"author":3,"featured_media":0,"parent":0,"menu_order":0,"comment_status":"closed","ping_status":"closed","template":"template-page--sidebarless.php","meta":[],"_links":{"self":[{"href":"https:\/\/chk-de.org\/de\/wp-json\/wp\/v2\/pages\/87309"}],"collection":[{"href":"https:\/\/chk-de.org\/de\/wp-json\/wp\/v2\/pages"}],"about":[{"href":"https:\/\/chk-de.org\/de\/wp-json\/wp\/v2\/types\/page"}],"author":[{"embeddable":true,"href":"https:\/\/chk-de.org\/de\/wp-json\/wp\/v2\/users\/3"}],"replies":[{"embeddable":true,"href":"https:\/\/chk-de.org\/de\/wp-json\/wp\/v2\/comments?post=87309"}],"version-history":[{"count":20,"href":"https:\/\/chk-de.org\/de\/wp-json\/wp\/v2\/pages\/87309\/revisions"}],"predecessor-version":[{"id":87344,"href":"https:\/\/chk-de.org\/de\/wp-json\/wp\/v2\/pages\/87309\/revisions\/87344"}],"wp:attachment":[{"href":"https:\/\/chk-de.org\/de\/wp-json\/wp\/v2\/media?parent=87309"}],"curies":[{"name":"wp","href":"https:\/\/api.w.org\/{rel}","templated":true}]}}