{"id":85324,"date":"2023-06-20T15:41:18","date_gmt":"2023-06-20T13:41:18","guid":{"rendered":"https:\/\/chk-de.org\/?page_id=85324"},"modified":"2023-06-30T09:00:39","modified_gmt":"2023-06-30T07:00:39","slug":"gesundheitspartner-tk-fuer-firmenkunden","status":"publish","type":"page","link":"https:\/\/chk-de.org\/de\/gesundheitspartner-tk-fuer-firmenkunden\/","title":{"rendered":"Informationen f\u00fcr Firmenkunden"},"content":{"rendered":"\t\t<div data-elementor-type=\"wp-page\" data-elementor-id=\"85324\" class=\"elementor elementor-85324\" data-elementor-settings=\"[]\">\n\t\t\t\t\t\t\t<div class=\"elementor-section-wrap\">\n\t\t\t\t\t\t\t<section class=\"elementor-section elementor-top-section elementor-element elementor-element-6a7e8e8 is-yes elementor-section-boxed elementor-section-height-default elementor-section-height-default\" data-id=\"6a7e8e8\" data-element_type=\"section\">\n\t\t\t\t\t\t<div class=\"elementor-container elementor-column-gap-default\">\n\t\t\t\t\t<div class=\"dis-fl col-12 col-12--medium elementor-column elementor-col-100 elementor-top-column elementor-element elementor-element-853a7a2  gut\" data-id=\"853a7a2\" data-element_type=\"column\">\n\t\t\t<div class=\"elementor-widget-wrap elementor-element-populated\">\n\t\t\t\t\t\t\t\t<div class=\"elementor-element elementor-element-d78e2e9 lh-3 co-black elementor-widget elementor-widget-text-block\" data-id=\"d78e2e9\" data-element_type=\"widget\" data-widget_type=\"text-block.default\">\n\t\t\t\t<div class=\"elementor-widget-container\">\n\t\t\t\n\n<div class=\"elementor-text-editor\"><\/div>\t\t<\/div>\n\t\t\t\t<\/div>\n\t\t\t\t\t<\/div>\n\t\t<\/div>\n\t\t\t\t\t\t\t<\/div>\n\t\t<\/section>\n\t\t\t\t<section class=\"elementor-section elementor-top-section elementor-element elementor-element-17f50a9 is-yes elementor-section-boxed elementor-section-height-default elementor-section-height-default\" data-id=\"17f50a9\" data-element_type=\"section\">\n\t\t\t\t\t\t<div class=\"elementor-container elementor-column-gap-default\">\n\t\t\t\t\t<div class=\"dis-fl col-12 col-12--medium elementor-column elementor-col-100 elementor-top-column elementor-element elementor-element-314e41b  gut\" data-id=\"314e41b\" data-element_type=\"column\">\n\t\t\t<div class=\"elementor-widget-wrap elementor-element-populated\">\n\t\t\t\t\t\t\t\t<div class=\"elementor-element elementor-element-2224fe0 lh-3 co-black elementor-widget elementor-widget-text-block\" data-id=\"2224fe0\" data-element_type=\"widget\" data-widget_type=\"text-block.default\">\n\t\t\t\t<div class=\"elementor-widget-container\">\n\t\t\t\n\n<div class=\"elementor-text-editor\"><p><span style=\"color: #000000;\">Die Techniker Krankenkasse unterst\u00fctzt Unternehmen rund um das Thema Einstellung internationaler Fachkr\u00e4fte in Deutschland. Dar\u00fcber hinaus bietet die TK umfangreiche Angebote, f\u00fcr die F\u00f6rderung von Gesundheit im Unternehmen.<\/span><\/p><p>\u00a0<\/p><p><span style=\"color: #000000;\">Die wichtigsten Informationen, Videos und Best-Practices im Rahmen der Gesundheitspartnerschaft mit der CHKD finden Sie auf dieser Seite.<\/span><\/p><\/div>\t\t<\/div>\n\t\t\t\t<\/div>\n\t\t\t\t\t<\/div>\n\t\t<\/div>\n\t\t\t\t\t\t\t<\/div>\n\t\t<\/section>\n\t\t\t\t<section class=\"elementor-section elementor-top-section elementor-element elementor-element-d55a684 is-yes elementor-section-boxed elementor-section-height-default elementor-section-height-default\" data-id=\"d55a684\" data-element_type=\"section\">\n\t\t\t\t\t\t<div class=\"elementor-container elementor-column-gap-default\">\n\t\t\t\t\t<div class=\"dis-fl col-12 col-12--medium elementor-column elementor-col-100 elementor-top-column elementor-element elementor-element-a6023b5  gut\" data-id=\"a6023b5\" data-element_type=\"column\">\n\t\t\t<div class=\"elementor-widget-wrap elementor-element-populated\">\n\t\t\t\t\t\t\t\t<div class=\"elementor-element elementor-element-9ad8d7d elementor-widget-divider--view-line elementor-widget elementor-widget-divider\" data-id=\"9ad8d7d\" data-element_type=\"widget\" data-widget_type=\"divider.default\">\n\t\t\t\t<div class=\"elementor-widget-container\">\n\t\t\t\t\t<div class=\"elementor-divider\">\n\t\t\t<span class=\"elementor-divider-separator\">\n\t\t\t\t\t\t<\/span>\n\t\t<\/div>\n\t\t\t\t<\/div>\n\t\t\t\t<\/div>\n\t\t\t\t\t<\/div>\n\t\t<\/div>\n\t\t\t\t\t\t\t<\/div>\n\t\t<\/section>\n\t\t\t\t<section class=\"elementor-section elementor-top-section elementor-element elementor-element-64cebab is-yes elementor-section-boxed elementor-section-height-default elementor-section-height-default\" data-id=\"64cebab\" data-element_type=\"section\">\n\t\t\t\t\t\t<div class=\"elementor-container elementor-column-gap-default\">\n\t\t\t\t\t<div class=\"dis-fl col-12 col-12--medium elementor-column elementor-col-100 elementor-top-column elementor-element elementor-element-d5296c5  gut\" data-id=\"d5296c5\" data-element_type=\"column\">\n\t\t\t<div class=\"elementor-widget-wrap elementor-element-populated\">\n\t\t\t\t\t\t\t\t<div class=\"elementor-element elementor-element-53da5dc pad-b-1 elementor-widget elementor-widget-header\" data-id=\"53da5dc\" data-element_type=\"widget\" data-widget_type=\"header.default\">\n\t\t\t\t<div class=\"elementor-widget-container\">\n\t\t\t<h2 class=\"heading\">\n      <span class=\"heading__meta dis-bl co-red\">Best Practice<\/span>\n    <span class=\"fontw-l  lh-3 size-4\">Wie die TK Unternehmen bei der Einstellung internationaler Fachkr\u00e4fte unterst\u00fctzt<\/span>\n  <\/h2>\t\t<\/div>\n\t\t\t\t<\/div>\n\t\t\t\t\t<\/div>\n\t\t<\/div>\n\t\t\t\t\t\t\t<\/div>\n\t\t<\/section>\n\t\t\t\t<section class=\"elementor-section elementor-top-section elementor-element elementor-element-2da16b5 is-yes elementor-section-boxed elementor-section-height-default elementor-section-height-default\" data-id=\"2da16b5\" data-element_type=\"section\">\n\t\t\t\t\t\t<div class=\"elementor-container elementor-column-gap-default\">\n\t\t\t\t\t<div class=\"dis-fl col-12 col-6--medium elementor-column elementor-col-50 elementor-top-column elementor-element elementor-element-b9cc478  gut\" data-id=\"b9cc478\" data-element_type=\"column\">\n\t\t\t<div class=\"elementor-widget-wrap elementor-element-populated\">\n\t\t\t\t\t\t\t\t<div class=\"elementor-element elementor-element-4638f86 elementor-widget elementor-widget-image\" data-id=\"4638f86\" data-element_type=\"widget\" data-widget_type=\"image.default\">\n\t\t\t\t<div class=\"elementor-widget-container\">\n\t\t\t\t\t\t\t\t\t\t\t\t\t\t\t<img width=\"768\" height=\"432\" src=\"https:\/\/chk-de.org\/app\/uploads\/2023\/06\/TK-Oppo-768x432.png\" class=\"attachment-medium_large size-medium_large\" alt=\"\" loading=\"lazy\" srcset=\"https:\/\/chk-de.org\/app\/uploads\/2023\/06\/TK-Oppo-768x432.png 768w, https:\/\/chk-de.org\/app\/uploads\/2023\/06\/TK-Oppo-300x169.png 300w, https:\/\/chk-de.org\/app\/uploads\/2023\/06\/TK-Oppo-1024x576.png 1024w, https:\/\/chk-de.org\/app\/uploads\/2023\/06\/TK-Oppo-1536x864.png 1536w, https:\/\/chk-de.org\/app\/uploads\/2023\/06\/TK-Oppo-2048x1152.png 2048w\" sizes=\"(max-width: 768px) 100vw, 768px\" \/>\t\t\t\t\t\t\t\t\t\t\t\t\t\t\t<\/div>\n\t\t\t\t<\/div>\n\t\t\t\t\t<\/div>\n\t\t<\/div>\n\t\t\t\t<div class=\"dis-fl col-12 col-6--medium elementor-column elementor-col-50 elementor-top-column elementor-element elementor-element-6c1c89f  gut\" data-id=\"6c1c89f\" data-element_type=\"column\">\n\t\t\t<div class=\"elementor-widget-wrap elementor-element-populated\">\n\t\t\t\t\t\t\t\t<div class=\"elementor-element elementor-element-6d9e512 pad-t-1 align-center elementor-widget elementor-widget-simple-button\" data-id=\"6d9e512\" data-element_type=\"widget\" data-widget_type=\"simple-button.default\">\n\t\t\t\t<div class=\"elementor-widget-container\">\n\t\t\t    \n  \n  \n  \n\n<a href=\"https:\/\/www.youtube.com\/watch?v=QHA411z7jyI\" class=\"button size-2 is-primary\">\n  <span>Zum Video<\/span>\n<\/a>\t\t<\/div>\n\t\t\t\t<\/div>\n\t\t\t\t\t<\/div>\n\t\t<\/div>\n\t\t\t\t\t\t\t<\/div>\n\t\t<\/section>\n\t\t\t\t<section class=\"elementor-section elementor-top-section elementor-element elementor-element-25a3dbe is-yes elementor-section-boxed elementor-section-height-default elementor-section-height-default\" data-id=\"25a3dbe\" data-element_type=\"section\">\n\t\t\t\t\t\t<div class=\"elementor-container elementor-column-gap-default\">\n\t\t\t\t\t<div class=\"dis-fl col-12 col-12--medium elementor-column elementor-col-100 elementor-top-column elementor-element elementor-element-e327031  gut\" data-id=\"e327031\" data-element_type=\"column\">\n\t\t\t<div class=\"elementor-widget-wrap elementor-element-populated\">\n\t\t\t\t\t\t\t\t<div class=\"elementor-element elementor-element-a5bbf2c pad-b-1 elementor-widget elementor-widget-header\" data-id=\"a5bbf2c\" data-element_type=\"widget\" data-widget_type=\"header.default\">\n\t\t\t\t<div class=\"elementor-widget-container\">\n\t\t\t<h2 class=\"heading\">\n      <span class=\"heading__meta dis-bl co-red\">Video<\/span>\n    <span class=\"fontw-l  lh-3 size-4\">Entsendung von Mitarbeitern ins Ausland<\/span>\n  <\/h2>\t\t<\/div>\n\t\t\t\t<\/div>\n\t\t\t\t\t<\/div>\n\t\t<\/div>\n\t\t\t\t\t\t\t<\/div>\n\t\t<\/section>\n\t\t\t\t<section class=\"elementor-section elementor-top-section elementor-element elementor-element-94e5652 is-yes elementor-section-boxed elementor-section-height-default elementor-section-height-default\" data-id=\"94e5652\" data-element_type=\"section\">\n\t\t\t\t\t\t<div class=\"elementor-container elementor-column-gap-default\">\n\t\t\t\t\t<div class=\"dis-fl col-12 col-6--medium elementor-column elementor-col-50 elementor-top-column elementor-element elementor-element-5f7de3b  gut\" data-id=\"5f7de3b\" data-element_type=\"column\">\n\t\t\t<div class=\"elementor-widget-wrap elementor-element-populated\">\n\t\t\t\t\t\t\t\t<div class=\"elementor-element elementor-element-eb355ed elementor-widget elementor-widget-image\" data-id=\"eb355ed\" data-element_type=\"widget\" data-widget_type=\"image.default\">\n\t\t\t\t<div class=\"elementor-widget-container\">\n\t\t\t\t\t\t\t\t\t\t\t\t\t\t\t<img width=\"1024\" height=\"550\" src=\"https:\/\/chk-de.org\/app\/uploads\/2023\/06\/TK-Entsendung-von-Mitarbeitern-ins-Ausland-1024x550.png\" class=\"attachment-large size-large\" alt=\"\" loading=\"lazy\" srcset=\"https:\/\/chk-de.org\/app\/uploads\/2023\/06\/TK-Entsendung-von-Mitarbeitern-ins-Ausland-1024x550.png 1024w, https:\/\/chk-de.org\/app\/uploads\/2023\/06\/TK-Entsendung-von-Mitarbeitern-ins-Ausland-300x161.png 300w, https:\/\/chk-de.org\/app\/uploads\/2023\/06\/TK-Entsendung-von-Mitarbeitern-ins-Ausland-768x413.png 768w, https:\/\/chk-de.org\/app\/uploads\/2023\/06\/TK-Entsendung-von-Mitarbeitern-ins-Ausland.png 1167w\" sizes=\"(max-width: 1024px) 100vw, 1024px\" \/>\t\t\t\t\t\t\t\t\t\t\t\t\t\t\t<\/div>\n\t\t\t\t<\/div>\n\t\t\t\t\t<\/div>\n\t\t<\/div>\n\t\t\t\t<div class=\"dis-fl col-12 col-6--medium elementor-column elementor-col-50 elementor-top-column elementor-element elementor-element-e680005  gut\" data-id=\"e680005\" data-element_type=\"column\">\n\t\t\t<div class=\"elementor-widget-wrap elementor-element-populated\">\n\t\t\t\t\t\t\t\t<div class=\"elementor-element elementor-element-f36b826 pad-t-1 align-center elementor-widget elementor-widget-simple-button\" data-id=\"f36b826\" data-element_type=\"widget\" data-widget_type=\"simple-button.default\">\n\t\t\t\t<div class=\"elementor-widget-container\">\n\t\t\t    \n  \n  \n  \n\n<a href=\"https:\/\/www.tk.de\/firmenkunden\/versicherung\/tk-service-ausland\/entsendung-ins-ausland\/voraussetzungen-entsendung-2034942\" class=\"button size-2 is-primary\">\n  <span>Zum Video<\/span>\n<\/a>\t\t<\/div>\n\t\t\t\t<\/div>\n\t\t\t\t\t<\/div>\n\t\t<\/div>\n\t\t\t\t\t\t\t<\/div>\n\t\t<\/section>\n\t\t\t\t<section class=\"elementor-section elementor-top-section elementor-element elementor-element-0ba6eb0 is-yes elementor-section-boxed elementor-section-height-default elementor-section-height-default\" data-id=\"0ba6eb0\" data-element_type=\"section\">\n\t\t\t\t\t\t<div class=\"elementor-container elementor-column-gap-default\">\n\t\t\t\t\t<div class=\"dis-fl col-12 col-12--medium elementor-column elementor-col-100 elementor-top-column elementor-element elementor-element-9e22d7c  gut\" data-id=\"9e22d7c\" data-element_type=\"column\">\n\t\t\t<div class=\"elementor-widget-wrap elementor-element-populated\">\n\t\t\t\t\t\t\t\t<div class=\"elementor-element elementor-element-481667b elementor-widget-divider--view-line elementor-widget elementor-widget-divider\" data-id=\"481667b\" data-element_type=\"widget\" data-widget_type=\"divider.default\">\n\t\t\t\t<div class=\"elementor-widget-container\">\n\t\t\t\t\t<div class=\"elementor-divider\">\n\t\t\t<span class=\"elementor-divider-separator\">\n\t\t\t\t\t\t<\/span>\n\t\t<\/div>\n\t\t\t\t<\/div>\n\t\t\t\t<\/div>\n\t\t\t\t\t<\/div>\n\t\t<\/div>\n\t\t\t\t\t\t\t<\/div>\n\t\t<\/section>\n\t\t\t\t<section class=\"elementor-section elementor-top-section elementor-element elementor-element-cfade77 is-yes elementor-section-boxed elementor-section-height-default elementor-section-height-default\" data-id=\"cfade77\" data-element_type=\"section\">\n\t\t\t\t\t\t<div class=\"elementor-container elementor-column-gap-default\">\n\t\t\t\t\t<div class=\"dis-fl col-12 col-12--medium elementor-column elementor-col-100 elementor-top-column elementor-element elementor-element-cc606df  gut\" data-id=\"cc606df\" data-element_type=\"column\">\n\t\t\t<div class=\"elementor-widget-wrap elementor-element-populated\">\n\t\t\t\t\t\t\t\t<div class=\"elementor-element elementor-element-d23a7ba lh-3 co-black elementor-widget elementor-widget-text-block\" data-id=\"d23a7ba\" data-element_type=\"widget\" data-widget_type=\"text-block.default\">\n\t\t\t\t<div class=\"elementor-widget-container\">\n\t\t\t\n\n<div class=\"elementor-text-editor\"><p><strong>Mehr Infos zu den Leistungen der TK f\u00fcr Firmenkunden finden Sie hier:<\/strong><\/p><\/div>\t\t<\/div>\n\t\t\t\t<\/div>\n\t\t\t\t\t<\/div>\n\t\t<\/div>\n\t\t\t\t\t\t\t<\/div>\n\t\t<\/section>\n\t\t\t\t<section class=\"elementor-section elementor-top-section elementor-element elementor-element-4a29f4a is-yes elementor-section-boxed elementor-section-height-default elementor-section-height-default\" data-id=\"4a29f4a\" data-element_type=\"section\">\n\t\t\t\t\t\t<div class=\"elementor-container elementor-column-gap-default\">\n\t\t\t\t\t<div class=\"dis-fl col-12 col-12--medium elementor-column elementor-col-100 elementor-top-column elementor-element elementor-element-d8dee48  gut\" data-id=\"d8dee48\" data-element_type=\"column\">\n\t\t\t<div class=\"elementor-widget-wrap elementor-element-populated\">\n\t\t\t\t\t\t\t\t<div class=\"elementor-element elementor-element-cbb5d6b lh-3 co-black elementor-widget elementor-widget-text-block\" data-id=\"cbb5d6b\" data-element_type=\"widget\" data-widget_type=\"text-block.default\">\n\t\t\t\t<div class=\"elementor-widget-container\">\n\t\t\t\n\n<div class=\"elementor-text-editor\"><p>\u00a0<\/p><p><span style=\"color: #000000;\">Internationale Besch\u00e4ftigung<\/span><\/p><p><a href=\"https:\/\/www.tk.de\/resource\/blob\/2126796\/e96555b05d2ae5a09b92684df097029b\/beratungsblatt-beschaeftigung-im-ausland-englisch-data.pdf\">Beratungsblatt internationale Besch\u00e4ftigung<\/a><\/p><p><a href=\"https:\/\/podcasters.spotify.com\/pod\/show\/tk-globalgesprochen\">Podcast f\u00fcr internationale Besch\u00e4ftigung<\/a><\/p><p>\u00a0<\/p><p>Gesundheit im Unternehmen<\/p><p><a href=\"https:\/\/www.tk.de\/firmenkunden\/service\/gesund-arbeiten\/betriebliche-gesundheitsfoerderung\/betriebliches-gesundheitsmanagement\/was-ist-bgm-2077348\">Video: Was ist Betriebliches Gesundheitsmanagement (BGM)<\/a><\/p><p><a href=\"https:\/\/www.tk.de\/firmenkunden\/service\/gesund-arbeiten\/gesundheitsberichterstattung\/whats-next-gesund-arbeiten-in-der-digitalen-arbeitswelt-2033554\">Studie: #whats\u00adnext \u2013 Gesund arbeiten in der digi\u00adtalen Arbeits\u00adwelt<\/a><\/p><p><a href=\"https:\/\/www.linkedin.com\/feed\/update\/urn:li:activity:7064151901994397696\">Best Practice: Gesundheitstag<\/a><\/p><p>\u00a0<\/p><p>Weitere Informationen finden Sie auf dem <a href=\"https:\/\/www.tk.de\/firmenkunden\">Firmenkundenportal<\/a> der TK.<\/p><\/div>\t\t<\/div>\n\t\t\t\t<\/div>\n\t\t\t\t\t<\/div>\n\t\t<\/div>\n\t\t\t\t\t\t\t<\/div>\n\t\t<\/section>\n\t\t\t\t\t\t<\/div>\n\t\t\t\t\t<\/div>\n\t\t","protected":false},"excerpt":{"rendered":"<p>Die Techniker Krankenkasse unterst\u00fctzt Unternehmen rund um das Thema Einstellung internationaler Fachkr\u00e4fte in Deutschland. Dar\u00fcber hinaus bietet die TK umfangreiche Angebote, f\u00fcr die F\u00f6rderung von Gesundheit im Unternehmen. \u00a0 Die wichtigsten Informationen, Videos und Best-Practices im Rahmen der Gesundheitspartnerschaft mit der CHKD finden Sie auf dieser Seite. Best Practice Wie die TK Unternehmen bei der [&hellip;]<\/p>\n","protected":false},"author":3,"featured_media":0,"parent":0,"menu_order":0,"comment_status":"closed","ping_status":"closed","template":"","meta":[],"_links":{"self":[{"href":"https:\/\/chk-de.org\/de\/wp-json\/wp\/v2\/pages\/85324"}],"collection":[{"href":"https:\/\/chk-de.org\/de\/wp-json\/wp\/v2\/pages"}],"about":[{"href":"https:\/\/chk-de.org\/de\/wp-json\/wp\/v2\/types\/page"}],"author":[{"embeddable":true,"href":"https:\/\/chk-de.org\/de\/wp-json\/wp\/v2\/users\/3"}],"replies":[{"embeddable":true,"href":"https:\/\/chk-de.org\/de\/wp-json\/wp\/v2\/comments?post=85324"}],"version-history":[{"count":47,"href":"https:\/\/chk-de.org\/de\/wp-json\/wp\/v2\/pages\/85324\/revisions"}],"predecessor-version":[{"id":85490,"href":"https:\/\/chk-de.org\/de\/wp-json\/wp\/v2\/pages\/85324\/revisions\/85490"}],"wp:attachment":[{"href":"https:\/\/chk-de.org\/de\/wp-json\/wp\/v2\/media?parent=85324"}],"curies":[{"name":"wp","href":"https:\/\/api.w.org\/{rel}","templated":true}]}}