{"id":84707,"date":"2023-04-25T15:01:26","date_gmt":"2023-04-25T13:01:26","guid":{"rendered":"https:\/\/chk-de.org\/?page_id=84707"},"modified":"2025-02-13T13:00:10","modified_gmt":"2025-02-13T12:00:10","slug":"turner-townsend","status":"publish","type":"page","link":"https:\/\/chk-de.org\/de\/turner-townsend\/","title":{"rendered":"Turner &#038; Townsend"},"content":{"rendered":"\t\t<div data-elementor-type=\"wp-page\" data-elementor-id=\"84707\" class=\"elementor elementor-84707\" data-elementor-settings=\"[]\">\n\t\t\t\t\t\t\t<div class=\"elementor-section-wrap\">\n\t\t\t\t\t\t\t<section class=\"elementor-section elementor-top-section elementor-element elementor-element-b1f3974 is-yes elementor-section-boxed elementor-section-height-default elementor-section-height-default\" data-id=\"b1f3974\" data-element_type=\"section\">\n\t\t\t\t\t\t<div class=\"elementor-container elementor-column-gap-default\">\n\t\t\t\t\t<div class=\"dis-fl col-12 col-6--medium elementor-column elementor-col-50 elementor-top-column elementor-element elementor-element-6db09d2  gut\" data-id=\"6db09d2\" data-element_type=\"column\">\n\t\t\t<div class=\"elementor-widget-wrap elementor-element-populated\">\n\t\t\t\t\t\t\t\t<div class=\"elementor-element elementor-element-b62dd64 elementor-widget elementor-widget-image\" data-id=\"b62dd64\" data-element_type=\"widget\" data-widget_type=\"image.default\">\n\t\t\t\t<div class=\"elementor-widget-container\">\n\t\t\t\t\t\t\t\t\t\t\t\t\t\t\t<img width=\"300\" height=\"43\" src=\"https:\/\/chk-de.org\/app\/uploads\/2023\/04\/Turner-and-Townsend-300x43.jpg\" class=\"attachment-medium size-medium\" alt=\"\" loading=\"lazy\" srcset=\"https:\/\/chk-de.org\/app\/uploads\/2023\/04\/Turner-and-Townsend-300x43.jpg 300w, https:\/\/chk-de.org\/app\/uploads\/2023\/04\/Turner-and-Townsend.jpg 605w\" sizes=\"(max-width: 300px) 100vw, 300px\" \/>\t\t\t\t\t\t\t\t\t\t\t\t\t\t\t<\/div>\n\t\t\t\t<\/div>\n\t\t\t\t\t<\/div>\n\t\t<\/div>\n\t\t\t\t<div class=\"dis-fl col-12 col-6--medium elementor-column elementor-col-50 elementor-top-column elementor-element elementor-element-f852e84  gut\" data-id=\"f852e84\" data-element_type=\"column\">\n\t\t\t<div class=\"elementor-widget-wrap\">\n\t\t\t\t\t\t\t\t\t<\/div>\n\t\t<\/div>\n\t\t\t\t\t\t\t<\/div>\n\t\t<\/section>\n\t\t\t\t<section class=\"elementor-section elementor-top-section elementor-element elementor-element-4f269ed is-yes elementor-section-boxed elementor-section-height-default elementor-section-height-default\" data-id=\"4f269ed\" data-element_type=\"section\">\n\t\t\t\t\t\t<div class=\"elementor-container elementor-column-gap-default\">\n\t\t\t\t\t<div class=\"dis-fl col-12 col-12--medium elementor-column elementor-col-100 elementor-top-column elementor-element elementor-element-e233262  gut\" data-id=\"e233262\" data-element_type=\"column\">\n\t\t\t<div class=\"elementor-widget-wrap elementor-element-populated\">\n\t\t\t\t\t\t\t\t<div class=\"elementor-element elementor-element-ba05c02 lh-3 co-black elementor-widget elementor-widget-text-block\" data-id=\"ba05c02\" data-element_type=\"widget\" data-widget_type=\"text-block.default\">\n\t\t\t\t<div class=\"elementor-widget-container\">\n\t\t\t\n\n<div class=\"elementor-text-editor\"><p>\u00a0<\/p><p>Turner &amp; Townsend ist ein unabh\u00e4ngiges Beratungsunternehmen, welches sich auf Programm-, Projekt- und Kostenmanagement sowie Beratungsleistungen in den Bereichen Immobilien, Infrastruktur, Energieversorgung und Rohstoffgewinnung spezialisiert hat. Mit 118 B\u00fcros in 50 L\u00e4ndern und mehr als 8.500 professionellen Beratern unterst\u00fctzen wir unsere Kunden weltweit mit umfassender lokaler Expertise. In Deutschland, \u00d6sterreich und der Schweiz besteht unser Team aus mehr als 300 Mitarbeitern, die in 9 Niederlassungen t\u00e4tig sind.<\/p><p>\u00a0<\/p><p>Unsere Leistungen: Programmsetup und -management, Projektmanagement, Projektcontrolling, Kosten- und Kaufm\u00e4nnisches Management, Vergabestrategie, Vertr\u00e4ge und Beschaffung und Net-Zero-Beratung.<\/p><p>\u00a0<\/p><p>Turner &amp; Townsend leitet internationale und interdisziplin\u00e4re Teams, die die globalen und lokalen Aspekte von Projekten reibungslos miteinander verbindet, Risiken minimiert, die Beschaffungsstrategie optimiert und Budgets, Termine, Funktionen und Qualit\u00e4ten managen und dabei sowohl Termine, Kosten <strong>\u00ad<\/strong>als auch die Anforderungen und Standards des Kunden erfolgreich steuert.<\/p><\/div>\t\t<\/div>\n\t\t\t\t<\/div>\n\t\t\t\t\t<\/div>\n\t\t<\/div>\n\t\t\t\t\t\t\t<\/div>\n\t\t<\/section>\n\t\t\t\t<section class=\"elementor-section elementor-top-section elementor-element elementor-element-112be88 is-yes elementor-section-boxed elementor-section-height-default elementor-section-height-default\" data-id=\"112be88\" data-element_type=\"section\">\n\t\t\t\t\t\t<div class=\"elementor-container elementor-column-gap-default\">\n\t\t\t\t\t<div class=\"dis-fl col-12 col-12--medium elementor-column elementor-col-100 elementor-top-column elementor-element elementor-element-c78eea7  gut\" data-id=\"c78eea7\" data-element_type=\"column\">\n\t\t\t<div class=\"elementor-widget-wrap elementor-element-populated\">\n\t\t\t\t\t\t\t\t<div class=\"elementor-element elementor-element-f35e7a4 elementor-widget elementor-widget-spacer\" data-id=\"f35e7a4\" data-element_type=\"widget\" data-widget_type=\"spacer.default\">\n\t\t\t\t<div class=\"elementor-widget-container\">\n\t\t\t\t\t<div class=\"elementor-spacer\">\n\t\t\t<div class=\"elementor-spacer-inner\"><\/div>\n\t\t<\/div>\n\t\t\t\t<\/div>\n\t\t\t\t<\/div>\n\t\t\t\t\t<\/div>\n\t\t<\/div>\n\t\t\t\t\t\t\t<\/div>\n\t\t<\/section>\n\t\t\t\t<section class=\"elementor-section elementor-top-section elementor-element elementor-element-04d66ad is-yes elementor-section-boxed elementor-section-height-default elementor-section-height-default\" data-id=\"04d66ad\" data-element_type=\"section\">\n\t\t\t\t\t\t<div class=\"elementor-container elementor-column-gap-default\">\n\t\t\t\t\t<div class=\"dis-fl col-12 col-6--medium elementor-column elementor-col-50 elementor-top-column elementor-element elementor-element-b03b924  gut\" data-id=\"b03b924\" data-element_type=\"column\">\n\t\t\t<div class=\"elementor-widget-wrap elementor-element-populated\">\n\t\t\t\t\t\t\t\t<div class=\"elementor-element elementor-element-90f9b79 lh-3 co-black elementor-widget elementor-widget-text-block\" data-id=\"90f9b79\" data-element_type=\"widget\" data-widget_type=\"text-block.default\">\n\t\t\t\t<div class=\"elementor-widget-container\">\n\t\t\t\n\n<div class=\"elementor-text-editor\"><p>\u00a0<\/p><p style=\"text-align: center;\"><span style=\"color: #ffffff;\"><span style=\"text-decoration: underline;\"><strong>T\u00e4tigkeitsberei<\/strong><\/span><span style=\"text-decoration: underline;\"><strong>c<\/strong><\/span><span style=\"text-decoration: underline;\"><strong>h<\/strong><\/span><\/span><\/p><p style=\"text-align: center;\"><span style=\"color: #ffffff;\">Programm-, <\/span><\/p><p style=\"text-align: center;\"><span style=\"color: #ffffff;\">Projekt- und<\/span><\/p><p style=\"text-align: center;\"><span style=\"color: #ffffff;\"> Kostenmanagement<\/span><\/p><p style=\"text-align: center;\"><span style=\"color: #ffffff;\"> Beratungsleistungen<\/span><\/p><p>\u00a0<\/p><\/div>\t\t<\/div>\n\t\t\t\t<\/div>\n\t\t\t\t\t<\/div>\n\t\t<\/div>\n\t\t\t\t<div class=\"dis-fl col-12 col-6--medium elementor-column elementor-col-50 elementor-top-column elementor-element elementor-element-0de6037  gut\" data-id=\"0de6037\" data-element_type=\"column\">\n\t\t\t<div class=\"elementor-widget-wrap\">\n\t\t\t\t\t\t\t\t\t<\/div>\n\t\t<\/div>\n\t\t\t\t\t\t\t<\/div>\n\t\t<\/section>\n\t\t\t\t<section class=\"elementor-section elementor-top-section elementor-element elementor-element-d5049c5 is-yes elementor-section-boxed elementor-section-height-default elementor-section-height-default\" data-id=\"d5049c5\" data-element_type=\"section\">\n\t\t\t\t\t\t<div class=\"elementor-container elementor-column-gap-default\">\n\t\t\t\t\t<div class=\"dis-fl col-12 col-12--medium elementor-column elementor-col-100 elementor-top-column elementor-element elementor-element-f38ac0b  gut\" data-id=\"f38ac0b\" data-element_type=\"column\">\n\t\t\t<div class=\"elementor-widget-wrap elementor-element-populated\">\n\t\t\t\t\t\t\t\t<div class=\"elementor-element elementor-element-2a3b681 elementor-widget elementor-widget-spacer\" data-id=\"2a3b681\" data-element_type=\"widget\" data-widget_type=\"spacer.default\">\n\t\t\t\t<div class=\"elementor-widget-container\">\n\t\t\t\t\t<div class=\"elementor-spacer\">\n\t\t\t<div class=\"elementor-spacer-inner\"><\/div>\n\t\t<\/div>\n\t\t\t\t<\/div>\n\t\t\t\t<\/div>\n\t\t\t\t\t<\/div>\n\t\t<\/div>\n\t\t\t\t\t\t\t<\/div>\n\t\t<\/section>\n\t\t\t\t<section class=\"elementor-section elementor-top-section elementor-element elementor-element-1862906 is-yes elementor-section-boxed elementor-section-height-default elementor-section-height-default\" data-id=\"1862906\" data-element_type=\"section\">\n\t\t\t\t\t\t<div class=\"elementor-container elementor-column-gap-default\">\n\t\t\t\t\t<div class=\"dis-fl col-12 col-12--medium elementor-column elementor-col-100 elementor-top-column elementor-element elementor-element-29aa0b9  gut\" data-id=\"29aa0b9\" data-element_type=\"column\">\n\t\t\t<div class=\"elementor-widget-wrap elementor-element-populated\">\n\t\t\t\t\t\t\t\t<div class=\"elementor-element elementor-element-f624ff8 pad-b-1 elementor-widget elementor-widget-header\" data-id=\"f624ff8\" data-element_type=\"widget\" data-widget_type=\"header.default\">\n\t\t\t\t<div class=\"elementor-widget-container\">\n\t\t\t<h1 class=\"heading\">\n    <span class=\"fontw-l has-divider lh-3 size-4\">Kontakt<\/span>\n  <div class=\"heading__divider pad-t-2\" aria-hidden><svg width=\"90\" height=\"2\" viewBox=\"0 0 90 2\" xmlns=\"http:\/\/www.w3.org\/2000\/svg\"><line x1=\"0\" y1=\"1\" x2=\"90\" y2=\"1\" stroke-width=\"2\" \/><\/svg><\/div><\/h1>\t\t<\/div>\n\t\t\t\t<\/div>\n\t\t\t\t\t<\/div>\n\t\t<\/div>\n\t\t\t\t\t\t\t<\/div>\n\t\t<\/section>\n\t\t\t\t<section class=\"elementor-section elementor-top-section elementor-element elementor-element-ee29666 is-yes elementor-section-boxed elementor-section-height-default elementor-section-height-default\" data-id=\"ee29666\" data-element_type=\"section\">\n\t\t\t\t\t\t<div class=\"elementor-container elementor-column-gap-default\">\n\t\t\t\t\t<div class=\"dis-fl col-12 col-4--medium elementor-column elementor-col-33 elementor-top-column elementor-element elementor-element-27f54c7  gut\" data-id=\"27f54c7\" data-element_type=\"column\">\n\t\t\t<div class=\"elementor-widget-wrap elementor-element-populated\">\n\t\t\t\t\t\t\t\t<div class=\"elementor-element elementor-element-1c075ea pad-t-1 align-left elementor-widget elementor-widget-simple-button\" data-id=\"1c075ea\" data-element_type=\"widget\" data-widget_type=\"simple-button.default\">\n\t\t\t\t<div class=\"elementor-widget-container\">\n\t\t\t    \n  \n  \n\n\n<a href=\"https:\/\/www.turnerandtownsend.com\/en\/locations\/europe\/germany\/?lang=de\" class=\"button size-2\">\n  <span>Zur Homepage <\/span>\n<\/a>\t\t<\/div>\n\t\t\t\t<\/div>\n\t\t\t\t\t<\/div>\n\t\t<\/div>\n\t\t\t\t<div class=\"dis-fl col-12 col-4--medium elementor-column elementor-col-33 elementor-top-column elementor-element elementor-element-09be3d8  gut\" data-id=\"09be3d8\" data-element_type=\"column\">\n\t\t\t<div class=\"elementor-widget-wrap\">\n\t\t\t\t\t\t\t\t\t<\/div>\n\t\t<\/div>\n\t\t\t\t<div class=\"dis-fl col-12 col-4--medium elementor-column elementor-col-33 elementor-top-column elementor-element elementor-element-edc67d8  gut\" data-id=\"edc67d8\" data-element_type=\"column\">\n\t\t\t<div class=\"elementor-widget-wrap\">\n\t\t\t\t\t\t\t\t\t<\/div>\n\t\t<\/div>\n\t\t\t\t\t\t\t<\/div>\n\t\t<\/section>\n\t\t\t\t<section class=\"elementor-section elementor-top-section elementor-element elementor-element-d276941 is-yes elementor-section-boxed elementor-section-height-default elementor-section-height-default\" data-id=\"d276941\" data-element_type=\"section\">\n\t\t\t\t\t\t<div class=\"elementor-container elementor-column-gap-default\">\n\t\t\t\t\t<div class=\"dis-fl col-12 col-12--medium elementor-column elementor-col-100 elementor-top-column elementor-element elementor-element-278fbe2  gut\" data-id=\"278fbe2\" data-element_type=\"column\">\n\t\t\t<div class=\"elementor-widget-wrap elementor-element-populated\">\n\t\t\t\t\t\t\t\t<div class=\"elementor-element elementor-element-6a3dcb3 elementor-widget elementor-widget-spacer\" data-id=\"6a3dcb3\" data-element_type=\"widget\" data-widget_type=\"spacer.default\">\n\t\t\t\t<div class=\"elementor-widget-container\">\n\t\t\t\t\t<div class=\"elementor-spacer\">\n\t\t\t<div class=\"elementor-spacer-inner\"><\/div>\n\t\t<\/div>\n\t\t\t\t<\/div>\n\t\t\t\t<\/div>\n\t\t\t\t\t<\/div>\n\t\t<\/div>\n\t\t\t\t\t\t\t<\/div>\n\t\t<\/section>\n\t\t\t\t<section class=\"elementor-section elementor-top-section elementor-element elementor-element-d7f1b1e is-yes elementor-section-boxed elementor-section-height-default elementor-section-height-default\" data-id=\"d7f1b1e\" data-element_type=\"section\">\n\t\t\t\t\t\t<div class=\"elementor-container elementor-column-gap-default\">\n\t\t\t\t\t<div class=\"dis-fl col-12 col-12--medium elementor-column elementor-col-100 elementor-top-column elementor-element elementor-element-2105fc3  gut\" data-id=\"2105fc3\" data-element_type=\"column\">\n\t\t\t<div class=\"elementor-widget-wrap elementor-element-populated\">\n\t\t\t\t\t\t\t\t<div class=\"elementor-element elementor-element-68e7e14 pad-b-1 elementor-widget elementor-widget-header\" data-id=\"68e7e14\" data-element_type=\"widget\" data-widget_type=\"header.default\">\n\t\t\t\t<div class=\"elementor-widget-container\">\n\t\t\t<h2 class=\"heading\">\n      <span class=\"heading__meta dis-bl co-red\">Ansprechpartner<\/span>\n    <span class=\"fontw-l  lh-3 size-4\">Turner & Townsend<\/span>\n  <\/h2>\t\t<\/div>\n\t\t\t\t<\/div>\n\t\t\t\t\t<\/div>\n\t\t<\/div>\n\t\t\t\t\t\t\t<\/div>\n\t\t<\/section>\n\t\t\t\t<section class=\"elementor-section elementor-top-section elementor-element elementor-element-7d56307 is-yes elementor-section-boxed elementor-section-height-default elementor-section-height-default\" data-id=\"7d56307\" data-element_type=\"section\">\n\t\t\t\t\t\t<div class=\"elementor-container elementor-column-gap-default\">\n\t\t\t\t\t<div class=\"dis-fl col-12 col-8--medium elementor-column elementor-col-66 elementor-top-column elementor-element elementor-element-ce252da  gut\" data-id=\"ce252da\" data-element_type=\"column\">\n\t\t\t<div class=\"elementor-widget-wrap elementor-element-populated\">\n\t\t\t\t\t\t\t\t<div class=\"elementor-element elementor-element-ca6a082 lh-3 co-black elementor-widget elementor-widget-text-block\" data-id=\"ca6a082\" data-element_type=\"widget\" data-widget_type=\"text-block.default\">\n\t\t\t\t<div class=\"elementor-widget-container\">\n\t\t\t\n\n<div class=\"elementor-text-editor\"><p><strong>WANG Jiajin<\/strong><br \/>China Desk Lead<br \/><a href=\"mailto:Jiajin.wang@turntown.com\">Jiajin.wang@turntown.com<\/a><\/p><p>+41 78 832 0350 (Tel.)<\/p><p>JiajinWang (WeChat)<\/p><\/div>\t\t<\/div>\n\t\t\t\t<\/div>\n\t\t\t\t\t<\/div>\n\t\t<\/div>\n\t\t\t\t<div class=\"dis-fl col-12 col-4--medium elementor-column elementor-col-33 elementor-top-column elementor-element elementor-element-16f14b4  gut\" data-id=\"16f14b4\" data-element_type=\"column\">\n\t\t\t<div class=\"elementor-widget-wrap\">\n\t\t\t\t\t\t\t\t\t<\/div>\n\t\t<\/div>\n\t\t\t\t\t\t\t<\/div>\n\t\t<\/section>\n\t\t\t\t<section class=\"elementor-section elementor-top-section elementor-element elementor-element-27d3a5f is-yes elementor-section-boxed elementor-section-height-default elementor-section-height-default\" data-id=\"27d3a5f\" data-element_type=\"section\">\n\t\t\t\t\t\t<div class=\"elementor-container elementor-column-gap-default\">\n\t\t\t\t\t<div class=\"dis-fl col-12 col-12--medium elementor-column elementor-col-100 elementor-top-column elementor-element elementor-element-cc47a44  gut\" data-id=\"cc47a44\" data-element_type=\"column\">\n\t\t\t<div class=\"elementor-widget-wrap elementor-element-populated\">\n\t\t\t\t\t\t\t\t<div class=\"elementor-element elementor-element-d03a647 elementor-widget-divider--view-line elementor-widget elementor-widget-divider\" data-id=\"d03a647\" data-element_type=\"widget\" data-widget_type=\"divider.default\">\n\t\t\t\t<div class=\"elementor-widget-container\">\n\t\t\t\t\t<div class=\"elementor-divider\">\n\t\t\t<span class=\"elementor-divider-separator\">\n\t\t\t\t\t\t<\/span>\n\t\t<\/div>\n\t\t\t\t<\/div>\n\t\t\t\t<\/div>\n\t\t\t\t\t<\/div>\n\t\t<\/div>\n\t\t\t\t\t\t\t<\/div>\n\t\t<\/section>\n\t\t\t\t<section class=\"elementor-section elementor-top-section elementor-element elementor-element-f0681cb is-yes elementor-section-boxed elementor-section-height-default elementor-section-height-default\" data-id=\"f0681cb\" data-element_type=\"section\">\n\t\t\t\t\t\t<div class=\"elementor-container elementor-column-gap-default\">\n\t\t\t\t\t<div class=\"dis-fl col-12 col-8--medium elementor-column elementor-col-66 elementor-top-column elementor-element elementor-element-b2f1c6d  gut\" data-id=\"b2f1c6d\" data-element_type=\"column\">\n\t\t\t<div class=\"elementor-widget-wrap elementor-element-populated\">\n\t\t\t\t\t\t\t\t<div class=\"elementor-element elementor-element-843da4e lh-3 co-black elementor-widget elementor-widget-text-block\" data-id=\"843da4e\" data-element_type=\"widget\" data-widget_type=\"text-block.default\">\n\t\t\t\t<div class=\"elementor-widget-container\">\n\t\t\t\n\n<div class=\"elementor-text-editor\"><p><strong>Mark Utting<\/strong><br \/>Partner, Country Manager Switzerland<br \/><a href=\"mailto:mark.utting@turntown.com\">mark.utting@turntown.com<\/a><\/p><p>+41 (0) 78 954 4641 (Tel.)<\/p><\/div>\t\t<\/div>\n\t\t\t\t<\/div>\n\t\t\t\t\t<\/div>\n\t\t<\/div>\n\t\t\t\t<div class=\"dis-fl col-12 col-4--medium elementor-column elementor-col-33 elementor-top-column elementor-element elementor-element-9bdbd5b  gut\" data-id=\"9bdbd5b\" data-element_type=\"column\">\n\t\t\t<div class=\"elementor-widget-wrap\">\n\t\t\t\t\t\t\t\t\t<\/div>\n\t\t<\/div>\n\t\t\t\t\t\t\t<\/div>\n\t\t<\/section>\n\t\t\t\t<section class=\"elementor-section elementor-top-section elementor-element elementor-element-0e35201 is-yes elementor-section-boxed elementor-section-height-default elementor-section-height-default\" data-id=\"0e35201\" data-element_type=\"section\">\n\t\t\t\t\t\t<div class=\"elementor-container elementor-column-gap-default\">\n\t\t\t\t\t<div class=\"dis-fl col-12 col-12--medium elementor-column elementor-col-100 elementor-top-column elementor-element elementor-element-787163f  gut\" data-id=\"787163f\" data-element_type=\"column\">\n\t\t\t<div class=\"elementor-widget-wrap elementor-element-populated\">\n\t\t\t\t\t\t\t\t<div class=\"elementor-element elementor-element-c568126 elementor-widget-divider--view-line elementor-widget elementor-widget-divider\" data-id=\"c568126\" data-element_type=\"widget\" data-widget_type=\"divider.default\">\n\t\t\t\t<div class=\"elementor-widget-container\">\n\t\t\t\t\t<div class=\"elementor-divider\">\n\t\t\t<span class=\"elementor-divider-separator\">\n\t\t\t\t\t\t<\/span>\n\t\t<\/div>\n\t\t\t\t<\/div>\n\t\t\t\t<\/div>\n\t\t\t\t\t<\/div>\n\t\t<\/div>\n\t\t\t\t\t\t\t<\/div>\n\t\t<\/section>\n\t\t\t\t<section class=\"elementor-section elementor-top-section elementor-element elementor-element-f907ead is-yes elementor-section-boxed elementor-section-height-default elementor-section-height-default\" data-id=\"f907ead\" data-element_type=\"section\">\n\t\t\t\t\t\t<div class=\"elementor-container elementor-column-gap-default\">\n\t\t\t\t\t<div class=\"dis-fl col-12 col-12--medium elementor-column elementor-col-100 elementor-top-column elementor-element elementor-element-0ca0525  gut\" data-id=\"0ca0525\" data-element_type=\"column\">\n\t\t\t<div class=\"elementor-widget-wrap elementor-element-populated\">\n\t\t\t\t\t\t\t\t<div class=\"elementor-element elementor-element-3076958 lh-3 co-black elementor-widget elementor-widget-text-block\" data-id=\"3076958\" data-element_type=\"widget\" data-widget_type=\"text-block.default\">\n\t\t\t\t<div class=\"elementor-widget-container\">\n\t\t\t\n\n<div class=\"elementor-text-editor\"><p>\u00a0<\/p><p>\u00a0<\/p><p><em><span style=\"color: #000000;\">Beratung auf Chinesisch m\u00f6glich!<\/span><\/em><\/p><p>\u00a0<\/p><p>\u00a0<\/p><\/div>\t\t<\/div>\n\t\t\t\t<\/div>\n\t\t\t\t\t<\/div>\n\t\t<\/div>\n\t\t\t\t\t\t\t<\/div>\n\t\t<\/section>\n\t\t\t\t<section class=\"elementor-section elementor-top-section elementor-element elementor-element-4d5c48f is-yes elementor-section-boxed elementor-section-height-default elementor-section-height-default\" data-id=\"4d5c48f\" data-element_type=\"section\">\n\t\t\t\t\t\t<div class=\"elementor-container elementor-column-gap-default\">\n\t\t\t\t\t<div class=\"dis-fl col-12 col-12--medium elementor-column elementor-col-100 elementor-top-column elementor-element elementor-element-be93c54  gut\" data-id=\"be93c54\" data-element_type=\"column\">\n\t\t\t<div class=\"elementor-widget-wrap elementor-element-populated\">\n\t\t\t\t\t\t\t\t<div class=\"elementor-element elementor-element-374a72a pad-b-1 elementor-widget elementor-widget-header\" data-id=\"374a72a\" data-element_type=\"widget\" data-widget_type=\"header.default\">\n\t\t\t\t<div class=\"elementor-widget-container\">\n\t\t\t<h2 class=\"heading\">\n      <span class=\"heading__meta dis-bl co-red\">Standorte <\/span>\n    <span class=\"fontw-l  lh-3 size-4\">Deutschland<\/span>\n  <\/h2>\t\t<\/div>\n\t\t\t\t<\/div>\n\t\t\t\t\t<\/div>\n\t\t<\/div>\n\t\t\t\t\t\t\t<\/div>\n\t\t<\/section>\n\t\t\t\t<section class=\"elementor-section elementor-top-section elementor-element elementor-element-fd59811 is-yes elementor-section-boxed elementor-section-height-default elementor-section-height-default\" data-id=\"fd59811\" data-element_type=\"section\">\n\t\t\t\t\t\t<div class=\"elementor-container elementor-column-gap-default\">\n\t\t\t\t\t<div class=\"dis-fl col-12 col-12--medium elementor-column elementor-col-100 elementor-top-column elementor-element elementor-element-a4a6be8  gut\" data-id=\"a4a6be8\" data-element_type=\"column\">\n\t\t\t<div class=\"elementor-widget-wrap elementor-element-populated\">\n\t\t\t\t\t\t\t\t<div class=\"elementor-element elementor-element-4118c16 lh-3 co-black elementor-widget elementor-widget-text-block\" data-id=\"4118c16\" data-element_type=\"widget\" data-widget_type=\"text-block.default\">\n\t\t\t\t<div class=\"elementor-widget-container\">\n\t\t\t\n\n<div class=\"elementor-text-editor\"><p>Berlin, Frankfurt, Hamburg, M\u00fcnchen, Stuttgart<\/p><\/div>\t\t<\/div>\n\t\t\t\t<\/div>\n\t\t\t\t\t<\/div>\n\t\t<\/div>\n\t\t\t\t\t\t\t<\/div>\n\t\t<\/section>\n\t\t\t\t<section class=\"elementor-section elementor-top-section elementor-element elementor-element-76dd54b is-yes elementor-section-boxed elementor-section-height-default elementor-section-height-default\" data-id=\"76dd54b\" data-element_type=\"section\">\n\t\t\t\t\t\t<div class=\"elementor-container elementor-column-gap-default\">\n\t\t\t\t\t<div class=\"dis-fl col-12 col-12--medium elementor-column elementor-col-100 elementor-top-column elementor-element elementor-element-cd66a18  gut\" data-id=\"cd66a18\" data-element_type=\"column\">\n\t\t\t<div class=\"elementor-widget-wrap elementor-element-populated\">\n\t\t\t\t\t\t\t\t<div class=\"elementor-element elementor-element-9871124 elementor-widget elementor-widget-spacer\" data-id=\"9871124\" data-element_type=\"widget\" data-widget_type=\"spacer.default\">\n\t\t\t\t<div class=\"elementor-widget-container\">\n\t\t\t\t\t<div class=\"elementor-spacer\">\n\t\t\t<div class=\"elementor-spacer-inner\"><\/div>\n\t\t<\/div>\n\t\t\t\t<\/div>\n\t\t\t\t<\/div>\n\t\t\t\t\t<\/div>\n\t\t<\/div>\n\t\t\t\t\t\t\t<\/div>\n\t\t<\/section>\n\t\t\t\t<section class=\"elementor-section elementor-top-section elementor-element elementor-element-41188c2 is-yes elementor-section-boxed elementor-section-height-default elementor-section-height-default\" data-id=\"41188c2\" data-element_type=\"section\">\n\t\t\t\t\t\t<div class=\"elementor-container elementor-column-gap-default\">\n\t\t\t\t\t<div class=\"dis-fl col-12 col-12--medium elementor-column elementor-col-100 elementor-top-column elementor-element elementor-element-f6863e5  gut\" data-id=\"f6863e5\" data-element_type=\"column\">\n\t\t\t<div class=\"elementor-widget-wrap elementor-element-populated\">\n\t\t\t\t\t\t\t\t<div class=\"elementor-element elementor-element-df9c96d lh-3 co-black elementor-widget elementor-widget-text-block\" data-id=\"df9c96d\" data-element_type=\"widget\" data-widget_type=\"text-block.default\">\n\t\t\t\t<div class=\"elementor-widget-container\">\n\t\t\t\n\n<div class=\"elementor-text-editor\"><p><a href=\"https:\/\/chk-de.org\/de\/beraternetzwerk\/\">Mehr Infos zum CHKD Beraternetzwerk<\/a><\/p><\/div>\t\t<\/div>\n\t\t\t\t<\/div>\n\t\t\t\t\t<\/div>\n\t\t<\/div>\n\t\t\t\t\t\t\t<\/div>\n\t\t<\/section>\n\t\t\t\t\t\t<\/div>\n\t\t\t\t\t<\/div>\n\t\t","protected":false},"excerpt":{"rendered":"<p>\u00a0 Turner &amp; Townsend ist ein unabh\u00e4ngiges Beratungsunternehmen, welches sich auf Programm-, Projekt- und Kostenmanagement sowie Beratungsleistungen in den Bereichen Immobilien, Infrastruktur, Energieversorgung und Rohstoffgewinnung spezialisiert hat. Mit 118 B\u00fcros in 50 L\u00e4ndern und mehr als 8.500 professionellen Beratern unterst\u00fctzen wir unsere Kunden weltweit mit umfassender lokaler Expertise. In Deutschland, \u00d6sterreich und der Schweiz besteht [&hellip;]<\/p>\n","protected":false},"author":3,"featured_media":0,"parent":0,"menu_order":0,"comment_status":"closed","ping_status":"closed","template":"","meta":[],"_links":{"self":[{"href":"https:\/\/chk-de.org\/de\/wp-json\/wp\/v2\/pages\/84707"}],"collection":[{"href":"https:\/\/chk-de.org\/de\/wp-json\/wp\/v2\/pages"}],"about":[{"href":"https:\/\/chk-de.org\/de\/wp-json\/wp\/v2\/types\/page"}],"author":[{"embeddable":true,"href":"https:\/\/chk-de.org\/de\/wp-json\/wp\/v2\/users\/3"}],"replies":[{"embeddable":true,"href":"https:\/\/chk-de.org\/de\/wp-json\/wp\/v2\/comments?post=84707"}],"version-history":[{"count":25,"href":"https:\/\/chk-de.org\/de\/wp-json\/wp\/v2\/pages\/84707\/revisions"}],"predecessor-version":[{"id":89332,"href":"https:\/\/chk-de.org\/de\/wp-json\/wp\/v2\/pages\/84707\/revisions\/89332"}],"wp:attachment":[{"href":"https:\/\/chk-de.org\/de\/wp-json\/wp\/v2\/media?parent=84707"}],"curies":[{"name":"wp","href":"https:\/\/api.w.org\/{rel}","templated":true}]}}