{"id":82223,"date":"2022-09-09T15:06:24","date_gmt":"2022-09-09T13:06:24","guid":{"rendered":"https:\/\/chk-de.org\/?page_id=82223"},"modified":"2022-10-05T13:55:27","modified_gmt":"2022-10-05T11:55:27","slug":"funk-versicherungsmakler","status":"publish","type":"page","link":"https:\/\/chk-de.org\/de\/funk-versicherungsmakler\/","title":{"rendered":"Funk Versicherungsmakler GmbH"},"content":{"rendered":"\t\t<div data-elementor-type=\"wp-page\" data-elementor-id=\"82223\" class=\"elementor elementor-82223\" data-elementor-settings=\"[]\">\n\t\t\t\t\t\t\t<div class=\"elementor-section-wrap\">\n\t\t\t\t\t\t\t<section class=\"elementor-section elementor-top-section elementor-element elementor-element-91f30f9 is-yes elementor-section-boxed elementor-section-height-default elementor-section-height-default\" data-id=\"91f30f9\" data-element_type=\"section\">\n\t\t\t\t\t\t<div class=\"elementor-container elementor-column-gap-default\">\n\t\t\t\t\t<div class=\"dis-fl col-12 col-6--medium elementor-column elementor-col-50 elementor-top-column elementor-element elementor-element-5098c8f  gut\" data-id=\"5098c8f\" data-element_type=\"column\">\n\t\t\t<div class=\"elementor-widget-wrap elementor-element-populated\">\n\t\t\t\t\t\t\t\t<div class=\"elementor-element elementor-element-61b6072 elementor-widget elementor-widget-image\" data-id=\"61b6072\" data-element_type=\"widget\" data-widget_type=\"image.default\">\n\t\t\t\t<div class=\"elementor-widget-container\">\n\t\t\t\t\t\t\t\t\t\t\t\t\t\t\t<img width=\"1024\" height=\"430\" src=\"https:\/\/chk-de.org\/app\/uploads\/2022\/09\/Funk-Logo-1024x430.jpg\" class=\"attachment-large size-large\" alt=\"\" loading=\"lazy\" srcset=\"https:\/\/chk-de.org\/app\/uploads\/2022\/09\/Funk-Logo-1024x430.jpg 1024w, https:\/\/chk-de.org\/app\/uploads\/2022\/09\/Funk-Logo-300x126.jpg 300w, https:\/\/chk-de.org\/app\/uploads\/2022\/09\/Funk-Logo-768x323.jpg 768w, https:\/\/chk-de.org\/app\/uploads\/2022\/09\/Funk-Logo-1536x645.jpg 1536w, https:\/\/chk-de.org\/app\/uploads\/2022\/09\/Funk-Logo.jpg 1593w\" sizes=\"(max-width: 1024px) 100vw, 1024px\" \/>\t\t\t\t\t\t\t\t\t\t\t\t\t\t\t<\/div>\n\t\t\t\t<\/div>\n\t\t\t\t\t<\/div>\n\t\t<\/div>\n\t\t\t\t<div class=\"dis-fl col-12 col-6--medium elementor-column elementor-col-50 elementor-top-column elementor-element elementor-element-a2ae18c  gut\" data-id=\"a2ae18c\" data-element_type=\"column\">\n\t\t\t<div class=\"elementor-widget-wrap\">\n\t\t\t\t\t\t\t\t\t<\/div>\n\t\t<\/div>\n\t\t\t\t\t\t\t<\/div>\n\t\t<\/section>\n\t\t\t\t<section class=\"elementor-section elementor-top-section elementor-element elementor-element-d7fdd13 is-yes elementor-section-boxed elementor-section-height-default elementor-section-height-default\" data-id=\"d7fdd13\" data-element_type=\"section\">\n\t\t\t\t\t\t<div class=\"elementor-container elementor-column-gap-default\">\n\t\t\t\t\t<div class=\"dis-fl col-12 col-12--medium elementor-column elementor-col-100 elementor-top-column elementor-element elementor-element-94d774b  gut\" data-id=\"94d774b\" data-element_type=\"column\">\n\t\t\t<div class=\"elementor-widget-wrap elementor-element-populated\">\n\t\t\t\t\t\t\t\t<div class=\"elementor-element elementor-element-7f6c027 elementor-widget elementor-widget-spacer\" data-id=\"7f6c027\" data-element_type=\"widget\" data-widget_type=\"spacer.default\">\n\t\t\t\t<div class=\"elementor-widget-container\">\n\t\t\t\t\t<div class=\"elementor-spacer\">\n\t\t\t<div class=\"elementor-spacer-inner\"><\/div>\n\t\t<\/div>\n\t\t\t\t<\/div>\n\t\t\t\t<\/div>\n\t\t\t\t\t<\/div>\n\t\t<\/div>\n\t\t\t\t\t\t\t<\/div>\n\t\t<\/section>\n\t\t\t\t<section class=\"elementor-section elementor-top-section elementor-element elementor-element-4f269ed is-yes elementor-section-boxed elementor-section-height-default elementor-section-height-default\" data-id=\"4f269ed\" data-element_type=\"section\">\n\t\t\t\t\t\t<div class=\"elementor-container elementor-column-gap-default\">\n\t\t\t\t\t<div class=\"dis-fl col-12 col-12--medium elementor-column elementor-col-100 elementor-top-column elementor-element elementor-element-e233262  gut\" data-id=\"e233262\" data-element_type=\"column\">\n\t\t\t<div class=\"elementor-widget-wrap elementor-element-populated\">\n\t\t\t\t\t\t\t\t<div class=\"elementor-element elementor-element-ba05c02 lh-3 co-black elementor-widget elementor-widget-text-block\" data-id=\"ba05c02\" data-element_type=\"widget\" data-widget_type=\"text-block.default\">\n\t\t\t\t<div class=\"elementor-widget-container\">\n\t\t\t\n\n<div class=\"elementor-text-editor\"><p>Funk ist Deutschlands gr\u00f6\u00dfter inhabergef\u00fchrter, unabh\u00e4ngiger, internationaler Versicherungsmakler und Risk Consultant. Seit mehr als 20 Jahren unterst\u00fctzt Funk chinesische Investoren dabei, ihr Investitionskapital bei Investitionen im Ausland abzusichern.<\/p><\/div>\t\t<\/div>\n\t\t\t\t<\/div>\n\t\t\t\t\t<\/div>\n\t\t<\/div>\n\t\t\t\t\t\t\t<\/div>\n\t\t<\/section>\n\t\t\t\t<section class=\"elementor-section elementor-top-section elementor-element elementor-element-409d9b7 is-yes elementor-section-boxed elementor-section-height-default elementor-section-height-default\" data-id=\"409d9b7\" data-element_type=\"section\">\n\t\t\t\t\t\t<div class=\"elementor-container elementor-column-gap-default\">\n\t\t\t\t\t<div class=\"dis-fl col-12 col-12--medium elementor-column elementor-col-100 elementor-top-column elementor-element elementor-element-2d07867  gut\" data-id=\"2d07867\" data-element_type=\"column\">\n\t\t\t<div class=\"elementor-widget-wrap elementor-element-populated\">\n\t\t\t\t\t\t\t\t<div class=\"elementor-element elementor-element-13611cf lh-3 co-black elementor-widget elementor-widget-text-block\" data-id=\"13611cf\" data-element_type=\"widget\" data-widget_type=\"text-block.default\">\n\t\t\t\t<div class=\"elementor-widget-container\">\n\t\t\t\n\n<div class=\"elementor-text-editor\"><p>Ob M&amp;A-Transaktionen, Greenfield-Investitionen oder Infrastrukturprojekte &#8211; Funk bietet umfassende Beratung zum Versicherungs- und Risikomanagement. Wir begleiten unsere Kunden bei ihren Investitionsvorhaben in Deutschland, der EU und weltweit. Mit \u00fcber 140 Jahren Erfahrung und einem engagierten Team von China-Experten unterst\u00fctzt Funk f\u00fchrende chinesische Unternehmen in allen versicherungsrelevanten Fragen.\u00a0Starke Marktexpertise, ein umfassendes globales Netzwerk und chinesische Muttersprachler in den B\u00fcros in Deutschland und China: Es ist die Kombination dieser drei Faktoren, die Funk zu einem starken und zuverl\u00e4ssigen Partner f\u00fcr chinesische Investoren macht.<\/p><\/div>\t\t<\/div>\n\t\t\t\t<\/div>\n\t\t\t\t\t<\/div>\n\t\t<\/div>\n\t\t\t\t\t\t\t<\/div>\n\t\t<\/section>\n\t\t\t\t<section class=\"elementor-section elementor-top-section elementor-element elementor-element-112be88 is-yes elementor-section-boxed elementor-section-height-default elementor-section-height-default\" data-id=\"112be88\" data-element_type=\"section\">\n\t\t\t\t\t\t<div class=\"elementor-container elementor-column-gap-default\">\n\t\t\t\t\t<div class=\"dis-fl col-12 col-12--medium elementor-column elementor-col-100 elementor-top-column elementor-element elementor-element-c78eea7  gut\" data-id=\"c78eea7\" data-element_type=\"column\">\n\t\t\t<div class=\"elementor-widget-wrap elementor-element-populated\">\n\t\t\t\t\t\t\t\t<div class=\"elementor-element elementor-element-f35e7a4 elementor-widget elementor-widget-spacer\" data-id=\"f35e7a4\" data-element_type=\"widget\" data-widget_type=\"spacer.default\">\n\t\t\t\t<div class=\"elementor-widget-container\">\n\t\t\t\t\t<div class=\"elementor-spacer\">\n\t\t\t<div class=\"elementor-spacer-inner\"><\/div>\n\t\t<\/div>\n\t\t\t\t<\/div>\n\t\t\t\t<\/div>\n\t\t\t\t<div class=\"elementor-element elementor-element-51362c1 lh-3 co-black elementor-widget elementor-widget-text-block\" data-id=\"51362c1\" data-element_type=\"widget\" data-widget_type=\"text-block.default\">\n\t\t\t\t<div class=\"elementor-widget-container\">\n\t\t\t\n\n<div class=\"elementor-text-editor\"><\/div>\t\t<\/div>\n\t\t\t\t<\/div>\n\t\t\t\t\t<\/div>\n\t\t<\/div>\n\t\t\t\t\t\t\t<\/div>\n\t\t<\/section>\n\t\t\t\t<section class=\"elementor-section elementor-top-section elementor-element elementor-element-04d66ad is-yes elementor-section-boxed elementor-section-height-default elementor-section-height-default\" data-id=\"04d66ad\" data-element_type=\"section\">\n\t\t\t\t\t\t<div class=\"elementor-container elementor-column-gap-default\">\n\t\t\t\t\t<div class=\"dis-fl col-12 col-6--medium elementor-column elementor-col-50 elementor-top-column elementor-element elementor-element-b03b924  gut\" data-id=\"b03b924\" data-element_type=\"column\">\n\t\t\t<div class=\"elementor-widget-wrap elementor-element-populated\">\n\t\t\t\t\t\t\t\t<div class=\"elementor-element elementor-element-90f9b79 lh-3 co-black elementor-widget elementor-widget-text-block\" data-id=\"90f9b79\" data-element_type=\"widget\" data-widget_type=\"text-block.default\">\n\t\t\t\t<div class=\"elementor-widget-container\">\n\t\t\t\n\n<div class=\"elementor-text-editor\"><p>\u00a0<\/p><p style=\"text-align: center;\"><span style=\"text-decoration: underline; color: #ffffff;\"><strong>T\u00e4tigkeitsberei<\/strong><\/span><span style=\"text-decoration: underline; color: #ffffff;\"><strong>c<\/strong><\/span><span style=\"text-decoration: underline; color: #ffffff;\"><strong>h<\/strong><\/span><\/p><p style=\"text-align: center;\"><span style=\"color: #ffffff;\">Versicherungsmakler<\/span><\/p><p style=\"text-align: center;\">\u00a0<\/p><\/div>\t\t<\/div>\n\t\t\t\t<\/div>\n\t\t\t\t\t<\/div>\n\t\t<\/div>\n\t\t\t\t<div class=\"dis-fl col-12 col-6--medium elementor-column elementor-col-50 elementor-top-column elementor-element elementor-element-0de6037  gut\" data-id=\"0de6037\" data-element_type=\"column\">\n\t\t\t<div class=\"elementor-widget-wrap\">\n\t\t\t\t\t\t\t\t\t<\/div>\n\t\t<\/div>\n\t\t\t\t\t\t\t<\/div>\n\t\t<\/section>\n\t\t\t\t<section class=\"elementor-section elementor-top-section elementor-element elementor-element-d5049c5 is-yes elementor-section-boxed elementor-section-height-default elementor-section-height-default\" data-id=\"d5049c5\" data-element_type=\"section\">\n\t\t\t\t\t\t<div class=\"elementor-container elementor-column-gap-default\">\n\t\t\t\t\t<div class=\"dis-fl col-12 col-12--medium elementor-column elementor-col-100 elementor-top-column elementor-element elementor-element-f38ac0b  gut\" data-id=\"f38ac0b\" data-element_type=\"column\">\n\t\t\t<div class=\"elementor-widget-wrap elementor-element-populated\">\n\t\t\t\t\t\t\t\t<div class=\"elementor-element elementor-element-2a3b681 elementor-widget elementor-widget-spacer\" data-id=\"2a3b681\" data-element_type=\"widget\" data-widget_type=\"spacer.default\">\n\t\t\t\t<div class=\"elementor-widget-container\">\n\t\t\t\t\t<div class=\"elementor-spacer\">\n\t\t\t<div class=\"elementor-spacer-inner\"><\/div>\n\t\t<\/div>\n\t\t\t\t<\/div>\n\t\t\t\t<\/div>\n\t\t\t\t\t<\/div>\n\t\t<\/div>\n\t\t\t\t\t\t\t<\/div>\n\t\t<\/section>\n\t\t\t\t<section class=\"elementor-section elementor-top-section elementor-element elementor-element-e0a7faa is-yes elementor-section-boxed elementor-section-height-default elementor-section-height-default\" data-id=\"e0a7faa\" data-element_type=\"section\">\n\t\t\t\t\t\t<div class=\"elementor-container elementor-column-gap-default\">\n\t\t\t\t\t<div class=\"dis-fl col-12 col-12--medium elementor-column elementor-col-100 elementor-top-column elementor-element elementor-element-22318d1  gut\" data-id=\"22318d1\" data-element_type=\"column\">\n\t\t\t<div class=\"elementor-widget-wrap elementor-element-populated\">\n\t\t\t\t\t\t\t\t<div class=\"elementor-element elementor-element-af06b8d pad-b-1 elementor-widget elementor-widget-header\" data-id=\"af06b8d\" data-element_type=\"widget\" data-widget_type=\"header.default\">\n\t\t\t\t<div class=\"elementor-widget-container\">\n\t\t\t<h2 class=\"heading\">\n    <span class=\"fontw-l has-divider lh-3 size-4\">Kontakt<\/span>\n  <div class=\"heading__divider pad-t-2\" aria-hidden><svg width=\"90\" height=\"2\" viewBox=\"0 0 90 2\" xmlns=\"http:\/\/www.w3.org\/2000\/svg\"><line x1=\"0\" y1=\"1\" x2=\"90\" y2=\"1\" stroke-width=\"2\" \/><\/svg><\/div><\/h2>\t\t<\/div>\n\t\t\t\t<\/div>\n\t\t\t\t\t<\/div>\n\t\t<\/div>\n\t\t\t\t\t\t\t<\/div>\n\t\t<\/section>\n\t\t\t\t<section class=\"elementor-section elementor-top-section elementor-element elementor-element-91fd5d5 is-yes elementor-section-boxed elementor-section-height-default elementor-section-height-default\" data-id=\"91fd5d5\" data-element_type=\"section\">\n\t\t\t\t\t\t<div class=\"elementor-container elementor-column-gap-default\">\n\t\t\t\t\t<div class=\"dis-fl col-12 col-4--medium elementor-column elementor-col-33 elementor-top-column elementor-element elementor-element-5a4c593  gut\" data-id=\"5a4c593\" data-element_type=\"column\">\n\t\t\t<div class=\"elementor-widget-wrap elementor-element-populated\">\n\t\t\t\t\t\t\t\t<div class=\"elementor-element elementor-element-6e03fd1 pad-t-1 elementor-widget elementor-widget-simple-button\" data-id=\"6e03fd1\" data-element_type=\"widget\" data-widget_type=\"simple-button.default\">\n\t\t\t\t<div class=\"elementor-widget-container\">\n\t\t\t    \n  \n  \n\n\n<a href=\"https:\/\/www.funk-gruppe.de\/de\/\" class=\"button size-2\">\n  <span>Homepage<\/span>\n<\/a>\t\t<\/div>\n\t\t\t\t<\/div>\n\t\t\t\t\t<\/div>\n\t\t<\/div>\n\t\t\t\t<div class=\"dis-fl col-12 col-4--medium elementor-column elementor-col-33 elementor-top-column elementor-element elementor-element-67560f5  gut\" data-id=\"67560f5\" data-element_type=\"column\">\n\t\t\t<div class=\"elementor-widget-wrap\">\n\t\t\t\t\t\t\t\t\t<\/div>\n\t\t<\/div>\n\t\t\t\t<div class=\"dis-fl col-12 col-4--medium elementor-column elementor-col-33 elementor-top-column elementor-element elementor-element-c2a483f  gut\" data-id=\"c2a483f\" data-element_type=\"column\">\n\t\t\t<div class=\"elementor-widget-wrap elementor-element-populated\">\n\t\t\t\t\t\t\t\t<div class=\"elementor-element elementor-element-b5fefba elementor-widget elementor-widget-image\" data-id=\"b5fefba\" data-element_type=\"widget\" data-widget_type=\"image.default\">\n\t\t\t\t<div class=\"elementor-widget-container\">\n\t\t\t\t\t\t\t\t\t\t\t\t<figure class=\"wp-caption\">\n\t\t\t\t\t\t\t\t\t\t<img src=\"https:\/\/chk-de.org\/app\/uploads\/elementor\/thumbs\/Funkwevchat-puidha9tiztiyufz4pjf1qf6vtwnwlk88wvl2e59ew.png\" title=\"Funkwevchat\" alt=\"Funkwevchat\" \/>\t\t\t\t\t\t\t\t\t\t\t<figcaption class=\"widget-image-caption wp-caption-text\">WeChat<\/figcaption>\n\t\t\t\t\t\t\t\t\t\t<\/figure>\n\t\t\t\t\t\t\t\t\t<\/div>\n\t\t\t\t<\/div>\n\t\t\t\t\t<\/div>\n\t\t<\/div>\n\t\t\t\t\t\t\t<\/div>\n\t\t<\/section>\n\t\t\t\t<section class=\"elementor-section elementor-top-section elementor-element elementor-element-f9fb759 is-yes elementor-section-boxed elementor-section-height-default elementor-section-height-default\" data-id=\"f9fb759\" data-element_type=\"section\">\n\t\t\t\t\t\t<div class=\"elementor-container elementor-column-gap-default\">\n\t\t\t\t\t<div class=\"dis-fl col-12 col-12--medium elementor-column elementor-col-100 elementor-top-column elementor-element elementor-element-72359a7  gut\" data-id=\"72359a7\" data-element_type=\"column\">\n\t\t\t<div class=\"elementor-widget-wrap elementor-element-populated\">\n\t\t\t\t\t\t\t\t<div class=\"elementor-element elementor-element-0481231 elementor-widget elementor-widget-spacer\" data-id=\"0481231\" data-element_type=\"widget\" data-widget_type=\"spacer.default\">\n\t\t\t\t<div class=\"elementor-widget-container\">\n\t\t\t\t\t<div class=\"elementor-spacer\">\n\t\t\t<div class=\"elementor-spacer-inner\"><\/div>\n\t\t<\/div>\n\t\t\t\t<\/div>\n\t\t\t\t<\/div>\n\t\t\t\t\t<\/div>\n\t\t<\/div>\n\t\t\t\t\t\t\t<\/div>\n\t\t<\/section>\n\t\t\t\t<section class=\"elementor-section elementor-top-section elementor-element elementor-element-9bd8b1f is-yes elementor-section-boxed elementor-section-height-default elementor-section-height-default\" data-id=\"9bd8b1f\" data-element_type=\"section\">\n\t\t\t\t\t\t<div class=\"elementor-container elementor-column-gap-default\">\n\t\t\t\t\t<div class=\"dis-fl col-12 col-12--medium elementor-column elementor-col-100 elementor-top-column elementor-element elementor-element-badb881  gut\" data-id=\"badb881\" data-element_type=\"column\">\n\t\t\t<div class=\"elementor-widget-wrap elementor-element-populated\">\n\t\t\t\t\t\t\t\t<div class=\"elementor-element elementor-element-68e7e14 pad-b-1 elementor-widget elementor-widget-header\" data-id=\"68e7e14\" data-element_type=\"widget\" data-widget_type=\"header.default\">\n\t\t\t\t<div class=\"elementor-widget-container\">\n\t\t\t<h2 class=\"heading\">\n      <span class=\"heading__meta dis-bl co-red\">Ansprechpartner<\/span>\n    <span class=\"fontw-l  lh-3 size-4\">Funk Versicherungsmakler GmbH<\/span>\n  <\/h2>\t\t<\/div>\n\t\t\t\t<\/div>\n\t\t\t\t\t<\/div>\n\t\t<\/div>\n\t\t\t\t\t\t\t<\/div>\n\t\t<\/section>\n\t\t\t\t<section class=\"elementor-section elementor-top-section elementor-element elementor-element-09a104f is-yes elementor-section-boxed elementor-section-height-default elementor-section-height-default\" data-id=\"09a104f\" data-element_type=\"section\">\n\t\t\t\t\t\t<div class=\"elementor-container elementor-column-gap-default\">\n\t\t\t\t\t<div class=\"dis-fl col-12 col-12--medium elementor-column elementor-col-100 elementor-top-column elementor-element elementor-element-d803890  gut\" data-id=\"d803890\" data-element_type=\"column\">\n\t\t\t<div class=\"elementor-widget-wrap elementor-element-populated\">\n\t\t\t\t\t\t\t\t<div class=\"elementor-element elementor-element-e26b178 lh-3 co-black elementor-widget elementor-widget-text-block\" data-id=\"e26b178\" data-element_type=\"widget\" data-widget_type=\"text-block.default\">\n\t\t\t\t<div class=\"elementor-widget-container\">\n\t\t\t\n\n<div class=\"elementor-text-editor\"><p><strong>Dr. Stephan Kuntner<\/strong><\/p><p>Executive Director<\/p><p><a href=\"s.kuntner@funk-gruppe.de\">s.kuntner@funk-gruppe.de<\/a><\/p><p>+49 40 35914-349 (Tel.)<\/p><p>+49 40 3591473-349 (Fax)<\/p><p>KongShaofan (WeChat ID)<\/p><\/div>\t\t<\/div>\n\t\t\t\t<\/div>\n\t\t\t\t\t<\/div>\n\t\t<\/div>\n\t\t\t\t\t\t\t<\/div>\n\t\t<\/section>\n\t\t\t\t<section class=\"elementor-section elementor-top-section elementor-element elementor-element-56f17d6 is-yes elementor-section-boxed elementor-section-height-default elementor-section-height-default\" data-id=\"56f17d6\" data-element_type=\"section\">\n\t\t\t\t\t\t<div class=\"elementor-container elementor-column-gap-default\">\n\t\t\t\t\t<div class=\"dis-fl col-12 col-8--medium elementor-column elementor-col-66 elementor-top-column elementor-element elementor-element-7a60c18  gut\" data-id=\"7a60c18\" data-element_type=\"column\">\n\t\t\t<div class=\"elementor-widget-wrap elementor-element-populated\">\n\t\t\t\t\t\t\t\t<div class=\"elementor-element elementor-element-74968d8 lh-3 co-black elementor-widget elementor-widget-text-block\" data-id=\"74968d8\" data-element_type=\"widget\" data-widget_type=\"text-block.default\">\n\t\t\t\t<div class=\"elementor-widget-container\">\n\t\t\t\n\n<div class=\"elementor-text-editor\"><\/div>\t\t<\/div>\n\t\t\t\t<\/div>\n\t\t\t\t<div class=\"elementor-element elementor-element-d03218d lh-3 co-black elementor-widget elementor-widget-text-block\" data-id=\"d03218d\" data-element_type=\"widget\" data-widget_type=\"text-block.default\">\n\t\t\t\t<div class=\"elementor-widget-container\">\n\t\t\t\n\n<div class=\"elementor-text-editor\"><p><strong>Duncan Jia<\/strong><\/p><p>General Manager Funk Shanghai<\/p><p><a href=\"mailto:d.jia@funk-group.cn\">d.jia@funk-group.cn<\/a><\/p><p>+86 21 8011 8291 (Tel.)<\/p><p>+86 21 8011 8292 (Fax)<\/p><p>taurusnju (WeChat ID)<\/p><\/div>\t\t<\/div>\n\t\t\t\t<\/div>\n\t\t\t\t\t<\/div>\n\t\t<\/div>\n\t\t\t\t<div class=\"dis-fl col-12 col-4--medium elementor-column elementor-col-33 elementor-top-column elementor-element elementor-element-c96223c  gut\" data-id=\"c96223c\" data-element_type=\"column\">\n\t\t\t<div class=\"elementor-widget-wrap\">\n\t\t\t\t\t\t\t\t\t<\/div>\n\t\t<\/div>\n\t\t\t\t\t\t\t<\/div>\n\t\t<\/section>\n\t\t\t\t<section class=\"elementor-section elementor-top-section elementor-element elementor-element-fcb062b is-yes elementor-section-boxed elementor-section-height-default elementor-section-height-default\" data-id=\"fcb062b\" data-element_type=\"section\">\n\t\t\t\t\t\t<div class=\"elementor-container elementor-column-gap-default\">\n\t\t\t\t\t<div class=\"dis-fl col-12 col-12--medium elementor-column elementor-col-100 elementor-top-column elementor-element elementor-element-41f59fa  gut\" data-id=\"41f59fa\" data-element_type=\"column\">\n\t\t\t<div class=\"elementor-widget-wrap elementor-element-populated\">\n\t\t\t\t\t\t\t\t<div class=\"elementor-element elementor-element-1c928f4 lh-3 co-black elementor-widget elementor-widget-text-block\" data-id=\"1c928f4\" data-element_type=\"widget\" data-widget_type=\"text-block.default\">\n\t\t\t\t<div class=\"elementor-widget-container\">\n\t\t\t\n\n<div class=\"elementor-text-editor\"><p>\u00a0<\/p><p>\u00a0<\/p><p><em>Beratung auf Chinesisch m\u00f6glich!<\/em><\/p><p>\u00a0<\/p><p>\u00a0<\/p><\/div>\t\t<\/div>\n\t\t\t\t<\/div>\n\t\t\t\t\t<\/div>\n\t\t<\/div>\n\t\t\t\t\t\t\t<\/div>\n\t\t<\/section>\n\t\t\t\t<section class=\"elementor-section elementor-top-section elementor-element elementor-element-fde28ff is-yes elementor-section-boxed elementor-section-height-default elementor-section-height-default\" data-id=\"fde28ff\" data-element_type=\"section\">\n\t\t\t\t\t\t<div class=\"elementor-container elementor-column-gap-default\">\n\t\t\t\t\t<div class=\"dis-fl col-12 col-12--medium elementor-column elementor-col-100 elementor-top-column elementor-element elementor-element-00f6c2b  gut\" data-id=\"00f6c2b\" data-element_type=\"column\">\n\t\t\t<div class=\"elementor-widget-wrap elementor-element-populated\">\n\t\t\t\t\t\t\t\t<div class=\"elementor-element elementor-element-49e18d6 pad-b-1 elementor-widget elementor-widget-header\" data-id=\"49e18d6\" data-element_type=\"widget\" data-widget_type=\"header.default\">\n\t\t\t\t<div class=\"elementor-widget-container\">\n\t\t\t<h2 class=\"heading\">\n      <span class=\"heading__meta dis-bl co-red\">Standorte<\/span>\n    <span class=\"fontw-l  lh-3 size-4\">Deutschland<\/span>\n  <\/h2>\t\t<\/div>\n\t\t\t\t<\/div>\n\t\t\t\t\t<\/div>\n\t\t<\/div>\n\t\t\t\t\t\t\t<\/div>\n\t\t<\/section>\n\t\t\t\t<section class=\"elementor-section elementor-top-section elementor-element elementor-element-c8d5150 is-yes elementor-section-boxed elementor-section-height-default elementor-section-height-default\" data-id=\"c8d5150\" data-element_type=\"section\">\n\t\t\t\t\t\t<div class=\"elementor-container elementor-column-gap-default\">\n\t\t\t\t\t<div class=\"dis-fl col-12 col-12--medium elementor-column elementor-col-100 elementor-top-column elementor-element elementor-element-85554a0  gut\" data-id=\"85554a0\" data-element_type=\"column\">\n\t\t\t<div class=\"elementor-widget-wrap elementor-element-populated\">\n\t\t\t\t\t\t\t\t<div class=\"elementor-element elementor-element-1a9106a lh-3 co-black elementor-widget elementor-widget-text-block\" data-id=\"1a9106a\" data-element_type=\"widget\" data-widget_type=\"text-block.default\">\n\t\t\t\t<div class=\"elementor-widget-container\">\n\t\t\t\n\n<div class=\"elementor-text-editor\"><p>Hamburg, Berlin, D\u00fcsseldorf, Frankfurt, K\u00f6ln, M\u00fcnchen, Stuttgart, Shanghai.<\/p><p>36 Standorte Weltweit<\/p><\/div>\t\t<\/div>\n\t\t\t\t<\/div>\n\t\t\t\t\t<\/div>\n\t\t<\/div>\n\t\t\t\t\t\t\t<\/div>\n\t\t<\/section>\n\t\t\t\t<section class=\"elementor-section elementor-top-section elementor-element elementor-element-e2a391b is-yes elementor-section-boxed elementor-section-height-default elementor-section-height-default\" data-id=\"e2a391b\" data-element_type=\"section\">\n\t\t\t\t\t\t<div class=\"elementor-container elementor-column-gap-default\">\n\t\t\t\t\t<div class=\"dis-fl col-12 col-12--medium elementor-column elementor-col-100 elementor-top-column elementor-element elementor-element-7b6d50a  gut\" data-id=\"7b6d50a\" data-element_type=\"column\">\n\t\t\t<div class=\"elementor-widget-wrap elementor-element-populated\">\n\t\t\t\t\t\t\t\t<div class=\"elementor-element elementor-element-e675acf elementor-widget elementor-widget-spacer\" data-id=\"e675acf\" data-element_type=\"widget\" data-widget_type=\"spacer.default\">\n\t\t\t\t<div class=\"elementor-widget-container\">\n\t\t\t\t\t<div class=\"elementor-spacer\">\n\t\t\t<div class=\"elementor-spacer-inner\"><\/div>\n\t\t<\/div>\n\t\t\t\t<\/div>\n\t\t\t\t<\/div>\n\t\t\t\t\t<\/div>\n\t\t<\/div>\n\t\t\t\t\t\t\t<\/div>\n\t\t<\/section>\n\t\t\t\t<section class=\"elementor-section elementor-top-section elementor-element elementor-element-b81dd64 is-yes elementor-section-boxed elementor-section-height-default elementor-section-height-default\" data-id=\"b81dd64\" data-element_type=\"section\">\n\t\t\t\t\t\t<div class=\"elementor-container elementor-column-gap-default\">\n\t\t\t\t\t<div class=\"dis-fl col-12 col-12--medium elementor-column elementor-col-100 elementor-top-column elementor-element elementor-element-dd48410  gut\" data-id=\"dd48410\" data-element_type=\"column\">\n\t\t\t<div class=\"elementor-widget-wrap elementor-element-populated\">\n\t\t\t\t\t\t\t\t<div class=\"elementor-element elementor-element-a277298 lh-3 co-black elementor-widget elementor-widget-text-block\" data-id=\"a277298\" data-element_type=\"widget\" data-widget_type=\"text-block.default\">\n\t\t\t\t<div class=\"elementor-widget-container\">\n\t\t\t\n\n<div class=\"elementor-text-editor\"><p><a href=\"https:\/\/chk-de.org\/de\/beraternetzwerk\/\">Mehr Infos zum CHKD Beraternetzwerk<\/a><\/p><\/div>\t\t<\/div>\n\t\t\t\t<\/div>\n\t\t\t\t\t<\/div>\n\t\t<\/div>\n\t\t\t\t\t\t\t<\/div>\n\t\t<\/section>\n\t\t\t\t\t\t<\/div>\n\t\t\t\t\t<\/div>\n\t\t","protected":false},"excerpt":{"rendered":"<p>Funk ist Deutschlands gr\u00f6\u00dfter inhabergef\u00fchrter, unabh\u00e4ngiger, internationaler Versicherungsmakler und Risk Consultant. Seit mehr als 20 Jahren unterst\u00fctzt Funk chinesische Investoren dabei, ihr Investitionskapital bei Investitionen im Ausland abzusichern. Ob M&amp;A-Transaktionen, Greenfield-Investitionen oder Infrastrukturprojekte &#8211; Funk bietet umfassende Beratung zum Versicherungs- und Risikomanagement. Wir begleiten unsere Kunden bei ihren Investitionsvorhaben in Deutschland, der EU und weltweit. [&hellip;]<\/p>\n","protected":false},"author":10,"featured_media":0,"parent":0,"menu_order":0,"comment_status":"closed","ping_status":"closed","template":"","meta":[],"_links":{"self":[{"href":"https:\/\/chk-de.org\/de\/wp-json\/wp\/v2\/pages\/82223"}],"collection":[{"href":"https:\/\/chk-de.org\/de\/wp-json\/wp\/v2\/pages"}],"about":[{"href":"https:\/\/chk-de.org\/de\/wp-json\/wp\/v2\/types\/page"}],"author":[{"embeddable":true,"href":"https:\/\/chk-de.org\/de\/wp-json\/wp\/v2\/users\/10"}],"replies":[{"embeddable":true,"href":"https:\/\/chk-de.org\/de\/wp-json\/wp\/v2\/comments?post=82223"}],"version-history":[{"count":28,"href":"https:\/\/chk-de.org\/de\/wp-json\/wp\/v2\/pages\/82223\/revisions"}],"predecessor-version":[{"id":82971,"href":"https:\/\/chk-de.org\/de\/wp-json\/wp\/v2\/pages\/82223\/revisions\/82971"}],"wp:attachment":[{"href":"https:\/\/chk-de.org\/de\/wp-json\/wp\/v2\/media?parent=82223"}],"curies":[{"name":"wp","href":"https:\/\/api.w.org\/{rel}","templated":true}]}}