{"id":80685,"date":"2022-04-21T11:26:18","date_gmt":"2022-04-21T09:26:18","guid":{"rendered":"https:\/\/chk-de.org\/?page_id=80685"},"modified":"2022-04-21T11:29:57","modified_gmt":"2022-04-21T09:29:57","slug":"ihr-guide-fuer-die-zmart-verpackungslizenzierung","status":"publish","type":"page","link":"https:\/\/chk-de.org\/de\/ihr-guide-fuer-die-zmart-verpackungslizenzierung\/","title":{"rendered":"Ihr Guide f\u00fcr die zmart Verpackungslizenzierung"},"content":{"rendered":"\t\t<div data-elementor-type=\"wp-page\" data-elementor-id=\"80685\" class=\"elementor elementor-80685\" data-elementor-settings=\"[]\">\n\t\t\t\t\t\t\t<div class=\"elementor-section-wrap\">\n\t\t\t\t\t\t\t<section class=\"elementor-section elementor-top-section elementor-element elementor-element-f14ce8b is-yes elementor-section-boxed elementor-section-height-default elementor-section-height-default\" data-id=\"f14ce8b\" data-element_type=\"section\">\n\t\t\t\t\t\t<div class=\"elementor-container elementor-column-gap-default\">\n\t\t\t\t\t<div class=\"dis-fl col-12 col-12--medium elementor-column elementor-col-100 elementor-top-column elementor-element elementor-element-a0de772  gut\" data-id=\"a0de772\" data-element_type=\"column\">\n\t\t\t<div class=\"elementor-widget-wrap elementor-element-populated\">\n\t\t\t\t\t\t\t\t<div class=\"elementor-element elementor-element-9a30799 elementor-widget elementor-widget-image\" data-id=\"9a30799\" data-element_type=\"widget\" data-widget_type=\"image.default\">\n\t\t\t\t<div class=\"elementor-widget-container\">\n\t\t\t\t\t\t\t\t\t\t\t\t\t\t\t<img width=\"1024\" height=\"533\" src=\"https:\/\/chk-de.org\/app\/uploads\/2022\/04\/Website-Banner_DE-1024x533.png\" class=\"attachment-large size-large\" alt=\"\" loading=\"lazy\" srcset=\"https:\/\/chk-de.org\/app\/uploads\/2022\/04\/Website-Banner_DE-1024x533.png 1024w, https:\/\/chk-de.org\/app\/uploads\/2022\/04\/Website-Banner_DE-300x156.png 300w, https:\/\/chk-de.org\/app\/uploads\/2022\/04\/Website-Banner_DE-768x400.png 768w, https:\/\/chk-de.org\/app\/uploads\/2022\/04\/Website-Banner_DE-1536x800.png 1536w, https:\/\/chk-de.org\/app\/uploads\/2022\/04\/Website-Banner_DE.png 1920w\" sizes=\"(max-width: 1024px) 100vw, 1024px\" \/>\t\t\t\t\t\t\t\t\t\t\t\t\t\t\t<\/div>\n\t\t\t\t<\/div>\n\t\t\t\t\t<\/div>\n\t\t<\/div>\n\t\t\t\t\t\t\t<\/div>\n\t\t<\/section>\n\t\t\t\t<section class=\"elementor-section elementor-top-section elementor-element elementor-element-94206ef is-yes elementor-section-boxed elementor-section-height-default elementor-section-height-default\" data-id=\"94206ef\" data-element_type=\"section\">\n\t\t\t\t\t\t<div class=\"elementor-container elementor-column-gap-default\">\n\t\t\t\t\t<div class=\"dis-fl col-12 col-12--medium elementor-column elementor-col-100 elementor-top-column elementor-element elementor-element-1baa5a6  gut\" data-id=\"1baa5a6\" data-element_type=\"column\">\n\t\t\t<div class=\"elementor-widget-wrap elementor-element-populated\">\n\t\t\t\t\t\t\t\t<div class=\"elementor-element elementor-element-b16de87 elementor-widget elementor-widget-spacer\" data-id=\"b16de87\" data-element_type=\"widget\" data-widget_type=\"spacer.default\">\n\t\t\t\t<div class=\"elementor-widget-container\">\n\t\t\t\t\t<div class=\"elementor-spacer\">\n\t\t\t<div class=\"elementor-spacer-inner\"><\/div>\n\t\t<\/div>\n\t\t\t\t<\/div>\n\t\t\t\t<\/div>\n\t\t\t\t\t<\/div>\n\t\t<\/div>\n\t\t\t\t\t\t\t<\/div>\n\t\t<\/section>\n\t\t\t\t<section class=\"elementor-section elementor-top-section elementor-element elementor-element-a307d86 is-yes elementor-section-boxed elementor-section-height-default elementor-section-height-default\" data-id=\"a307d86\" data-element_type=\"section\">\n\t\t\t\t\t\t<div class=\"elementor-container elementor-column-gap-default\">\n\t\t\t\t\t<div class=\"dis-fl col-12 col-12--medium elementor-column elementor-col-100 elementor-top-column elementor-element elementor-element-2fcc4b9  gut\" data-id=\"2fcc4b9\" data-element_type=\"column\">\n\t\t\t<div class=\"elementor-widget-wrap elementor-element-populated\">\n\t\t\t\t\t\t\t\t<div class=\"elementor-element elementor-element-33bd0d7 lh-3 co-black elementor-widget elementor-widget-text-block\" data-id=\"33bd0d7\" data-element_type=\"widget\" data-widget_type=\"text-block.default\">\n\t\t\t\t<div class=\"elementor-widget-container\">\n\t\t\t\n\n<div class=\"elementor-text-editor\"><p><em>Bei Zmart<\/em> sind wir Ihr Ansprechpartner f\u00fcr die digitale und schnelle Lizenzierung von Verkaufsverpackungen. Ziel von zmart ist es, das komplexe Thema der R\u00fccknahme- und Entsorgungspflichten nach Verpackungsgesetz einfach und verst\u00e4ndlich zu machen. Sie k\u00f6nnen sich um Ihr Kerngesch\u00e4ft k\u00fcmmern, w\u00e4hrend wir die von Ihnen in Verkehr gebrachten Verkaufsverpackungen entsorgen und dem Recycling zuf\u00fchren.<\/p><p>\u00a0<\/p><p>Aus der Zusammenarbeit mit unseren chinesischen Kunden, wie z.B. Amazon-Verk\u00e4ufer, haben wir hier f\u00fcr Sie ein paar der h\u00e4ufigsten Fragen gesammelt und f\u00fcr Sie zu einem praktischen Guide zusammengestellt:<\/p><p>\u00a0<\/p><\/div>\t\t<\/div>\n\t\t\t\t<\/div>\n\t\t\t\t\t<\/div>\n\t\t<\/div>\n\t\t\t\t\t\t\t<\/div>\n\t\t<\/section>\n\t\t\t\t<section class=\"elementor-section elementor-top-section elementor-element elementor-element-cf46c3a is-yes elementor-section-boxed elementor-section-height-default elementor-section-height-default\" data-id=\"cf46c3a\" data-element_type=\"section\">\n\t\t\t\t\t\t<div class=\"elementor-container elementor-column-gap-default\">\n\t\t\t\t\t<div class=\"dis-fl col-12 col-12--medium elementor-column elementor-col-100 elementor-top-column elementor-element elementor-element-93c91ed  gut\" data-id=\"93c91ed\" data-element_type=\"column\">\n\t\t\t<div class=\"elementor-widget-wrap elementor-element-populated\">\n\t\t\t\t\t\t\t\t<div class=\"elementor-element elementor-element-c0cbf33 pad-b-1 elementor-widget elementor-widget-header\" data-id=\"c0cbf33\" data-element_type=\"widget\" data-widget_type=\"header.default\">\n\t\t\t\t<div class=\"elementor-widget-container\">\n\t\t\t<h2 class=\"heading\">\n    <span class=\"fontw-l has-divider lh-3 size-5\">Ihr Guide f\u00fcr die zmart Verpackungslizenzierung<\/span>\n  <div class=\"heading__divider pad-t-2\" aria-hidden><svg width=\"90\" height=\"2\" viewBox=\"0 0 90 2\" xmlns=\"http:\/\/www.w3.org\/2000\/svg\"><line x1=\"0\" y1=\"1\" x2=\"90\" y2=\"1\" stroke-width=\"2\" \/><\/svg><\/div><\/h2>\t\t<\/div>\n\t\t\t\t<\/div>\n\t\t\t\t\t<\/div>\n\t\t<\/div>\n\t\t\t\t\t\t\t<\/div>\n\t\t<\/section>\n\t\t\t\t<section class=\"elementor-section elementor-top-section elementor-element elementor-element-57716ff is-yes elementor-section-boxed elementor-section-height-default elementor-section-height-default\" data-id=\"57716ff\" data-element_type=\"section\">\n\t\t\t\t\t\t<div class=\"elementor-container elementor-column-gap-default\">\n\t\t\t\t\t<div class=\"dis-fl col-12 col-12--medium elementor-column elementor-col-100 elementor-top-column elementor-element elementor-element-3187ada  gut\" data-id=\"3187ada\" data-element_type=\"column\">\n\t\t\t<div class=\"elementor-widget-wrap elementor-element-populated\">\n\t\t\t\t\t\t\t\t<div class=\"elementor-element elementor-element-8a015dd lh-3 co-black elementor-widget elementor-widget-text-block\" data-id=\"8a015dd\" data-element_type=\"widget\" data-widget_type=\"text-block.default\">\n\t\t\t\t<div class=\"elementor-widget-container\">\n\t\t\t\n\n<div class=\"elementor-text-editor\"><p><strong><em>Q1: \u201cSystembeteiligungspflicht: Was m\u00fcssen Erstinverkehrbringer beachten? Hersteller und Vertreiber von Waren in Verkaufsverpackungen sind f\u00fcr die sachgem\u00e4\u00dfe R\u00fccknahme und Entsorgung der anfallenden Verpackungsabf\u00e4lle verantwortlich.\u201dAber wie sollen wir unsere Verpackungen recyceln, wenn wir alle unsere Produkte verkauft haben?<\/em><\/strong><\/p><p>\u00a0<\/p><p>Die Verantwortung f\u00fcr die Entsorgung geben Hersteller und Vertreiber an ein duales System ab, indem sie sich an diesem System beteiligen. Die Systembeteiligungspflicht erf\u00fcllen Sie, indem sie ihre Verpackungen bei einem dualen System lizenzieren lassen.\u00a0 Mit zmart k\u00f6nnen Sie diese ganz einfach online vornehmen und haben so in wenigen Schritten Ihre gesetzlichen Pflichten nach deutschem Verpackungsgesetz erf\u00fcllt.<\/p><p>\u00a0<\/p><p>\u00a0<\/p><p><strong><em>Q2: Was ist das Duale System?<\/em><\/strong><\/p><p>\u00a0<\/p><p>Die dualen Systeme in Deutschland organisieren die bundesweite Sammlung, Sortierung und Verwertung gebrauchter Verkaufsverpackungen f\u00fcr Industrie und Handel. Hierf\u00fcr melden Industrie und Handel jeweils ihre in Verkehr gebrachten Verkaufsverpackungsmengen nach Materialart und bezahlen f\u00fcr die zu erbringenden Dienstleistungen entsprechende Beteiligungsentgelte (auch Lizenzentgelte genannt) an das duale System, mit dem sie zusammenarbeiten. Grundlage f\u00fcr die Arbeit der dualen Systeme ist das geltende Verpackungsgesetz.<\/p><p>\u00a0<\/p><p>\u00a0<\/p><p><strong><em>Q3: Welche Verpackungen m\u00fcssen lizenziert werden?<\/em><\/strong><\/p><p>\u00a0<\/p><p>Es sind alle Verpackungen zu lizenzieren, die typischerweise bei privaten Endverbraucherinnen und Endverbrauchern oder gleichgestellten Anfallstellen als Abfall anfallen. Dazu geh\u00f6rt neben der Produktverpackung auch das Versandmaterial. Typische Verkaufsverpackungen, die lizenziert werden m\u00fcssen, sind beispielsweise Versandverpackungen, Joghurtbecher, Getr\u00e4nkekartons, Konservendosen und Weinflaschen.<\/p><p>\u00a0<\/p><p>\u00a0<\/p><p><strong><em>Q4: Hersteller und Vertreiber von Verpackungen m\u00fcssen in der Zentralen Stelle f\u00fcr Verpackungswesen\u00a0 registriert sein. M\u00fcssen alle unsere Amazon-Verk\u00e4ufer alle ihre Produkte in der Zentralen Stelle f\u00fcr Verpackungswesen registrieren? Oder gilt das nur f\u00fcr bestimmte Produkte?<\/em><\/strong><\/p><p>\u00a0<\/p><p>Alle Hersteller*innen nach Definition des Verpackungsgesetzes, die Verpackungen in Verkehr bringen, m\u00fcssen sich ab dem 1. Juli 2022 im \u00f6ffentlichen Register LUCID der Zentralen Stelle Verpackungsregister registrieren. Mit der Novelle betrifft diese Pflicht auch Erstinverkehrbringer*innen nicht systembeteiligungspflichtiger Verpackungen, wie Transportverpackungen, Verpackungen schadstoffhaltiger G\u00fcter und Einwegpfandverpackungen. Von der erweiterten Registrierungspflicht sind au\u00dferdem die Serviceverpackungen betroffen, sodass auch deren Letztinverkehrbringer*innen sich bei der Zentralen Stelle in LUCID registrieren m\u00fcssen. Wenn bereits Erstinverkehrbringer*innen (Hersteller*innen oder H\u00e4ndler*innen) die Lizenzierung der Serviceverpackungen \u00fcbernommen haben, m\u00fcssen diese von Letztinverkehrbringer*innen nicht mehr lizenziert werden. In jedem Fall sind Letztinverkehrbringer*innen jedoch trotzdem dazu verpflichtet, sich im Verpackungsregister LUCID zu registrieren.<\/p><p>\u00a0<\/p><p>\u00a0<\/p><p><strong><em>Q5: \u201cEr ist dazu verpflichtet, nach der Verpackungslizenzierung eine sogenannte Datenmeldung bei der ZSVR vorzunehmen.\u201d Was f\u00fcr eine Datenmeldung?<\/em><\/strong><\/p><p>\u00a0<\/p><p>Dazu geh\u00f6ren die Materialart und Masse der Verpackungen inklusive des Zeitraums, f\u00fcr welchen er die Verpackungslizenzierung vorgenommen hat. Auch das duale System, bei dem er sich beteiligt hat, muss er angegeben. S\u00e4mtliche Datenmeldungen m\u00fcssen vom Hersteller selbst vorgenommen werden,. Alternativ k\u00f6nnen ausl\u00e4ndische Unternehmen ohne eine eigene Niederlassung in Deutschland zur Datenmeldung einen Bevollm\u00e4chtigten beauftragen. Die Datenmeldung erfolgt \u00fcber das Onlineportal LUCID. Nach dem Login werden s\u00e4mtliche Meldungen des Herstellers automatisch unter seiner individuellen Registrierungsnummer abgelegt.<\/p><p>\u00a0<\/p><p>\u00a0<\/p><p><strong><em>Q6: Zu dem Punkt: Versand \u00fcber Fulfillmentcenter. Bedeutet dies ein Amazon-Versandzentrum?<\/em><\/strong><\/p><p>\u00a0<\/p><p>Mit der Novelle des Verpackungsgesetzes, die in weiten Teilen zum 3. Juli 2021 in Kraft trat, hat der Gesetzgeber ausdr\u00fccklich die Verantwortung von Vertreibern, zu denen auch Versand- und Onlineh\u00e4ndler geh\u00f6ren k\u00f6nnen, bei der Nutzung von Fulfillment-Dienstleistern hinsichtlich der Versandverpackungen in \u00a7 7 Absatz 7 und \u00a7 3 Absatz 14c VerpackG geregelt:<\/p><p>Hiernach sind Fulfillment-Dienstleister f\u00fcr systembeteiligungspflichtige Versandverpackungen, die sie mit Waren bef\u00fcllen, nicht Hersteller im Sinne des Verpackungsgesetzes. Vielmehr gilt der Vertreiber der Waren, f\u00fcr den der Fulfillment-Dienstleister t\u00e4tig wird, hinsichtlich der Versandverpackungen als Hersteller. Der Vertreiber muss die Registrierung und Systembeteiligung der Versandverpackungen vornehmen. Ab dem 1. Juli 2022 gilt f\u00fcr Fulfillment-Dienstleister eine Pr\u00fcfpflicht. Sie m\u00fcssen \u00fcberpr\u00fcfen, ob die \u00fcber sie agierenden H\u00e4ndler ihrer Systembeteiligungspflicht nachkommen. Der Dienstleister Fulfillment by Amazon (FBA) z\u00e4hlt ebenfalls zu diesen Verpflichteten.<\/p><p>\u00a0<\/p><p>\u00a0<\/p><p><strong><em>Q7: \u201eDieser Entsorgungsprozess wird \u00fcber die Lizenzentgelte finanziert, die die Hersteller \u00fcber die Verpackungslizenzierung an die dualen Systeme leisten.\u201c Das hei\u00dft, Amazon-Verk\u00e4ufer verkaufen Produkte und werden zus\u00e4tzlich mit den deutschen Entsorgungsgeb\u00fchren belastet?<\/em><\/strong><\/p><p>\u00a0<\/p><p>Ja, gem\u00e4\u00df Verpackungsgesetz ist jeder Inverkehrbringer verpflichtet, f\u00fcr seine Verpackungen, welche bei privaten Verbrauchern sowie gleichgestellten Anfallstellen anfallen, auch die Entsorgungskosten zu zahlen.<\/p><p>\u00a0<\/p><p>\u00a0<\/p><p><strong><em>Q8: Ab welchen Mengen muss lizenziert werden?<\/em><\/strong><\/p><p>\u00a0<\/p><p>Es gibt keine Freimenge oder \u00e4hnliches. Egal, wie wenig Verpackungsmaterial Sie in Verkehr bringen, es muss immer lizenziert werden.<\/p><p>\u00a0<\/p><p>\u00a0<\/p><p><em>Q9: Kann ich bei zmart Dokumente auf Chinesisch einreichen? Hat zmart eine chinesische Website?<\/em><\/p><p>\u00a0<\/p><p>Mit unserer chinesischen Website zmart.cn bietet das Duale System Zentek auch den chinesischen Inverkehrbringern eine schnelle und unkomplizierte L\u00f6sung zur Lizenzierung von Verpackungsmengen in Deutschland. Eine Einreichung von Formularen ist nur dann erforderlich, sofern eine VE-Pflicht besteht. Bevorzugt sollte s\u00e4mtlicher Schriftverkehr in englischer Schrift erfolgen.<\/p><\/div>\t\t<\/div>\n\t\t\t\t<\/div>\n\t\t\t\t\t<\/div>\n\t\t<\/div>\n\t\t\t\t\t\t\t<\/div>\n\t\t<\/section>\n\t\t\t\t<section class=\"elementor-section elementor-top-section elementor-element elementor-element-a83e962 is-yes elementor-section-boxed elementor-section-height-default elementor-section-height-default\" data-id=\"a83e962\" data-element_type=\"section\">\n\t\t\t\t\t\t<div class=\"elementor-container elementor-column-gap-default\">\n\t\t\t\t\t<div class=\"dis-fl col-12 col-12--medium elementor-column elementor-col-100 elementor-top-column elementor-element elementor-element-ef22ad9  gut\" data-id=\"ef22ad9\" data-element_type=\"column\">\n\t\t\t<div class=\"elementor-widget-wrap elementor-element-populated\">\n\t\t\t\t\t\t\t\t<div class=\"elementor-element elementor-element-fba2437 elementor-widget elementor-widget-spacer\" data-id=\"fba2437\" data-element_type=\"widget\" data-widget_type=\"spacer.default\">\n\t\t\t\t<div class=\"elementor-widget-container\">\n\t\t\t\t\t<div class=\"elementor-spacer\">\n\t\t\t<div class=\"elementor-spacer-inner\"><\/div>\n\t\t<\/div>\n\t\t\t\t<\/div>\n\t\t\t\t<\/div>\n\t\t\t\t\t<\/div>\n\t\t<\/div>\n\t\t\t\t\t\t\t<\/div>\n\t\t<\/section>\n\t\t\t\t\t\t<\/div>\n\t\t\t\t\t<\/div>\n\t\t","protected":false},"excerpt":{"rendered":"<p>Bei Zmart sind wir Ihr Ansprechpartner f\u00fcr die digitale und schnelle Lizenzierung von Verkaufsverpackungen. Ziel von zmart ist es, das komplexe Thema der R\u00fccknahme- und Entsorgungspflichten nach Verpackungsgesetz einfach und verst\u00e4ndlich zu machen. Sie k\u00f6nnen sich um Ihr Kerngesch\u00e4ft k\u00fcmmern, w\u00e4hrend wir die von Ihnen in Verkehr gebrachten Verkaufsverpackungen entsorgen und dem Recycling zuf\u00fchren. \u00a0 [&hellip;]<\/p>\n","protected":false},"author":3,"featured_media":0,"parent":0,"menu_order":0,"comment_status":"closed","ping_status":"closed","template":"","meta":[],"_links":{"self":[{"href":"https:\/\/chk-de.org\/de\/wp-json\/wp\/v2\/pages\/80685"}],"collection":[{"href":"https:\/\/chk-de.org\/de\/wp-json\/wp\/v2\/pages"}],"about":[{"href":"https:\/\/chk-de.org\/de\/wp-json\/wp\/v2\/types\/page"}],"author":[{"embeddable":true,"href":"https:\/\/chk-de.org\/de\/wp-json\/wp\/v2\/users\/3"}],"replies":[{"embeddable":true,"href":"https:\/\/chk-de.org\/de\/wp-json\/wp\/v2\/comments?post=80685"}],"version-history":[{"count":3,"href":"https:\/\/chk-de.org\/de\/wp-json\/wp\/v2\/pages\/80685\/revisions"}],"predecessor-version":[{"id":80688,"href":"https:\/\/chk-de.org\/de\/wp-json\/wp\/v2\/pages\/80685\/revisions\/80688"}],"wp:attachment":[{"href":"https:\/\/chk-de.org\/de\/wp-json\/wp\/v2\/media?parent=80685"}],"curies":[{"name":"wp","href":"https:\/\/api.w.org\/{rel}","templated":true}]}}