{"id":79991,"date":"2022-03-30T15:59:20","date_gmt":"2022-03-30T13:59:20","guid":{"rendered":"https:\/\/chk-de.org\/?page_id=79991"},"modified":"2022-10-05T13:40:15","modified_gmt":"2022-10-05T11:40:15","slug":"ernstandyounggmbh","status":"publish","type":"page","link":"https:\/\/chk-de.org\/de\/ernstandyounggmbh\/","title":{"rendered":"Ernst &#038; Young GmbH"},"content":{"rendered":"\t\t<div data-elementor-type=\"wp-page\" data-elementor-id=\"79991\" class=\"elementor elementor-79991\" data-elementor-settings=\"[]\">\n\t\t\t\t\t\t\t<div class=\"elementor-section-wrap\">\n\t\t\t\t\t\t\t<section class=\"elementor-section elementor-top-section elementor-element elementor-element-91f30f9 is-yes elementor-section-boxed elementor-section-height-default elementor-section-height-default\" data-id=\"91f30f9\" data-element_type=\"section\">\n\t\t\t\t\t\t<div class=\"elementor-container elementor-column-gap-default\">\n\t\t\t\t\t<div class=\"dis-fl col-12 col-6--medium elementor-column elementor-col-50 elementor-top-column elementor-element elementor-element-5098c8f  gut\" data-id=\"5098c8f\" data-element_type=\"column\">\n\t\t\t<div class=\"elementor-widget-wrap elementor-element-populated\">\n\t\t\t\t\t\t\t\t<div class=\"elementor-element elementor-element-61b6072 elementor-widget elementor-widget-image\" data-id=\"61b6072\" data-element_type=\"widget\" data-widget_type=\"image.default\">\n\t\t\t\t<div class=\"elementor-widget-container\">\n\t\t\t\t\t\t\t\t\t\t\t\t\t\t\t<img width=\"111\" height=\"100\" src=\"https:\/\/chk-de.org\/app\/uploads\/2022\/03\/image002.gif\" class=\"attachment-full size-full\" alt=\"\" loading=\"lazy\" \/>\t\t\t\t\t\t\t\t\t\t\t\t\t\t\t<\/div>\n\t\t\t\t<\/div>\n\t\t\t\t\t<\/div>\n\t\t<\/div>\n\t\t\t\t<div class=\"dis-fl col-12 col-6--medium elementor-column elementor-col-50 elementor-top-column elementor-element elementor-element-a2ae18c  gut\" data-id=\"a2ae18c\" data-element_type=\"column\">\n\t\t\t<div class=\"elementor-widget-wrap\">\n\t\t\t\t\t\t\t\t\t<\/div>\n\t\t<\/div>\n\t\t\t\t\t\t\t<\/div>\n\t\t<\/section>\n\t\t\t\t<section class=\"elementor-section elementor-top-section elementor-element elementor-element-39a6a0c is-yes elementor-section-boxed elementor-section-height-default elementor-section-height-default\" data-id=\"39a6a0c\" data-element_type=\"section\">\n\t\t\t\t\t\t<div class=\"elementor-container elementor-column-gap-default\">\n\t\t\t\t\t<div class=\"dis-fl col-12 col-12--medium elementor-column elementor-col-100 elementor-top-column elementor-element elementor-element-acb93c3  gut\" data-id=\"acb93c3\" data-element_type=\"column\">\n\t\t\t<div class=\"elementor-widget-wrap elementor-element-populated\">\n\t\t\t\t\t\t\t\t<div class=\"elementor-element elementor-element-05d4112 elementor-widget elementor-widget-spacer\" data-id=\"05d4112\" data-element_type=\"widget\" data-widget_type=\"spacer.default\">\n\t\t\t\t<div class=\"elementor-widget-container\">\n\t\t\t\t\t<div class=\"elementor-spacer\">\n\t\t\t<div class=\"elementor-spacer-inner\"><\/div>\n\t\t<\/div>\n\t\t\t\t<\/div>\n\t\t\t\t<\/div>\n\t\t\t\t\t<\/div>\n\t\t<\/div>\n\t\t\t\t\t\t\t<\/div>\n\t\t<\/section>\n\t\t\t\t<section class=\"elementor-section elementor-top-section elementor-element elementor-element-4f269ed is-yes elementor-section-boxed elementor-section-height-default elementor-section-height-default\" data-id=\"4f269ed\" data-element_type=\"section\">\n\t\t\t\t\t\t<div class=\"elementor-container elementor-column-gap-default\">\n\t\t\t\t\t<div class=\"dis-fl col-12 col-12--medium elementor-column elementor-col-100 elementor-top-column elementor-element elementor-element-e233262  gut\" data-id=\"e233262\" data-element_type=\"column\">\n\t\t\t<div class=\"elementor-widget-wrap elementor-element-populated\">\n\t\t\t\t\t\t\t\t<div class=\"elementor-element elementor-element-ba05c02 lh-3 co-black elementor-widget elementor-widget-text-block\" data-id=\"ba05c02\" data-element_type=\"widget\" data-widget_type=\"text-block.default\">\n\t\t\t\t<div class=\"elementor-widget-container\">\n\t\t\t\n\n<div class=\"elementor-text-editor\"><p>EY ist eine der gro\u00dfen deutschen Pr\u00fcfungs- und Beratungsorganisationen. In der Steuerberatung ist EY deutscher Marktf\u00fchrer. EY besch\u00e4ftigt rund 11.500 Mitarbeiter an 20 Standorten und erzielte im Gesch\u00e4ftsjahr 2020\/2021 einen Gesamtumsatz von 2,1 Milliarden Euro. Gemeinsam mit<\/p><p>den rund 312.000 Mitarbeitenden der internationalen EY-Organisation betreut EY Mandanten \u00fcberall auf der Welt.<\/p><p>\u00a0<\/p><p>EY bietet sowohl gro\u00dfen als auch mittelst\u00e4ndischen Unternehmen ein umfangreiches Portfolio von Dienstleistungen an: Wirtschaftspr\u00fcfung, Steuerberatung, Rechtsberatung, Strategy and Transactions, Consulting und Immobilienberatung.<\/p><p>\u00a0<\/p><p>EY China Business Services ist ein erweitertes Netzwerk von erfahrenen Mandarin sprechenden Experten, die in Deutschland, der Schweiz und \u00d6sterreich leben und arbeiten. Sie arbeiten eng mit EY China zusammen, um sicherzustellen, dass die Bed\u00fcrfnisse der chinesischen Kunden mit einem qualitativ hochwertigen Service erf\u00fcllt werden. Unsere EY-Experten haben ein tiefes Verst\u00e4ndnis f\u00fcr die Kultur und die Herausforderungen, denen sich chinesische Investoren in China stellen m\u00fcssen, und sie sind auch mit lokalen europ\u00e4ischen Unternehmen verbunden. Chinesische Investoren profitieren von der fachkundigen Beratung bei ihren Investitionsentscheidungen.<\/p><\/div>\t\t<\/div>\n\t\t\t\t<\/div>\n\t\t\t\t\t<\/div>\n\t\t<\/div>\n\t\t\t\t\t\t\t<\/div>\n\t\t<\/section>\n\t\t\t\t<section class=\"elementor-section elementor-top-section elementor-element elementor-element-112be88 is-yes elementor-section-boxed elementor-section-height-default elementor-section-height-default\" data-id=\"112be88\" data-element_type=\"section\">\n\t\t\t\t\t\t<div class=\"elementor-container elementor-column-gap-default\">\n\t\t\t\t\t<div class=\"dis-fl col-12 col-12--medium elementor-column elementor-col-100 elementor-top-column elementor-element elementor-element-c78eea7  gut\" data-id=\"c78eea7\" data-element_type=\"column\">\n\t\t\t<div class=\"elementor-widget-wrap elementor-element-populated\">\n\t\t\t\t\t\t\t\t<div class=\"elementor-element elementor-element-f35e7a4 elementor-widget elementor-widget-spacer\" data-id=\"f35e7a4\" data-element_type=\"widget\" data-widget_type=\"spacer.default\">\n\t\t\t\t<div class=\"elementor-widget-container\">\n\t\t\t\t\t<div class=\"elementor-spacer\">\n\t\t\t<div class=\"elementor-spacer-inner\"><\/div>\n\t\t<\/div>\n\t\t\t\t<\/div>\n\t\t\t\t<\/div>\n\t\t\t\t\t<\/div>\n\t\t<\/div>\n\t\t\t\t\t\t\t<\/div>\n\t\t<\/section>\n\t\t\t\t<section class=\"elementor-section elementor-top-section elementor-element elementor-element-04d66ad is-yes elementor-section-boxed elementor-section-height-default elementor-section-height-default\" data-id=\"04d66ad\" data-element_type=\"section\">\n\t\t\t\t\t\t<div class=\"elementor-container elementor-column-gap-default\">\n\t\t\t\t\t<div class=\"dis-fl col-12 col-6--medium elementor-column elementor-col-50 elementor-top-column elementor-element elementor-element-b03b924  gut\" data-id=\"b03b924\" data-element_type=\"column\">\n\t\t\t<div class=\"elementor-widget-wrap elementor-element-populated\">\n\t\t\t\t\t\t\t\t<div class=\"elementor-element elementor-element-90f9b79 lh-3 co-black elementor-widget elementor-widget-text-block\" data-id=\"90f9b79\" data-element_type=\"widget\" data-widget_type=\"text-block.default\">\n\t\t\t\t<div class=\"elementor-widget-container\">\n\t\t\t\n\n<div class=\"elementor-text-editor\"><p>\u00a0<\/p><p style=\"text-align: center;\"><span style=\"text-decoration: underline; color: #ffffff;\"><strong>T\u00e4tigkeitsberei<\/strong><\/span><span style=\"text-decoration: underline; color: #ffffff;\"><strong>c<\/strong><\/span><span style=\"text-decoration: underline; color: #ffffff;\"><strong>h<\/strong><\/span><\/p><p style=\"text-align: center;\"><span style=\"color: #ffffff;\">Steuerberatung<\/span><\/p><p style=\"text-align: center;\"><span style=\"color: #ffffff;\">Rechtsberatung<\/span><\/p><p style=\"text-align: center;\"><span style=\"color: #ffffff;\">Wirtschaftspr\u00fcfung<\/span><\/p><p style=\"text-align: center;\"><span style=\"color: #ffffff;\">Unternehmenspr\u00fcfung<\/span><\/p><p style=\"text-align: center;\"><span style=\"color: #ffffff;\">Personalbetreuung<\/span><\/p><p>\u00a0<\/p><\/div>\t\t<\/div>\n\t\t\t\t<\/div>\n\t\t\t\t\t<\/div>\n\t\t<\/div>\n\t\t\t\t<div class=\"dis-fl col-12 col-6--medium elementor-column elementor-col-50 elementor-top-column elementor-element elementor-element-0de6037  gut\" data-id=\"0de6037\" data-element_type=\"column\">\n\t\t\t<div class=\"elementor-widget-wrap\">\n\t\t\t\t\t\t\t\t\t<\/div>\n\t\t<\/div>\n\t\t\t\t\t\t\t<\/div>\n\t\t<\/section>\n\t\t\t\t<section class=\"elementor-section elementor-top-section elementor-element elementor-element-d5049c5 is-yes elementor-section-boxed elementor-section-height-default elementor-section-height-default\" data-id=\"d5049c5\" data-element_type=\"section\">\n\t\t\t\t\t\t<div class=\"elementor-container elementor-column-gap-default\">\n\t\t\t\t\t<div class=\"dis-fl col-12 col-12--medium elementor-column elementor-col-100 elementor-top-column elementor-element elementor-element-f38ac0b  gut\" data-id=\"f38ac0b\" data-element_type=\"column\">\n\t\t\t<div class=\"elementor-widget-wrap elementor-element-populated\">\n\t\t\t\t\t\t\t\t<div class=\"elementor-element elementor-element-2a3b681 elementor-widget elementor-widget-spacer\" data-id=\"2a3b681\" data-element_type=\"widget\" data-widget_type=\"spacer.default\">\n\t\t\t\t<div class=\"elementor-widget-container\">\n\t\t\t\t\t<div class=\"elementor-spacer\">\n\t\t\t<div class=\"elementor-spacer-inner\"><\/div>\n\t\t<\/div>\n\t\t\t\t<\/div>\n\t\t\t\t<\/div>\n\t\t\t\t\t<\/div>\n\t\t<\/div>\n\t\t\t\t\t\t\t<\/div>\n\t\t<\/section>\n\t\t\t\t<section class=\"elementor-section elementor-top-section elementor-element elementor-element-b3f73fd is-yes elementor-section-boxed elementor-section-height-default elementor-section-height-default\" data-id=\"b3f73fd\" data-element_type=\"section\">\n\t\t\t\t\t\t<div class=\"elementor-container elementor-column-gap-default\">\n\t\t\t\t\t<div class=\"dis-fl col-12 col-12--medium elementor-column elementor-col-100 elementor-top-column elementor-element elementor-element-9f84fe3  gut\" data-id=\"9f84fe3\" data-element_type=\"column\">\n\t\t\t<div class=\"elementor-widget-wrap elementor-element-populated\">\n\t\t\t\t\t\t\t\t<div class=\"elementor-element elementor-element-1f1be46 pad-b-1 elementor-widget elementor-widget-header\" data-id=\"1f1be46\" data-element_type=\"widget\" data-widget_type=\"header.default\">\n\t\t\t\t<div class=\"elementor-widget-container\">\n\t\t\t<h2 class=\"heading\">\n    <span class=\"fontw-l has-divider lh-3 size-4\">Kontakt<\/span>\n  <div class=\"heading__divider pad-t-2\" aria-hidden><svg width=\"90\" height=\"2\" viewBox=\"0 0 90 2\" xmlns=\"http:\/\/www.w3.org\/2000\/svg\"><line x1=\"0\" y1=\"1\" x2=\"90\" y2=\"1\" stroke-width=\"2\" \/><\/svg><\/div><\/h2>\t\t<\/div>\n\t\t\t\t<\/div>\n\t\t\t\t\t<\/div>\n\t\t<\/div>\n\t\t\t\t\t\t\t<\/div>\n\t\t<\/section>\n\t\t\t\t<section class=\"elementor-section elementor-top-section elementor-element elementor-element-9356fca is-yes elementor-section-boxed elementor-section-height-default elementor-section-height-default\" data-id=\"9356fca\" data-element_type=\"section\">\n\t\t\t\t\t\t<div class=\"elementor-container elementor-column-gap-default\">\n\t\t\t\t\t<div class=\"dis-fl col-12 col-4--medium elementor-column elementor-col-33 elementor-top-column elementor-element elementor-element-c23e251  gut\" data-id=\"c23e251\" data-element_type=\"column\">\n\t\t\t<div class=\"elementor-widget-wrap elementor-element-populated\">\n\t\t\t\t\t\t\t\t<div class=\"elementor-element elementor-element-35e5b1b pad-t-1 elementor-widget elementor-widget-simple-button\" data-id=\"35e5b1b\" data-element_type=\"widget\" data-widget_type=\"simple-button.default\">\n\t\t\t\t<div class=\"elementor-widget-container\">\n\t\t\t    \n  \n  \n\n\n<a href=\"https:\/\/www.ey.com\/de_de\" class=\"button size-2\">\n  <span>Homepage<\/span>\n<\/a>\t\t<\/div>\n\t\t\t\t<\/div>\n\t\t\t\t\t<\/div>\n\t\t<\/div>\n\t\t\t\t<div class=\"dis-fl col-12 col-4--medium elementor-column elementor-col-33 elementor-top-column elementor-element elementor-element-8ac423b  gut\" data-id=\"8ac423b\" data-element_type=\"column\">\n\t\t\t<div class=\"elementor-widget-wrap\">\n\t\t\t\t\t\t\t\t\t<\/div>\n\t\t<\/div>\n\t\t\t\t<div class=\"dis-fl col-12 col-4--medium elementor-column elementor-col-33 elementor-top-column elementor-element elementor-element-a957e5c  gut\" data-id=\"a957e5c\" data-element_type=\"column\">\n\t\t\t<div class=\"elementor-widget-wrap\">\n\t\t\t\t\t\t\t\t\t<\/div>\n\t\t<\/div>\n\t\t\t\t\t\t\t<\/div>\n\t\t<\/section>\n\t\t\t\t<section class=\"elementor-section elementor-top-section elementor-element elementor-element-f9fb759 is-yes elementor-section-boxed elementor-section-height-default elementor-section-height-default\" data-id=\"f9fb759\" data-element_type=\"section\">\n\t\t\t\t\t\t<div class=\"elementor-container elementor-column-gap-default\">\n\t\t\t\t\t<div class=\"dis-fl col-12 col-12--medium elementor-column elementor-col-100 elementor-top-column elementor-element elementor-element-72359a7  gut\" data-id=\"72359a7\" data-element_type=\"column\">\n\t\t\t<div class=\"elementor-widget-wrap elementor-element-populated\">\n\t\t\t\t\t\t\t\t<div class=\"elementor-element elementor-element-0481231 elementor-widget elementor-widget-spacer\" data-id=\"0481231\" data-element_type=\"widget\" data-widget_type=\"spacer.default\">\n\t\t\t\t<div class=\"elementor-widget-container\">\n\t\t\t\t\t<div class=\"elementor-spacer\">\n\t\t\t<div class=\"elementor-spacer-inner\"><\/div>\n\t\t<\/div>\n\t\t\t\t<\/div>\n\t\t\t\t<\/div>\n\t\t\t\t\t<\/div>\n\t\t<\/div>\n\t\t\t\t\t\t\t<\/div>\n\t\t<\/section>\n\t\t\t\t<section class=\"elementor-section elementor-top-section elementor-element elementor-element-f677d65 is-yes elementor-section-boxed elementor-section-height-default elementor-section-height-default\" data-id=\"f677d65\" data-element_type=\"section\">\n\t\t\t\t\t\t<div class=\"elementor-container elementor-column-gap-default\">\n\t\t\t\t\t<div class=\"dis-fl col-12 col-12--medium elementor-column elementor-col-100 elementor-top-column elementor-element elementor-element-1819e05  gut\" data-id=\"1819e05\" data-element_type=\"column\">\n\t\t\t<div class=\"elementor-widget-wrap elementor-element-populated\">\n\t\t\t\t\t\t\t\t<div class=\"elementor-element elementor-element-68e7e14 pad-b-1 elementor-widget elementor-widget-header\" data-id=\"68e7e14\" data-element_type=\"widget\" data-widget_type=\"header.default\">\n\t\t\t\t<div class=\"elementor-widget-container\">\n\t\t\t<h2 class=\"heading\">\n      <span class=\"heading__meta dis-bl co-red\">Ansprechpartner<\/span>\n    <span class=\"fontw-l  lh-3 size-4\">Ernst & Young GmbH <\/span>\n  <\/h2>\t\t<\/div>\n\t\t\t\t<\/div>\n\t\t\t\t\t<\/div>\n\t\t<\/div>\n\t\t\t\t\t\t\t<\/div>\n\t\t<\/section>\n\t\t\t\t<section class=\"elementor-section elementor-top-section elementor-element elementor-element-68ec955 is-yes elementor-section-boxed elementor-section-height-default elementor-section-height-default\" data-id=\"68ec955\" data-element_type=\"section\">\n\t\t\t\t\t\t<div class=\"elementor-container elementor-column-gap-default\">\n\t\t\t\t\t<div class=\"dis-fl col-12 col-8--medium elementor-column elementor-col-66 elementor-top-column elementor-element elementor-element-637917a  gut\" data-id=\"637917a\" data-element_type=\"column\">\n\t\t\t<div class=\"elementor-widget-wrap elementor-element-populated\">\n\t\t\t\t\t\t\t\t<div class=\"elementor-element elementor-element-6886a54 lh-3 co-black elementor-widget elementor-widget-text-block\" data-id=\"6886a54\" data-element_type=\"widget\" data-widget_type=\"text-block.default\">\n\t\t\t\t<div class=\"elementor-widget-container\">\n\t\t\t\n\n<div class=\"elementor-text-editor\"><p><strong>SUN Yi<\/strong><br \/>Partner; Leader China Business Services Europe West<\/p><p><a href=\"mailto:yi.sun@de.ey.com\">yi.sun@de.ey.com<\/a><br \/>0211 9352 20153 (Tel.)<br \/>06196 8024 20153 (Fax)<\/p><\/div>\t\t<\/div>\n\t\t\t\t<\/div>\n\t\t\t\t\t<\/div>\n\t\t<\/div>\n\t\t\t\t<div class=\"dis-fl col-12 col-4--medium elementor-column elementor-col-33 elementor-top-column elementor-element elementor-element-a9dbe34  gut\" data-id=\"a9dbe34\" data-element_type=\"column\">\n\t\t\t<div class=\"elementor-widget-wrap\">\n\t\t\t\t\t\t\t\t\t<\/div>\n\t\t<\/div>\n\t\t\t\t\t\t\t<\/div>\n\t\t<\/section>\n\t\t\t\t<section class=\"elementor-section elementor-top-section elementor-element elementor-element-1f604fb is-yes elementor-section-boxed elementor-section-height-default elementor-section-height-default\" data-id=\"1f604fb\" data-element_type=\"section\">\n\t\t\t\t\t\t<div class=\"elementor-container elementor-column-gap-default\">\n\t\t\t\t\t<div class=\"dis-fl col-12 col-12--medium elementor-column elementor-col-100 elementor-top-column elementor-element elementor-element-728b060  gut\" data-id=\"728b060\" data-element_type=\"column\">\n\t\t\t<div class=\"elementor-widget-wrap elementor-element-populated\">\n\t\t\t\t\t\t\t\t<div class=\"elementor-element elementor-element-5238367 elementor-widget-divider--view-line elementor-widget elementor-widget-divider\" data-id=\"5238367\" data-element_type=\"widget\" data-widget_type=\"divider.default\">\n\t\t\t\t<div class=\"elementor-widget-container\">\n\t\t\t\t\t<div class=\"elementor-divider\">\n\t\t\t<span class=\"elementor-divider-separator\">\n\t\t\t\t\t\t<\/span>\n\t\t<\/div>\n\t\t\t\t<\/div>\n\t\t\t\t<\/div>\n\t\t\t\t\t<\/div>\n\t\t<\/div>\n\t\t\t\t\t\t\t<\/div>\n\t\t<\/section>\n\t\t\t\t<section class=\"elementor-section elementor-top-section elementor-element elementor-element-3b0143e is-yes elementor-section-boxed elementor-section-height-default elementor-section-height-default\" data-id=\"3b0143e\" data-element_type=\"section\">\n\t\t\t\t\t\t<div class=\"elementor-container elementor-column-gap-default\">\n\t\t\t\t\t<div class=\"dis-fl col-12 col-12--medium elementor-column elementor-col-100 elementor-top-column elementor-element elementor-element-7cfb3b4  gut\" data-id=\"7cfb3b4\" data-element_type=\"column\">\n\t\t\t<div class=\"elementor-widget-wrap elementor-element-populated\">\n\t\t\t\t\t\t\t\t<div class=\"elementor-element elementor-element-fd140e2 elementor-widget elementor-widget-spacer\" data-id=\"fd140e2\" data-element_type=\"widget\" data-widget_type=\"spacer.default\">\n\t\t\t\t<div class=\"elementor-widget-container\">\n\t\t\t\t\t<div class=\"elementor-spacer\">\n\t\t\t<div class=\"elementor-spacer-inner\"><\/div>\n\t\t<\/div>\n\t\t\t\t<\/div>\n\t\t\t\t<\/div>\n\t\t\t\t\t<\/div>\n\t\t<\/div>\n\t\t\t\t\t\t\t<\/div>\n\t\t<\/section>\n\t\t\t\t<section class=\"elementor-section elementor-top-section elementor-element elementor-element-cb19c80 is-yes elementor-section-boxed elementor-section-height-default elementor-section-height-default\" data-id=\"cb19c80\" data-element_type=\"section\">\n\t\t\t\t\t\t<div class=\"elementor-container elementor-column-gap-default\">\n\t\t\t\t\t<div class=\"dis-fl col-12 col-12--medium elementor-column elementor-col-100 elementor-top-column elementor-element elementor-element-f16e98a  gut\" data-id=\"f16e98a\" data-element_type=\"column\">\n\t\t\t<div class=\"elementor-widget-wrap elementor-element-populated\">\n\t\t\t\t\t\t\t\t<div class=\"elementor-element elementor-element-dccf6bc lh-3 co-black elementor-widget elementor-widget-text-block\" data-id=\"dccf6bc\" data-element_type=\"widget\" data-widget_type=\"text-block.default\">\n\t\t\t\t<div class=\"elementor-widget-container\">\n\t\t\t\n\n<div class=\"elementor-text-editor\"><p>\u00a0<\/p><p><em>Beratung auf Chinesisch m\u00f6glich!<\/em><\/p><\/div>\t\t<\/div>\n\t\t\t\t<\/div>\n\t\t\t\t\t<\/div>\n\t\t<\/div>\n\t\t\t\t\t\t\t<\/div>\n\t\t<\/section>\n\t\t\t\t<section class=\"elementor-section elementor-top-section elementor-element elementor-element-e4ef0f9 is-yes elementor-section-boxed elementor-section-height-default elementor-section-height-default\" data-id=\"e4ef0f9\" data-element_type=\"section\">\n\t\t\t\t\t\t<div class=\"elementor-container elementor-column-gap-default\">\n\t\t\t\t\t<div class=\"dis-fl col-12 col-12--medium elementor-column elementor-col-100 elementor-top-column elementor-element elementor-element-198b084  gut\" data-id=\"198b084\" data-element_type=\"column\">\n\t\t\t<div class=\"elementor-widget-wrap elementor-element-populated\">\n\t\t\t\t\t\t\t\t<div class=\"elementor-element elementor-element-6c2a9b2 elementor-widget elementor-widget-spacer\" data-id=\"6c2a9b2\" data-element_type=\"widget\" data-widget_type=\"spacer.default\">\n\t\t\t\t<div class=\"elementor-widget-container\">\n\t\t\t\t\t<div class=\"elementor-spacer\">\n\t\t\t<div class=\"elementor-spacer-inner\"><\/div>\n\t\t<\/div>\n\t\t\t\t<\/div>\n\t\t\t\t<\/div>\n\t\t\t\t\t<\/div>\n\t\t<\/div>\n\t\t\t\t\t\t\t<\/div>\n\t\t<\/section>\n\t\t\t\t<section class=\"elementor-section elementor-top-section elementor-element elementor-element-6972023 is-yes elementor-section-boxed elementor-section-height-default elementor-section-height-default\" data-id=\"6972023\" data-element_type=\"section\">\n\t\t\t\t\t\t<div class=\"elementor-container elementor-column-gap-default\">\n\t\t\t\t\t<div class=\"dis-fl col-12 col-12--medium elementor-column elementor-col-100 elementor-top-column elementor-element elementor-element-bf72f97  gut\" data-id=\"bf72f97\" data-element_type=\"column\">\n\t\t\t<div class=\"elementor-widget-wrap elementor-element-populated\">\n\t\t\t\t\t\t\t\t<div class=\"elementor-element elementor-element-99f35e9 pad-b-1 elementor-widget elementor-widget-header\" data-id=\"99f35e9\" data-element_type=\"widget\" data-widget_type=\"header.default\">\n\t\t\t\t<div class=\"elementor-widget-container\">\n\t\t\t<h2 class=\"heading\">\n      <span class=\"heading__meta dis-bl co-red\">Standorte<\/span>\n    <span class=\"fontw-l  lh-3 size-4\">Deutschland<\/span>\n  <\/h2>\t\t<\/div>\n\t\t\t\t<\/div>\n\t\t\t\t\t<\/div>\n\t\t<\/div>\n\t\t\t\t\t\t\t<\/div>\n\t\t<\/section>\n\t\t\t\t<section class=\"elementor-section elementor-top-section elementor-element elementor-element-3933d03 is-yes elementor-section-boxed elementor-section-height-default elementor-section-height-default\" data-id=\"3933d03\" data-element_type=\"section\">\n\t\t\t\t\t\t<div class=\"elementor-container elementor-column-gap-default\">\n\t\t\t\t\t<div class=\"dis-fl col-12 col-12--medium elementor-column elementor-col-100 elementor-top-column elementor-element elementor-element-3786fd2  gut\" data-id=\"3786fd2\" data-element_type=\"column\">\n\t\t\t<div class=\"elementor-widget-wrap elementor-element-populated\">\n\t\t\t\t\t\t\t\t<div class=\"elementor-element elementor-element-85bf631 lh-3 co-black elementor-widget elementor-widget-text-block\" data-id=\"85bf631\" data-element_type=\"widget\" data-widget_type=\"text-block.default\">\n\t\t\t\t<div class=\"elementor-widget-container\">\n\t\t\t\n\n<div class=\"elementor-text-editor\"><p>D\u00fcsseldorf<\/p><\/div>\t\t<\/div>\n\t\t\t\t<\/div>\n\t\t\t\t\t<\/div>\n\t\t<\/div>\n\t\t\t\t\t\t\t<\/div>\n\t\t<\/section>\n\t\t\t\t<section class=\"elementor-section elementor-top-section elementor-element elementor-element-443cf6c is-yes elementor-section-boxed elementor-section-height-default elementor-section-height-default\" data-id=\"443cf6c\" data-element_type=\"section\">\n\t\t\t\t\t\t<div class=\"elementor-container elementor-column-gap-default\">\n\t\t\t\t\t<div class=\"dis-fl col-12 col-12--medium elementor-column elementor-col-100 elementor-top-column elementor-element elementor-element-fab5e3d  gut\" data-id=\"fab5e3d\" data-element_type=\"column\">\n\t\t\t<div class=\"elementor-widget-wrap elementor-element-populated\">\n\t\t\t\t\t\t\t\t<div class=\"elementor-element elementor-element-be75120 elementor-widget elementor-widget-spacer\" data-id=\"be75120\" data-element_type=\"widget\" data-widget_type=\"spacer.default\">\n\t\t\t\t<div class=\"elementor-widget-container\">\n\t\t\t\t\t<div class=\"elementor-spacer\">\n\t\t\t<div class=\"elementor-spacer-inner\"><\/div>\n\t\t<\/div>\n\t\t\t\t<\/div>\n\t\t\t\t<\/div>\n\t\t\t\t\t<\/div>\n\t\t<\/div>\n\t\t\t\t\t\t\t<\/div>\n\t\t<\/section>\n\t\t\t\t<section class=\"elementor-section elementor-top-section elementor-element elementor-element-493be41 is-yes elementor-section-boxed elementor-section-height-default elementor-section-height-default\" data-id=\"493be41\" data-element_type=\"section\">\n\t\t\t\t\t\t<div class=\"elementor-container elementor-column-gap-default\">\n\t\t\t\t\t<div class=\"dis-fl col-12 col-12--medium elementor-column elementor-col-100 elementor-top-column elementor-element elementor-element-7226350  gut\" data-id=\"7226350\" data-element_type=\"column\">\n\t\t\t<div class=\"elementor-widget-wrap elementor-element-populated\">\n\t\t\t\t\t\t\t\t<div class=\"elementor-element elementor-element-d7a925d lh-3 co-black elementor-widget elementor-widget-text-block\" data-id=\"d7a925d\" data-element_type=\"widget\" data-widget_type=\"text-block.default\">\n\t\t\t\t<div class=\"elementor-widget-container\">\n\t\t\t\n\n<div class=\"elementor-text-editor\"><p><a href=\"https:\/\/chk-de.org\/de\/beraternetzwerk\/\">Mehr Infos zum CHKD Beraternetzwerk<\/a><\/p><\/div>\t\t<\/div>\n\t\t\t\t<\/div>\n\t\t\t\t\t<\/div>\n\t\t<\/div>\n\t\t\t\t\t\t\t<\/div>\n\t\t<\/section>\n\t\t\t\t\t\t<\/div>\n\t\t\t\t\t<\/div>\n\t\t","protected":false},"excerpt":{"rendered":"<p>EY ist eine der gro\u00dfen deutschen Pr\u00fcfungs- und Beratungsorganisationen. In der Steuerberatung ist EY deutscher Marktf\u00fchrer. EY besch\u00e4ftigt rund 11.500 Mitarbeiter an 20 Standorten und erzielte im Gesch\u00e4ftsjahr 2020\/2021 einen Gesamtumsatz von 2,1 Milliarden Euro. Gemeinsam mit den rund 312.000 Mitarbeitenden der internationalen EY-Organisation betreut EY Mandanten \u00fcberall auf der Welt. \u00a0 EY bietet sowohl [&hellip;]<\/p>\n","protected":false},"author":3,"featured_media":0,"parent":0,"menu_order":0,"comment_status":"closed","ping_status":"closed","template":"","meta":[],"_links":{"self":[{"href":"https:\/\/chk-de.org\/de\/wp-json\/wp\/v2\/pages\/79991"}],"collection":[{"href":"https:\/\/chk-de.org\/de\/wp-json\/wp\/v2\/pages"}],"about":[{"href":"https:\/\/chk-de.org\/de\/wp-json\/wp\/v2\/types\/page"}],"author":[{"embeddable":true,"href":"https:\/\/chk-de.org\/de\/wp-json\/wp\/v2\/users\/3"}],"replies":[{"embeddable":true,"href":"https:\/\/chk-de.org\/de\/wp-json\/wp\/v2\/comments?post=79991"}],"version-history":[{"count":23,"href":"https:\/\/chk-de.org\/de\/wp-json\/wp\/v2\/pages\/79991\/revisions"}],"predecessor-version":[{"id":82959,"href":"https:\/\/chk-de.org\/de\/wp-json\/wp\/v2\/pages\/79991\/revisions\/82959"}],"wp:attachment":[{"href":"https:\/\/chk-de.org\/de\/wp-json\/wp\/v2\/media?parent=79991"}],"curies":[{"name":"wp","href":"https:\/\/api.w.org\/{rel}","templated":true}]}}