{"id":79238,"date":"2022-03-16T15:15:35","date_gmt":"2022-03-16T14:15:35","guid":{"rendered":"https:\/\/chk-de.org\/?page_id=79238"},"modified":"2025-06-04T10:17:45","modified_gmt":"2025-06-04T08:17:45","slug":"storymaker","status":"publish","type":"page","link":"https:\/\/chk-de.org\/de\/storymaker\/","title":{"rendered":"Storymaker GmbH"},"content":{"rendered":"\t\t<div data-elementor-type=\"wp-page\" data-elementor-id=\"79238\" class=\"elementor elementor-79238\" data-elementor-settings=\"[]\">\n\t\t\t\t\t\t\t<div class=\"elementor-section-wrap\">\n\t\t\t\t\t\t\t<section class=\"elementor-section elementor-top-section elementor-element elementor-element-f4e7316 is-yes elementor-section-boxed elementor-section-height-default elementor-section-height-default\" data-id=\"f4e7316\" data-element_type=\"section\">\n\t\t\t\t\t\t<div class=\"elementor-container elementor-column-gap-default\">\n\t\t\t\t\t<div class=\"dis-fl col-12 col-6--medium elementor-column elementor-col-50 elementor-top-column elementor-element elementor-element-9ae2b06  gut\" data-id=\"9ae2b06\" data-element_type=\"column\">\n\t\t\t<div class=\"elementor-widget-wrap elementor-element-populated\">\n\t\t\t\t\t\t\t\t<div class=\"elementor-element elementor-element-5113202 elementor-widget elementor-widget-image\" data-id=\"5113202\" data-element_type=\"widget\" data-widget_type=\"image.default\">\n\t\t\t\t<div class=\"elementor-widget-container\">\n\t\t\t\t\t\t\t\t\t\t\t\t\t\t\t<img width=\"523\" height=\"219\" src=\"https:\/\/chk-de.org\/app\/uploads\/2022\/03\/Storymaker-Logo-1.png\" class=\"attachment-large size-large\" alt=\"\" loading=\"lazy\" srcset=\"https:\/\/chk-de.org\/app\/uploads\/2022\/03\/Storymaker-Logo-1.png 523w, https:\/\/chk-de.org\/app\/uploads\/2022\/03\/Storymaker-Logo-1-300x126.png 300w\" sizes=\"(max-width: 523px) 100vw, 523px\" \/>\t\t\t\t\t\t\t\t\t\t\t\t\t\t\t<\/div>\n\t\t\t\t<\/div>\n\t\t\t\t\t<\/div>\n\t\t<\/div>\n\t\t\t\t<div class=\"dis-fl col-12 col-6--medium elementor-column elementor-col-50 elementor-top-column elementor-element elementor-element-de29cf6  gut\" data-id=\"de29cf6\" data-element_type=\"column\">\n\t\t\t<div class=\"elementor-widget-wrap\">\n\t\t\t\t\t\t\t\t\t<\/div>\n\t\t<\/div>\n\t\t\t\t\t\t\t<\/div>\n\t\t<\/section>\n\t\t\t\t<section class=\"elementor-section elementor-top-section elementor-element elementor-element-4f269ed is-yes elementor-section-boxed elementor-section-height-default elementor-section-height-default\" data-id=\"4f269ed\" data-element_type=\"section\">\n\t\t\t\t\t\t<div class=\"elementor-container elementor-column-gap-default\">\n\t\t\t\t\t<div class=\"dis-fl col-12 col-12--medium elementor-column elementor-col-100 elementor-top-column elementor-element elementor-element-e233262  gut\" data-id=\"e233262\" data-element_type=\"column\">\n\t\t\t<div class=\"elementor-widget-wrap elementor-element-populated\">\n\t\t\t\t\t\t\t\t<div class=\"elementor-element elementor-element-ba05c02 lh-3 co-black elementor-widget elementor-widget-text-block\" data-id=\"ba05c02\" data-element_type=\"widget\" data-widget_type=\"text-block.default\">\n\t\t\t\t<div class=\"elementor-widget-container\">\n\t\t\t\n\n<div class=\"elementor-text-editor\"><p>Da drau\u00dfen gibt es viele Millionen Geschichten. Wir positionieren Ihre. Die Arbeit f\u00fcr technologie-getriebene Unternehmen steht seit der Gr\u00fcndung von Storymaker im Mittelpunkt. Ob IT, Maschinenbau, Automobil, Consumer Electronics oder Robotik: innovative Themen f\u00fcr morgen sind unsere Passion.<\/p><p>Storymaker ist als die erste deutsche Marketingagentur in den chinesischen Markt eingetreten. Wir setzen uns daf\u00fcr ein, eine Br\u00fccke zwischen Deutschland und China zu bauen. Unser bikulturelle Experten k\u00f6nnen einerseits deutschen Unternehmen helfen, chinesische Kunden zu erreichen. Andererseits unterst\u00fctzen wir auch chinesische Unternehmen, auf dem deutschen Markt Fu\u00df zu fassen und ihre Marke aufzubauen.<\/p><\/div>\t\t<\/div>\n\t\t\t\t<\/div>\n\t\t\t\t\t<\/div>\n\t\t<\/div>\n\t\t\t\t\t\t\t<\/div>\n\t\t<\/section>\n\t\t\t\t<section class=\"elementor-section elementor-top-section elementor-element elementor-element-112be88 is-yes elementor-section-boxed elementor-section-height-default elementor-section-height-default\" data-id=\"112be88\" data-element_type=\"section\">\n\t\t\t\t\t\t<div class=\"elementor-container elementor-column-gap-default\">\n\t\t\t\t\t<div class=\"dis-fl col-12 col-12--medium elementor-column elementor-col-100 elementor-top-column elementor-element elementor-element-c78eea7  gut\" data-id=\"c78eea7\" data-element_type=\"column\">\n\t\t\t<div class=\"elementor-widget-wrap elementor-element-populated\">\n\t\t\t\t\t\t\t\t<div class=\"elementor-element elementor-element-f35e7a4 elementor-widget elementor-widget-spacer\" data-id=\"f35e7a4\" data-element_type=\"widget\" data-widget_type=\"spacer.default\">\n\t\t\t\t<div class=\"elementor-widget-container\">\n\t\t\t\t\t<div class=\"elementor-spacer\">\n\t\t\t<div class=\"elementor-spacer-inner\"><\/div>\n\t\t<\/div>\n\t\t\t\t<\/div>\n\t\t\t\t<\/div>\n\t\t\t\t\t<\/div>\n\t\t<\/div>\n\t\t\t\t\t\t\t<\/div>\n\t\t<\/section>\n\t\t\t\t<section class=\"elementor-section elementor-top-section elementor-element elementor-element-04d66ad is-yes elementor-section-boxed elementor-section-height-default elementor-section-height-default\" data-id=\"04d66ad\" data-element_type=\"section\">\n\t\t\t\t\t\t<div class=\"elementor-container elementor-column-gap-default\">\n\t\t\t\t\t<div class=\"dis-fl col-12 col-6--medium elementor-column elementor-col-50 elementor-top-column elementor-element elementor-element-b03b924  gut\" data-id=\"b03b924\" data-element_type=\"column\">\n\t\t\t<div class=\"elementor-widget-wrap elementor-element-populated\">\n\t\t\t\t\t\t\t\t<div class=\"elementor-element elementor-element-90f9b79 lh-3 co-black elementor-widget elementor-widget-text-block\" data-id=\"90f9b79\" data-element_type=\"widget\" data-widget_type=\"text-block.default\">\n\t\t\t\t<div class=\"elementor-widget-container\">\n\t\t\t\n\n<div class=\"elementor-text-editor\"><p>\u00a0<\/p><p style=\"text-align: center;\"><span style=\"color: #ffffff;\"><span style=\"text-decoration: underline;\"><strong>T\u00e4tigkeitsberei<\/strong><\/span><span style=\"text-decoration: underline;\"><strong>c<\/strong><\/span><span style=\"text-decoration: underline;\"><strong>h<\/strong><\/span><\/span><\/p><p style=\"text-align: center;\"><span style=\"color: #ffffff;\">\u00a0PR<\/span><\/p><p style=\"text-align: center;\"><span style=\"color: #ffffff;\">Kommunikation<\/span><\/p><p style=\"text-align: center;\"><span style=\"color: #ffffff;\"> Digitalmarketing<\/span><\/p><p>\u00a0<\/p><\/div>\t\t<\/div>\n\t\t\t\t<\/div>\n\t\t\t\t\t<\/div>\n\t\t<\/div>\n\t\t\t\t<div class=\"dis-fl col-12 col-6--medium elementor-column elementor-col-50 elementor-top-column elementor-element elementor-element-0de6037  gut\" data-id=\"0de6037\" data-element_type=\"column\">\n\t\t\t<div class=\"elementor-widget-wrap\">\n\t\t\t\t\t\t\t\t\t<\/div>\n\t\t<\/div>\n\t\t\t\t\t\t\t<\/div>\n\t\t<\/section>\n\t\t\t\t<section class=\"elementor-section elementor-top-section elementor-element elementor-element-d5049c5 is-yes elementor-section-boxed elementor-section-height-default elementor-section-height-default\" data-id=\"d5049c5\" data-element_type=\"section\">\n\t\t\t\t\t\t<div class=\"elementor-container elementor-column-gap-default\">\n\t\t\t\t\t<div class=\"dis-fl col-12 col-12--medium elementor-column elementor-col-100 elementor-top-column elementor-element elementor-element-f38ac0b  gut\" data-id=\"f38ac0b\" data-element_type=\"column\">\n\t\t\t<div class=\"elementor-widget-wrap elementor-element-populated\">\n\t\t\t\t\t\t\t\t<div class=\"elementor-element elementor-element-2a3b681 elementor-widget elementor-widget-spacer\" data-id=\"2a3b681\" data-element_type=\"widget\" data-widget_type=\"spacer.default\">\n\t\t\t\t<div class=\"elementor-widget-container\">\n\t\t\t\t\t<div class=\"elementor-spacer\">\n\t\t\t<div class=\"elementor-spacer-inner\"><\/div>\n\t\t<\/div>\n\t\t\t\t<\/div>\n\t\t\t\t<\/div>\n\t\t\t\t\t<\/div>\n\t\t<\/div>\n\t\t\t\t\t\t\t<\/div>\n\t\t<\/section>\n\t\t\t\t<section class=\"elementor-section elementor-top-section elementor-element elementor-element-0d5fad0 is-yes elementor-section-boxed elementor-section-height-default elementor-section-height-default\" data-id=\"0d5fad0\" data-element_type=\"section\">\n\t\t\t\t\t\t<div class=\"elementor-container elementor-column-gap-default\">\n\t\t\t\t\t<div class=\"dis-fl col-12 col-12--medium elementor-column elementor-col-100 elementor-top-column elementor-element elementor-element-6719aa0  gut\" data-id=\"6719aa0\" data-element_type=\"column\">\n\t\t\t<div class=\"elementor-widget-wrap elementor-element-populated\">\n\t\t\t\t\t\t\t\t<div class=\"elementor-element elementor-element-3a2234a pad-b-1 elementor-widget elementor-widget-header\" data-id=\"3a2234a\" data-element_type=\"widget\" data-widget_type=\"header.default\">\n\t\t\t\t<div class=\"elementor-widget-container\">\n\t\t\t<h2 class=\"heading\">\n    <span class=\"fontw-l has-divider lh-3 size-4\">Kontakt<\/span>\n  <div class=\"heading__divider pad-t-2\" aria-hidden><svg width=\"90\" height=\"2\" viewBox=\"0 0 90 2\" xmlns=\"http:\/\/www.w3.org\/2000\/svg\"><line x1=\"0\" y1=\"1\" x2=\"90\" y2=\"1\" stroke-width=\"2\" \/><\/svg><\/div><\/h2>\t\t<\/div>\n\t\t\t\t<\/div>\n\t\t\t\t\t<\/div>\n\t\t<\/div>\n\t\t\t\t\t\t\t<\/div>\n\t\t<\/section>\n\t\t\t\t<section class=\"elementor-section elementor-top-section elementor-element elementor-element-fa29851 is-yes elementor-section-boxed elementor-section-height-default elementor-section-height-default\" data-id=\"fa29851\" data-element_type=\"section\">\n\t\t\t\t\t\t<div class=\"elementor-container elementor-column-gap-default\">\n\t\t\t\t\t<div class=\"dis-fl col-12 col-4--medium elementor-column elementor-col-33 elementor-top-column elementor-element elementor-element-e6b14f1  gut\" data-id=\"e6b14f1\" data-element_type=\"column\">\n\t\t\t<div class=\"elementor-widget-wrap elementor-element-populated\">\n\t\t\t\t\t\t\t\t<div class=\"elementor-element elementor-element-08b05de pad-t-1 elementor-widget elementor-widget-simple-button\" data-id=\"08b05de\" data-element_type=\"widget\" data-widget_type=\"simple-button.default\">\n\t\t\t\t<div class=\"elementor-widget-container\">\n\t\t\t    \n  \n  \n\n\n<a href=\"http:\/\/www.storymaker.de\" class=\"button size-2\">\n  <span>Homepage<\/span>\n<\/a>\t\t<\/div>\n\t\t\t\t<\/div>\n\t\t\t\t\t<\/div>\n\t\t<\/div>\n\t\t\t\t<div class=\"dis-fl col-12 col-4--medium elementor-column elementor-col-33 elementor-top-column elementor-element elementor-element-10a3981  gut\" data-id=\"10a3981\" data-element_type=\"column\">\n\t\t\t<div class=\"elementor-widget-wrap\">\n\t\t\t\t\t\t\t\t\t<\/div>\n\t\t<\/div>\n\t\t\t\t<div class=\"dis-fl col-12 col-4--medium elementor-column elementor-col-33 elementor-top-column elementor-element elementor-element-b75cca8  gut\" data-id=\"b75cca8\" data-element_type=\"column\">\n\t\t\t<div class=\"elementor-widget-wrap elementor-element-populated\">\n\t\t\t\t\t\t\t\t<div class=\"elementor-element elementor-element-b5fefba elementor-widget elementor-widget-image\" data-id=\"b5fefba\" data-element_type=\"widget\" data-widget_type=\"image.default\">\n\t\t\t\t<div class=\"elementor-widget-container\">\n\t\t\t\t\t\t\t\t\t\t\t\t<figure class=\"wp-caption\">\n\t\t\t\t\t\t\t\t\t\t<img src=\"https:\/\/chk-de.org\/app\/uploads\/elementor\/thumbs\/Storymaker-plyd6rz8vzh3upwmz1r82cdtkv6b8mpqxbshmgmfkq.png\" title=\"Storymaker\" alt=\"Storymaker\" \/>\t\t\t\t\t\t\t\t\t\t\t<figcaption class=\"widget-image-caption wp-caption-text\">WeChat<\/figcaption>\n\t\t\t\t\t\t\t\t\t\t<\/figure>\n\t\t\t\t\t\t\t\t\t<\/div>\n\t\t\t\t<\/div>\n\t\t\t\t\t<\/div>\n\t\t<\/div>\n\t\t\t\t\t\t\t<\/div>\n\t\t<\/section>\n\t\t\t\t<section class=\"elementor-section elementor-top-section elementor-element elementor-element-f9fb759 is-yes elementor-section-boxed elementor-section-height-default elementor-section-height-default\" data-id=\"f9fb759\" data-element_type=\"section\">\n\t\t\t\t\t\t<div class=\"elementor-container elementor-column-gap-default\">\n\t\t\t\t\t<div class=\"dis-fl col-12 col-12--medium elementor-column elementor-col-100 elementor-top-column elementor-element elementor-element-72359a7  gut\" data-id=\"72359a7\" data-element_type=\"column\">\n\t\t\t<div class=\"elementor-widget-wrap elementor-element-populated\">\n\t\t\t\t\t\t\t\t<div class=\"elementor-element elementor-element-0481231 elementor-widget elementor-widget-spacer\" data-id=\"0481231\" data-element_type=\"widget\" data-widget_type=\"spacer.default\">\n\t\t\t\t<div class=\"elementor-widget-container\">\n\t\t\t\t\t<div class=\"elementor-spacer\">\n\t\t\t<div class=\"elementor-spacer-inner\"><\/div>\n\t\t<\/div>\n\t\t\t\t<\/div>\n\t\t\t\t<\/div>\n\t\t\t\t\t<\/div>\n\t\t<\/div>\n\t\t\t\t\t\t\t<\/div>\n\t\t<\/section>\n\t\t\t\t<section class=\"elementor-section elementor-top-section elementor-element elementor-element-d690af5 is-yes elementor-section-boxed elementor-section-height-default elementor-section-height-default\" data-id=\"d690af5\" data-element_type=\"section\">\n\t\t\t\t\t\t<div class=\"elementor-container elementor-column-gap-default\">\n\t\t\t\t\t<div class=\"dis-fl col-12 col-12--medium elementor-column elementor-col-100 elementor-top-column elementor-element elementor-element-5ca1aaa  gut\" data-id=\"5ca1aaa\" data-element_type=\"column\">\n\t\t\t<div class=\"elementor-widget-wrap elementor-element-populated\">\n\t\t\t\t\t\t\t\t<div class=\"elementor-element elementor-element-68e7e14 pad-b-1 elementor-widget elementor-widget-header\" data-id=\"68e7e14\" data-element_type=\"widget\" data-widget_type=\"header.default\">\n\t\t\t\t<div class=\"elementor-widget-container\">\n\t\t\t<h2 class=\"heading\">\n      <span class=\"heading__meta dis-bl co-red\">Ansprechpartner<\/span>\n    <span class=\"fontw-l  lh-3 size-4\">Storymaker GmbH<\/span>\n  <\/h2>\t\t<\/div>\n\t\t\t\t<\/div>\n\t\t\t\t\t<\/div>\n\t\t<\/div>\n\t\t\t\t\t\t\t<\/div>\n\t\t<\/section>\n\t\t\t\t<section class=\"elementor-section elementor-top-section elementor-element elementor-element-b22fd94 is-yes elementor-section-boxed elementor-section-height-default elementor-section-height-default\" data-id=\"b22fd94\" data-element_type=\"section\">\n\t\t\t\t\t\t<div class=\"elementor-container elementor-column-gap-default\">\n\t\t\t\t\t<div class=\"dis-fl col-12 col-8--medium elementor-column elementor-col-66 elementor-top-column elementor-element elementor-element-fff1b4a  gut\" data-id=\"fff1b4a\" data-element_type=\"column\">\n\t\t\t<div class=\"elementor-widget-wrap elementor-element-populated\">\n\t\t\t\t\t\t\t\t<div class=\"elementor-element elementor-element-9a345db lh-3 co-black elementor-widget elementor-widget-text-block\" data-id=\"9a345db\" data-element_type=\"widget\" data-widget_type=\"text-block.default\">\n\t\t\t\t<div class=\"elementor-widget-container\">\n\t\t\t\n\n<div class=\"elementor-text-editor\"><p><strong>Theresa Stewart<\/strong><br \/>Unit Director China<br \/><a href=\"mailto:t.stewart@storymaker.de\">t.stewart@storymaker.de<\/a> <br \/>+49 151 1956 6433 (Tel.)<br \/><em>Theresa88InChina (WeChat-ID)<\/em><\/p><\/div>\t\t<\/div>\n\t\t\t\t<\/div>\n\t\t\t\t\t<\/div>\n\t\t<\/div>\n\t\t\t\t<div class=\"dis-fl col-12 col-4--medium elementor-column elementor-col-33 elementor-top-column elementor-element elementor-element-be76abe  gut\" data-id=\"be76abe\" data-element_type=\"column\">\n\t\t\t<div class=\"elementor-widget-wrap elementor-element-populated\">\n\t\t\t\t\t\t\t\t<div class=\"elementor-element elementor-element-d52b1ae elementor-widget elementor-widget-image\" data-id=\"d52b1ae\" data-element_type=\"widget\" data-widget_type=\"image.default\">\n\t\t\t\t<div class=\"elementor-widget-container\">\n\t\t\t\t\t\t\t\t\t\t\t\t<figure class=\"wp-caption\">\n\t\t\t\t\t\t\t\t\t\t<img src=\"https:\/\/chk-de.org\/app\/uploads\/elementor\/thumbs\/thumbnail_image005-pmdxe47eu1zd0w4mlfrkjzn38k4w3otdyzax7wtxos.jpg\" title=\"thumbnail_image005\" alt=\"thumbnail_image005\" \/>\t\t\t\t\t\t\t\t\t\t\t<figcaption class=\"widget-image-caption wp-caption-text\">WeChat<\/figcaption>\n\t\t\t\t\t\t\t\t\t\t<\/figure>\n\t\t\t\t\t\t\t\t\t<\/div>\n\t\t\t\t<\/div>\n\t\t\t\t\t<\/div>\n\t\t<\/div>\n\t\t\t\t\t\t\t<\/div>\n\t\t<\/section>\n\t\t\t\t<section class=\"elementor-section elementor-top-section elementor-element elementor-element-07ca71a is-yes elementor-section-boxed elementor-section-height-default elementor-section-height-default\" data-id=\"07ca71a\" data-element_type=\"section\">\n\t\t\t\t\t\t<div class=\"elementor-container elementor-column-gap-default\">\n\t\t\t\t\t<div class=\"dis-fl col-12 col-12--medium elementor-column elementor-col-100 elementor-top-column elementor-element elementor-element-a0a0e9d  gut\" data-id=\"a0a0e9d\" data-element_type=\"column\">\n\t\t\t<div class=\"elementor-widget-wrap elementor-element-populated\">\n\t\t\t\t\t\t\t\t<div class=\"elementor-element elementor-element-86e4564 elementor-widget-divider--view-line elementor-widget elementor-widget-divider\" data-id=\"86e4564\" data-element_type=\"widget\" data-widget_type=\"divider.default\">\n\t\t\t\t<div class=\"elementor-widget-container\">\n\t\t\t\t\t<div class=\"elementor-divider\">\n\t\t\t<span class=\"elementor-divider-separator\">\n\t\t\t\t\t\t<\/span>\n\t\t<\/div>\n\t\t\t\t<\/div>\n\t\t\t\t<\/div>\n\t\t\t\t\t<\/div>\n\t\t<\/div>\n\t\t\t\t\t\t\t<\/div>\n\t\t<\/section>\n\t\t\t\t<section class=\"elementor-section elementor-top-section elementor-element elementor-element-6f70070 is-yes elementor-section-boxed elementor-section-height-default elementor-section-height-default\" data-id=\"6f70070\" data-element_type=\"section\">\n\t\t\t\t\t\t<div class=\"elementor-container elementor-column-gap-default\">\n\t\t\t\t\t<div class=\"dis-fl col-12 col-12--medium elementor-column elementor-col-100 elementor-top-column elementor-element elementor-element-7da25c1  gut\" data-id=\"7da25c1\" data-element_type=\"column\">\n\t\t\t<div class=\"elementor-widget-wrap elementor-element-populated\">\n\t\t\t\t\t\t\t\t<div class=\"elementor-element elementor-element-deeb2f9 lh-3 co-black elementor-widget elementor-widget-text-block\" data-id=\"deeb2f9\" data-element_type=\"widget\" data-widget_type=\"text-block.default\">\n\t\t\t\t<div class=\"elementor-widget-container\">\n\t\t\t\n\n<div class=\"elementor-text-editor\"><p><em>Beratung auf Chinesisch m\u00f6glich!<\/em><\/p><\/div>\t\t<\/div>\n\t\t\t\t<\/div>\n\t\t\t\t\t<\/div>\n\t\t<\/div>\n\t\t\t\t\t\t\t<\/div>\n\t\t<\/section>\n\t\t\t\t<section class=\"elementor-section elementor-top-section elementor-element elementor-element-bdaea03 is-yes elementor-section-boxed elementor-section-height-default elementor-section-height-default\" data-id=\"bdaea03\" data-element_type=\"section\">\n\t\t\t\t\t\t<div class=\"elementor-container elementor-column-gap-default\">\n\t\t\t\t\t<div class=\"dis-fl col-12 col-12--medium elementor-column elementor-col-100 elementor-top-column elementor-element elementor-element-9cf29ff  gut\" data-id=\"9cf29ff\" data-element_type=\"column\">\n\t\t\t<div class=\"elementor-widget-wrap elementor-element-populated\">\n\t\t\t\t\t\t\t\t<div class=\"elementor-element elementor-element-f1b74da elementor-widget elementor-widget-spacer\" data-id=\"f1b74da\" data-element_type=\"widget\" data-widget_type=\"spacer.default\">\n\t\t\t\t<div class=\"elementor-widget-container\">\n\t\t\t\t\t<div class=\"elementor-spacer\">\n\t\t\t<div class=\"elementor-spacer-inner\"><\/div>\n\t\t<\/div>\n\t\t\t\t<\/div>\n\t\t\t\t<\/div>\n\t\t\t\t\t<\/div>\n\t\t<\/div>\n\t\t\t\t\t\t\t<\/div>\n\t\t<\/section>\n\t\t\t\t<section class=\"elementor-section elementor-top-section elementor-element elementor-element-4d307e4 is-yes elementor-section-boxed elementor-section-height-default elementor-section-height-default\" data-id=\"4d307e4\" data-element_type=\"section\">\n\t\t\t\t\t\t<div class=\"elementor-container elementor-column-gap-default\">\n\t\t\t\t\t<div class=\"dis-fl col-12 col-12--medium elementor-column elementor-col-100 elementor-top-column elementor-element elementor-element-8dc4f66  gut\" data-id=\"8dc4f66\" data-element_type=\"column\">\n\t\t\t<div class=\"elementor-widget-wrap elementor-element-populated\">\n\t\t\t\t\t\t\t\t<div class=\"elementor-element elementor-element-5f8e693 pad-b-1 elementor-widget elementor-widget-header\" data-id=\"5f8e693\" data-element_type=\"widget\" data-widget_type=\"header.default\">\n\t\t\t\t<div class=\"elementor-widget-container\">\n\t\t\t<h2 class=\"heading\">\n      <span class=\"heading__meta dis-bl co-red\">Standorte<\/span>\n    <span class=\"fontw-l  lh-3 size-4\">Deutschland<\/span>\n  <\/h2>\t\t<\/div>\n\t\t\t\t<\/div>\n\t\t\t\t\t<\/div>\n\t\t<\/div>\n\t\t\t\t\t\t\t<\/div>\n\t\t<\/section>\n\t\t\t\t<section class=\"elementor-section elementor-top-section elementor-element elementor-element-e0edfa6 is-yes elementor-section-boxed elementor-section-height-default elementor-section-height-default\" data-id=\"e0edfa6\" data-element_type=\"section\">\n\t\t\t\t\t\t<div class=\"elementor-container elementor-column-gap-default\">\n\t\t\t\t\t<div class=\"dis-fl col-12 col-12--medium elementor-column elementor-col-100 elementor-top-column elementor-element elementor-element-9bd9ca4  gut\" data-id=\"9bd9ca4\" data-element_type=\"column\">\n\t\t\t<div class=\"elementor-widget-wrap elementor-element-populated\">\n\t\t\t\t\t\t\t\t<div class=\"elementor-element elementor-element-46c89a7 lh-3 co-black elementor-widget elementor-widget-text-block\" data-id=\"46c89a7\" data-element_type=\"widget\" data-widget_type=\"text-block.default\">\n\t\t\t\t<div class=\"elementor-widget-container\">\n\t\t\t\n\n<div class=\"elementor-text-editor\"><p>T\u00fcbingen, Berlin, M\u00fcnchen<\/p><\/div>\t\t<\/div>\n\t\t\t\t<\/div>\n\t\t\t\t\t<\/div>\n\t\t<\/div>\n\t\t\t\t\t\t\t<\/div>\n\t\t<\/section>\n\t\t\t\t<section class=\"elementor-section elementor-top-section elementor-element elementor-element-ea81961 is-yes elementor-section-boxed elementor-section-height-default elementor-section-height-default\" data-id=\"ea81961\" data-element_type=\"section\">\n\t\t\t\t\t\t<div class=\"elementor-container elementor-column-gap-default\">\n\t\t\t\t\t<div class=\"dis-fl col-12 col-12--medium elementor-column elementor-col-100 elementor-top-column elementor-element elementor-element-d535ce7  gut\" data-id=\"d535ce7\" data-element_type=\"column\">\n\t\t\t<div class=\"elementor-widget-wrap elementor-element-populated\">\n\t\t\t\t\t\t\t\t<div class=\"elementor-element elementor-element-b2af811 elementor-widget elementor-widget-spacer\" data-id=\"b2af811\" data-element_type=\"widget\" data-widget_type=\"spacer.default\">\n\t\t\t\t<div class=\"elementor-widget-container\">\n\t\t\t\t\t<div class=\"elementor-spacer\">\n\t\t\t<div class=\"elementor-spacer-inner\"><\/div>\n\t\t<\/div>\n\t\t\t\t<\/div>\n\t\t\t\t<\/div>\n\t\t\t\t\t<\/div>\n\t\t<\/div>\n\t\t\t\t\t\t\t<\/div>\n\t\t<\/section>\n\t\t\t\t<section class=\"elementor-section elementor-top-section elementor-element elementor-element-5c1c467 is-yes elementor-section-boxed elementor-section-height-default elementor-section-height-default\" data-id=\"5c1c467\" data-element_type=\"section\">\n\t\t\t\t\t\t<div class=\"elementor-container elementor-column-gap-default\">\n\t\t\t\t\t<div class=\"dis-fl col-12 col-12--medium elementor-column elementor-col-100 elementor-top-column elementor-element elementor-element-d6960c7  gut\" data-id=\"d6960c7\" data-element_type=\"column\">\n\t\t\t<div class=\"elementor-widget-wrap elementor-element-populated\">\n\t\t\t\t\t\t\t\t<div class=\"elementor-element elementor-element-5d62d5a lh-3 co-black elementor-widget elementor-widget-text-block\" data-id=\"5d62d5a\" data-element_type=\"widget\" data-widget_type=\"text-block.default\">\n\t\t\t\t<div class=\"elementor-widget-container\">\n\t\t\t\n\n<div class=\"elementor-text-editor\"><p><a href=\"https:\/\/chk-de.org\/de\/beraternetzwerk\/\">Mehr Infos zum CHKD Beraternetzwerk<\/a><\/p><\/div>\t\t<\/div>\n\t\t\t\t<\/div>\n\t\t\t\t\t<\/div>\n\t\t<\/div>\n\t\t\t\t\t\t\t<\/div>\n\t\t<\/section>\n\t\t\t\t\t\t<\/div>\n\t\t\t\t\t<\/div>\n\t\t","protected":false},"excerpt":{"rendered":"<p>Da drau\u00dfen gibt es viele Millionen Geschichten. Wir positionieren Ihre. Die Arbeit f\u00fcr technologie-getriebene Unternehmen steht seit der Gr\u00fcndung von Storymaker im Mittelpunkt. Ob IT, Maschinenbau, Automobil, Consumer Electronics oder Robotik: innovative Themen f\u00fcr morgen sind unsere Passion. Storymaker ist als die erste deutsche Marketingagentur in den chinesischen Markt eingetreten. Wir setzen uns daf\u00fcr ein, [&hellip;]<\/p>\n","protected":false},"author":10,"featured_media":0,"parent":0,"menu_order":0,"comment_status":"closed","ping_status":"closed","template":"","meta":[],"_links":{"self":[{"href":"https:\/\/chk-de.org\/de\/wp-json\/wp\/v2\/pages\/79238"}],"collection":[{"href":"https:\/\/chk-de.org\/de\/wp-json\/wp\/v2\/pages"}],"about":[{"href":"https:\/\/chk-de.org\/de\/wp-json\/wp\/v2\/types\/page"}],"author":[{"embeddable":true,"href":"https:\/\/chk-de.org\/de\/wp-json\/wp\/v2\/users\/10"}],"replies":[{"embeddable":true,"href":"https:\/\/chk-de.org\/de\/wp-json\/wp\/v2\/comments?post=79238"}],"version-history":[{"count":48,"href":"https:\/\/chk-de.org\/de\/wp-json\/wp\/v2\/pages\/79238\/revisions"}],"predecessor-version":[{"id":90424,"href":"https:\/\/chk-de.org\/de\/wp-json\/wp\/v2\/pages\/79238\/revisions\/90424"}],"wp:attachment":[{"href":"https:\/\/chk-de.org\/de\/wp-json\/wp\/v2\/media?parent=79238"}],"curies":[{"name":"wp","href":"https:\/\/api.w.org\/{rel}","templated":true}]}}