{"id":76446,"date":"2021-05-20T09:26:48","date_gmt":"2021-05-20T07:26:48","guid":{"rendered":"https:\/\/chk-de.org\/?page_id=76446"},"modified":"2022-12-20T17:11:26","modified_gmt":"2022-12-20T16:11:26","slug":"betriebsraetemodernisierungsgesetz","status":"publish","type":"page","link":"https:\/\/chk-de.org\/de\/betriebsraetemodernisierungsgesetz\/","title":{"rendered":"Betriebsr\u00e4temodernisierungsgesetz \u2013 An den Bed\u00fcrfnissen der Praxis vorbei"},"content":{"rendered":"<p><img loading=\"lazy\" class=\"alignnone  wp-image-71988\" src=\"https:\/\/chk-de.org\/app\/uploads\/2020\/08\/2-300x169.jpeg\" alt=\"\" width=\"636\" height=\"358\" srcset=\"https:\/\/chk-de.org\/app\/uploads\/2020\/08\/2-300x169.jpeg 300w, https:\/\/chk-de.org\/app\/uploads\/2020\/08\/2-768x432.jpeg 768w, https:\/\/chk-de.org\/app\/uploads\/2020\/08\/2-1024x576.jpeg 1024w, https:\/\/chk-de.org\/app\/uploads\/2020\/08\/2.jpeg 1889w\" sizes=\"(max-width: 636px) 100vw, 636px\" \/><\/p>\n<p><span style=\"color: #000000;\">zusammengestellt von:<\/span> <a href=\"https:\/\/www.twobirds.com\/de\">Bird &amp; Bird LLP<\/a> <span style=\"color: #000000;\">(Mitglied im CHKD Beraternetzwerk)<\/span><\/p>\n<p>&nbsp;<\/p>\n<p><span style=\"color: #000000;\">Das Bundeskabinett hat den Entwurf des \u201eBetriebsr\u00e4temodernisierungsgesetzes\u201c am 31. M\u00e4rz 2021 beschlossen.<\/span><\/p>\n<p><span style=\"color: #000000;\">Zur Erleichterung von Betriebsratsgr\u00fcndungen wird ein spezieller befristeter K\u00fcndigungsschutz f\u00fcr sogenannte &#8222;Vorfeld-Initiatoren&#8220; neu eingef\u00fchrt. Dabei handelt es sich um Arbeitnehmer, die Vorbereitungshandlungen zur Gr\u00fcndung eines Betriebsrats unternehmen. Auch der K\u00fcndigungsschutz f\u00fcr die zur Wahlversammlung f\u00fcr die Betriebsratswahl einladenden Arbeitnehmer soll ausgeweitet werden. K\u00fcnftig werden statt bisher drei die ersten sechs in der Einladung aufgef\u00fchrten Arbeitnehmer gegen ordentliche K\u00fcndigungen gesch\u00fctzt.<\/span><\/p>\n<p><span style=\"color: #000000;\">Der Betriebsrat soll nunmehr auch ein Mitbestimmungsrecht erhalten bei der &#8222;Ausgestaltung von mobiler Arbeit, die mittels Informations- und Kommunikationstechnik erbracht wird.&#8220; Dieses Recht soll sich nur auf die Ausgestaltung (\u201ewie\u201c) von mobiler Arbeit beziehen. \u201eOb\u201c mobile Arbeit eingef\u00fchrt wird, entscheidet nach der geplanten Regelung der Arbeitgeber.<\/span><\/p>\n<p><span style=\"color: #000000;\">Beim Einsatz K\u00fcnstlicher Intelligenz soll der Betriebsrat bei der Planung von Arbeitsverfahren und Arbeitsabl\u00e4ufen Unterrichtungs- und Beratungsrechte erhalten. Er soll auch bei Auswahlrichtlinien mitbestimmen, wenn bei der Aufstellung der Richtlinien KI zum Einsatz kommt und stets bei Fragen zur Einf\u00fchrung oder Anwendung von KI einen Sachverst\u00e4ndigen hinzuziehen d\u00fcrfen.<\/span><\/p>\n<p><span style=\"color: #000000;\">Betriebsratssitzung sollen k\u00fcnftig vorrangig als Pr\u00e4senzsitzung stattfinden. Ist dieser Grundsatz in der Gesch\u00e4ftsordnung des Betriebsrats abgesichert, darf k\u00fcnftig die Teilnahme an der Betriebsratssitzung per Video- und Telefonkonferenz erfolgen, wenn<\/span><\/p>\n<ul>\n<li><span style=\"color: #000000;\">nicht mindestens ein Viertel der Mitglieder des Betriebsrats binnen einer von dem Vorsitzenden zu bestimmenden Frist diesem gegen\u00fcber widerspricht und<\/span><\/li>\n<li><span style=\"color: #000000;\">sichergestellt ist, dass Dritte vom Inhalt der Sitzung keine Kenntnis nehmen k\u00f6nnen.<\/span><\/li>\n<\/ul>\n<p><span style=\"color: #000000;\">Insgesamt scheinen viele der Regelungen nicht zu Ende gedacht und an den Bed\u00fcrfnissen der Praxis vorbei. Zudem werden Unternehmen mit dem Aufwand f\u00fcr die Erf\u00fcllung finanziell belastet. Das Gesetz ist noch nicht in Kraft, soll aber noch vor der Sommerpause beschlossen werden.<\/span><\/p>\n","protected":false},"excerpt":{"rendered":"<p>zusammengestellt von: Bird &amp; Bird LLP (Mitglied im CHKD Beraternetzwerk) &nbsp; Das Bundeskabinett hat den Entwurf des \u201eBetriebsr\u00e4temodernisierungsgesetzes\u201c am 31. M\u00e4rz 2021 beschlossen. Zur Erleichterung von Betriebsratsgr\u00fcndungen wird ein spezieller befristeter K\u00fcndigungsschutz f\u00fcr sogenannte &#8222;Vorfeld-Initiatoren&#8220; neu eingef\u00fchrt. Dabei handelt es sich um Arbeitnehmer, die Vorbereitungshandlungen zur Gr\u00fcndung eines Betriebsrats unternehmen. Auch der K\u00fcndigungsschutz f\u00fcr die [&hellip;]<\/p>\n","protected":false},"author":6,"featured_media":0,"parent":0,"menu_order":0,"comment_status":"closed","ping_status":"closed","template":"","meta":[],"_links":{"self":[{"href":"https:\/\/chk-de.org\/de\/wp-json\/wp\/v2\/pages\/76446"}],"collection":[{"href":"https:\/\/chk-de.org\/de\/wp-json\/wp\/v2\/pages"}],"about":[{"href":"https:\/\/chk-de.org\/de\/wp-json\/wp\/v2\/types\/page"}],"author":[{"embeddable":true,"href":"https:\/\/chk-de.org\/de\/wp-json\/wp\/v2\/users\/6"}],"replies":[{"embeddable":true,"href":"https:\/\/chk-de.org\/de\/wp-json\/wp\/v2\/comments?post=76446"}],"version-history":[{"count":5,"href":"https:\/\/chk-de.org\/de\/wp-json\/wp\/v2\/pages\/76446\/revisions"}],"predecessor-version":[{"id":76625,"href":"https:\/\/chk-de.org\/de\/wp-json\/wp\/v2\/pages\/76446\/revisions\/76625"}],"wp:attachment":[{"href":"https:\/\/chk-de.org\/de\/wp-json\/wp\/v2\/media?parent=76446"}],"curies":[{"name":"wp","href":"https:\/\/api.w.org\/{rel}","templated":true}]}}