{"id":73105,"date":"2021-04-07T10:55:56","date_gmt":"2021-04-07T08:55:56","guid":{"rendered":"https:\/\/chk-de.org\/?page_id=73105"},"modified":"2021-07-29T15:32:46","modified_gmt":"2021-07-29T13:32:46","slug":"neue-mitglieder","status":"publish","type":"page","link":"https:\/\/chk-de.org\/de\/neue-mitglieder\/","title":{"rendered":"Neue Mitglieder"},"content":{"rendered":"\t\t<div data-elementor-type=\"wp-page\" data-elementor-id=\"73105\" class=\"elementor elementor-73105\" data-elementor-settings=\"[]\">\n\t\t\t\t\t\t\t<div class=\"elementor-section-wrap\">\n\t\t\t\t\t\t\t<section class=\"elementor-section elementor-top-section elementor-element elementor-element-571664a is-yes elementor-section-boxed elementor-section-height-default elementor-section-height-default\" data-id=\"571664a\" data-element_type=\"section\">\n\t\t\t\t\t\t<div class=\"elementor-container elementor-column-gap-default\">\n\t\t\t\t\t<div class=\"dis-fl col-12 col-12--medium elementor-column elementor-col-100 elementor-top-column elementor-element elementor-element-05677cd  gut\" data-id=\"05677cd\" data-element_type=\"column\">\n\t\t\t<div class=\"elementor-widget-wrap elementor-element-populated\">\n\t\t\t\t\t\t\t\t<div class=\"elementor-element elementor-element-51f9da0 lh-3 co-black elementor-widget elementor-widget-text-block\" data-id=\"51f9da0\" data-element_type=\"widget\" data-widget_type=\"text-block.default\">\n\t\t\t\t<div class=\"elementor-widget-container\">\n\t\t\t\n\n<div class=\"elementor-text-editor\"><p>Hier finden Sie eine Auflistung der neuesten Mitgliedsunternehmen der CHKD:<\/p><\/div>\t\t<\/div>\n\t\t\t\t<\/div>\n\t\t\t\t\t<\/div>\n\t\t<\/div>\n\t\t\t\t\t\t\t<\/div>\n\t\t<\/section>\n\t\t\t\t<section class=\"elementor-section elementor-top-section elementor-element elementor-element-61f6393 is-yes elementor-section-boxed elementor-section-height-default elementor-section-height-default\" data-id=\"61f6393\" data-element_type=\"section\">\n\t\t\t\t\t\t<div class=\"elementor-container elementor-column-gap-default\">\n\t\t\t\t\t<div class=\"dis-fl col-12 col-3--medium elementor-column elementor-col-25 elementor-top-column elementor-element elementor-element-7cb2b33  gut\" data-id=\"7cb2b33\" data-element_type=\"column\">\n\t\t\t<div class=\"elementor-widget-wrap elementor-element-populated\">\n\t\t\t\t\t\t\t\t<div class=\"elementor-element elementor-element-b565df9 elementor-position-top elementor-vertical-align-top elementor-widget elementor-widget-image-box\" data-id=\"b565df9\" data-element_type=\"widget\" data-widget_type=\"image-box.default\">\n\t\t\t\t<div class=\"elementor-widget-container\">\n\t\t\t<div class=\"elementor-image-box-wrapper\"><figure class=\"elementor-image-box-img\"><a href=\"https:\/\/www.fuyaogroup.eu\/\"><img width=\"418\" height=\"258\" src=\"https:\/\/chk-de.org\/app\/uploads\/2021\/07\/YK-LAW-Logo.png\" class=\"attachment-full size-full\" alt=\"\" loading=\"lazy\" srcset=\"https:\/\/chk-de.org\/app\/uploads\/2021\/07\/YK-LAW-Logo.png 418w, https:\/\/chk-de.org\/app\/uploads\/2021\/07\/YK-LAW-Logo-300x185.png 300w\" sizes=\"(max-width: 418px) 100vw, 418px\" \/><\/a><\/figure><div class=\"elementor-image-box-content\"><h3 class=\"elementor-image-box-title\"><a href=\"https:\/\/www.fuyaogroup.eu\/\">YK Law Rechtsanwaltsgesellschaft mbh<\/a><\/h3><\/div><\/div>\t\t<\/div>\n\t\t\t\t<\/div>\n\t\t\t\t\t<\/div>\n\t\t<\/div>\n\t\t\t\t<div class=\"dis-fl col-12 col-3--medium elementor-column elementor-col-25 elementor-top-column elementor-element elementor-element-d93d742  gut\" data-id=\"d93d742\" data-element_type=\"column\">\n\t\t\t<div class=\"elementor-widget-wrap elementor-element-populated\">\n\t\t\t\t\t\t\t\t<div class=\"elementor-element elementor-element-3fd144f elementor-position-top elementor-vertical-align-top elementor-widget elementor-widget-image-box\" data-id=\"3fd144f\" data-element_type=\"widget\" data-widget_type=\"image-box.default\">\n\t\t\t\t<div class=\"elementor-widget-container\">\n\t\t\t<div class=\"elementor-image-box-wrapper\"><figure class=\"elementor-image-box-img\"><a href=\"https:\/\/www.geekplus.com\/\"><img width=\"418\" height=\"258\" src=\"https:\/\/chk-de.org\/app\/uploads\/2021\/07\/Sungrow-Logo.png\" class=\"attachment-full size-full\" alt=\"\" loading=\"lazy\" srcset=\"https:\/\/chk-de.org\/app\/uploads\/2021\/07\/Sungrow-Logo.png 418w, https:\/\/chk-de.org\/app\/uploads\/2021\/07\/Sungrow-Logo-300x185.png 300w\" sizes=\"(max-width: 418px) 100vw, 418px\" \/><\/a><\/figure><div class=\"elementor-image-box-content\"><h3 class=\"elementor-image-box-title\"><a href=\"https:\/\/www.geekplus.com\/\">Sungrow Deutschland GmbH<\/a><\/h3><\/div><\/div>\t\t<\/div>\n\t\t\t\t<\/div>\n\t\t\t\t\t<\/div>\n\t\t<\/div>\n\t\t\t\t<div class=\"dis-fl col-12 col-3--medium elementor-column elementor-col-25 elementor-top-column elementor-element elementor-element-c66c4ec  gut\" data-id=\"c66c4ec\" data-element_type=\"column\">\n\t\t\t<div class=\"elementor-widget-wrap elementor-element-populated\">\n\t\t\t\t\t\t\t\t<div class=\"elementor-element elementor-element-dfd4364 elementor-position-top elementor-vertical-align-top elementor-widget elementor-widget-image-box\" data-id=\"dfd4364\" data-element_type=\"widget\" data-widget_type=\"image-box.default\">\n\t\t\t\t<div class=\"elementor-widget-container\">\n\t\t\t<div class=\"elementor-image-box-wrapper\"><figure class=\"elementor-image-box-img\"><a href=\"https:\/\/en.gritworld.com\/\"><img width=\"418\" height=\"258\" src=\"https:\/\/chk-de.org\/app\/uploads\/2021\/07\/Pearl-River-Piano-Logo.png\" class=\"attachment-full size-full\" alt=\"\" loading=\"lazy\" srcset=\"https:\/\/chk-de.org\/app\/uploads\/2021\/07\/Pearl-River-Piano-Logo.png 418w, https:\/\/chk-de.org\/app\/uploads\/2021\/07\/Pearl-River-Piano-Logo-300x185.png 300w\" sizes=\"(max-width: 418px) 100vw, 418px\" \/><\/a><\/figure><div class=\"elementor-image-box-content\"><h3 class=\"elementor-image-box-title\"><a href=\"https:\/\/en.gritworld.com\/\">Pearl River Piano Group Europe GmbH<\/a><\/h3><\/div><\/div>\t\t<\/div>\n\t\t\t\t<\/div>\n\t\t\t\t\t<\/div>\n\t\t<\/div>\n\t\t\t\t<div class=\"dis-fl col-12 col-3--medium elementor-column elementor-col-25 elementor-top-column elementor-element elementor-element-2339e49  gut\" data-id=\"2339e49\" data-element_type=\"column\">\n\t\t\t<div class=\"elementor-widget-wrap elementor-element-populated\">\n\t\t\t\t\t\t\t\t<div class=\"elementor-element elementor-element-05ec528 elementor-position-top elementor-vertical-align-top elementor-widget elementor-widget-image-box\" data-id=\"05ec528\" data-element_type=\"widget\" data-widget_type=\"image-box.default\">\n\t\t\t\t<div class=\"elementor-widget-container\">\n\t\t\t<div class=\"elementor-image-box-wrapper\"><figure class=\"elementor-image-box-img\"><a href=\"https:\/\/www.colorfly.eu\/de\/\"><img width=\"418\" height=\"258\" src=\"https:\/\/chk-de.org\/app\/uploads\/2021\/07\/SHAC-Logo.png\" class=\"attachment-full size-full\" alt=\"\" loading=\"lazy\" srcset=\"https:\/\/chk-de.org\/app\/uploads\/2021\/07\/SHAC-Logo.png 418w, https:\/\/chk-de.org\/app\/uploads\/2021\/07\/SHAC-Logo-300x185.png 300w\" sizes=\"(max-width: 418px) 100vw, 418px\" \/><\/a><\/figure><div class=\"elementor-image-box-content\"><h3 class=\"elementor-image-box-title\"><a href=\"https:\/\/www.colorfly.eu\/de\/\">Huizhong Automotive Chassis System Germany GmbH<\/a><\/h3><\/div><\/div>\t\t<\/div>\n\t\t\t\t<\/div>\n\t\t\t\t\t<\/div>\n\t\t<\/div>\n\t\t\t\t\t\t\t<\/div>\n\t\t<\/section>\n\t\t\t\t<section class=\"elementor-section elementor-top-section elementor-element elementor-element-e110089 is-yes elementor-section-boxed elementor-section-height-default elementor-section-height-default\" data-id=\"e110089\" data-element_type=\"section\">\n\t\t\t\t\t\t<div class=\"elementor-container elementor-column-gap-default\">\n\t\t\t\t\t<div class=\"dis-fl col-12 col-3--medium elementor-column elementor-col-25 elementor-top-column elementor-element elementor-element-5baa1e3  gut\" data-id=\"5baa1e3\" data-element_type=\"column\">\n\t\t\t<div class=\"elementor-widget-wrap elementor-element-populated\">\n\t\t\t\t\t\t\t\t<div class=\"elementor-element elementor-element-dc6b62c elementor-position-top elementor-vertical-align-top elementor-widget elementor-widget-image-box\" data-id=\"dc6b62c\" data-element_type=\"widget\" data-widget_type=\"image-box.default\">\n\t\t\t\t<div class=\"elementor-widget-container\">\n\t\t\t<div class=\"elementor-image-box-wrapper\"><figure class=\"elementor-image-box-img\"><a href=\"https:\/\/www.vivo.com\/de\"><img width=\"418\" height=\"258\" src=\"https:\/\/chk-de.org\/app\/uploads\/2021\/07\/Artisian-Food.png\" class=\"attachment-full size-full\" alt=\"\" loading=\"lazy\" srcset=\"https:\/\/chk-de.org\/app\/uploads\/2021\/07\/Artisian-Food.png 418w, https:\/\/chk-de.org\/app\/uploads\/2021\/07\/Artisian-Food-300x185.png 300w\" sizes=\"(max-width: 418px) 100vw, 418px\" \/><\/a><\/figure><div class=\"elementor-image-box-content\"><h3 class=\"elementor-image-box-title\"><a href=\"https:\/\/www.vivo.com\/de\">Artisian Food GmbH<\/a><\/h3><\/div><\/div>\t\t<\/div>\n\t\t\t\t<\/div>\n\t\t\t\t\t<\/div>\n\t\t<\/div>\n\t\t\t\t<div class=\"dis-fl col-12 col-3--medium elementor-column elementor-col-25 elementor-top-column elementor-element elementor-element-95cece2  gut\" data-id=\"95cece2\" data-element_type=\"column\">\n\t\t\t<div class=\"elementor-widget-wrap elementor-element-populated\">\n\t\t\t\t\t\t\t\t<div class=\"elementor-element elementor-element-75480e7 elementor-position-top elementor-vertical-align-top elementor-widget elementor-widget-image-box\" data-id=\"75480e7\" data-element_type=\"widget\" data-widget_type=\"image-box.default\">\n\t\t\t\t<div class=\"elementor-widget-container\">\n\t\t\t<div class=\"elementor-image-box-wrapper\"><figure class=\"elementor-image-box-img\"><img width=\"418\" height=\"258\" src=\"https:\/\/chk-de.org\/app\/uploads\/2021\/07\/well-idea-logo.png\" class=\"attachment-full size-full\" alt=\"\" loading=\"lazy\" srcset=\"https:\/\/chk-de.org\/app\/uploads\/2021\/07\/well-idea-logo.png 418w, https:\/\/chk-de.org\/app\/uploads\/2021\/07\/well-idea-logo-300x185.png 300w\" sizes=\"(max-width: 418px) 100vw, 418px\" \/><\/figure><div class=\"elementor-image-box-content\"><h3 class=\"elementor-image-box-title\">Shanghai Well-ideal Industrial Automation Co., Ltd.<\/h3><\/div><\/div>\t\t<\/div>\n\t\t\t\t<\/div>\n\t\t\t\t\t<\/div>\n\t\t<\/div>\n\t\t\t\t<div class=\"dis-fl col-12 col-3--medium elementor-column elementor-col-25 elementor-top-column elementor-element elementor-element-ce23c65  gut\" data-id=\"ce23c65\" data-element_type=\"column\">\n\t\t\t<div class=\"elementor-widget-wrap elementor-element-populated\">\n\t\t\t\t\t\t\t\t<div class=\"elementor-element elementor-element-8669c29 elementor-position-top elementor-vertical-align-top elementor-widget elementor-widget-image-box\" data-id=\"8669c29\" data-element_type=\"widget\" data-widget_type=\"image-box.default\">\n\t\t\t\t<div class=\"elementor-widget-container\">\n\t\t\t<div class=\"elementor-image-box-wrapper\"><figure class=\"elementor-image-box-img\"><a href=\"https:\/\/www.tuv.com\/germany\/de\/\"><img width=\"350\" height=\"210\" src=\"https:\/\/chk-de.org\/app\/uploads\/2021\/04\/TU\u0308V.png\" class=\"attachment-full size-full\" alt=\"\" loading=\"lazy\" srcset=\"https:\/\/chk-de.org\/app\/uploads\/2021\/04\/TU\u0308V.png 350w, https:\/\/chk-de.org\/app\/uploads\/2021\/04\/TU\u0308V-300x180.png 300w\" sizes=\"(max-width: 350px) 100vw, 350px\" \/><\/a><\/figure><div class=\"elementor-image-box-content\"><h3 class=\"elementor-image-box-title\"><a href=\"https:\/\/www.tuv.com\/germany\/de\/\">T\u00dcV Rheinland<\/a><\/h3><\/div><\/div>\t\t<\/div>\n\t\t\t\t<\/div>\n\t\t\t\t\t<\/div>\n\t\t<\/div>\n\t\t\t\t<div class=\"dis-fl col-12 col-3--medium elementor-column elementor-col-25 elementor-top-column elementor-element elementor-element-ccbda69  gut\" data-id=\"ccbda69\" data-element_type=\"column\">\n\t\t\t<div class=\"elementor-widget-wrap elementor-element-populated\">\n\t\t\t\t\t\t\t\t<div class=\"elementor-element elementor-element-9cde43c elementor-position-top elementor-vertical-align-top elementor-widget elementor-widget-image-box\" data-id=\"9cde43c\" data-element_type=\"widget\" data-widget_type=\"image-box.default\">\n\t\t\t\t<div class=\"elementor-widget-container\">\n\t\t\t<div class=\"elementor-image-box-wrapper\"><figure class=\"elementor-image-box-img\"><a href=\"https:\/\/www.tuv.com\/germany\/de\/\"><img width=\"420\" height=\"262\" src=\"https:\/\/chk-de.org\/app\/uploads\/2021\/04\/Ergo-2.png\" class=\"attachment-full size-full\" alt=\"\" loading=\"lazy\" srcset=\"https:\/\/chk-de.org\/app\/uploads\/2021\/04\/Ergo-2.png 420w, https:\/\/chk-de.org\/app\/uploads\/2021\/04\/Ergo-2-300x187.png 300w\" sizes=\"(max-width: 420px) 100vw, 420px\" \/><\/a><\/figure><div class=\"elementor-image-box-content\"><h3 class=\"elementor-image-box-title\"><a href=\"https:\/\/www.tuv.com\/germany\/de\/\">Ergo Beratung und Vertrieb AG<\/a><\/h3><\/div><\/div>\t\t<\/div>\n\t\t\t\t<\/div>\n\t\t\t\t\t<\/div>\n\t\t<\/div>\n\t\t\t\t\t\t\t<\/div>\n\t\t<\/section>\n\t\t\t\t<section class=\"elementor-section elementor-top-section elementor-element elementor-element-2c0c83d is-yes elementor-section-boxed elementor-section-height-default elementor-section-height-default\" data-id=\"2c0c83d\" data-element_type=\"section\">\n\t\t\t\t\t\t<div class=\"elementor-container elementor-column-gap-default\">\n\t\t\t\t\t<div class=\"dis-fl col-12 col-12--medium elementor-column elementor-col-100 elementor-top-column elementor-element elementor-element-9e5fb36  gut\" data-id=\"9e5fb36\" data-element_type=\"column\">\n\t\t\t<div class=\"elementor-widget-wrap elementor-element-populated\">\n\t\t\t\t\t\t\t\t<div class=\"elementor-element elementor-element-daa916d lh-3 co-black elementor-widget elementor-widget-text-block\" data-id=\"daa916d\" data-element_type=\"widget\" data-widget_type=\"text-block.default\">\n\t\t\t\t<div class=\"elementor-widget-container\">\n\t\t\t\n\n<div class=\"elementor-text-editor\"><p>\u00a0<\/p><p><strong>weitere:<\/strong><\/p><p>FetchAuto GmbH<\/p><p>Bavarian Lightweight Components GmbH<\/p><p>SAIC Motor Deutschland GMBH<\/p><p>SBS Ecolean GmbH<\/p><p>Kunshan Guoli Yuan Tong New Energy Technology Co., Ltd.<\/p><p>Jiaxin Wein &amp; Spirituosen GmbH<\/p><\/div>\t\t<\/div>\n\t\t\t\t<\/div>\n\t\t\t\t\t<\/div>\n\t\t<\/div>\n\t\t\t\t\t\t\t<\/div>\n\t\t<\/section>\n\t\t\t\t<section class=\"elementor-section elementor-top-section elementor-element elementor-element-1d2d71a is-yes elementor-section-boxed elementor-section-height-default elementor-section-height-default\" data-id=\"1d2d71a\" data-element_type=\"section\">\n\t\t\t\t\t\t<div class=\"elementor-container elementor-column-gap-default\">\n\t\t\t\t\t<div class=\"dis-fl col-12 col-12--medium elementor-column elementor-col-100 elementor-top-column elementor-element elementor-element-f1965f0  gut\" data-id=\"f1965f0\" data-element_type=\"column\">\n\t\t\t<div class=\"elementor-widget-wrap elementor-element-populated\">\n\t\t\t\t\t\t\t\t<div class=\"elementor-element elementor-element-e42c2a1 elementor-widget-divider--view-line elementor-widget elementor-widget-divider\" data-id=\"e42c2a1\" data-element_type=\"widget\" data-widget_type=\"divider.default\">\n\t\t\t\t<div class=\"elementor-widget-container\">\n\t\t\t\t\t<div class=\"elementor-divider\">\n\t\t\t<span class=\"elementor-divider-separator\">\n\t\t\t\t\t\t<\/span>\n\t\t<\/div>\n\t\t\t\t<\/div>\n\t\t\t\t<\/div>\n\t\t\t\t\t<\/div>\n\t\t<\/div>\n\t\t\t\t\t\t\t<\/div>\n\t\t<\/section>\n\t\t\t\t<section class=\"elementor-section elementor-top-section elementor-element elementor-element-4ac1d00 is-yes elementor-section-boxed elementor-section-height-default elementor-section-height-default\" data-id=\"4ac1d00\" data-element_type=\"section\">\n\t\t\t\t\t\t<div class=\"elementor-container elementor-column-gap-default\">\n\t\t\t\t\t<div class=\"dis-fl col-12 col-12--medium elementor-column elementor-col-100 elementor-top-column elementor-element elementor-element-19d4396  gut\" data-id=\"19d4396\" data-element_type=\"column\">\n\t\t\t<div class=\"elementor-widget-wrap elementor-element-populated\">\n\t\t\t\t\t\t\t\t<div class=\"elementor-element elementor-element-14cb468 lh-3 co-black elementor-widget elementor-widget-text-block\" data-id=\"14cb468\" data-element_type=\"widget\" data-widget_type=\"text-block.default\">\n\t\t\t\t<div class=\"elementor-widget-container\">\n\t\t\t\n\n<div class=\"elementor-text-editor\"><p>Die Chinesische Handelskammer in Deutschland e. V. (CHKD) ist die erste Au\u00dfenhandelskammer Chinas in Europa und die offizielle Vertretung der chinesischen Wirtschaft in Deutschland. Die Handelskammer vertritt die Interessen ihrer \u00fcber 350 Mitgliedsunternehmen, von denen rund die H\u00e4lfte zu den 500 wirtschaftsst\u00e4rksten Unternehmen Chinas geh\u00f6ren, gegen\u00fcber der deutschen Politik, Wirtschaft und Gesellschaft.\u00a0<\/p><p>\u00a0<\/p><p>Das Ziel ist die St\u00e4rkung der wirtschaftlichen Zusammenarbeit zwischen China und Deutschland. Im gr\u00f6\u00dften Netzwerk chinesischer Unternehmen in Deutschland sind au\u00dferdem deutsche Wirtschaftsf\u00f6rderungen auf Landesebene, Industrie- und Handelskammern mit China-Schwerpunkt und namhafte deutsche Unternehmen als F\u00f6rdermitglieder sowie weitere langj\u00e4hrige Partner aktiv.<\/p><\/div>\t\t<\/div>\n\t\t\t\t<\/div>\n\t\t\t\t\t<\/div>\n\t\t<\/div>\n\t\t\t\t\t\t\t<\/div>\n\t\t<\/section>\n\t\t\t\t<section class=\"elementor-section elementor-top-section elementor-element elementor-element-c2b91d3 is-yes elementor-section-boxed elementor-section-height-default elementor-section-height-default\" data-id=\"c2b91d3\" data-element_type=\"section\">\n\t\t\t\t\t\t<div class=\"elementor-container elementor-column-gap-default\">\n\t\t\t\t\t<div class=\"dis-fl col-12 col-12--medium elementor-column elementor-col-100 elementor-top-column elementor-element elementor-element-6cfaf3c  gut\" data-id=\"6cfaf3c\" data-element_type=\"column\">\n\t\t\t<div class=\"elementor-widget-wrap elementor-element-populated\">\n\t\t\t\t\t\t\t\t<div class=\"elementor-element elementor-element-6800fd8 elementor-widget-divider--view-line elementor-widget elementor-widget-divider\" data-id=\"6800fd8\" data-element_type=\"widget\" data-widget_type=\"divider.default\">\n\t\t\t\t<div class=\"elementor-widget-container\">\n\t\t\t\t\t<div class=\"elementor-divider\">\n\t\t\t<span class=\"elementor-divider-separator\">\n\t\t\t\t\t\t<\/span>\n\t\t<\/div>\n\t\t\t\t<\/div>\n\t\t\t\t<\/div>\n\t\t\t\t\t<\/div>\n\t\t<\/div>\n\t\t\t\t\t\t\t<\/div>\n\t\t<\/section>\n\t\t\t\t<section class=\"elementor-section elementor-top-section elementor-element elementor-element-a158ed5 is-yes elementor-section-boxed elementor-section-height-default elementor-section-height-default\" data-id=\"a158ed5\" data-element_type=\"section\">\n\t\t\t\t\t\t<div class=\"elementor-container elementor-column-gap-default\">\n\t\t\t\t\t<div class=\"dis-fl col-12 col-12--medium elementor-column elementor-col-100 elementor-top-column elementor-element elementor-element-004fa23  gut\" data-id=\"004fa23\" data-element_type=\"column\">\n\t\t\t<div class=\"elementor-widget-wrap elementor-element-populated\">\n\t\t\t\t\t\t\t\t<div class=\"elementor-element elementor-element-37e7712 pad-b-1 elementor-widget elementor-widget-header\" data-id=\"37e7712\" data-element_type=\"widget\" data-widget_type=\"header.default\">\n\t\t\t\t<div class=\"elementor-widget-container\">\n\t\t\t<h2 class=\"heading\">\n    <span class=\"fontw-l has-divider lh-3 size-5\">Kontakt<\/span>\n  <div class=\"heading__divider pad-t-2\" aria-hidden><svg width=\"90\" height=\"2\" viewBox=\"0 0 90 2\" xmlns=\"http:\/\/www.w3.org\/2000\/svg\"><line x1=\"0\" y1=\"1\" x2=\"90\" y2=\"1\" stroke-width=\"2\" \/><\/svg><\/div><\/h2>\t\t<\/div>\n\t\t\t\t<\/div>\n\t\t\t\t\t<\/div>\n\t\t<\/div>\n\t\t\t\t\t\t\t<\/div>\n\t\t<\/section>\n\t\t\t\t<section class=\"elementor-section elementor-top-section elementor-element elementor-element-44cb2e4 is-yes elementor-section-boxed elementor-section-height-default elementor-section-height-default\" data-id=\"44cb2e4\" data-element_type=\"section\">\n\t\t\t\t\t\t<div class=\"elementor-container elementor-column-gap-default\">\n\t\t\t\t\t<div class=\"dis-fl col-12 col-12--medium elementor-column elementor-col-100 elementor-top-column elementor-element elementor-element-6fecb7d  gut\" data-id=\"6fecb7d\" data-element_type=\"column\">\n\t\t\t<div class=\"elementor-widget-wrap elementor-element-populated\">\n\t\t\t\t\t\t\t\t<div class=\"elementor-element elementor-element-1cb7d06 lh-3 co-black elementor-widget elementor-widget-text-block\" data-id=\"1cb7d06\" data-element_type=\"widget\" data-widget_type=\"text-block.default\">\n\t\t\t\t<div class=\"elementor-widget-container\">\n\t\t\t\n\n<div class=\"elementor-text-editor\"><p>Die Chinesische Handelskammer in Deutschland e. V. (CHKD)<\/p><p>Gesch\u00e4ftsstelle<\/p><p>+49 (0)30 209175 22<\/p><p><a href=\"mailto:info@chk-de.org\">info[at]chk-de.org<\/a><\/p><\/div>\t\t<\/div>\n\t\t\t\t<\/div>\n\t\t\t\t\t<\/div>\n\t\t<\/div>\n\t\t\t\t\t\t\t<\/div>\n\t\t<\/section>\n\t\t\t\t\t\t<\/div>\n\t\t\t\t\t<\/div>\n\t\t","protected":false},"excerpt":{"rendered":"<p>Hier finden Sie eine Auflistung der neuesten Mitgliedsunternehmen der CHKD: YK Law Rechtsanwaltsgesellschaft mbh Sungrow Deutschland GmbH Pearl River Piano Group Europe GmbH Huizhong Automotive Chassis System Germany GmbH Artisian Food GmbH Shanghai Well-ideal Industrial Automation Co., Ltd. T\u00dcV Rheinland Ergo Beratung und Vertrieb AG \u00a0 weitere: FetchAuto GmbH Bavarian Lightweight Components GmbH SAIC Motor [&hellip;]<\/p>\n","protected":false},"author":6,"featured_media":0,"parent":0,"menu_order":0,"comment_status":"closed","ping_status":"closed","template":"template-page--sidebarless.php","meta":[],"_links":{"self":[{"href":"https:\/\/chk-de.org\/de\/wp-json\/wp\/v2\/pages\/73105"}],"collection":[{"href":"https:\/\/chk-de.org\/de\/wp-json\/wp\/v2\/pages"}],"about":[{"href":"https:\/\/chk-de.org\/de\/wp-json\/wp\/v2\/types\/page"}],"author":[{"embeddable":true,"href":"https:\/\/chk-de.org\/de\/wp-json\/wp\/v2\/users\/6"}],"replies":[{"embeddable":true,"href":"https:\/\/chk-de.org\/de\/wp-json\/wp\/v2\/comments?post=73105"}],"version-history":[{"count":15,"href":"https:\/\/chk-de.org\/de\/wp-json\/wp\/v2\/pages\/73105\/revisions"}],"predecessor-version":[{"id":77256,"href":"https:\/\/chk-de.org\/de\/wp-json\/wp\/v2\/pages\/73105\/revisions\/77256"}],"wp:attachment":[{"href":"https:\/\/chk-de.org\/de\/wp-json\/wp\/v2\/media?parent=73105"}],"curies":[{"name":"wp","href":"https:\/\/api.w.org\/{rel}","templated":true}]}}