{"id":72778,"date":"2021-01-28T18:38:13","date_gmt":"2021-01-28T17:38:13","guid":{"rendered":"https:\/\/chk-de.org\/?page_id=72778"},"modified":"2025-03-28T11:01:32","modified_gmt":"2025-03-28T10:01:32","slug":"chkd-mediadaten","status":"publish","type":"page","link":"https:\/\/chk-de.org\/de\/chkd-mediadaten\/","title":{"rendered":"CHKD Mediadaten"},"content":{"rendered":"\t\t<div data-elementor-type=\"wp-page\" data-elementor-id=\"72778\" class=\"elementor elementor-72778\" data-elementor-settings=\"[]\">\n\t\t\t\t\t\t\t<div class=\"elementor-section-wrap\">\n\t\t\t\t\t\t\t<section class=\"elementor-section elementor-top-section elementor-element elementor-element-e3358f3 is-yes elementor-section-boxed elementor-section-height-default elementor-section-height-default\" data-id=\"e3358f3\" data-element_type=\"section\">\n\t\t\t\t\t\t<div class=\"elementor-container elementor-column-gap-default\">\n\t\t\t\t\t<div class=\"dis-fl col-12 col-12--medium elementor-column elementor-col-100 elementor-top-column elementor-element elementor-element-4392fc0  gut\" data-id=\"4392fc0\" data-element_type=\"column\">\n\t\t\t<div class=\"elementor-widget-wrap elementor-element-populated\">\n\t\t\t\t\t\t\t\t<div class=\"elementor-element elementor-element-1ff45d7 lh-3 co-black elementor-widget elementor-widget-text-block\" data-id=\"1ff45d7\" data-element_type=\"widget\" data-widget_type=\"text-block.default\">\n\t\t\t\t<div class=\"elementor-widget-container\">\n\t\t\t\n\n<div class=\"elementor-text-editor\"><p class=\"p1\"><b>Die Chinesische Handelskammer in Deutschland e. V. (CHKD)<\/b> ist die erste Au\u00dfenhandelskammer Chinas in Europa und vertritt die Interessen ihrer \u00fcber <strong>40<\/strong><b>0 Mitgliedsunternehmen<\/b>. Im gr\u00f6\u00dften Netzwerk chinesischer Unternehmen in Deutschland sind au\u00dferdem deutsche Wirtschaftsf\u00f6rderungen auf Landesebene, Industrie- und Handelskammern mit China-Schwerpunkt und namhafte deutsche Unternehmen als F\u00f6rdermitglieder und langj\u00e4hrige Partner aktiv.<\/p><p>\u00a0<\/p><p class=\"p1\">Seit jeher bietet die CHKD chinesischen Unternehmen eine starke Plattform f\u00fcr ganzheitliche Kommunikationsl\u00f6sungen gegen\u00fcber Stakeholdern und relevanten Zielgruppen aus Wirtschaft, Politik, Medien und der breiten \u00d6ffentlichkeit in Deutschland. Aber auch deutsche Unternehmen profitieren von der breiten Auswahl an Kommunikationskan\u00e4len, darunter:<\/p><p>\u00a0<\/p><p class=\"p1\">&#8211; Print<b><span class=\"Apple-converted-space\">\u00a0<\/span><\/b><\/p><p class=\"p1\">&#8211; Online<b> (E-Magazin, Homepage, Newsletter)<span class=\"Apple-converted-space\">\u00a0<\/span><\/b><\/p><p class=\"p1\">&#8211; Social Media <b>(LinkedIn, WeChat).<\/b><span class=\"Apple-converted-space\">\u00a0<\/span><\/p><p>\u00a0<\/p><p class=\"p1\">Das zweisprachige Angebot (Chinesisch\/Deutsch) richtet sich an Entscheidungstr\u00e4ger chinesischer Unternehmen, die bereits in Deutschland aktiv sind oder ein Interesse an einem Engagement in Deutschland haben, an deutsche Unternehmen mit Chinabezug sowie an Vertreter aus Verb\u00e4nden, Politik, Gesellschaft und Medien beider L\u00e4nder.<span class=\"Apple-converted-space\">\u00a0<\/span><\/p><p class=\"p1\">Die Kommunikationskan\u00e4le der CHKD k\u00f6nnen Sie individuell, langfristig oder auch projektbezogen f\u00fcr die Bed\u00fcrfnisse Ihres Unternehmens und Ihrer Kundengruppen nutzen.<span class=\"Apple-converted-space\">\u00a0<\/span><\/p><p class=\"p1\"><b>Sprechen Sie uns an!<\/b><\/p><\/div>\t\t<\/div>\n\t\t\t\t<\/div>\n\t\t\t\t\t<\/div>\n\t\t<\/div>\n\t\t\t\t\t\t\t<\/div>\n\t\t<\/section>\n\t\t\t\t<section class=\"elementor-section elementor-top-section elementor-element elementor-element-87a140d is-yes elementor-section-boxed elementor-section-height-default elementor-section-height-default\" data-id=\"87a140d\" data-element_type=\"section\">\n\t\t\t\t\t\t<div class=\"elementor-container elementor-column-gap-default\">\n\t\t\t\t\t<div class=\"dis-fl col-12 col-12--medium elementor-column elementor-col-100 elementor-top-column elementor-element elementor-element-107479f  gut\" data-id=\"107479f\" data-element_type=\"column\">\n\t\t\t<div class=\"elementor-widget-wrap elementor-element-populated\">\n\t\t\t\t\t\t\t\t<div class=\"elementor-element elementor-element-3347014 elementor-widget elementor-widget-spacer\" data-id=\"3347014\" data-element_type=\"widget\" data-widget_type=\"spacer.default\">\n\t\t\t\t<div class=\"elementor-widget-container\">\n\t\t\t\t\t<div class=\"elementor-spacer\">\n\t\t\t<div class=\"elementor-spacer-inner\"><\/div>\n\t\t<\/div>\n\t\t\t\t<\/div>\n\t\t\t\t<\/div>\n\t\t\t\t\t<\/div>\n\t\t<\/div>\n\t\t\t\t\t\t\t<\/div>\n\t\t<\/section>\n\t\t\t\t<section class=\"elementor-section elementor-top-section elementor-element elementor-element-a155b6c is-yes elementor-section-boxed elementor-section-height-default elementor-section-height-default\" data-id=\"a155b6c\" data-element_type=\"section\">\n\t\t\t\t\t\t<div class=\"elementor-container elementor-column-gap-default\">\n\t\t\t\t\t<div class=\"dis-fl col-12 col-12--medium elementor-column elementor-col-100 elementor-top-column elementor-element elementor-element-9543673  gut\" data-id=\"9543673\" data-element_type=\"column\">\n\t\t\t<div class=\"elementor-widget-wrap elementor-element-populated\">\n\t\t\t\t\t\t\t\t<div class=\"elementor-element elementor-element-7777ba8 elementor-widget elementor-widget-image\" data-id=\"7777ba8\" data-element_type=\"widget\" data-widget_type=\"image.default\">\n\t\t\t\t<div class=\"elementor-widget-container\">\n\t\t\t\t\t\t\t\t\t\t\t\t\t\t\t\t<a href=\"https:\/\/chk-de.org\/app\/uploads\/2025\/03\/Mediadaten-2025_Kopie_Ansicht.pdf\">\n\t\t\t\t\t\t\t<img width=\"768\" height=\"541\" src=\"https:\/\/chk-de.org\/app\/uploads\/2025\/03\/Bildschirmfoto-2025-03-28-um-11.00.36-768x541.png\" class=\"elementor-animation-grow attachment-medium_large size-medium_large\" alt=\"\" loading=\"lazy\" srcset=\"https:\/\/chk-de.org\/app\/uploads\/2025\/03\/Bildschirmfoto-2025-03-28-um-11.00.36-768x541.png 768w, https:\/\/chk-de.org\/app\/uploads\/2025\/03\/Bildschirmfoto-2025-03-28-um-11.00.36-300x211.png 300w, https:\/\/chk-de.org\/app\/uploads\/2025\/03\/Bildschirmfoto-2025-03-28-um-11.00.36-1024x721.png 1024w, https:\/\/chk-de.org\/app\/uploads\/2025\/03\/Bildschirmfoto-2025-03-28-um-11.00.36-1536x1081.png 1536w, https:\/\/chk-de.org\/app\/uploads\/2025\/03\/Bildschirmfoto-2025-03-28-um-11.00.36.png 1764w\" sizes=\"(max-width: 768px) 100vw, 768px\" \/>\t\t\t\t\t\t\t\t<\/a>\n\t\t\t\t\t\t\t\t\t\t\t\t\t\t\t<\/div>\n\t\t\t\t<\/div>\n\t\t\t\t\t<\/div>\n\t\t<\/div>\n\t\t\t\t\t\t\t<\/div>\n\t\t<\/section>\n\t\t\t\t\t\t<\/div>\n\t\t\t\t\t<\/div>\n\t\t","protected":false},"excerpt":{"rendered":"<p>Die Chinesische Handelskammer in Deutschland e. V. (CHKD) ist die erste Au\u00dfenhandelskammer Chinas in Europa und vertritt die Interessen ihrer \u00fcber 400 Mitgliedsunternehmen. Im gr\u00f6\u00dften Netzwerk chinesischer Unternehmen in Deutschland sind au\u00dferdem deutsche Wirtschaftsf\u00f6rderungen auf Landesebene, Industrie- und Handelskammern mit China-Schwerpunkt und namhafte deutsche Unternehmen als F\u00f6rdermitglieder und langj\u00e4hrige Partner aktiv. \u00a0 Seit jeher bietet [&hellip;]<\/p>\n","protected":false},"author":6,"featured_media":0,"parent":0,"menu_order":0,"comment_status":"closed","ping_status":"closed","template":"","meta":[],"_links":{"self":[{"href":"https:\/\/chk-de.org\/de\/wp-json\/wp\/v2\/pages\/72778"}],"collection":[{"href":"https:\/\/chk-de.org\/de\/wp-json\/wp\/v2\/pages"}],"about":[{"href":"https:\/\/chk-de.org\/de\/wp-json\/wp\/v2\/types\/page"}],"author":[{"embeddable":true,"href":"https:\/\/chk-de.org\/de\/wp-json\/wp\/v2\/users\/6"}],"replies":[{"embeddable":true,"href":"https:\/\/chk-de.org\/de\/wp-json\/wp\/v2\/comments?post=72778"}],"version-history":[{"count":26,"href":"https:\/\/chk-de.org\/de\/wp-json\/wp\/v2\/pages\/72778\/revisions"}],"predecessor-version":[{"id":89788,"href":"https:\/\/chk-de.org\/de\/wp-json\/wp\/v2\/pages\/72778\/revisions\/89788"}],"wp:attachment":[{"href":"https:\/\/chk-de.org\/de\/wp-json\/wp\/v2\/media?parent=72778"}],"curies":[{"name":"wp","href":"https:\/\/api.w.org\/{rel}","templated":true}]}}