{"id":70602,"date":"2020-07-08T11:15:35","date_gmt":"2020-07-08T09:15:35","guid":{"rendered":"https:\/\/chk-de.org\/?page_id=70602"},"modified":"2020-07-09T11:13:31","modified_gmt":"2020-07-09T09:13:31","slug":"datenschutz","status":"publish","type":"page","link":"https:\/\/chk-de.org\/de\/datenschutz\/","title":{"rendered":"Datenschutz"},"content":{"rendered":"\t\t<div data-elementor-type=\"wp-page\" data-elementor-id=\"70602\" class=\"elementor elementor-70602 elementor-bc-flex-widget\" data-elementor-settings=\"[]\">\n\t\t\t\t\t\t\t<div class=\"elementor-section-wrap\">\n\t\t\t\t\t\t\t<section class=\"elementor-section elementor-top-section elementor-element elementor-element-bead3c2 is-yes elementor-section-boxed elementor-section-height-default elementor-section-height-default\" data-id=\"bead3c2\" data-element_type=\"section\">\n\t\t\t\t\t\t<div class=\"elementor-container elementor-column-gap-default\">\n\t\t\t\t\t<div class=\"dis-fl col-12 col-12--medium elementor-column elementor-col-100 elementor-top-column elementor-element elementor-element-2de07c2  gut\" data-id=\"2de07c2\" data-element_type=\"column\">\n\t\t\t<div class=\"elementor-widget-wrap elementor-element-populated\">\n\t\t\t\t\t\t\t\t<div class=\"elementor-element elementor-element-4621a1a lh-3 co-black elementor-widget elementor-widget-text-block\" data-id=\"4621a1a\" data-element_type=\"widget\" data-widget_type=\"text-block.default\">\n\t\t\t\t<div class=\"elementor-widget-container\">\n\t\t\t\n\n<div class=\"elementor-text-editor\"><p><strong>Datenschutz<\/strong><\/p><p>\u00a0<\/p><p>Diese Datenschutzerkl\u00e4rung kl\u00e4rt Sie \u00fcber die Art, den Umfang und Zweck der Verarbeitung von personenbezogenen Daten (nachfolgend kurz \u201eDaten\u201c) innerhalb unseres Onlineangebotes und der mit ihm verbundenen Webseiten, Funktionen und Inhalte sowie externen Onlinepr\u00e4senzen, wie z.B. unser Social Media Profile auf. (nachfolgend gemeinsam bezeichnet als \u201eOnlineangebot\u201c). Im Hinblick auf die verwendeten Begrifflichkeiten, wie z.B. \u201epersonenbezogene Daten\u201c oder deren \u201eVerarbeitung\u201c verweisen wir auf die Definitionen im Art. 4 der Datenschutzgrundverordnung (DSGVO).<\/p><p>\u00a0<\/p><p>Arten der verarbeiteten Daten:<\/p><p>\u00a0<\/p><p>Inhaltsdaten<\/p><p>\u00a0<\/p><p>Nutzungsdaten<\/p><p>\u00a0<\/p><p>Meta-\/Kommunikationsdaten<\/p><p>\u00a0<\/p><p>Verarbeitung besonderer Kategorien von Daten (Art. 9 Abs. 1 DSGVO):<\/p><p>\u00a0<\/p><p>Es werden keine besonderen Kategorien von Daten verarbeitet.<\/p><p>\u00a0<\/p><p>Kategorien der von der Verarbeitung betroffenen Personen:<\/p><p>\u00a0<\/p><p>Besucher und Nutzer des Onlineangebotes.<\/p><p>\u00a0<\/p><p>Nachfolgend bezeichnen wir die betroffenen Personen zusammenfassend auch als \u201eNutzer\u201c.<\/p><p>\u00a0<\/p><p>Zweck der Verarbeitung:<\/p><p>\u00a0<\/p><p>Zurverf\u00fcgungstellung des Onlineangebotes, seiner Inhalte und Funktionen.<\/p><p>\u00a0<\/p><ol><li><strong>Ma\u00dfgebliche Rechtsgrundlagen<\/strong><\/li><\/ol><p>\u00a0<\/p><p>Nach Ma\u00dfgabe des Art. 13 DSGVO teilen wir Ihnen die Rechtsgrundlagen unserer Datenverarbeitungen mit. Sofern die Rechtsgrundlage in der Datenschutzerkl\u00e4rung nicht genannt wird, gilt Folgendes: Die Rechtsgrundlage f\u00fcr die Einholung von Einwilligungen ist Art. 6 Abs. 1 lit. a und Art. 7 DSGVO, die Rechtsgrundlage f\u00fcr die Verarbeitung zur Erf\u00fcllung unserer Leistungen und Durchf\u00fchrung vertraglicher Ma\u00dfnahmen sowie Beantwortung von Anfragen ist Art. 6 Abs. 1 lit. b DSGVO, die Rechtsgrundlage f\u00fcr die Verarbeitung zur Erf\u00fcllung unserer rechtlichen Verpflichtungen ist Art. 6 Abs. 1 lit. c DSGVO, und die Rechtsgrundlage f\u00fcr die Verarbeitung zur Wahrung unserer berechtigten Interessen ist Art. 6 Abs. 1 lit. f DSGVO. F\u00fcr den Fall, dass lebenswichtige Interessen der betroffenen Person oder einer anderen nat\u00fcrlichen Person eine Verarbeitung personenbezogener Daten erforderlich machen, dient Art. 6 Abs. 1 lit. d DSGVO als Rechtsgrundlage.<\/p><p>\u00a0<\/p><ol start=\"2\"><li><strong>\u00c4nderungen und Aktualisierungen der Datenschutzerkl\u00e4rung<\/strong><\/li><\/ol><p>\u00a0<\/p><p>Wir bitten Sie sich regelm\u00e4\u00dfig \u00fcber den Inhalt unserer Datenschutzerkl\u00e4rung zu informieren. Wir passen die Datenschutzerkl\u00e4rung an, sobald die \u00c4nderungen der von uns durchgef\u00fchrten Datenverarbeitungen dies erforderlich machen. Wir informieren Sie, sobald durch die \u00c4nderungen eine Mitwirkungshandlung Ihrerseits (z.B. Einwilligung) oder eine sonstige individuelle Benachrichtigung erforderlich wird.<\/p><p>\u00a0<\/p><ol start=\"3\"><li><strong>Sicherheitsma\u00dfnahmen<\/strong><\/li><\/ol><p>\u00a0<\/p><p>3.1. Wir treffen nach Ma\u00dfgabe des Art. 32 DSGVO unter Ber\u00fccksichtigung des Stands der Technik, der Implementierungskosten und der Art, des Umfangs, der Umst\u00e4nde und der Zwecke der Verarbeitung sowie der unterschiedlichen Eintrittswahrscheinlichkeit und Schwere des Risikos f\u00fcr die Rechte und Freiheiten nat\u00fcrlicher Personen, geeignete technische und organisatorische Ma\u00dfnahmen, um ein dem Risiko angemessenes Schutzniveau zu gew\u00e4hrleisten; Zu den Ma\u00dfnahmen geh\u00f6ren insbesondere die Sicherung der Vertraulichkeit, Integrit\u00e4t und Verf\u00fcgbarkeit von Daten durch Kontrolle des physischen Zugangs zu den Daten, als auch des sie betreffenden Zugriffs, der Eingabe, Weitergabe, der Sicherung der Verf\u00fcgbarkeit und ihrer Trennung. Des Weiteren haben wir Verfahren eingerichtet, die eine Wahrnehmung von Betroffenenrechten, L\u00f6schung von Daten und Reaktion auf Gef\u00e4hrdung der Daten gew\u00e4hrleisten. Ferner ber\u00fccksichtigen wir den Schutz personenbezogener Daten bereits bei der Entwicklung, bzw. Auswahl von Hardware, Software sowie Verfahren, entsprechend dem Prinzip des Datenschutzes durch Technikgestaltung und durch datenschutzfreundliche Voreinstellungen ber\u00fccksichtigt (Art. 25 DSGVO).<\/p><p>\u00a0<\/p><p>3.2. Zu den Sicherheitsma\u00dfnahmen geh\u00f6rt insbesondere die verschl\u00fcsselte \u00dcbertragung von Daten zwischen Ihrem Browser und unserem Server.<\/p><p>\u00a0<\/p><ol start=\"4\"><li><strong>Zusammenarbeit mit Auftragsverarbeitern und Dritten<\/strong><\/li><\/ol><p>\u00a0<\/p><p>4.1. Sofern wir im Rahmen unserer Verarbeitung Daten gegen\u00fcber anderen Personen und Unternehmen (Auftragsverarbeitern oder Dritten) offenbaren, sie an diese \u00fcbermitteln oder ihnen sonst Zugriff auf die Daten gew\u00e4hren, erfolgt dies nur auf Grundlage einer gesetzlichen Erlaubnis (z.B. wenn eine \u00dcbermittlung der Daten an Dritte, wie an Zahlungsdienstleister, gem. Art. 6 Abs. 1 lit. b DSGVO zur Vertragserf\u00fcllung erforderlich ist), Sie eingewilligt haben, eine rechtliche Verpflichtung dies vorsieht oder auf Grundlage unserer berechtigten Interessen (z.B. beim Einsatz von Beauftragten, Webhostern, etc.).<\/p><p>\u00a0<\/p><p>4.2. Sofern wir Dritte mit der Verarbeitung von Daten auf Grundlage eines sog. \u201eAuftragsverarbeitungsvertrages\u201c beauftragen, geschieht dies auf Grundlage des Art. 28 DSGVO.<\/p><p>\u00a0<\/p><ol start=\"5\"><li><strong>\u00dcbermittlungen in Drittl\u00e4nder<\/strong><\/li><\/ol><p>\u00a0<\/p><p>Sofern wir Daten in einem Drittland (d.h. au\u00dferhalb der Europ\u00e4ischen Union (EU) oder des Europ\u00e4ischen Wirtschaftsraums (EWR)) verarbeiten oder dies im Rahmen der Inanspruchnahme von Diensten Dritter oder Offenlegung, bzw. \u00dcbermittlung von Daten an Dritte geschieht, erfolgt dies nur, wenn es zur Erf\u00fcllung unserer (vor)vertraglichen Pflichten, auf Grundlage Ihrer Einwilligung, aufgrund einer rechtlichen Verpflichtung oder auf Grundlage unserer berechtigten Interessen geschieht. Vorbehaltlich gesetzlicher oder vertraglicher Erlaubnisse, verarbeiten oder lassen wir die Daten in einem Drittland nur beim Vorliegen der besonderen Voraussetzungen der Art. 44 ff. DSGVO verarbeiten. D.h. die Verarbeitung erfolgt z.B. auf Grundlage besonderer Garantien, wie der offiziell anerkannten Feststellung eines der EU entsprechenden Datenschutzniveaus (z.B. f\u00fcr die USA durch das \u201ePrivacy Shield\u201c) oder Beachtung offiziell anerkannter spezieller vertraglicher Verpflichtungen (so genannte \u201eStandardvertragsklauseln\u201c).<\/p><p>\u00a0<\/p><ol start=\"6\"><li><strong>Rechte der betroffenen Personen<\/strong><\/li><\/ol><p>\u00a0<\/p><p>6.1. Sie haben das Recht, eine Best\u00e4tigung dar\u00fcber zu verlangen, ob betreffende Daten verarbeitet werden und auf Auskunft \u00fcber diese Daten sowie auf weitere Informationen und Kopie der Daten entsprechend Art. 15 DSGVO.<\/p><p>\u00a0<\/p><p>6.2. Sie haben entsprechend. Art. 16 DSGVO das Recht, die Vervollst\u00e4ndigung der Sie betreffenden Daten oder die Berichtigung der Sie betreffenden unrichtigen Daten zu verlangen.<\/p><p>\u00a0<\/p><p>6.3. Sie haben nach Ma\u00dfgabe des Art. 17 DSGVO das Recht zu verlangen, dass betreffende Daten unverz\u00fcglich gel\u00f6scht werden, bzw. alternativ nach Ma\u00dfgabe des Art. 18 DSGVO eine Einschr\u00e4nkung der Verarbeitung der Daten zu verlangen.<\/p><p>\u00a0<\/p><p>6.4. Sie haben das Recht zu verlangen, dass die Sie betreffenden Daten, die Sie uns bereitgestellt haben nach Ma\u00dfgabe des Art. 20 DSGVO zu erhalten und deren \u00dcbermittlung an andere Verantwortliche zu fordern.<\/p><p>6.5. Sie haben ferner gem. Art. 77 DSGVO das Recht, eine Beschwerde bei der zust\u00e4ndigen Aufsichtsbeh\u00f6rde einzureichen.<\/p><p>\u00a0<\/p><ol start=\"7\"><li><strong>Widerrufsrecht<\/strong><\/li><\/ol><p>\u00a0<\/p><p>Sie haben das Recht, erteilte Einwilligungen gem. Art. 7 Abs. 3 DSGVO mit Wirkung f\u00fcr die Zukunft zu widerrufen.<\/p><p>\u00a0<\/p><ol start=\"8\"><li><strong>Widerspruchsrecht<\/strong><\/li><\/ol><p>Sie k\u00f6nnen der k\u00fcnftigen Verarbeitung der Sie betreffenden Daten nach Ma\u00dfgabe des Art. 21 DSGVO jederzeit widersprechen.<\/p><p>\u00a0<\/p><ol start=\"9\"><li><strong>L\u00f6schung von Daten<\/strong><\/li><\/ol><p>\u00a0<\/p><p>9.1. Die von uns verarbeiteten Daten werden nach Ma\u00dfgabe der Art. 17 und 18 DSGVO gel\u00f6scht oder in ihrer Verarbeitung eingeschr\u00e4nkt. Sofern nicht im Rahmen dieser Datenschutzerkl\u00e4rung ausdr\u00fccklich angegeben, werden die bei uns gespeicherten Daten gel\u00f6scht, sobald sie f\u00fcr ihre Zweckbestimmung nicht mehr erforderlich sind und der L\u00f6schung keine gesetzlichen Aufbewahrungspflichten entgegenstehen. Sofern die Daten nicht gel\u00f6scht werden, weil sie f\u00fcr andere und gesetzlich zul\u00e4ssige Zwecke erforderlich sind, wird deren Verarbeitung eingeschr\u00e4nkt. D.h. die Daten werden gesperrt und nicht f\u00fcr andere Zwecke verarbeitet. Das gilt z.B. f\u00fcr Daten, die aus handels- oder steuerrechtlichen Gr\u00fcnden aufbewahrt werden m\u00fcssen.<\/p><p>\u00a0<\/p><p>9.2. Nach gesetzlichen Vorgaben erfolgt die Aufbewahrung insbesondere f\u00fcr 6 Jahre gem\u00e4\u00df \u00a7 257 Abs. 1 HGB (Handelsb\u00fccher, Inventare, Er\u00f6ffnungsbilanzen, Jahresabschl\u00fcsse, Handelsbriefe, Buchungsbelege, etc.) sowie f\u00fcr 10 Jahre gem\u00e4\u00df \u00a7 147 Abs. 1 AO (B\u00fccher, Aufzeichnungen, Lageberichte, Buchungsbelege, Handels- und Gesch\u00e4ftsbriefe, etc.).<\/p><p>\u00a0<\/p><ol start=\"10\"><li><strong>Erbringung vertraglicher Leistungen<\/strong><\/li><\/ol><p>\u00a0<\/p><p>10.1. Wir verarbeiten Nutzungsdaten (z.B., Eingaben im Kontaktformular).<\/p><p>\u00a0<\/p><p>10.2. Die L\u00f6schung erfolgt nach Ablauf gesetzlicher Gew\u00e4hrleistungs- und vergleichbarer Pflichten, die Erforderlichkeit der Aufbewahrung der Daten wird alle drei Jahre \u00fcberpr\u00fcft; im Fall der gesetzlichen Archivierungspflichten erfolgt die L\u00f6schung nach deren Ablauf (Ende handelsrechtlicher (6 Jahre) und steuerrechtlicher (10 Jahre) Aufbewahrungspflicht); Angaben im Kundenkonto verbleiben bis zu dessen L\u00f6schung.<\/p><p>\u00a0<\/p><ol start=\"11\"><li><strong>Kontaktaufnahme<\/strong><\/li><\/ol><p>\u00a0<\/p><p>11.1. Bei der Kontaktaufnahme mit uns (per Kontaktformular oder E-Mail) werden die Angaben des Nutzers zur Bearbeitung der Kontaktanfrage und deren Abwicklung gem. Art. 6 Abs. 1 lit. b) DSGVO verarbeitet.<\/p><p>\u00a0<\/p><p>11.2. Die Angaben der Nutzer k\u00f6nnen in unserem Customer-Relationship-Management System (&#8222;CRM System&#8220;) oder vergleichbarer Anfragenorganisation gespeichert werden.<\/p><p>\u00a0<\/p><p>11.3. Wir l\u00f6schen die Anfragen, sofern diese nicht mehr erforderlich sind. Wir \u00fcberpr\u00fcfen die Erforderlichkeit alle zwei Jahre; Anfragen von Kunden, die \u00fcber ein Kundenkonto verf\u00fcgen, speichern wir dauerhaft und verweisen zur L\u00f6schung auf die Angaben zum Kundenkonto. Im Fall der gesetzlichen Archivierungspflichten erfolgt die L\u00f6schung nach deren Ablauf (Ende handelsrechtlicher (6 Jahre) und steuerrechtlicher (10 Jahre) Aufbewahrungspflicht).<\/p><p>\u00a0<\/p><ol start=\"12\"><li><strong>Kommentare und Beitr\u00e4ge<\/strong><\/li><\/ol><p>\u00a0<\/p><p>12.1.\u00a0\u00a0\u00a0 Wenn Nutzer Kommentare oder sonstige Beitr\u00e4ge hinterlassen, werden ihre IP-Adressen auf Grundlage unserer berechtigten Interessen im Sinne des Art. 6 Abs. 1 lit. f. DSGVO f\u00fcr 7 Tage gespeichert.<\/p><p>12.2.\u00a0\u00a0\u00a0 Das erfolgt zu unserer Sicherheit, falls jemand in Kommentaren und Beitr\u00e4gen widerrechtliche Inhalte hinterl\u00e4sst (Beleidigungen, verbotene politische Propaganda, etc.). In diesem Fall k\u00f6nnen wir selbst f\u00fcr den Kommentar oder Beitrag belangt werden und sind daher an der Identit\u00e4t des Verfassers interessiert.<\/p><p>\u00a0<\/p><ol start=\"13\"><li><strong>Erhebung von Zugriffsdaten und Logfiles<\/strong><\/li><\/ol><p>\u00a0<\/p><p>13.1. Wir erheben auf Grundlage unserer berechtigten Interessen im Sinne des Art. 6 Abs. 1 lit. f. DSGVO Daten \u00fcber jeden Zugriff auf den Server, auf dem sich dieser Dienst befindet (sogenannte Serverlogfiles). Zu den Zugriffsdaten geh\u00f6ren Name der abgerufenen Webseite, Datei, Datum und Uhrzeit des Abrufs, \u00fcbertragene Datenmenge, Meldung \u00fcber erfolgreichen Abruf, Browsertyp nebst Version, das Betriebssystem des Nutzers, Referrer URL (die zuvor besuchte Seite), IP-Adresse und der anfragende Provider.<\/p><p>\u00a0<\/p><p>13.2. Logfile-Informationen werden aus Sicherheitsgr\u00fcnden (z.B. zur Aufkl\u00e4rung von Missbrauchs- oder Betrugshandlungen) f\u00fcr die Dauer von maximal sieben Tagen gespeichert und danach gel\u00f6scht. Daten, deren weitere Aufbewahrung zu Beweiszwecken erforderlich ist, sind bis zur endg\u00fcltigen Kl\u00e4rung des jeweiligen Vorfalls von der L\u00f6schung ausgenommen.<\/p><p>\u00a0<\/p><ol start=\"14\"><li><strong>Onlinepr\u00e4senzen in sozialen Medien<\/strong><\/li><\/ol><p>\u00a0<\/p><p>14.1.Wir unterhalten auf Grundlage unserer berechtigten Interessen im Sinne des Art. 6 Abs. 1 lit. f. DSGVO Onlinepr\u00e4senzen innerhalb sozialer Netzwerke und Plattformen, um mit den dort aktiven Kunden, Interessenten und Nutzern kommunizieren und sie dort \u00fcber unsere Leistungen informieren zu k\u00f6nnen. Beim Aufruf der jeweiligen Netzwerke und Plattformen gelten die Gesch\u00e4ftsbedingungen und die Datenverarbeitungsrichtlinien deren jeweiligen Betreiber.<\/p><p>\u00a0<\/p><p>14.2. Soweit nicht anders im Rahmen unserer Datenschutzerkl\u00e4rung angegeben, verarbeiten wir die Daten der Nutzer sofern diese mit uns innerhalb der sozialen Netzwerke und Plattformen kommunizieren, z.B. Beitr\u00e4ge auf unseren Onlinepr\u00e4senzen verfassen oder uns Nachrichten zusenden.<\/p><p>\u00a0<\/p><ol start=\"15\"><li><strong>Google Analytics<\/strong><\/li><\/ol><p>\u00a0<\/p><p>15.1. Wir setzen auf Grundlage unserer berechtigten Interessen (d.h. Interesse an der Analyse, Optimierung und wirtschaftlichem Betrieb unseres Onlineangebotes im Sinne des Art. 6 Abs. 1 lit. f. DSGVO) Google Analytics, einen Webanalysedienst der Google LLC (\u201eGoogle\u201c) ein. Google verwendet Cookies. Die durch das Cookie erzeugten Informationen \u00fcber Benutzung des Onlineangebotes durch die Nutzer werden in der Regel an einen Server von Google in den USA \u00fcbertragen und dort gespeichert.<\/p><p>\u00a0<\/p><p>15.2. Google ist unter dem Privacy-Shield-Abkommen zertifiziert und bietet hierdurch eine Garantie, das europ\u00e4ische Datenschutzrecht einzuhalten (https:\/\/www.privacyshield.gov\/participant?id=a2zt000000001L5AAI&amp;status=Active).<\/p><p>\u00a0<\/p><p>15.3. Google wird diese Informationen in unserem Auftrag benutzen, um die Nutzung unseres Onlineangebotes durch die Nutzer auszuwerten, um Reports \u00fcber die Aktivit\u00e4ten innerhalb dieses Onlineangebotes zusammenzustellen und um weitere, mit der Nutzung dieses Onlineangebotes und der Internetnutzung verbundene Dienstleistungen, uns gegen\u00fcber zu erbringen. Dabei k\u00f6nnen aus den verarbeiteten Daten pseudonyme Nutzungsprofile der Nutzer erstellt werden.<\/p><p>\u00a0<\/p><p>15.4. Wir setzen Google Analytics ein, um die durch innerhalb von Werbediensten Googles und seiner Partner geschalteten Anzeigen, nur solchen Nutzern anzuzeigen, die auch ein Interesse an unserem Onlineangebot gezeigt haben oder die bestimmte Merkmale (z.B. Interessen an bestimmten Themen oder Produkten, die anhand der besuchten Webseiten bestimmt werden) aufweisen, die wir an Google \u00fcbermitteln (sog. \u201eRemarketing-\u201c, bzw. \u201eGoogle-Analytics-Audiences\u201c). Mit Hilfe der Remarketing Audiences m\u00f6chten wir auch sicherstellen, dass unsere Anzeigen dem potentiellen Interesse der Nutzer entsprechen und nicht bel\u00e4stigend wirken.<\/p><p>\u00a0<\/p><p>15.5. Wir setzen Google Analytics nur mit aktivierter IP-Anonymisierung ein. Das bedeutet, die IP-Adresse der Nutzer wird von Google innerhalb von Mitgliedstaaten der Europ\u00e4ischen Union oder in anderen Vertragsstaaten des Abkommens \u00fcber den Europ\u00e4ischen Wirtschaftsraum gek\u00fcrzt. Nur in Ausnahmef\u00e4llen wird die volle IP-Adresse an einen Server von Google in den USA \u00fcbertragen und dort gek\u00fcrzt.<\/p><p>\u00a0<\/p><p>15.6. Die von dem Browser des Nutzers \u00fcbermittelte IP-Adresse wird nicht mit anderen Daten von Google zusammengef\u00fchrt. Die Nutzer k\u00f6nnen die Speicherung der Cookies durch eine entsprechende Einstellung ihrer Browser-Software verhindern; die Nutzer k\u00f6nnen dar\u00fcber hinaus die Erfassung der durch das Cookie erzeugten und auf ihre Nutzung des Onlineangebotes bezogenen Daten an Google sowie die Verarbeitung dieser Daten durch Google verhindern, indem sie das unter folgendem Link verf\u00fcgbare Browser-Plugin herunterladen und installieren: https:\/\/tools.google.com\/dlpage\/gaoptout?hl=de.<\/p><p>15.7. Weitere Informationen zur Datennutzung durch Google, Einstellungs- und Widerspruchsm\u00f6glichkeiten erfahren Sie auf den Webseiten von Google: https:\/\/www.google.com\/intl\/de\/policies\/privacy\/partners (\u201eDatennutzung durch Google bei Ihrer Nutzung von Websites oder Apps unserer Partner\u201c), https:\/\/policies.google.com\/technologies\/ads (\u201eDatennutzung zu Werbezwecken\u201c), https:\/\/adssettings.google.com\/authenticated (\u201eInformationen verwalten, die Google verwendet, um Ihnen Werbung einzublenden\u201c).<\/p><p>\u00a0<\/p><p>15.8. Im \u00dcbrigen werden die personenbezogenen Daten nach einem Ablauf von 14 Monaten anonymisiert oder gel\u00f6scht<\/p><\/div>\t\t<\/div>\n\t\t\t\t<\/div>\n\t\t\t\t\t<\/div>\n\t\t<\/div>\n\t\t\t\t\t\t\t<\/div>\n\t\t<\/section>\n\t\t\t\t\t\t<\/div>\n\t\t\t\t\t<\/div>\n\t\t","protected":false},"excerpt":{"rendered":"<p>Datenschutz Diese Datenschutzerkl\u00e4rung kl\u00e4rt Sie \u00fcber die Art, den Umfang und Zweck der Verarbeitung von personenbezogenen Daten (nachfolgend kurz \u201eDaten\u201c) innerhalb unseres Onlineangebotes und der mit ihm verbundenen Webseiten, Funktionen und Inhalte sowie externen Onlinepr\u00e4senzen, wie z.B. unser Social Media Profile auf. (nachfolgend gemeinsam bezeichnet als \u201eOnlineangebot\u201c). Im Hinblick auf die verwendeten Begrifflichkeiten, wie z.B. [&hellip;]<\/p>\n","protected":false},"author":3,"featured_media":0,"parent":0,"menu_order":0,"comment_status":"closed","ping_status":"closed","template":"template-page--sidebarless.php","meta":[],"_links":{"self":[{"href":"https:\/\/chk-de.org\/de\/wp-json\/wp\/v2\/pages\/70602"}],"collection":[{"href":"https:\/\/chk-de.org\/de\/wp-json\/wp\/v2\/pages"}],"about":[{"href":"https:\/\/chk-de.org\/de\/wp-json\/wp\/v2\/types\/page"}],"author":[{"embeddable":true,"href":"https:\/\/chk-de.org\/de\/wp-json\/wp\/v2\/users\/3"}],"replies":[{"embeddable":true,"href":"https:\/\/chk-de.org\/de\/wp-json\/wp\/v2\/comments?post=70602"}],"version-history":[{"count":2,"href":"https:\/\/chk-de.org\/de\/wp-json\/wp\/v2\/pages\/70602\/revisions"}],"predecessor-version":[{"id":70604,"href":"https:\/\/chk-de.org\/de\/wp-json\/wp\/v2\/pages\/70602\/revisions\/70604"}],"wp:attachment":[{"href":"https:\/\/chk-de.org\/de\/wp-json\/wp\/v2\/media?parent=70602"}],"curies":[{"name":"wp","href":"https:\/\/api.w.org\/{rel}","templated":true}]}}