{"id":68282,"date":"2020-06-18T16:51:15","date_gmt":"2020-06-18T14:51:15","guid":{"rendered":"https:\/\/chk-de.org\/?page_id=68282"},"modified":"2020-06-18T16:51:15","modified_gmt":"2020-06-18T14:51:15","slug":"eventservice","status":"publish","type":"page","link":"https:\/\/chk-de.org\/de\/eventservice\/","title":{"rendered":"Eventservice"},"content":{"rendered":"\t\t<div data-elementor-type=\"wp-page\" data-elementor-id=\"68282\" class=\"elementor elementor-68282 elementor-bc-flex-widget\" data-elementor-settings=\"[]\">\n\t\t\t\t\t\t\t<div class=\"elementor-section-wrap\">\n\t\t\t\t\t\t\t<section class=\"elementor-section elementor-top-section elementor-element elementor-element-40a56f7 is-yes elementor-section-boxed elementor-section-height-default elementor-section-height-default\" data-id=\"40a56f7\" data-element_type=\"section\">\n\t\t\t\t\t\t<div class=\"elementor-container elementor-column-gap-default\">\n\t\t\t\t\t<div class=\"dis-fl col-12 col-12--medium elementor-column elementor-col-100 elementor-top-column elementor-element elementor-element-b9548e6  gut\" data-id=\"b9548e6\" data-element_type=\"column\">\n\t\t\t<div class=\"elementor-widget-wrap elementor-element-populated\">\n\t\t\t\t\t\t\t\t<div class=\"elementor-element elementor-element-2f84e5a elementor-widget elementor-widget-image\" data-id=\"2f84e5a\" data-element_type=\"widget\" data-widget_type=\"image.default\">\n\t\t\t\t<div class=\"elementor-widget-container\">\n\t\t\t\t\t\t\t\t\t\t\t\t\t\t\t<img width=\"1024\" height=\"683\" src=\"https:\/\/chk-de.org\/app\/uploads\/2020\/06\/\u5168\u666f-1024x683.jpg\" class=\"attachment-large size-large\" alt=\"\" loading=\"lazy\" srcset=\"https:\/\/chk-de.org\/app\/uploads\/2020\/06\/\u5168\u666f-1024x683.jpg 1024w, https:\/\/chk-de.org\/app\/uploads\/2020\/06\/\u5168\u666f-300x200.jpg 300w, https:\/\/chk-de.org\/app\/uploads\/2020\/06\/\u5168\u666f-768x512.jpg 768w, https:\/\/chk-de.org\/app\/uploads\/2020\/06\/-e1593099816471.jpg 1500w\" sizes=\"(max-width: 1024px) 100vw, 1024px\" \/>\t\t\t\t\t\t\t\t\t\t\t\t\t\t\t<\/div>\n\t\t\t\t<\/div>\n\t\t\t\t\t<\/div>\n\t\t<\/div>\n\t\t\t\t\t\t\t<\/div>\n\t\t<\/section>\n\t\t\t\t<section class=\"elementor-section elementor-top-section elementor-element elementor-element-42e44a4 is-yes elementor-section-boxed elementor-section-height-default elementor-section-height-default\" data-id=\"42e44a4\" data-element_type=\"section\">\n\t\t\t\t\t\t<div class=\"elementor-container elementor-column-gap-default\">\n\t\t\t\t\t<div class=\"dis-fl col-12 col-12--medium elementor-column elementor-col-100 elementor-top-column elementor-element elementor-element-b24bafa  gut\" data-id=\"b24bafa\" data-element_type=\"column\">\n\t\t\t<div class=\"elementor-widget-wrap elementor-element-populated\">\n\t\t\t\t\t\t\t\t<div class=\"elementor-element elementor-element-7f91331 elementor-widget elementor-widget-spacer\" data-id=\"7f91331\" data-element_type=\"widget\" data-widget_type=\"spacer.default\">\n\t\t\t\t<div class=\"elementor-widget-container\">\n\t\t\t\t\t<div class=\"elementor-spacer\">\n\t\t\t<div class=\"elementor-spacer-inner\"><\/div>\n\t\t<\/div>\n\t\t\t\t<\/div>\n\t\t\t\t<\/div>\n\t\t\t\t\t<\/div>\n\t\t<\/div>\n\t\t\t\t\t\t\t<\/div>\n\t\t<\/section>\n\t\t\t\t<section class=\"elementor-section elementor-top-section elementor-element elementor-element-e2c9f6c is-yes elementor-section-boxed elementor-section-height-default elementor-section-height-default\" data-id=\"e2c9f6c\" data-element_type=\"section\">\n\t\t\t\t\t\t<div class=\"elementor-container elementor-column-gap-default\">\n\t\t\t\t\t<div class=\"dis-fl col-12 col-12--medium elementor-column elementor-col-100 elementor-top-column elementor-element elementor-element-cdcdbc3  gut\" data-id=\"cdcdbc3\" data-element_type=\"column\">\n\t\t\t<div class=\"elementor-widget-wrap elementor-element-populated\">\n\t\t\t\t\t\t\t\t<div class=\"elementor-element elementor-element-463d6ed lh-3 co-black elementor-widget elementor-widget-text-block\" data-id=\"463d6ed\" data-element_type=\"widget\" data-widget_type=\"text-block.default\">\n\t\t\t\t<div class=\"elementor-widget-container\">\n\t\t\t\n\n<div class=\"elementor-text-editor\"><p>Wir unterst\u00fctzen Unternehmen bei der Planung, Organisation und Durchf\u00fchrung von gesch\u00e4ftsbezogenen Veranstaltungen und sind jederzeit bem\u00fcht, Ihnen bei der Kontaktaufnahme zu chinesischen oder deutschen Unternehmen behilflich zu sein. Damit der Erfolg ihrer geplanten Veranstaltung gew\u00e4hrleistet wird, bieten wir ihnen professionelle Dienstleistungen in folgenden Bereichen an:<\/p><p>\u00a0<\/p><\/div>\t\t<\/div>\n\t\t\t\t<\/div>\n\t\t\t\t<div class=\"elementor-element elementor-element-2bfafcc lh-3 co-black elementor-widget elementor-widget-text-block\" data-id=\"2bfafcc\" data-element_type=\"widget\" data-widget_type=\"text-block.default\">\n\t\t\t\t<div class=\"elementor-widget-container\">\n\t\t\t\n\n<div class=\"elementor-text-editor\"><p><strong>Veranstaltungsplanung<\/strong><\/p><\/div>\t\t<\/div>\n\t\t\t\t<\/div>\n\t\t\t\t<div class=\"elementor-element elementor-element-26906eb lh-3 co-black elementor-widget elementor-widget-text-block\" data-id=\"26906eb\" data-element_type=\"widget\" data-widget_type=\"text-block.default\">\n\t\t\t\t<div class=\"elementor-widget-container\">\n\t\t\t\n\n<div class=\"elementor-text-editor\"><div class=\"elementor-element elementor-element-3abf90b lh-3 co-black elementor-widget elementor-widget-text-block\" data-id=\"3abf90b\" data-element_type=\"text-block.default\"><div class=\"elementor-widget-container\"><div class=\"elementor-text-editor\"><ul><li>Detaillierte Analyse Ihrer Bed\u00fcrfnisse und des Veranstaltungsformats<\/li><\/ul><\/div><\/div><\/div><div class=\"elementor-element elementor-element-d87d205 lh-3 co-black elementor-widget elementor-widget-text-block\" data-id=\"d87d205\" data-element_type=\"text-block.default\"><div class=\"elementor-widget-container\"><div class=\"elementor-text-editor\"><ul><li>Definition Ihrer Zielgruppe und der f\u00fcr sie in Frage kommenden Veranstaltungsform<\/li><li>Hilfe bei der Veranstaltungsplanung unter Ber\u00fccksichtigung Ihres pers\u00f6nlichen finanziellen Rahmens<\/li><li>Design-Dienstleistungen: professionelle Flyer, Einladungen, R\u00fcckmeldeschreiben, Programm- und Men\u00fc-Karten, Konferenzmappen etc. Diese bieten wir in elektronischer als auch gedruckter Form<\/li><\/ul><\/div><\/div><\/div><\/div>\t\t<\/div>\n\t\t\t\t<\/div>\n\t\t\t\t\t<\/div>\n\t\t<\/div>\n\t\t\t\t\t\t\t<\/div>\n\t\t<\/section>\n\t\t\t\t<section class=\"elementor-section elementor-top-section elementor-element elementor-element-cf1c51d is-yes elementor-section-boxed elementor-section-height-default elementor-section-height-default\" data-id=\"cf1c51d\" data-element_type=\"section\">\n\t\t\t\t\t\t<div class=\"elementor-container elementor-column-gap-default\">\n\t\t\t\t\t<div class=\"dis-fl col-12 col-12--medium elementor-column elementor-col-100 elementor-top-column elementor-element elementor-element-39c8358  gut\" data-id=\"39c8358\" data-element_type=\"column\">\n\t\t\t<div class=\"elementor-widget-wrap elementor-element-populated\">\n\t\t\t\t\t\t\t\t<div class=\"elementor-element elementor-element-5ad8255 lh-3 co-black elementor-widget elementor-widget-text-block\" data-id=\"5ad8255\" data-element_type=\"widget\" data-widget_type=\"text-block.default\">\n\t\t\t\t<div class=\"elementor-widget-container\">\n\t\t\t\n\n<div class=\"elementor-text-editor\"><p><strong>Einladungsservice und -organisation<\/strong><\/p><\/div>\t\t<\/div>\n\t\t\t\t<\/div>\n\t\t\t\t<div class=\"elementor-element elementor-element-88da6ba lh-3 co-black elementor-widget elementor-widget-text-block\" data-id=\"88da6ba\" data-element_type=\"widget\" data-widget_type=\"text-block.default\">\n\t\t\t\t<div class=\"elementor-widget-container\">\n\t\t\t\n\n<div class=\"elementor-text-editor\"><ul><li>Zusammenstellung von Einladungslisten mithilfe unseres umfangreichen Mitglieder- und Firmennetzwerkes<\/li><li>Pr\u00fcfen und Verfassen von Einladungsschreiben und Anmeldelisten<\/li><\/ul><\/div>\t\t<\/div>\n\t\t\t\t<\/div>\n\t\t\t\t\t<\/div>\n\t\t<\/div>\n\t\t\t\t\t\t\t<\/div>\n\t\t<\/section>\n\t\t\t\t<section class=\"elementor-section elementor-top-section elementor-element elementor-element-b9c0660 is-yes elementor-section-boxed elementor-section-height-default elementor-section-height-default\" data-id=\"b9c0660\" data-element_type=\"section\">\n\t\t\t\t\t\t<div class=\"elementor-container elementor-column-gap-default\">\n\t\t\t\t\t<div class=\"dis-fl col-12 col-12--medium elementor-column elementor-col-100 elementor-top-column elementor-element elementor-element-e6b7e0c  gut\" data-id=\"e6b7e0c\" data-element_type=\"column\">\n\t\t\t<div class=\"elementor-widget-wrap elementor-element-populated\">\n\t\t\t\t\t\t\t\t<div class=\"elementor-element elementor-element-0e1b190 lh-3 co-black elementor-widget elementor-widget-text-block\" data-id=\"0e1b190\" data-element_type=\"widget\" data-widget_type=\"text-block.default\">\n\t\t\t\t<div class=\"elementor-widget-container\">\n\t\t\t\n\n<div class=\"elementor-text-editor\"><p><strong>Veranstaltungsorte<\/strong><\/p><\/div>\t\t<\/div>\n\t\t\t\t<\/div>\n\t\t\t\t<div class=\"elementor-element elementor-element-eff424d lh-3 co-black elementor-widget elementor-widget-text-block\" data-id=\"eff424d\" data-element_type=\"widget\" data-widget_type=\"text-block.default\">\n\t\t\t\t<div class=\"elementor-widget-container\">\n\t\t\t\n\n<div class=\"elementor-text-editor\"><ul><li>Unterst\u00fctzung bei der Auswahl des Veranstaltungsortes und Anmietung von R\u00e4umlichkeiten<\/li><li>Koordination des Veranstaltungsablaufs und Vor-Ort-Abstimmung mit den zust\u00e4ndigen Ansprechpartnern (Lieferanten, Vertragspartnern und anderen Dienstleistern)<\/li><\/ul><\/div>\t\t<\/div>\n\t\t\t\t<\/div>\n\t\t\t\t\t<\/div>\n\t\t<\/div>\n\t\t\t\t\t\t\t<\/div>\n\t\t<\/section>\n\t\t\t\t<section class=\"elementor-section elementor-top-section elementor-element elementor-element-23a4b91 is-yes elementor-section-boxed elementor-section-height-default elementor-section-height-default\" data-id=\"23a4b91\" data-element_type=\"section\">\n\t\t\t\t\t\t<div class=\"elementor-container elementor-column-gap-default\">\n\t\t\t\t\t<div class=\"dis-fl col-12 col-12--medium elementor-column elementor-col-100 elementor-top-column elementor-element elementor-element-a18083d  gut\" data-id=\"a18083d\" data-element_type=\"column\">\n\t\t\t<div class=\"elementor-widget-wrap elementor-element-populated\">\n\t\t\t\t\t\t\t\t<div class=\"elementor-element elementor-element-6bd3b08 lh-3 co-black elementor-widget elementor-widget-text-block\" data-id=\"6bd3b08\" data-element_type=\"widget\" data-widget_type=\"text-block.default\">\n\t\t\t\t<div class=\"elementor-widget-container\">\n\t\t\t\n\n<div class=\"elementor-text-editor\"><p><strong>Vor-Ort-Management und Follow-Up<\/strong><\/p><\/div>\t\t<\/div>\n\t\t\t\t<\/div>\n\t\t\t\t<div class=\"elementor-element elementor-element-0f51bde lh-3 co-black elementor-widget elementor-widget-text-block\" data-id=\"0f51bde\" data-element_type=\"widget\" data-widget_type=\"text-block.default\">\n\t\t\t\t<div class=\"elementor-widget-container\">\n\t\t\t\n\n<div class=\"elementor-text-editor\"><ul><li>Empfang und Registrierung der G\u00e4ste<\/li><li>Vorbereitung und Zusammenstellen von Veranstaltungsmaterialien, Konferenzmappen, Gastgeschenken etc.<\/li><li>Evaluierung der Veranstaltung anhand von Frageb\u00f6gen (und Kundenzufriedenheitsanalysen)<\/li><li>Erstellen von Statistiken auf der Grundlage von Teilnehmerbefragungen<\/li><\/ul><\/div>\t\t<\/div>\n\t\t\t\t<\/div>\n\t\t\t\t\t<\/div>\n\t\t<\/div>\n\t\t\t\t\t\t\t<\/div>\n\t\t<\/section>\n\t\t\t\t<section class=\"elementor-section elementor-top-section elementor-element elementor-element-4ead572 is-yes elementor-section-boxed elementor-section-height-default elementor-section-height-default\" data-id=\"4ead572\" data-element_type=\"section\">\n\t\t\t\t\t\t<div class=\"elementor-container elementor-column-gap-default\">\n\t\t\t\t\t<div class=\"dis-fl col-12 col-12--medium elementor-column elementor-col-100 elementor-top-column elementor-element elementor-element-b575b08  gut\" data-id=\"b575b08\" data-element_type=\"column\">\n\t\t\t<div class=\"elementor-widget-wrap\">\n\t\t\t\t\t\t\t\t\t<\/div>\n\t\t<\/div>\n\t\t\t\t\t\t\t<\/div>\n\t\t<\/section>\n\t\t\t\t\t\t<\/div>\n\t\t\t\t\t<\/div>\n\t\t","protected":false},"excerpt":{"rendered":"<p>Gem\u00e4\u00df ihren individuellen Anforderungen und W\u00fcnschen bieten wir Unternehmen folgendes Leistungs-Portfolio: Planung und Organisation von Delegationsreisen (inkl. Reiseablauf, Organisation eines Begleitservices der Delegationsgruppe und Planung der Reiseroute) Bereitstellung von \u00dcbersetzern und zus\u00e4tzlichen Assistenten Koordination &amp; Buchung von Unterk\u00fcnften und Transfers Gestaltung und Produktion von Visitenkarten und Werbematerialien Planung von Messebesuchen, Unternehmens- und Fabrikbesichtigungen etc. Planung, [&hellip;]<\/p>\n","protected":false},"author":3,"featured_media":0,"parent":0,"menu_order":0,"comment_status":"closed","ping_status":"closed","template":"","meta":[],"_links":{"self":[{"href":"https:\/\/chk-de.org\/de\/wp-json\/wp\/v2\/pages\/68282"}],"collection":[{"href":"https:\/\/chk-de.org\/de\/wp-json\/wp\/v2\/pages"}],"about":[{"href":"https:\/\/chk-de.org\/de\/wp-json\/wp\/v2\/types\/page"}],"author":[{"embeddable":true,"href":"https:\/\/chk-de.org\/de\/wp-json\/wp\/v2\/users\/3"}],"replies":[{"embeddable":true,"href":"https:\/\/chk-de.org\/de\/wp-json\/wp\/v2\/comments?post=68282"}],"version-history":[{"count":3,"href":"https:\/\/chk-de.org\/de\/wp-json\/wp\/v2\/pages\/68282\/revisions"}],"predecessor-version":[{"id":68581,"href":"https:\/\/chk-de.org\/de\/wp-json\/wp\/v2\/pages\/68282\/revisions\/68581"}],"wp:attachment":[{"href":"https:\/\/chk-de.org\/de\/wp-json\/wp\/v2\/media?parent=68282"}],"curies":[{"name":"wp","href":"https:\/\/api.w.org\/{rel}","templated":true}]}}