{"id":68277,"date":"2020-06-18T16:51:38","date_gmt":"2020-06-18T14:51:38","guid":{"rendered":"https:\/\/chk-de.org\/?page_id=68277"},"modified":"2020-06-24T16:01:32","modified_gmt":"2020-06-24T14:01:32","slug":"messe-und-delegation","status":"publish","type":"page","link":"https:\/\/chk-de.org\/de\/messe-und-delegation\/","title":{"rendered":"Messe und Delegation"},"content":{"rendered":"\t\t<div data-elementor-type=\"wp-page\" data-elementor-id=\"68277\" class=\"elementor elementor-68277 elementor-bc-flex-widget\" data-elementor-settings=\"[]\">\n\t\t\t\t\t\t\t<div class=\"elementor-section-wrap\">\n\t\t\t\t\t\t\t<section class=\"elementor-section elementor-top-section elementor-element elementor-element-40a56f7 is-yes elementor-section-boxed elementor-section-height-default elementor-section-height-default\" data-id=\"40a56f7\" data-element_type=\"section\">\n\t\t\t\t\t\t<div class=\"elementor-container elementor-column-gap-default\">\n\t\t\t\t\t<div class=\"dis-fl col-12 col-12--medium elementor-column elementor-col-100 elementor-top-column elementor-element elementor-element-b9548e6  gut\" data-id=\"b9548e6\" data-element_type=\"column\">\n\t\t\t<div class=\"elementor-widget-wrap elementor-element-populated\">\n\t\t\t\t\t\t\t\t<div class=\"elementor-element elementor-element-2f84e5a elementor-widget elementor-widget-image\" data-id=\"2f84e5a\" data-element_type=\"widget\" data-widget_type=\"image.default\">\n\t\t\t\t<div class=\"elementor-widget-container\">\n\t\t\t\t\t\t\t\t\t\t\t\t\t\t\t<img width=\"1024\" height=\"683\" src=\"https:\/\/chk-de.org\/app\/uploads\/2020\/06\/shutterstock_1077752744_Delegation-1024x683-1024x683.jpg\" class=\"attachment-large size-large\" alt=\"\" loading=\"lazy\" srcset=\"https:\/\/chk-de.org\/app\/uploads\/2020\/06\/shutterstock_1077752744_Delegation-1024x683.jpg 1024w, https:\/\/chk-de.org\/app\/uploads\/2020\/06\/shutterstock_1077752744_Delegation-1024x683-300x200.jpg 300w, https:\/\/chk-de.org\/app\/uploads\/2020\/06\/shutterstock_1077752744_Delegation-1024x683-768x512.jpg 768w\" sizes=\"(max-width: 1024px) 100vw, 1024px\" \/>\t\t\t\t\t\t\t\t\t\t\t\t\t\t\t<\/div>\n\t\t\t\t<\/div>\n\t\t\t\t\t<\/div>\n\t\t<\/div>\n\t\t\t\t\t\t\t<\/div>\n\t\t<\/section>\n\t\t\t\t<section class=\"elementor-section elementor-top-section elementor-element elementor-element-42e44a4 is-yes elementor-section-boxed elementor-section-height-default elementor-section-height-default\" data-id=\"42e44a4\" data-element_type=\"section\">\n\t\t\t\t\t\t<div class=\"elementor-container elementor-column-gap-default\">\n\t\t\t\t\t<div class=\"dis-fl col-12 col-12--medium elementor-column elementor-col-100 elementor-top-column elementor-element elementor-element-b24bafa  gut\" data-id=\"b24bafa\" data-element_type=\"column\">\n\t\t\t<div class=\"elementor-widget-wrap elementor-element-populated\">\n\t\t\t\t\t\t\t\t<div class=\"elementor-element elementor-element-7f91331 elementor-widget elementor-widget-spacer\" data-id=\"7f91331\" data-element_type=\"widget\" data-widget_type=\"spacer.default\">\n\t\t\t\t<div class=\"elementor-widget-container\">\n\t\t\t\t\t<div class=\"elementor-spacer\">\n\t\t\t<div class=\"elementor-spacer-inner\"><\/div>\n\t\t<\/div>\n\t\t\t\t<\/div>\n\t\t\t\t<\/div>\n\t\t\t\t\t<\/div>\n\t\t<\/div>\n\t\t\t\t\t\t\t<\/div>\n\t\t<\/section>\n\t\t\t\t<section class=\"elementor-section elementor-top-section elementor-element elementor-element-e2c9f6c is-yes elementor-section-boxed elementor-section-height-default elementor-section-height-default\" data-id=\"e2c9f6c\" data-element_type=\"section\">\n\t\t\t\t\t\t<div class=\"elementor-container elementor-column-gap-default\">\n\t\t\t\t\t<div class=\"dis-fl col-12 col-12--medium elementor-column elementor-col-100 elementor-top-column elementor-element elementor-element-cdcdbc3  gut\" data-id=\"cdcdbc3\" data-element_type=\"column\">\n\t\t\t<div class=\"elementor-widget-wrap elementor-element-populated\">\n\t\t\t\t\t\t\t\t<div class=\"elementor-element elementor-element-463d6ed lh-3 co-black elementor-widget elementor-widget-text-block\" data-id=\"463d6ed\" data-element_type=\"widget\" data-widget_type=\"text-block.default\">\n\t\t\t\t<div class=\"elementor-widget-container\">\n\t\t\t\n\n<div class=\"elementor-text-editor\"><p>Gem\u00e4\u00df ihren individuellen Anforderungen und W\u00fcnschen bieten wir Unternehmen folgendes Leistungs-Portfolio:<\/p><\/div>\t\t<\/div>\n\t\t\t\t<\/div>\n\t\t\t\t<div class=\"elementor-element elementor-element-66facb2 lh-3 co-black elementor-widget elementor-widget-text-block\" data-id=\"66facb2\" data-element_type=\"widget\" data-widget_type=\"text-block.default\">\n\t\t\t\t<div class=\"elementor-widget-container\">\n\t\t\t\n\n<div class=\"elementor-text-editor\"><ul><li>Planung und Organisation von Delegationsreisen (inkl. Reiseablauf, Organisation eines Begleitservices der Delegationsgruppe und Planung der Reiseroute)<\/li><li>Bereitstellung von \u00dcbersetzern und zus\u00e4tzlichen Assistenten<\/li><li>Koordination &amp; Buchung von Unterk\u00fcnften und Transfers<\/li><li>Gestaltung und Produktion von Visitenkarten und Werbematerialien<\/li><li>Planung von Messebesuchen, Unternehmens- und Fabrikbesichtigungen etc.<\/li><li>Planung, Organisation von Veranstaltungen im Rahmen des Aufenthalts in Deutschland (z.B. Seminare und Workshops, Promotionevents, Gesch\u00e4ftsessen, Pressekonferenzen)<\/li><\/ul><\/div>\t\t<\/div>\n\t\t\t\t<\/div>\n\t\t\t\t\t<\/div>\n\t\t<\/div>\n\t\t\t\t\t\t\t<\/div>\n\t\t<\/section>\n\t\t\t\t<section class=\"elementor-section elementor-top-section elementor-element elementor-element-cf1c51d is-yes elementor-section-boxed elementor-section-height-default elementor-section-height-default\" data-id=\"cf1c51d\" data-element_type=\"section\">\n\t\t\t\t\t\t<div class=\"elementor-container elementor-column-gap-default\">\n\t\t\t\t\t<div class=\"dis-fl col-12 col-12--medium elementor-column elementor-col-100 elementor-top-column elementor-element elementor-element-39c8358  gut\" data-id=\"39c8358\" data-element_type=\"column\">\n\t\t\t<div class=\"elementor-widget-wrap elementor-element-populated\">\n\t\t\t\t\t\t\t\t<div class=\"elementor-element elementor-element-35153d9 elementor-widget elementor-widget-image-gallery\" data-id=\"35153d9\" data-element_type=\"widget\" data-widget_type=\"image-gallery.default\">\n\t\t\t\t<div class=\"elementor-widget-container\">\n\t\t\t\t\t<div class=\"elementor-image-gallery\">\n\t\t\t\n<div class=\"lightbox gallery has-4-columns\" itemscope itemtype=\"http:\/\/schema.org\/ImageGallery\">\n  <div class=\"gallery__header size-5 fontw-l co-greyborder lh-1 divider\">\n    <span class=\"co-greytext\">Galerie<\/span>\n  <\/div>\n    <figure itemprop=\"associatedMedia\" itemscope itemtype=\"http:\/\/schema.org\/ImageObject\" class=\"gallery__item br-s\">\n    <a itemprop=\"contentUrl\" href=\"https:\/\/chk-de.org\/app\/uploads\/2019\/03\/China-Pavillion-2.jpg\" data-size=\"1440,1080\" data-caption=\"\">\n      <img\n        itemprop=\"thumbnail\"\n        src=\"https:\/\/chk-de.org\/app\/uploads\/2019\/03\/China-Pavillion-2-168x109.2-c-default.jpg\"\n        srcset=\"https:\/\/chk-de.org\/app\/uploads\/2019\/03\/China-Pavillion-2-168x109.2-c-default.jpg, https:\/\/chk-de.org\/app\/uploads\/2019\/03\/China-Pavillion-2-336x218.4-c-default.jpg 2x\"\n        alt=\"\">\n    <\/a>\n  <\/figure>\n    <figure itemprop=\"associatedMedia\" itemscope itemtype=\"http:\/\/schema.org\/ImageObject\" class=\"gallery__item br-s\">\n    <a itemprop=\"contentUrl\" href=\"https:\/\/chk-de.org\/app\/uploads\/2019\/03\/China-Pavillion-3.jpg\" data-size=\"1440,1080\" data-caption=\"\">\n      <img\n        itemprop=\"thumbnail\"\n        src=\"https:\/\/chk-de.org\/app\/uploads\/2019\/03\/China-Pavillion-3-168x109.2-c-default.jpg\"\n        srcset=\"https:\/\/chk-de.org\/app\/uploads\/2019\/03\/China-Pavillion-3-168x109.2-c-default.jpg, https:\/\/chk-de.org\/app\/uploads\/2019\/03\/China-Pavillion-3-336x218.4-c-default.jpg 2x\"\n        alt=\"\">\n    <\/a>\n  <\/figure>\n    <figure itemprop=\"associatedMedia\" itemscope itemtype=\"http:\/\/schema.org\/ImageObject\" class=\"gallery__item br-s\">\n    <a itemprop=\"contentUrl\" href=\"https:\/\/chk-de.org\/app\/uploads\/2017\/09\/DSC_9426-3.jpg\" data-size=\"2400,1363\" data-caption=\"\">\n      <img\n        itemprop=\"thumbnail\"\n        src=\"https:\/\/chk-de.org\/app\/uploads\/2017\/09\/DSC_9426-3-168x109.2-c-default.jpg\"\n        srcset=\"https:\/\/chk-de.org\/app\/uploads\/2017\/09\/DSC_9426-3-168x109.2-c-default.jpg, https:\/\/chk-de.org\/app\/uploads\/2017\/09\/DSC_9426-3-336x218.4-c-default.jpg 2x\"\n        alt=\"\">\n    <\/a>\n  <\/figure>\n    <figure itemprop=\"associatedMedia\" itemscope itemtype=\"http:\/\/schema.org\/ImageObject\" class=\"gallery__item br-s\">\n    <a itemprop=\"contentUrl\" href=\"https:\/\/chk-de.org\/app\/uploads\/2017\/09\/DSC_9425.jpg\" data-size=\"2400,1602\" data-caption=\"\">\n      <img\n        itemprop=\"thumbnail\"\n        src=\"https:\/\/chk-de.org\/app\/uploads\/2017\/09\/DSC_9425-168x109.2-c-default.jpg\"\n        srcset=\"https:\/\/chk-de.org\/app\/uploads\/2017\/09\/DSC_9425-168x109.2-c-default.jpg, https:\/\/chk-de.org\/app\/uploads\/2017\/09\/DSC_9425-336x218.4-c-default.jpg 2x\"\n        alt=\"\">\n    <\/a>\n  <\/figure>\n    <figure itemprop=\"associatedMedia\" itemscope itemtype=\"http:\/\/schema.org\/ImageObject\" class=\"gallery__item br-s\">\n    <a itemprop=\"contentUrl\" href=\"https:\/\/chk-de.org\/app\/uploads\/2017\/09\/DSC_2792.jpg\" data-size=\"7360,4912\" data-caption=\"\">\n      <img\n        itemprop=\"thumbnail\"\n        src=\"https:\/\/chk-de.org\/app\/uploads\/2017\/09\/DSC_2792-168x109.2-c-default.jpg\"\n        srcset=\"https:\/\/chk-de.org\/app\/uploads\/2017\/09\/DSC_2792-168x109.2-c-default.jpg, https:\/\/chk-de.org\/app\/uploads\/2017\/09\/DSC_2792-336x218.4-c-default.jpg 2x\"\n        alt=\"\">\n    <\/a>\n  <\/figure>\n    <figure itemprop=\"associatedMedia\" itemscope itemtype=\"http:\/\/schema.org\/ImageObject\" class=\"gallery__item br-s\">\n    <a itemprop=\"contentUrl\" href=\"https:\/\/chk-de.org\/app\/uploads\/2016\/09\/IMG_2453.jpg\" data-size=\"5184,3456\" data-caption=\"\">\n      <img\n        itemprop=\"thumbnail\"\n        src=\"https:\/\/chk-de.org\/app\/uploads\/2016\/09\/IMG_2453-168x109.2-c-default.jpg\"\n        srcset=\"https:\/\/chk-de.org\/app\/uploads\/2016\/09\/IMG_2453-168x109.2-c-default.jpg, https:\/\/chk-de.org\/app\/uploads\/2016\/09\/IMG_2453-336x218.4-c-default.jpg 2x\"\n        alt=\"\">\n    <\/a>\n  <\/figure>\n    <figure itemprop=\"associatedMedia\" itemscope itemtype=\"http:\/\/schema.org\/ImageObject\" class=\"gallery__item br-s\">\n    <a itemprop=\"contentUrl\" href=\"https:\/\/chk-de.org\/app\/uploads\/2015\/09\/07092015-IFA-3.jpg\" data-size=\"3456,2304\" data-caption=\"\">\n      <img\n        itemprop=\"thumbnail\"\n        src=\"https:\/\/chk-de.org\/app\/uploads\/2015\/09\/07092015-IFA-3-168x109.2-c-default.jpg\"\n        srcset=\"https:\/\/chk-de.org\/app\/uploads\/2015\/09\/07092015-IFA-3-168x109.2-c-default.jpg, https:\/\/chk-de.org\/app\/uploads\/2015\/09\/07092015-IFA-3-336x218.4-c-default.jpg 2x\"\n        alt=\"\">\n    <\/a>\n  <\/figure>\n    <figure itemprop=\"associatedMedia\" itemscope itemtype=\"http:\/\/schema.org\/ImageObject\" class=\"gallery__item br-s\">\n    <a itemprop=\"contentUrl\" href=\"https:\/\/chk-de.org\/app\/uploads\/2015\/09\/IMG_3187.jpg\" data-size=\"3264,2448\" data-caption=\"\">\n      <img\n        itemprop=\"thumbnail\"\n        src=\"https:\/\/chk-de.org\/app\/uploads\/2015\/09\/IMG_3187-168x109.2-c-default.jpg\"\n        srcset=\"https:\/\/chk-de.org\/app\/uploads\/2015\/09\/IMG_3187-168x109.2-c-default.jpg, https:\/\/chk-de.org\/app\/uploads\/2015\/09\/IMG_3187-336x218.4-c-default.jpg 2x\"\n        alt=\"\">\n    <\/a>\n  <\/figure>\n    <figure itemprop=\"associatedMedia\" itemscope itemtype=\"http:\/\/schema.org\/ImageObject\" class=\"gallery__item br-s\">\n    <a itemprop=\"contentUrl\" href=\"https:\/\/chk-de.org\/app\/uploads\/2015\/09\/IMG_0423.jpg\" data-size=\"3456,2304\" data-caption=\"\">\n      <img\n        itemprop=\"thumbnail\"\n        src=\"https:\/\/chk-de.org\/app\/uploads\/2015\/09\/IMG_0423-168x109.2-c-default.jpg\"\n        srcset=\"https:\/\/chk-de.org\/app\/uploads\/2015\/09\/IMG_0423-168x109.2-c-default.jpg, https:\/\/chk-de.org\/app\/uploads\/2015\/09\/IMG_0423-336x218.4-c-default.jpg 2x\"\n        alt=\"\">\n    <\/a>\n  <\/figure>\n  <\/div>\n\t\t<\/div>\n\t\t\t\t<\/div>\n\t\t\t\t<\/div>\n\t\t\t\t\t<\/div>\n\t\t<\/div>\n\t\t\t\t\t\t\t<\/div>\n\t\t<\/section>\n\t\t\t\t\t\t<\/div>\n\t\t\t\t\t<\/div>\n\t\t","protected":false},"excerpt":{"rendered":"<p>Gem\u00e4\u00df ihren individuellen Anforderungen und W\u00fcnschen bieten wir Unternehmen folgendes Leistungs-Portfolio: Planung und Organisation von Delegationsreisen (inkl. Reiseablauf, Organisation eines Begleitservices der Delegationsgruppe und Planung der Reiseroute) Bereitstellung von \u00dcbersetzern und zus\u00e4tzlichen Assistenten Koordination &amp; Buchung von Unterk\u00fcnften und Transfers Gestaltung und Produktion von Visitenkarten und Werbematerialien Planung von Messebesuchen, Unternehmens- und Fabrikbesichtigungen etc. Planung, [&hellip;]<\/p>\n","protected":false},"author":3,"featured_media":0,"parent":0,"menu_order":0,"comment_status":"closed","ping_status":"closed","template":"","meta":[],"_links":{"self":[{"href":"https:\/\/chk-de.org\/de\/wp-json\/wp\/v2\/pages\/68277"}],"collection":[{"href":"https:\/\/chk-de.org\/de\/wp-json\/wp\/v2\/pages"}],"about":[{"href":"https:\/\/chk-de.org\/de\/wp-json\/wp\/v2\/types\/page"}],"author":[{"embeddable":true,"href":"https:\/\/chk-de.org\/de\/wp-json\/wp\/v2\/users\/3"}],"replies":[{"embeddable":true,"href":"https:\/\/chk-de.org\/de\/wp-json\/wp\/v2\/comments?post=68277"}],"version-history":[{"count":4,"href":"https:\/\/chk-de.org\/de\/wp-json\/wp\/v2\/pages\/68277\/revisions"}],"predecessor-version":[{"id":69829,"href":"https:\/\/chk-de.org\/de\/wp-json\/wp\/v2\/pages\/68277\/revisions\/69829"}],"wp:attachment":[{"href":"https:\/\/chk-de.org\/de\/wp-json\/wp\/v2\/media?parent=68277"}],"curies":[{"name":"wp","href":"https:\/\/api.w.org\/{rel}","templated":true}]}}