{"id":68272,"date":"2020-06-18T16:53:36","date_gmt":"2020-06-18T14:53:36","guid":{"rendered":"https:\/\/chk-de.org\/?page_id=68272"},"modified":"2020-06-25T17:44:55","modified_gmt":"2020-06-25T15:44:55","slug":"messe-delegation-events","status":"publish","type":"page","link":"https:\/\/chk-de.org\/de\/messe-delegation-events\/","title":{"rendered":"Messe, Delegation und Events"},"content":{"rendered":"\t\t<div data-elementor-type=\"wp-page\" data-elementor-id=\"68272\" class=\"elementor elementor-68272 elementor-bc-flex-widget\" data-elementor-settings=\"[]\">\n\t\t\t\t\t\t\t<div class=\"elementor-section-wrap\">\n\t\t\t\t\t\t\t<section class=\"elementor-section elementor-top-section elementor-element elementor-element-2a9003a is-yes elementor-section-boxed elementor-section-height-default elementor-section-height-default\" data-id=\"2a9003a\" data-element_type=\"section\">\n\t\t\t\t\t\t<div class=\"elementor-container elementor-column-gap-default\">\n\t\t\t\t\t<div class=\"dis-fl col-12 col-12--medium elementor-column elementor-col-100 elementor-top-column elementor-element elementor-element-82c1505  gut\" data-id=\"82c1505\" data-element_type=\"column\">\n\t\t\t<div class=\"elementor-widget-wrap elementor-element-populated\">\n\t\t\t\t\t\t\t\t<div class=\"elementor-element elementor-element-0375135 lh-3 co-black elementor-widget elementor-widget-text-block\" data-id=\"0375135\" data-element_type=\"widget\" data-widget_type=\"text-block.default\">\n\t\t\t\t<div class=\"elementor-widget-container\">\n\t\t\t\n\n<div class=\"elementor-text-editor\"><section class=\"elementor-element elementor-element-005e3c3 is-yes elementor-section-boxed elementor-section-height-default elementor-section-height-default elementor-section elementor-top-section\" data-id=\"005e3c3\" data-element_type=\"section\"><div class=\"elementor-container elementor-column-gap-default\"><div class=\"elementor-row\"><div class=\"dis-fl col-12 col-12--medium elementor-element elementor-element-0ec50d0  gut elementor-column elementor-col-100 elementor-top-column\" data-id=\"0ec50d0\" data-element_type=\"column\"><div class=\"elementor-column-wrap elementor-element-populated\"><div class=\"elementor-widget-wrap\"><div class=\"elementor-element elementor-element-a95ecd4 lh-3 co-black elementor-widget elementor-widget-text-block\" data-id=\"a95ecd4\" data-element_type=\"text-block.default\"><div class=\"elementor-widget-container\"><div class=\"elementor-text-editor\"><p>Dank der umfangreichen politischen und wirtschaftlichen Netzwerke in Deutschland und China sowie der langj\u00e4hrigen Erfahrungen in Bezug auf die F\u00f6rderung der deutsch-chinesischen Wirtschaftszusammenarbeit bieten wir Unternehmen ein breites Spektrum an Dienstleistungen rund um die Bereiche Messe, Delegationen und Events. Diese richten sich vorrangig an chinesische Unternehmen mit einem Interesse am deutschen Markt. Zugleich stehen wir auch deutschen Unternehmen, die ihr Chinagesch\u00e4ft auf- oder ausbauen m\u00f6chten, gerne als Ansprechpartner zur Verf\u00fcgung.<\/p><\/div><\/div><\/div><\/div><\/div><\/div><\/div><\/div><\/section><\/div>\t\t<\/div>\n\t\t\t\t<\/div>\n\t\t\t\t\t<\/div>\n\t\t<\/div>\n\t\t\t\t\t\t\t<\/div>\n\t\t<\/section>\n\t\t\t\t<section class=\"elementor-section elementor-top-section elementor-element elementor-element-98a8226 is-yes elementor-section-boxed elementor-section-height-default elementor-section-height-default\" data-id=\"98a8226\" data-element_type=\"section\">\n\t\t\t\t\t\t<div class=\"elementor-container elementor-column-gap-default\">\n\t\t\t\t\t<div class=\"dis-fl col-12 col-12--medium elementor-column elementor-col-100 elementor-top-column elementor-element elementor-element-8c09895  gut\" data-id=\"8c09895\" data-element_type=\"column\">\n\t\t\t<div class=\"elementor-widget-wrap elementor-element-populated\">\n\t\t\t\t\t\t\t\t<div class=\"elementor-element elementor-element-2c88347 elementor-widget elementor-widget-spacer\" data-id=\"2c88347\" data-element_type=\"widget\" data-widget_type=\"spacer.default\">\n\t\t\t\t<div class=\"elementor-widget-container\">\n\t\t\t\t\t<div class=\"elementor-spacer\">\n\t\t\t<div class=\"elementor-spacer-inner\"><\/div>\n\t\t<\/div>\n\t\t\t\t<\/div>\n\t\t\t\t<\/div>\n\t\t\t\t\t<\/div>\n\t\t<\/div>\n\t\t\t\t\t\t\t<\/div>\n\t\t<\/section>\n\t\t\t\t<section class=\"elementor-section elementor-top-section elementor-element elementor-element-7a2daf0 is-yes elementor-section-boxed elementor-section-height-default elementor-section-height-default\" data-id=\"7a2daf0\" data-element_type=\"section\">\n\t\t\t\t\t\t<div class=\"elementor-container elementor-column-gap-default\">\n\t\t\t\t\t<div class=\"dis-fl col-12 col-12--medium elementor-column elementor-col-100 elementor-top-column elementor-element elementor-element-6ca8301  gut\" data-id=\"6ca8301\" data-element_type=\"column\">\n\t\t\t<div class=\"elementor-widget-wrap elementor-element-populated\">\n\t\t\t\t\t\t\t\t<div class=\"elementor-element elementor-element-9a2d35c pad-t-1 align-center elementor-widget elementor-widget-simple-button\" data-id=\"9a2d35c\" data-element_type=\"widget\" data-widget_type=\"simple-button.default\">\n\t\t\t\t<div class=\"elementor-widget-container\">\n\t\t\t    \n  \n  \n  \n\n<a href=\" https:\/\/chk-de.org\/messe-und-delegation\/\" class=\"button size-2 is-primary\">\n  <span>Messe und Delegation<\/span>\n<\/a>\t\t<\/div>\n\t\t\t\t<\/div>\n\t\t\t\t\t<\/div>\n\t\t<\/div>\n\t\t\t\t\t\t\t<\/div>\n\t\t<\/section>\n\t\t\t\t<section class=\"elementor-section elementor-top-section elementor-element elementor-element-2837fd4 is-yes elementor-section-boxed elementor-section-height-default elementor-section-height-default\" data-id=\"2837fd4\" data-element_type=\"section\">\n\t\t\t\t\t\t<div class=\"elementor-container elementor-column-gap-default\">\n\t\t\t\t\t<div class=\"dis-fl col-12 col-12--medium elementor-column elementor-col-100 elementor-top-column elementor-element elementor-element-651368e  gut\" data-id=\"651368e\" data-element_type=\"column\">\n\t\t\t<div class=\"elementor-widget-wrap elementor-element-populated\">\n\t\t\t\t\t\t\t\t<div class=\"elementor-element elementor-element-8042162 elementor-widget elementor-widget-spacer\" data-id=\"8042162\" data-element_type=\"widget\" data-widget_type=\"spacer.default\">\n\t\t\t\t<div class=\"elementor-widget-container\">\n\t\t\t\t\t<div class=\"elementor-spacer\">\n\t\t\t<div class=\"elementor-spacer-inner\"><\/div>\n\t\t<\/div>\n\t\t\t\t<\/div>\n\t\t\t\t<\/div>\n\t\t\t\t\t<\/div>\n\t\t<\/div>\n\t\t\t\t\t\t\t<\/div>\n\t\t<\/section>\n\t\t\t\t<section class=\"elementor-section elementor-top-section elementor-element elementor-element-efbd6cd is-yes elementor-section-boxed elementor-section-height-default elementor-section-height-default\" data-id=\"efbd6cd\" data-element_type=\"section\">\n\t\t\t\t\t\t<div class=\"elementor-container elementor-column-gap-default\">\n\t\t\t\t\t<div class=\"dis-fl col-12 col-12--medium elementor-column elementor-col-100 elementor-top-column elementor-element elementor-element-fa7f83d  gut\" data-id=\"fa7f83d\" data-element_type=\"column\">\n\t\t\t<div class=\"elementor-widget-wrap elementor-element-populated\">\n\t\t\t\t\t\t\t\t<div class=\"elementor-element elementor-element-334a299 pad-t-1 align-center elementor-widget elementor-widget-simple-button\" data-id=\"334a299\" data-element_type=\"widget\" data-widget_type=\"simple-button.default\">\n\t\t\t\t<div class=\"elementor-widget-container\">\n\t\t\t    \n  \n  \n  \n\n<a href=\"https:\/\/chk-de.org\/eventservice\/\" class=\"button size-2 is-primary\">\n  <span>Eventservice<\/span>\n<\/a>\t\t<\/div>\n\t\t\t\t<\/div>\n\t\t\t\t\t<\/div>\n\t\t<\/div>\n\t\t\t\t\t\t\t<\/div>\n\t\t<\/section>\n\t\t\t\t\t\t<\/div>\n\t\t\t\t\t<\/div>\n\t\t","protected":false},"excerpt":{"rendered":"<p>Dank der umfangreichen politischen und wirtschaftlichen Netzwerke in Deutschland und China sowie der langj\u00e4hrigen Erfahrungen in Bezug auf die F\u00f6rderung der deutsch-chinesischen Wirtschaftszusammenarbeit bieten wir Unternehmen ein breites Spektrum an Dienstleistungen rund um die Bereiche Messe, Delegationen und Events. Diese richten sich vorrangig an chinesische Unternehmen mit einem Interesse am deutschen Markt. Zugleich stehen wir [&hellip;]<\/p>\n","protected":false},"author":3,"featured_media":0,"parent":0,"menu_order":0,"comment_status":"closed","ping_status":"closed","template":"template-page--sidebarless.php","meta":[],"_links":{"self":[{"href":"https:\/\/chk-de.org\/de\/wp-json\/wp\/v2\/pages\/68272"}],"collection":[{"href":"https:\/\/chk-de.org\/de\/wp-json\/wp\/v2\/pages"}],"about":[{"href":"https:\/\/chk-de.org\/de\/wp-json\/wp\/v2\/types\/page"}],"author":[{"embeddable":true,"href":"https:\/\/chk-de.org\/de\/wp-json\/wp\/v2\/users\/3"}],"replies":[{"embeddable":true,"href":"https:\/\/chk-de.org\/de\/wp-json\/wp\/v2\/comments?post=68272"}],"version-history":[{"count":7,"href":"https:\/\/chk-de.org\/de\/wp-json\/wp\/v2\/pages\/68272\/revisions"}],"predecessor-version":[{"id":70178,"href":"https:\/\/chk-de.org\/de\/wp-json\/wp\/v2\/pages\/68272\/revisions\/70178"}],"wp:attachment":[{"href":"https:\/\/chk-de.org\/de\/wp-json\/wp\/v2\/media?parent=68272"}],"curies":[{"name":"wp","href":"https:\/\/api.w.org\/{rel}","templated":true}]}}