{"id":67886,"date":"2020-04-23T20:26:36","date_gmt":"2020-04-23T18:26:36","guid":{"rendered":"https:\/\/chk-de.org\/?page_id=67886"},"modified":"2026-03-17T16:16:37","modified_gmt":"2026-03-17T15:16:37","slug":"mitglied-werden","status":"publish","type":"page","link":"https:\/\/chk-de.org\/de\/mitglied-werden\/","title":{"rendered":"Mitglied werden"},"content":{"rendered":"\t\t<div data-elementor-type=\"wp-page\" data-elementor-id=\"67886\" class=\"elementor elementor-67886\" data-elementor-settings=\"[]\">\n\t\t\t\t\t\t\t<div class=\"elementor-section-wrap\">\n\t\t\t\t\t\t\t<section class=\"elementor-section elementor-top-section elementor-element elementor-element-c24f80a is-yes elementor-section-boxed elementor-section-height-default elementor-section-height-default\" data-id=\"c24f80a\" data-element_type=\"section\">\n\t\t\t\t\t\t<div class=\"elementor-container elementor-column-gap-default\">\n\t\t\t\t\t<div class=\"dis-fl col-12 col-12--medium elementor-column elementor-col-100 elementor-top-column elementor-element elementor-element-e066ec3  gut\" data-id=\"e066ec3\" data-element_type=\"column\">\n\t\t\t<div class=\"elementor-widget-wrap elementor-element-populated\">\n\t\t\t\t\t\t\t\t<div class=\"elementor-element elementor-element-cbdf39d lh-3 co-black elementor-widget elementor-widget-text-block\" data-id=\"cbdf39d\" data-element_type=\"widget\" data-widget_type=\"text-block.default\">\n\t\t\t\t<div class=\"elementor-widget-container\">\n\t\t\t\n\n<div class=\"elementor-text-editor\"><p>Es gibt verschiedene M\u00f6glichkeiten f\u00fcr Unternehmen, Mitglied der CHKD zu werden und Zugang zum gr\u00f6\u00dften Netzwerk chinesischer Unternehmen in Deutschland zu erhalten.<\/p><\/div>\t\t<\/div>\n\t\t\t\t<\/div>\n\t\t\t\t\t<\/div>\n\t\t<\/div>\n\t\t\t\t\t\t\t<\/div>\n\t\t<\/section>\n\t\t\t\t<section class=\"elementor-section elementor-top-section elementor-element elementor-element-6e1c6f8 is-yes elementor-section-boxed elementor-section-height-default elementor-section-height-default\" data-id=\"6e1c6f8\" data-element_type=\"section\">\n\t\t\t\t\t\t<div class=\"elementor-container elementor-column-gap-default\">\n\t\t\t\t\t<div class=\"dis-fl col-12 col-12--medium elementor-column elementor-col-100 elementor-top-column elementor-element elementor-element-d67129d  gut\" data-id=\"d67129d\" data-element_type=\"column\">\n\t\t\t<div class=\"elementor-widget-wrap elementor-element-populated\">\n\t\t\t\t\t\t\t\t<div class=\"elementor-element elementor-element-5de9002 elementor-widget elementor-widget-spacer\" data-id=\"5de9002\" data-element_type=\"widget\" data-widget_type=\"spacer.default\">\n\t\t\t\t<div class=\"elementor-widget-container\">\n\t\t\t\t\t<div class=\"elementor-spacer\">\n\t\t\t<div class=\"elementor-spacer-inner\"><\/div>\n\t\t<\/div>\n\t\t\t\t<\/div>\n\t\t\t\t<\/div>\n\t\t\t\t\t<\/div>\n\t\t<\/div>\n\t\t\t\t\t\t\t<\/div>\n\t\t<\/section>\n\t\t\t\t<section class=\"elementor-section elementor-top-section elementor-element elementor-element-4e04e6c is-yes elementor-section-boxed elementor-section-height-default elementor-section-height-default\" data-id=\"4e04e6c\" data-element_type=\"section\">\n\t\t\t\t\t\t<div class=\"elementor-container elementor-column-gap-default\">\n\t\t\t\t\t<div class=\"dis-fl col-12 col-12--medium elementor-column elementor-col-100 elementor-top-column elementor-element elementor-element-6c66eea  gut\" data-id=\"6c66eea\" data-element_type=\"column\">\n\t\t\t<div class=\"elementor-widget-wrap elementor-element-populated\">\n\t\t\t\t\t\t\t\t<div class=\"elementor-element elementor-element-7a7302b pad-b-1 elementor-widget elementor-widget-header\" data-id=\"7a7302b\" data-element_type=\"widget\" data-widget_type=\"header.default\">\n\t\t\t\t<div class=\"elementor-widget-container\">\n\t\t\t<h2 class=\"heading\">\n    <span class=\"fontw-l has-divider lh-3 size-5\">Wer kann Mitglied der CHKD werden?<\/span>\n  <div class=\"heading__divider pad-t-2\" aria-hidden><svg width=\"90\" height=\"2\" viewBox=\"0 0 90 2\" xmlns=\"http:\/\/www.w3.org\/2000\/svg\"><line x1=\"0\" y1=\"1\" x2=\"90\" y2=\"1\" stroke-width=\"2\" \/><\/svg><\/div><\/h2>\t\t<\/div>\n\t\t\t\t<\/div>\n\t\t\t\t\t<\/div>\n\t\t<\/div>\n\t\t\t\t\t\t\t<\/div>\n\t\t<\/section>\n\t\t\t\t<section class=\"elementor-section elementor-top-section elementor-element elementor-element-713abac is-yes elementor-section-boxed elementor-section-height-default elementor-section-height-default\" data-id=\"713abac\" data-element_type=\"section\">\n\t\t\t\t\t\t<div class=\"elementor-container elementor-column-gap-default\">\n\t\t\t\t\t<div class=\"dis-fl col-12 col-12--medium elementor-column elementor-col-100 elementor-top-column elementor-element elementor-element-109a339  gut\" data-id=\"109a339\" data-element_type=\"column\">\n\t\t\t<div class=\"elementor-widget-wrap elementor-element-populated\">\n\t\t\t\t\t\t\t\t<div class=\"elementor-element elementor-element-dbaf8d7 lh-3 co-black elementor-widget elementor-widget-text-block\" data-id=\"dbaf8d7\" data-element_type=\"widget\" data-widget_type=\"text-block.default\">\n\t\t\t\t<div class=\"elementor-widget-container\">\n\t\t\t\n\n<div class=\"elementor-text-editor\"><p><strong>Ordentliche Mitgliedschaft <\/strong>(f\u00fcr chinesische Unternehmen)<\/p><p>\u00a0<\/p><p>Ordentliche Mitglieder k\u00f6nnen folgende Unternehmen und Organisationen werden:<\/p><\/div>\t\t<\/div>\n\t\t\t\t<\/div>\n\t\t\t\t\t<\/div>\n\t\t<\/div>\n\t\t\t\t\t\t\t<\/div>\n\t\t<\/section>\n\t\t\t\t<section class=\"elementor-section elementor-top-section elementor-element elementor-element-3897292 is-yes elementor-section-boxed elementor-section-height-default elementor-section-height-default\" data-id=\"3897292\" data-element_type=\"section\">\n\t\t\t\t\t\t<div class=\"elementor-container elementor-column-gap-default\">\n\t\t\t\t\t<div class=\"dis-fl col-12 col-12--medium elementor-column elementor-col-100 elementor-top-column elementor-element elementor-element-5d207f7  gut\" data-id=\"5d207f7\" data-element_type=\"column\">\n\t\t\t<div class=\"elementor-widget-wrap elementor-element-populated\">\n\t\t\t\t\t\t\t\t<div class=\"elementor-element elementor-element-ebcb6f1 lh-3 co-black elementor-widget elementor-widget-text-block\" data-id=\"ebcb6f1\" data-element_type=\"widget\" data-widget_type=\"text-block.default\">\n\t\t\t\t<div class=\"elementor-widget-container\">\n\t\t\t\n\n<div class=\"elementor-text-editor\"><ul><li>Unternehmen mit Sitz in Deutschland, die unmittelbare oder mittelbare Beteiligungsunternehmen chinesischer Unternehmen sind.<\/li><li>Chinesische Unternehmen oder Unternehmen, die unmittelbare oder mittelbare Beteiligungsunternehmen chinesischer Unternehmen sind und \u00fcber eine Niederlassung in Deutschland verf\u00fcgen.<\/li><li>Unternehmerverb\u00e4nde mit chinesischen Mitgliedern mit Wirkungskreis in Deutschland<\/li><\/ul><\/div>\t\t<\/div>\n\t\t\t\t<\/div>\n\t\t\t\t\t<\/div>\n\t\t<\/div>\n\t\t\t\t\t\t\t<\/div>\n\t\t<\/section>\n\t\t\t\t<section class=\"elementor-section elementor-top-section elementor-element elementor-element-b8038c1 is-yes elementor-section-boxed elementor-section-height-default elementor-section-height-default\" data-id=\"b8038c1\" data-element_type=\"section\">\n\t\t\t\t\t\t<div class=\"elementor-container elementor-column-gap-default\">\n\t\t\t\t\t<div class=\"dis-fl col-12 col-12--medium elementor-column elementor-col-100 elementor-top-column elementor-element elementor-element-c30c052  gut\" data-id=\"c30c052\" data-element_type=\"column\">\n\t\t\t<div class=\"elementor-widget-wrap elementor-element-populated\">\n\t\t\t\t\t\t\t\t<div class=\"elementor-element elementor-element-68d81e2 lh-3 co-black elementor-widget elementor-widget-text-block\" data-id=\"68d81e2\" data-element_type=\"widget\" data-widget_type=\"text-block.default\">\n\t\t\t\t<div class=\"elementor-widget-container\">\n\t\t\t\n\n<div class=\"elementor-text-editor\"><p><strong>F\u00f6rdermitgliedschaft<\/strong><\/p><p>\u00a0<\/p><p>Deutsche Beh\u00f6rden, Wirtschaftsf\u00f6rderungsgesellschaften und Unternehmen k\u00f6nnen F\u00f6rdermitglied der CHKD werden.<\/p><\/div>\t\t<\/div>\n\t\t\t\t<\/div>\n\t\t\t\t\t<\/div>\n\t\t<\/div>\n\t\t\t\t\t\t\t<\/div>\n\t\t<\/section>\n\t\t\t\t<section class=\"elementor-section elementor-top-section elementor-element elementor-element-1e9a6ca is-yes elementor-section-boxed elementor-section-height-default elementor-section-height-default\" data-id=\"1e9a6ca\" data-element_type=\"section\">\n\t\t\t\t\t\t<div class=\"elementor-container elementor-column-gap-default\">\n\t\t\t\t\t<div class=\"dis-fl col-12 col-12--medium elementor-column elementor-col-100 elementor-top-column elementor-element elementor-element-c8e8475  gut\" data-id=\"c8e8475\" data-element_type=\"column\">\n\t\t\t<div class=\"elementor-widget-wrap elementor-element-populated\">\n\t\t\t\t\t\t\t\t<div class=\"elementor-element elementor-element-6ba82eb lh-3 co-black elementor-widget elementor-widget-text-block\" data-id=\"6ba82eb\" data-element_type=\"widget\" data-widget_type=\"text-block.default\">\n\t\t\t\t<div class=\"elementor-widget-container\">\n\t\t\t\n\n<div class=\"elementor-text-editor\"><p>\u00a0<\/p><p><strong>Kontaktmitgliedschaft<\/strong><\/p><p>\u00a0<\/p><p>Kontaktmitglieder k\u00f6nnen Unternehmen oder Organisationen werden, die nicht in die Kategorien \u201cOrdentliche Mitglieder\u201d, \u201cF\u00f6rdermitglieder\u201d oder \u201cMitglieder des Beraternetzwerkes\u201d fallen. Damit \u00f6ffnet sich die CHKD z.B. auch f\u00fcr chinesische Unternehmen,<\/p><\/div>\t\t<\/div>\n\t\t\t\t<\/div>\n\t\t\t\t<div class=\"elementor-element elementor-element-a03d3b7 lh-3 co-black elementor-widget elementor-widget-text-block\" data-id=\"a03d3b7\" data-element_type=\"widget\" data-widget_type=\"text-block.default\">\n\t\t\t\t<div class=\"elementor-widget-container\">\n\t\t\t\n\n<div class=\"elementor-text-editor\"><ul><li>die bereits in Deutschland aktiv sind, aber kein unmittelbares oder mittelbares Beteiligungsunternehmen eines chinesischen Unternehmens ist und solche,<\/li><li>die keinen Sitz in Deutschland haben, also noch auf China operieren.<\/li><\/ul><\/div>\t\t<\/div>\n\t\t\t\t<\/div>\n\t\t\t\t\t<\/div>\n\t\t<\/div>\n\t\t\t\t\t\t\t<\/div>\n\t\t<\/section>\n\t\t\t\t<section class=\"elementor-section elementor-top-section elementor-element elementor-element-a34186e is-yes elementor-section-boxed elementor-section-height-default elementor-section-height-default\" data-id=\"a34186e\" data-element_type=\"section\">\n\t\t\t\t\t\t<div class=\"elementor-container elementor-column-gap-default\">\n\t\t\t\t\t<div class=\"dis-fl col-12 col-12--medium elementor-column elementor-col-100 elementor-top-column elementor-element elementor-element-bf4dc25  gut\" data-id=\"bf4dc25\" data-element_type=\"column\">\n\t\t\t<div class=\"elementor-widget-wrap elementor-element-populated\">\n\t\t\t\t\t\t\t\t<div class=\"elementor-element elementor-element-5e47002 lh-3 co-black elementor-widget elementor-widget-text-block\" data-id=\"5e47002\" data-element_type=\"widget\" data-widget_type=\"text-block.default\">\n\t\t\t\t<div class=\"elementor-widget-container\">\n\t\t\t\n\n<div class=\"elementor-text-editor\"><p>Auch deutsche bzw. internationale Unternehmen mit China-Bezug k\u00f6nnen Kontaktmitglieder werden. Alle Unternehmen, die in die Kategorie \u201cKontaktmitglieder\u201d fallen und zuvor F\u00f6rdermitglied waren, werden automatisch in diese Kategorie \u00fcberf\u00fchrt.<\/p><\/div>\t\t<\/div>\n\t\t\t\t<\/div>\n\t\t\t\t\t<\/div>\n\t\t<\/div>\n\t\t\t\t\t\t\t<\/div>\n\t\t<\/section>\n\t\t\t\t<section class=\"elementor-section elementor-top-section elementor-element elementor-element-4cb5da9 is-yes elementor-section-boxed elementor-section-height-default elementor-section-height-default\" data-id=\"4cb5da9\" data-element_type=\"section\">\n\t\t\t\t\t\t<div class=\"elementor-container elementor-column-gap-default\">\n\t\t\t\t\t<div class=\"dis-fl col-12 col-12--medium elementor-column elementor-col-100 elementor-top-column elementor-element elementor-element-5d489cd  gut\" data-id=\"5d489cd\" data-element_type=\"column\">\n\t\t\t<div class=\"elementor-widget-wrap elementor-element-populated\">\n\t\t\t\t\t\t\t\t<div class=\"elementor-element elementor-element-df63ab9 lh-3 co-black elementor-widget elementor-widget-text-block\" data-id=\"df63ab9\" data-element_type=\"widget\" data-widget_type=\"text-block.default\">\n\t\t\t\t<div class=\"elementor-widget-container\">\n\t\t\t\n\n<div class=\"elementor-text-editor\"><p>\u00a0<\/p><p><strong>Mitglieder des CHKD Beraternetzwerkes<\/strong><\/p><p>\u00a0<\/p><p>Mitglieder des CHKD Beraternetzwerkes k\u00f6nnen Beratungsunternehmen mit nachgewiesener China-Expertise werden. Die Voraussetzungen f\u00fcr eine Mitgliedschaft in dieser Kategorie ergeben sich aus den \u201eAllgemeinen Zulassungsbestimmungen f\u00fcr die Teilnahme am CHKD Beraternetzwerk\u201c und den \u201eAllgemeinen Gesch\u00e4ftsbedingungen des CHKD Beraternetzwerkes\u201c). Alle aktuellen Mitglieder des CHKD Beraternetzwerkes 2021 werden automatisch in diese Kategorie \u00fcberf\u00fchrt.<\/p><p>\u00a0<\/p><\/div>\t\t<\/div>\n\t\t\t\t<\/div>\n\t\t\t\t\t<\/div>\n\t\t<\/div>\n\t\t\t\t\t\t\t<\/div>\n\t\t<\/section>\n\t\t\t\t<section class=\"elementor-section elementor-top-section elementor-element elementor-element-575655f is-yes elementor-section-boxed elementor-section-height-default elementor-section-height-default\" data-id=\"575655f\" data-element_type=\"section\">\n\t\t\t\t\t\t<div class=\"elementor-container elementor-column-gap-default\">\n\t\t\t\t\t<div class=\"dis-fl col-12 col-12--medium elementor-column elementor-col-100 elementor-top-column elementor-element elementor-element-2e8436a  gut\" data-id=\"2e8436a\" data-element_type=\"column\">\n\t\t\t<div class=\"elementor-widget-wrap elementor-element-populated\">\n\t\t\t\t\t\t\t\t<div class=\"elementor-element elementor-element-c956798 lh-3 co-black elementor-widget elementor-widget-text-block\" data-id=\"c956798\" data-element_type=\"widget\" data-widget_type=\"text-block.default\">\n\t\t\t\t<div class=\"elementor-widget-container\">\n\t\t\t\n\n<div class=\"elementor-text-editor\"><p><strong>Weitere M\u00f6glichkeiten<\/strong><\/p><p>\u00a0<\/p><p>Sie erf\u00fcllen keine dieser Voraussetzungen, aber m\u00f6chten trotzdem Teil unseres Netzwerks werden und mit uns und unseren Mitgliedern in Kontakt treten? Dann m\u00f6chten wir Sie ebenfalls \u00fcber das\u00a0<a href=\"https:\/\/chk-de.org\/de\/benefit-programm\/\"><strong>Benefit-Programm <\/strong><\/a>informieren.<\/p><\/div>\t\t<\/div>\n\t\t\t\t<\/div>\n\t\t\t\t\t<\/div>\n\t\t<\/div>\n\t\t\t\t\t\t\t<\/div>\n\t\t<\/section>\n\t\t\t\t<section class=\"elementor-section elementor-top-section elementor-element elementor-element-7b3b423 is-yes elementor-section-boxed elementor-section-height-default elementor-section-height-default\" data-id=\"7b3b423\" data-element_type=\"section\">\n\t\t\t\t\t\t<div class=\"elementor-container elementor-column-gap-default\">\n\t\t\t\t\t<div class=\"dis-fl col-12 col-12--medium elementor-column elementor-col-100 elementor-top-column elementor-element elementor-element-c589b03  gut\" data-id=\"c589b03\" data-element_type=\"column\">\n\t\t\t<div class=\"elementor-widget-wrap elementor-element-populated\">\n\t\t\t\t\t\t\t\t<div class=\"elementor-element elementor-element-914d525 elementor-widget elementor-widget-spacer\" data-id=\"914d525\" data-element_type=\"widget\" data-widget_type=\"spacer.default\">\n\t\t\t\t<div class=\"elementor-widget-container\">\n\t\t\t\t\t<div class=\"elementor-spacer\">\n\t\t\t<div class=\"elementor-spacer-inner\"><\/div>\n\t\t<\/div>\n\t\t\t\t<\/div>\n\t\t\t\t<\/div>\n\t\t\t\t\t<\/div>\n\t\t<\/div>\n\t\t\t\t\t\t\t<\/div>\n\t\t<\/section>\n\t\t\t\t<section class=\"elementor-section elementor-top-section elementor-element elementor-element-ad907a9 is-yes elementor-section-boxed elementor-section-height-default elementor-section-height-default\" data-id=\"ad907a9\" data-element_type=\"section\">\n\t\t\t\t\t\t<div class=\"elementor-container elementor-column-gap-default\">\n\t\t\t\t\t<div class=\"dis-fl col-12 col-12--medium elementor-column elementor-col-100 elementor-top-column elementor-element elementor-element-cd8db55  gut\" data-id=\"cd8db55\" data-element_type=\"column\">\n\t\t\t<div class=\"elementor-widget-wrap elementor-element-populated\">\n\t\t\t\t\t\t\t\t<div class=\"elementor-element elementor-element-8b29b5d pad-b-1 elementor-widget elementor-widget-header\" data-id=\"8b29b5d\" data-element_type=\"widget\" data-widget_type=\"header.default\">\n\t\t\t\t<div class=\"elementor-widget-container\">\n\t\t\t<h2 class=\"heading\">\n    <span class=\"fontw-l has-divider lh-3 size-5\">Wie werde ich Mitglied der CHKD?<\/span>\n  <div class=\"heading__divider pad-t-2\" aria-hidden><svg width=\"90\" height=\"2\" viewBox=\"0 0 90 2\" xmlns=\"http:\/\/www.w3.org\/2000\/svg\"><line x1=\"0\" y1=\"1\" x2=\"90\" y2=\"1\" stroke-width=\"2\" \/><\/svg><\/div><\/h2>\t\t<\/div>\n\t\t\t\t<\/div>\n\t\t\t\t\t<\/div>\n\t\t<\/div>\n\t\t\t\t\t\t\t<\/div>\n\t\t<\/section>\n\t\t\t\t<section class=\"elementor-section elementor-top-section elementor-element elementor-element-ab51e1b is-yes elementor-section-boxed elementor-section-height-default elementor-section-height-default\" data-id=\"ab51e1b\" data-element_type=\"section\">\n\t\t\t\t\t\t<div class=\"elementor-container elementor-column-gap-default\">\n\t\t\t\t\t<div class=\"dis-fl col-12 col-12--medium elementor-column elementor-col-100 elementor-top-column elementor-element elementor-element-262f8d2  gut\" data-id=\"262f8d2\" data-element_type=\"column\">\n\t\t\t<div class=\"elementor-widget-wrap elementor-element-populated\">\n\t\t\t\t\t\t\t\t<div class=\"elementor-element elementor-element-0b92f3e pad-t-1 align-center elementor-widget elementor-widget-simple-button\" data-id=\"0b92f3e\" data-element_type=\"widget\" data-widget_type=\"simple-button.default\">\n\t\t\t\t<div class=\"elementor-widget-container\">\n\t\t\t    \n  \n  \n  \n\n<a href=\"https:\/\/chk-de.org\/app\/uploads\/2026\/03\/\u5fb7\u56fd\u4e2d\u56fd\u5546\u4f1a\u5165\u4f1a\u7533\u8bf7\u8868-Mitgliederantrag.pdf\" class=\"button size-2 is-primary\">\n  <span>zum Antragsformular-PDF<\/span>\n<\/a>\t\t<\/div>\n\t\t\t\t<\/div>\n\t\t\t\t\t<\/div>\n\t\t<\/div>\n\t\t\t\t\t\t\t<\/div>\n\t\t<\/section>\n\t\t\t\t<section class=\"elementor-section elementor-top-section elementor-element elementor-element-5c31209 is-yes elementor-section-boxed elementor-section-height-default elementor-section-height-default\" data-id=\"5c31209\" data-element_type=\"section\">\n\t\t\t\t\t\t<div class=\"elementor-container elementor-column-gap-default\">\n\t\t\t\t\t<div class=\"dis-fl col-12 col-12--medium elementor-column elementor-col-100 elementor-top-column elementor-element elementor-element-ff8cdac  gut\" data-id=\"ff8cdac\" data-element_type=\"column\">\n\t\t\t<div class=\"elementor-widget-wrap\">\n\t\t\t\t\t\t\t\t\t<\/div>\n\t\t<\/div>\n\t\t\t\t\t\t\t<\/div>\n\t\t<\/section>\n\t\t\t\t\t\t<\/div>\n\t\t\t\t\t<\/div>\n\t\t","protected":false},"excerpt":{"rendered":"<p>Es gibt verschiedene M\u00f6glichkeiten f\u00fcr Unternehmen, Mitglied der CHKD zu werden und Zugang zum gr\u00f6\u00dften Netzwerk chinesischer Unternehmen in Deutschland zu erhalten. Wer kann Mitglied der CHKD werden? Ordentliche Mitgliedschaft (f\u00fcr chinesische Unternehmen) \u00a0 Ordentliche Mitglieder k\u00f6nnen folgende Unternehmen und Organisationen werden: Unternehmen mit Sitz in Deutschland, die unmittelbare oder mittelbare Beteiligungsunternehmen chinesischer Unternehmen sind. [&hellip;]<\/p>\n","protected":false},"author":2,"featured_media":0,"parent":0,"menu_order":0,"comment_status":"closed","ping_status":"closed","template":"","meta":[],"_links":{"self":[{"href":"https:\/\/chk-de.org\/de\/wp-json\/wp\/v2\/pages\/67886"}],"collection":[{"href":"https:\/\/chk-de.org\/de\/wp-json\/wp\/v2\/pages"}],"about":[{"href":"https:\/\/chk-de.org\/de\/wp-json\/wp\/v2\/types\/page"}],"author":[{"embeddable":true,"href":"https:\/\/chk-de.org\/de\/wp-json\/wp\/v2\/users\/2"}],"replies":[{"embeddable":true,"href":"https:\/\/chk-de.org\/de\/wp-json\/wp\/v2\/comments?post=67886"}],"version-history":[{"count":31,"href":"https:\/\/chk-de.org\/de\/wp-json\/wp\/v2\/pages\/67886\/revisions"}],"predecessor-version":[{"id":93184,"href":"https:\/\/chk-de.org\/de\/wp-json\/wp\/v2\/pages\/67886\/revisions\/93184"}],"wp:attachment":[{"href":"https:\/\/chk-de.org\/de\/wp-json\/wp\/v2\/media?parent=67886"}],"curies":[{"name":"wp","href":"https:\/\/api.w.org\/{rel}","templated":true}]}}