{"id":67471,"date":"2020-04-20T14:20:50","date_gmt":"2020-04-20T12:20:50","guid":{"rendered":"https:\/\/chk-de.org\/?page_id=67471"},"modified":"2020-04-23T20:16:45","modified_gmt":"2020-04-23T18:16:45","slug":"weiteres","status":"publish","type":"page","link":"https:\/\/chk-de.org\/de\/weiteres\/","title":{"rendered":"Weiteres"},"content":{"rendered":"\t\t<div data-elementor-type=\"wp-page\" data-elementor-id=\"67471\" class=\"elementor elementor-67471 elementor-bc-flex-widget\" data-elementor-settings=\"[]\">\n\t\t\t\t\t\t\t<div class=\"elementor-section-wrap\">\n\t\t\t\t\t\t\t<section class=\"elementor-section elementor-top-section elementor-element elementor-element-41effd9 is-yes elementor-section-boxed elementor-section-height-default elementor-section-height-default\" data-id=\"41effd9\" data-element_type=\"section\">\n\t\t\t\t\t\t<div class=\"elementor-container elementor-column-gap-default\">\n\t\t\t\t\t<div class=\"dis-fl col-12 col-12--medium elementor-column elementor-col-100 elementor-top-column elementor-element elementor-element-f281996  gut\" data-id=\"f281996\" data-element_type=\"column\">\n\t\t\t<div class=\"elementor-widget-wrap elementor-element-populated\">\n\t\t\t\t\t\t\t\t<div class=\"elementor-element elementor-element-8d03bf7 pad-b-1 elementor-widget elementor-widget-header\" data-id=\"8d03bf7\" data-element_type=\"widget\" data-widget_type=\"header.default\">\n\t\t\t\t<div class=\"elementor-widget-container\">\n\t\t\t<h2 class=\"heading\">\n    <span class=\"fontw-l has-divider lh-3 size-6\">Beraternetzwerk<\/span>\n  <div class=\"heading__divider pad-t-2\" aria-hidden><svg width=\"90\" height=\"2\" viewBox=\"0 0 90 2\" xmlns=\"http:\/\/www.w3.org\/2000\/svg\"><line x1=\"0\" y1=\"1\" x2=\"90\" y2=\"1\" stroke-width=\"2\" \/><\/svg><\/div><\/h2>\t\t<\/div>\n\t\t\t\t<\/div>\n\t\t\t\t\t<\/div>\n\t\t<\/div>\n\t\t\t\t\t\t\t<\/div>\n\t\t<\/section>\n\t\t\t\t<section class=\"elementor-section elementor-top-section elementor-element elementor-element-49867e5 is-yes elementor-section-boxed elementor-section-height-default elementor-section-height-default\" data-id=\"49867e5\" data-element_type=\"section\">\n\t\t\t\t\t\t<div class=\"elementor-container elementor-column-gap-default\">\n\t\t\t\t\t<div class=\"dis-fl col-12 col-12--medium elementor-column elementor-col-100 elementor-top-column elementor-element elementor-element-44cb77a  gut\" data-id=\"44cb77a\" data-element_type=\"column\">\n\t\t\t<div class=\"elementor-widget-wrap elementor-element-populated\">\n\t\t\t\t\t\t\t\t<div class=\"elementor-element elementor-element-90b19d3 lh-3 co-black elementor-widget elementor-widget-text-block\" data-id=\"90b19d3\" data-element_type=\"widget\" data-widget_type=\"text-block.default\">\n\t\t\t\t<div class=\"elementor-widget-container\">\n\t\t\t\n\n<div class=\"elementor-text-editor\"><p>Das CHKD Beraternetzwerk ist ein unabh\u00e4ngiger und neutraler Pool aus Beratern und bildet das erste fach\u00fcbergreifende und bundesweit aktive Beraternetzwerk mit Bezug zu China. Als Berater haben Sie die M\u00f6glichkeit, Mitglied im CHKD Beraternetzwerk zur werden. Dadurch erhalten Sie die M\u00f6glichkeit der aktiven Mitarbeit innerhalb des Netzwerkes der Chinesischen Handelskammer in Deutschland, Zugang zu ausgew\u00e4hlten Veranstaltungen und eine Listung im Verzeichnis \u201eCHKD Beraternetzwerk\u201c.<\/p><\/div>\t\t<\/div>\n\t\t\t\t<\/div>\n\t\t\t\t\t<\/div>\n\t\t<\/div>\n\t\t\t\t\t\t\t<\/div>\n\t\t<\/section>\n\t\t\t\t<section class=\"elementor-section elementor-top-section elementor-element elementor-element-0c64d00 is-yes elementor-section-boxed elementor-section-height-default elementor-section-height-default\" data-id=\"0c64d00\" data-element_type=\"section\">\n\t\t\t\t\t\t<div class=\"elementor-container elementor-column-gap-default\">\n\t\t\t\t\t<div class=\"dis-fl col-12 col-12--medium elementor-column elementor-col-100 elementor-top-column elementor-element elementor-element-566a199  gut\" data-id=\"566a199\" data-element_type=\"column\">\n\t\t\t<div class=\"elementor-widget-wrap elementor-element-populated\">\n\t\t\t\t\t\t\t\t<div class=\"elementor-element elementor-element-13f4e8a elementor-widget elementor-widget-spacer\" data-id=\"13f4e8a\" data-element_type=\"widget\" data-widget_type=\"spacer.default\">\n\t\t\t\t<div class=\"elementor-widget-container\">\n\t\t\t\t\t<div class=\"elementor-spacer\">\n\t\t\t<div class=\"elementor-spacer-inner\"><\/div>\n\t\t<\/div>\n\t\t\t\t<\/div>\n\t\t\t\t<\/div>\n\t\t\t\t\t<\/div>\n\t\t<\/div>\n\t\t\t\t\t\t\t<\/div>\n\t\t<\/section>\n\t\t\t\t<section class=\"elementor-section elementor-top-section elementor-element elementor-element-9ab9903 is-yes elementor-section-boxed elementor-section-height-default elementor-section-height-default\" data-id=\"9ab9903\" data-element_type=\"section\">\n\t\t\t\t\t\t<div class=\"elementor-container elementor-column-gap-default\">\n\t\t\t\t\t<div class=\"dis-fl col-12 col-12--medium elementor-column elementor-col-100 elementor-top-column elementor-element elementor-element-6f97f23  gut\" data-id=\"6f97f23\" data-element_type=\"column\">\n\t\t\t<div class=\"elementor-widget-wrap elementor-element-populated\">\n\t\t\t\t\t\t\t\t<div class=\"elementor-element elementor-element-653dcd2 pad-b-1 elementor-widget elementor-widget-header\" data-id=\"653dcd2\" data-element_type=\"widget\" data-widget_type=\"header.default\">\n\t\t\t\t<div class=\"elementor-widget-container\">\n\t\t\t<h2 class=\"heading\">\n    <span class=\"fontw-l has-divider lh-3 size-6\">Verzeichnis \u201eCHKD Beraternetzwerk\u201c<\/span>\n  <div class=\"heading__divider pad-t-2\" aria-hidden><svg width=\"90\" height=\"2\" viewBox=\"0 0 90 2\" xmlns=\"http:\/\/www.w3.org\/2000\/svg\"><line x1=\"0\" y1=\"1\" x2=\"90\" y2=\"1\" stroke-width=\"2\" \/><\/svg><\/div><\/h2>\t\t<\/div>\n\t\t\t\t<\/div>\n\t\t\t\t\t<\/div>\n\t\t<\/div>\n\t\t\t\t\t\t\t<\/div>\n\t\t<\/section>\n\t\t\t\t<section class=\"elementor-section elementor-top-section elementor-element elementor-element-61fce4a is-yes elementor-section-boxed elementor-section-height-default elementor-section-height-default\" data-id=\"61fce4a\" data-element_type=\"section\">\n\t\t\t\t\t\t<div class=\"elementor-container elementor-column-gap-default\">\n\t\t\t\t\t<div class=\"dis-fl col-12 col-12--medium elementor-column elementor-col-100 elementor-top-column elementor-element elementor-element-61b9372  gut\" data-id=\"61b9372\" data-element_type=\"column\">\n\t\t\t<div class=\"elementor-widget-wrap elementor-element-populated\">\n\t\t\t\t\t\t\t\t<div class=\"elementor-element elementor-element-25c3a24 elementor-widget elementor-widget-image\" data-id=\"25c3a24\" data-element_type=\"widget\" data-widget_type=\"image.default\">\n\t\t\t\t<div class=\"elementor-widget-container\">\n\t\t\t\t\t\t\t\t\t\t\t\t\t\t\t<img width=\"725\" height=\"1024\" src=\"https:\/\/chk-de.org\/app\/uploads\/2020\/04\/CHKD_Beraternetzwerk2020_IV-1_page-0001-725x1024.jpg\" class=\"attachment-large size-large\" alt=\"\" loading=\"lazy\" srcset=\"https:\/\/chk-de.org\/app\/uploads\/2020\/04\/CHKD_Beraternetzwerk2020_IV-1_page-0001-725x1024.jpg 725w, https:\/\/chk-de.org\/app\/uploads\/2020\/04\/CHKD_Beraternetzwerk2020_IV-1_page-0001-212x300.jpg 212w, https:\/\/chk-de.org\/app\/uploads\/2020\/04\/CHKD_Beraternetzwerk2020_IV-1_page-0001-768x1085.jpg 768w, https:\/\/chk-de.org\/app\/uploads\/2020\/04\/CHKD_Beraternetzwerk2020_IV-1_page-0001.jpg 1241w\" sizes=\"(max-width: 725px) 100vw, 725px\" \/>\t\t\t\t\t\t\t\t\t\t\t\t\t\t\t<\/div>\n\t\t\t\t<\/div>\n\t\t\t\t\t<\/div>\n\t\t<\/div>\n\t\t\t\t\t\t\t<\/div>\n\t\t<\/section>\n\t\t\t\t<section class=\"elementor-section elementor-top-section elementor-element elementor-element-4384efb is-yes elementor-section-boxed elementor-section-height-default elementor-section-height-default\" data-id=\"4384efb\" data-element_type=\"section\">\n\t\t\t\t\t\t<div class=\"elementor-container elementor-column-gap-default\">\n\t\t\t\t\t<div class=\"dis-fl col-12 col-12--medium elementor-column elementor-col-100 elementor-top-column elementor-element elementor-element-8cb5de9  gut\" data-id=\"8cb5de9\" data-element_type=\"column\">\n\t\t\t<div class=\"elementor-widget-wrap elementor-element-populated\">\n\t\t\t\t\t\t\t\t<div class=\"elementor-element elementor-element-0329559 lh-3 co-black elementor-widget elementor-widget-text-block\" data-id=\"0329559\" data-element_type=\"widget\" data-widget_type=\"text-block.default\">\n\t\t\t\t<div class=\"elementor-widget-container\">\n\t\t\t\n\n<div class=\"elementor-text-editor\"><p>\u00a0<\/p><p>Das Verzeichnis \u201eCHKD Beraternetzwerk\u201c hilft Unternehmen, sich \u00fcber geeignete Beratungsdienstleistungen zu informieren und in direkten Kontakt mit den teilnehmenden Beratern zu treten. Gleichzeitig erm\u00f6glicht es Beratern mit Chinaexpertise, ihre Sichtbarkeit unter folgender Zielgruppe zu erh\u00f6hen: 1. an einer Aktivit\u00e4t in Deutschland interessierte chinesische Unternehmen, 2. bereits in Deutschland aktive chinesische Unternehmen, 3. deutsche Unternehmen mit Chinabezug.<\/p><p>Das Verzeichnis beinhaltet die Profile aller Beraternetzwerk-Mitglieder, darunter namhafte Rechtsberater, Steuerberater, Wirtschaftspr\u00fcfer sowie multidisziplin\u00e4re Einheiten mit ausgewiesener Chinaexpertise. Ebenfalls im Beraternetzwerk vertreten sind PR- und Marketingagenturen, die sich mit ihren Dienstleistungen auf chinesische Unternehmen spezialisieren. Die einzelnen Profile enthalten neben allgemeinen Unternehmensinformationen eine \u00dcbersicht \u00fcber die jeweiligen T\u00e4tigkeitsbereiche und bis zu vier (chinesische und deutsche) Ansprechpartner, die chinarelevante Beratungsleistungen anbieten.<\/p><\/div>\t\t<\/div>\n\t\t\t\t<\/div>\n\t\t\t\t\t<\/div>\n\t\t<\/div>\n\t\t\t\t\t\t\t<\/div>\n\t\t<\/section>\n\t\t\t\t<section class=\"elementor-section elementor-top-section elementor-element elementor-element-8cd8d30 is-yes elementor-section-boxed elementor-section-height-default elementor-section-height-default\" data-id=\"8cd8d30\" data-element_type=\"section\">\n\t\t\t\t\t\t<div class=\"elementor-container elementor-column-gap-default\">\n\t\t\t\t\t<div class=\"dis-fl col-12 col-12--medium elementor-column elementor-col-100 elementor-top-column elementor-element elementor-element-028fda1  gut\" data-id=\"028fda1\" data-element_type=\"column\">\n\t\t\t<div class=\"elementor-widget-wrap elementor-element-populated\">\n\t\t\t\t\t\t\t\t<div class=\"elementor-element elementor-element-c46290b pad-t-3 align-left elementor-widget elementor-widget-simple-button\" data-id=\"c46290b\" data-element_type=\"widget\" data-widget_type=\"simple-button.default\">\n\t\t\t\t<div class=\"elementor-widget-container\">\n\t\t\t    \n  \n  \n  \n\n<a href=\"https:\/\/chk-de.org\/weiteres-2\/\" class=\"button size-2 is-primary\">\n  <span>Mehr zum Beraternetzwerk<\/span>\n<\/a>\t\t<\/div>\n\t\t\t\t<\/div>\n\t\t\t\t\t<\/div>\n\t\t<\/div>\n\t\t\t\t\t\t\t<\/div>\n\t\t<\/section>\n\t\t\t\t<section class=\"elementor-section elementor-top-section elementor-element elementor-element-d297a63 is-yes elementor-section-boxed elementor-section-height-default elementor-section-height-default\" data-id=\"d297a63\" data-element_type=\"section\">\n\t\t\t\t\t\t<div class=\"elementor-container elementor-column-gap-default\">\n\t\t\t\t\t<div class=\"dis-fl col-12 col-12--medium elementor-column elementor-col-100 elementor-top-column elementor-element elementor-element-03d6ca7  gut\" data-id=\"03d6ca7\" data-element_type=\"column\">\n\t\t\t<div class=\"elementor-widget-wrap elementor-element-populated\">\n\t\t\t\t\t\t\t\t<div class=\"elementor-element elementor-element-9861829 elementor-widget elementor-widget-spacer\" data-id=\"9861829\" data-element_type=\"widget\" data-widget_type=\"spacer.default\">\n\t\t\t\t<div class=\"elementor-widget-container\">\n\t\t\t\t\t<div class=\"elementor-spacer\">\n\t\t\t<div class=\"elementor-spacer-inner\"><\/div>\n\t\t<\/div>\n\t\t\t\t<\/div>\n\t\t\t\t<\/div>\n\t\t\t\t\t<\/div>\n\t\t<\/div>\n\t\t\t\t\t\t\t<\/div>\n\t\t<\/section>\n\t\t\t\t<section class=\"elementor-section elementor-top-section elementor-element elementor-element-3806e7c is-yes elementor-section-boxed elementor-section-height-default elementor-section-height-default\" data-id=\"3806e7c\" data-element_type=\"section\">\n\t\t\t\t\t\t<div class=\"elementor-container elementor-column-gap-default\">\n\t\t\t\t\t<div class=\"dis-fl col-12 col-12--medium elementor-column elementor-col-100 elementor-top-column elementor-element elementor-element-ea5d436  gut\" data-id=\"ea5d436\" data-element_type=\"column\">\n\t\t\t<div class=\"elementor-widget-wrap elementor-element-populated\">\n\t\t\t\t\t\t\t\t<div class=\"elementor-element elementor-element-fdad9bb pad-b-1 elementor-widget elementor-widget-header\" data-id=\"fdad9bb\" data-element_type=\"widget\" data-widget_type=\"header.default\">\n\t\t\t\t<div class=\"elementor-widget-container\">\n\t\t\t<h2 class=\"heading\">\n    <span class=\"fontw-l has-divider lh-3 size-6\">Benefit-Programm<\/span>\n  <div class=\"heading__divider pad-t-2\" aria-hidden><svg width=\"90\" height=\"2\" viewBox=\"0 0 90 2\" xmlns=\"http:\/\/www.w3.org\/2000\/svg\"><line x1=\"0\" y1=\"1\" x2=\"90\" y2=\"1\" stroke-width=\"2\" \/><\/svg><\/div><\/h2>\t\t<\/div>\n\t\t\t\t<\/div>\n\t\t\t\t\t<\/div>\n\t\t<\/div>\n\t\t\t\t\t\t\t<\/div>\n\t\t<\/section>\n\t\t\t\t<section class=\"elementor-section elementor-top-section elementor-element elementor-element-45beb40 is-yes elementor-section-boxed elementor-section-height-default elementor-section-height-default\" data-id=\"45beb40\" data-element_type=\"section\">\n\t\t\t\t\t\t<div class=\"elementor-container elementor-column-gap-default\">\n\t\t\t\t\t<div class=\"dis-fl col-12 col-12--medium elementor-column elementor-col-100 elementor-top-column elementor-element elementor-element-6856481  gut\" data-id=\"6856481\" data-element_type=\"column\">\n\t\t\t<div class=\"elementor-widget-wrap elementor-element-populated\">\n\t\t\t\t\t\t\t\t<div class=\"elementor-element elementor-element-30e5e23 lh-3 co-black elementor-widget elementor-widget-text-block\" data-id=\"30e5e23\" data-element_type=\"widget\" data-widget_type=\"text-block.default\">\n\t\t\t\t<div class=\"elementor-widget-container\">\n\t\t\t\n\n<div class=\"elementor-text-editor\"><p>Sie m\u00f6chten unsere Mitglieder auf Ihre Produkte, Dienstleistungen o.\u00e4. aufmerksam machen und diese in unserer Mitgliedschaft bewerben?<\/p><p>\u00a0<\/p><p>Dann m\u00f6chten wir Ihnen unser kostenloses Benefit-Programm vorstellen:<\/p><p>\u00a0<\/p><p><strong>Was ist das Benefit-Programm?<\/strong><\/p><p>\u00a0<\/p><p>Das \u201eBenefit-Programm\u201c ist ein exklusiver Service f\u00fcr die Mitgliedsunternehmen der CHKD. Unsere Benefit-Partner bieten den\u00a0\u00fcber 300 Mitgliedern einen Rabatt auf Ihre Produkte und Dienstleistungen bzw. eine vergleichbare Sonderleistung an. Unsere Partner sind u.a. Outlet-Center, Hotels, Einzelhandelsgesch\u00e4fte, Restaurants, Tourismus-Agenturen.<\/p><p>Hier [Link fehlt noch] finden Sie die aktuelle Auflistung aller Benefit Partner der CHKD.<\/p><p>\u00a0<\/p><p><strong>Sie haben Interesse am Benefit-Programm?<\/strong><\/p><p>\u00a0<\/p><p>Die Teilnahme am \u201eBenefit-Programm\u201c der CHKD ist kostenlos. Das Programm bietet Ihnen die Gelegenheit, Ihr Unternehmen und Ihre Produkte der stetig steigenden Zahl an chinesischen Unternehmen in Deutschland zu pr\u00e4sentieren und den Bekanntheitsgrad Ihres Unternehmens innerhalb dieser Zielgruppe zu steigern.<\/p><p>\u00a0<\/p><p><strong>Wie k\u00f6nnen Sie Benefit-Partner der CHKD werden?<\/strong><\/p><p>\u00a0<\/p><p>Wenn Sie Interesse an unserem Benefit Programm haben, dann schreiben Sie eine Mail an: <a href=\"mailto:eva-simona.fischkina@chk-de.org\">eva-simona.fischkina@chk-de.org<\/a> oder rufen Sie an unter 030-20917522. Wir werden schnellstm\u00f6glich Ihre Anfrage bearbeiten und Sie unseren Mitgliedern als neuen Benefit-Partner vorstellen!<\/p><\/div>\t\t<\/div>\n\t\t\t\t<\/div>\n\t\t\t\t\t<\/div>\n\t\t<\/div>\n\t\t\t\t\t\t\t<\/div>\n\t\t<\/section>\n\t\t\t\t<section class=\"elementor-section elementor-top-section elementor-element elementor-element-29351e4 is-yes elementor-section-boxed elementor-section-height-default elementor-section-height-default\" data-id=\"29351e4\" data-element_type=\"section\">\n\t\t\t\t\t\t<div class=\"elementor-container elementor-column-gap-default\">\n\t\t\t\t\t<div class=\"dis-fl col-12 col-12--medium elementor-column elementor-col-100 elementor-top-column elementor-element elementor-element-e2e0f34  gut\" data-id=\"e2e0f34\" data-element_type=\"column\">\n\t\t\t<div class=\"elementor-widget-wrap elementor-element-populated\">\n\t\t\t\t\t\t\t\t<div class=\"elementor-element elementor-element-b71f1ef pad-t-3 align-left elementor-widget elementor-widget-simple-button\" data-id=\"b71f1ef\" data-element_type=\"widget\" data-widget_type=\"simple-button.default\">\n\t\t\t\t<div class=\"elementor-widget-container\">\n\t\t\t    \n  \n  \n  \n\n<a href=\"https:\/\/chk-de.org\/weiteres-3\/\" class=\"button size-2 is-primary\">\n  <span>Mehr zum Benefit-Programm<\/span>\n<\/a>\t\t<\/div>\n\t\t\t\t<\/div>\n\t\t\t\t\t<\/div>\n\t\t<\/div>\n\t\t\t\t\t\t\t<\/div>\n\t\t<\/section>\n\t\t\t\t<section class=\"elementor-section elementor-top-section elementor-element elementor-element-679a3ea is-yes elementor-section-boxed elementor-section-height-default elementor-section-height-default\" data-id=\"679a3ea\" data-element_type=\"section\">\n\t\t\t\t\t\t<div class=\"elementor-container elementor-column-gap-default\">\n\t\t\t\t\t<div class=\"dis-fl col-12 col-12--medium elementor-column elementor-col-100 elementor-top-column elementor-element elementor-element-d3d7b00  gut\" data-id=\"d3d7b00\" data-element_type=\"column\">\n\t\t\t<div class=\"elementor-widget-wrap elementor-element-populated\">\n\t\t\t\t\t\t\t\t<div class=\"elementor-element elementor-element-aefb663 elementor-widget elementor-widget-spacer\" data-id=\"aefb663\" data-element_type=\"widget\" data-widget_type=\"spacer.default\">\n\t\t\t\t<div class=\"elementor-widget-container\">\n\t\t\t\t\t<div class=\"elementor-spacer\">\n\t\t\t<div class=\"elementor-spacer-inner\"><\/div>\n\t\t<\/div>\n\t\t\t\t<\/div>\n\t\t\t\t<\/div>\n\t\t\t\t\t<\/div>\n\t\t<\/div>\n\t\t\t\t\t\t\t<\/div>\n\t\t<\/section>\n\t\t\t\t<section class=\"elementor-section elementor-top-section elementor-element elementor-element-a1b4863 is-yes elementor-section-boxed elementor-section-height-default elementor-section-height-default\" data-id=\"a1b4863\" data-element_type=\"section\">\n\t\t\t\t\t\t<div class=\"elementor-container elementor-column-gap-default\">\n\t\t\t\t\t<div class=\"dis-fl col-12 col-12--medium elementor-column elementor-col-100 elementor-top-column elementor-element elementor-element-47221e2  gut\" data-id=\"47221e2\" data-element_type=\"column\">\n\t\t\t<div class=\"elementor-widget-wrap elementor-element-populated\">\n\t\t\t\t\t\t\t\t<div class=\"elementor-element elementor-element-c3f55a4 elementor-widget elementor-widget-image\" data-id=\"c3f55a4\" data-element_type=\"widget\" data-widget_type=\"image.default\">\n\t\t\t\t<div class=\"elementor-widget-container\">\n\t\t\t\t\t\t\t\t\t\t\t\t\t\t\t<img width=\"1024\" height=\"683\" src=\"https:\/\/chk-de.org\/app\/uploads\/2020\/04\/shutterstock_270244094-1024x683.jpg\" class=\"attachment-large size-large\" alt=\"\" loading=\"lazy\" srcset=\"https:\/\/chk-de.org\/app\/uploads\/2020\/04\/shutterstock_270244094-1024x683.jpg 1024w, https:\/\/chk-de.org\/app\/uploads\/2020\/04\/shutterstock_270244094-300x200.jpg 300w, https:\/\/chk-de.org\/app\/uploads\/2020\/04\/shutterstock_270244094-768x512.jpg 768w\" sizes=\"(max-width: 1024px) 100vw, 1024px\" \/>\t\t\t\t\t\t\t\t\t\t\t\t\t\t\t<\/div>\n\t\t\t\t<\/div>\n\t\t\t\t\t<\/div>\n\t\t<\/div>\n\t\t\t\t\t\t\t<\/div>\n\t\t<\/section>\n\t\t\t\t\t\t<\/div>\n\t\t\t\t\t<\/div>\n\t\t","protected":false},"excerpt":{"rendered":"<p>Beraternetzwerk Das CHKD Beraternetzwerk ist ein unabh\u00e4ngiger und neutraler Pool aus Beratern und bildet das erste fach\u00fcbergreifende und bundesweit aktive Beraternetzwerk mit Bezug zu China. Als Berater haben Sie die M\u00f6glichkeit, Mitglied im CHKD Beraternetzwerk zur werden. Dadurch erhalten Sie die M\u00f6glichkeit der aktiven Mitarbeit innerhalb des Netzwerkes der Chinesischen Handelskammer in Deutschland, Zugang zu [&hellip;]<\/p>\n","protected":false},"author":3,"featured_media":0,"parent":0,"menu_order":0,"comment_status":"closed","ping_status":"closed","template":"","meta":[],"_links":{"self":[{"href":"https:\/\/chk-de.org\/de\/wp-json\/wp\/v2\/pages\/67471"}],"collection":[{"href":"https:\/\/chk-de.org\/de\/wp-json\/wp\/v2\/pages"}],"about":[{"href":"https:\/\/chk-de.org\/de\/wp-json\/wp\/v2\/types\/page"}],"author":[{"embeddable":true,"href":"https:\/\/chk-de.org\/de\/wp-json\/wp\/v2\/users\/3"}],"replies":[{"embeddable":true,"href":"https:\/\/chk-de.org\/de\/wp-json\/wp\/v2\/comments?post=67471"}],"version-history":[{"count":8,"href":"https:\/\/chk-de.org\/de\/wp-json\/wp\/v2\/pages\/67471\/revisions"}],"predecessor-version":[{"id":67881,"href":"https:\/\/chk-de.org\/de\/wp-json\/wp\/v2\/pages\/67471\/revisions\/67881"}],"wp:attachment":[{"href":"https:\/\/chk-de.org\/de\/wp-json\/wp\/v2\/media?parent=67471"}],"curies":[{"name":"wp","href":"https:\/\/api.w.org\/{rel}","templated":true}]}}