{"id":67425,"date":"2020-04-20T14:43:19","date_gmt":"2020-04-20T12:43:19","guid":{"rendered":"https:\/\/chk-de.org\/?page_id=67425"},"modified":"2020-05-13T17:40:37","modified_gmt":"2020-05-13T15:40:37","slug":"markteintritt","status":"publish","type":"page","link":"https:\/\/chk-de.org\/de\/markteintritt\/","title":{"rendered":"Markteintritt"},"content":{"rendered":"\t\t<div data-elementor-type=\"wp-page\" data-elementor-id=\"67425\" class=\"elementor elementor-67425 elementor-bc-flex-widget\" data-elementor-settings=\"[]\">\n\t\t\t\t\t\t\t<div class=\"elementor-section-wrap\">\n\t\t\t\t\t\t\t<section class=\"elementor-section elementor-top-section elementor-element elementor-element-759d4b1 is-yes elementor-section-boxed elementor-section-height-default elementor-section-height-default\" data-id=\"759d4b1\" data-element_type=\"section\">\n\t\t\t\t\t\t<div class=\"elementor-container elementor-column-gap-default\">\n\t\t\t\t\t<div class=\"dis-fl col-12 col-12--medium elementor-column elementor-col-100 elementor-top-column elementor-element elementor-element-8bfe317  gut\" data-id=\"8bfe317\" data-element_type=\"column\">\n\t\t\t<div class=\"elementor-widget-wrap elementor-element-populated\">\n\t\t\t\t\t\t\t\t<div class=\"elementor-element elementor-element-72fe11d elementor-widget elementor-widget-image\" data-id=\"72fe11d\" data-element_type=\"widget\" data-widget_type=\"image.default\">\n\t\t\t\t<div class=\"elementor-widget-container\">\n\t\t\t\t\t\t\t\t\t\t\t\t\t\t\t<img width=\"1024\" height=\"678\" src=\"https:\/\/chk-de.org\/app\/uploads\/2020\/04\/shutterstock_301382870-1024x678.jpg\" class=\"attachment-large size-large\" alt=\"\" loading=\"lazy\" srcset=\"https:\/\/chk-de.org\/app\/uploads\/2020\/04\/shutterstock_301382870-1024x678.jpg 1024w, https:\/\/chk-de.org\/app\/uploads\/2020\/04\/shutterstock_301382870-300x199.jpg 300w, https:\/\/chk-de.org\/app\/uploads\/2020\/04\/shutterstock_301382870-768x509.jpg 768w, https:\/\/chk-de.org\/app\/uploads\/2020\/04\/shutterstock_301382870-e1592315112666.jpg 1510w\" sizes=\"(max-width: 1024px) 100vw, 1024px\" \/>\t\t\t\t\t\t\t\t\t\t\t\t\t\t\t<\/div>\n\t\t\t\t<\/div>\n\t\t\t\t\t<\/div>\n\t\t<\/div>\n\t\t\t\t\t\t\t<\/div>\n\t\t<\/section>\n\t\t\t\t<section class=\"elementor-section elementor-top-section elementor-element elementor-element-dab377f is-yes elementor-section-boxed elementor-section-height-default elementor-section-height-default\" data-id=\"dab377f\" data-element_type=\"section\">\n\t\t\t\t\t\t<div class=\"elementor-container elementor-column-gap-default\">\n\t\t\t\t\t<div class=\"dis-fl col-12 col-12--medium elementor-column elementor-col-100 elementor-top-column elementor-element elementor-element-4e0e72d  gut\" data-id=\"4e0e72d\" data-element_type=\"column\">\n\t\t\t<div class=\"elementor-widget-wrap elementor-element-populated\">\n\t\t\t\t\t\t\t\t<div class=\"elementor-element elementor-element-aac8447 elementor-widget elementor-widget-spacer\" data-id=\"aac8447\" data-element_type=\"widget\" data-widget_type=\"spacer.default\">\n\t\t\t\t<div class=\"elementor-widget-container\">\n\t\t\t\t\t<div class=\"elementor-spacer\">\n\t\t\t<div class=\"elementor-spacer-inner\"><\/div>\n\t\t<\/div>\n\t\t\t\t<\/div>\n\t\t\t\t<\/div>\n\t\t\t\t\t<\/div>\n\t\t<\/div>\n\t\t\t\t\t\t\t<\/div>\n\t\t<\/section>\n\t\t\t\t<section class=\"elementor-section elementor-top-section elementor-element elementor-element-3d795e7 is-yes elementor-section-boxed elementor-section-height-default elementor-section-height-default\" data-id=\"3d795e7\" data-element_type=\"section\">\n\t\t\t\t\t\t<div class=\"elementor-container elementor-column-gap-default\">\n\t\t\t\t\t<div class=\"dis-fl col-12 col-12--medium elementor-column elementor-col-100 elementor-top-column elementor-element elementor-element-360c3a4  gut\" data-id=\"360c3a4\" data-element_type=\"column\">\n\t\t\t<div class=\"elementor-widget-wrap elementor-element-populated\">\n\t\t\t\t\t\t\t\t<div class=\"elementor-element elementor-element-cd95b96 lh-3 co-black elementor-widget elementor-widget-text-block\" data-id=\"cd95b96\" data-element_type=\"widget\" data-widget_type=\"text-block.default\">\n\t\t\t\t<div class=\"elementor-widget-container\">\n\t\t\t\n\n<div class=\"elementor-text-editor\"><p>Wir kennen die Herausforderungen, mit denen chinesische Unternehmen beim Eintritt in den deutschen Markt konfrontiert sind und bieten ihnen individuelle Unterst\u00fctzung und Hilfestellungen an. Unternehmen profitieren dabei von unserem umfangreichen Netzwerk.<\/p><p>\u00a0<\/p><p>F\u00fcr einen erfolgreichen Einstieg in den deutschen Markt, stellen wir die folgenden auf die Bed\u00fcrfnisse chinesischer Unternehmen abgestimmte Dienstleistungen zur Verf\u00fcgung:<\/p><\/div>\t\t<\/div>\n\t\t\t\t<\/div>\n\t\t\t\t\t<\/div>\n\t\t<\/div>\n\t\t\t\t\t\t\t<\/div>\n\t\t<\/section>\n\t\t\t\t<section class=\"elementor-section elementor-top-section elementor-element elementor-element-ddf6d55 is-yes elementor-section-boxed elementor-section-height-default elementor-section-height-default\" data-id=\"ddf6d55\" data-element_type=\"section\">\n\t\t\t\t\t\t<div class=\"elementor-container elementor-column-gap-default\">\n\t\t\t\t\t<div class=\"dis-fl col-12 col-12--medium elementor-column elementor-col-100 elementor-top-column elementor-element elementor-element-98d3d74  gut\" data-id=\"98d3d74\" data-element_type=\"column\">\n\t\t\t<div class=\"elementor-widget-wrap elementor-element-populated\">\n\t\t\t\t\t\t\t\t<div class=\"elementor-element elementor-element-e12c154 lh-3 co-black elementor-widget elementor-widget-text-block\" data-id=\"e12c154\" data-element_type=\"widget\" data-widget_type=\"text-block.default\">\n\t\t\t\t<div class=\"elementor-widget-container\">\n\t\t\t\n\n<div class=\"elementor-text-editor\"><ul><li>Marktstudien und-analysen<\/li><li>Individuelle Beratungskonzepte<\/li><li>Beratung bei Fragen rund um das Thema Z\u00f6lle<\/li><li>Organisation von Messe- und Unternehmensbesichtigungen<\/li><li>Gesch\u00e4ftsanbahnung mit deutschen Unternehmen<\/li><\/ul><\/div>\t\t<\/div>\n\t\t\t\t<\/div>\n\t\t\t\t\t<\/div>\n\t\t<\/div>\n\t\t\t\t\t\t\t<\/div>\n\t\t<\/section>\n\t\t\t\t<section class=\"elementor-section elementor-top-section elementor-element elementor-element-16192f3 is-yes elementor-section-boxed elementor-section-height-default elementor-section-height-default\" data-id=\"16192f3\" data-element_type=\"section\">\n\t\t\t\t\t\t<div class=\"elementor-container elementor-column-gap-default\">\n\t\t\t\t\t<div class=\"dis-fl col-12 col-12--medium elementor-column elementor-col-100 elementor-top-column elementor-element elementor-element-cd81f22  gut\" data-id=\"cd81f22\" data-element_type=\"column\">\n\t\t\t<div class=\"elementor-widget-wrap elementor-element-populated\">\n\t\t\t\t\t\t\t\t<div class=\"elementor-element elementor-element-cc7bd42 pad-b-1 elementor-widget elementor-widget-header\" data-id=\"cc7bd42\" data-element_type=\"widget\" data-widget_type=\"header.default\">\n\t\t\t\t<div class=\"elementor-widget-container\">\n\t\t\t<h2 class=\"heading\">\n    <span class=\"fontw-l has-divider lh-3 size-6\">Unternehmensgr\u00fcndung <\/span>\n  <div class=\"heading__divider pad-t-2\" aria-hidden><svg width=\"90\" height=\"2\" viewBox=\"0 0 90 2\" xmlns=\"http:\/\/www.w3.org\/2000\/svg\"><line x1=\"0\" y1=\"1\" x2=\"90\" y2=\"1\" stroke-width=\"2\" \/><\/svg><\/div><\/h2>\t\t<\/div>\n\t\t\t\t<\/div>\n\t\t\t\t\t<\/div>\n\t\t<\/div>\n\t\t\t\t\t\t\t<\/div>\n\t\t<\/section>\n\t\t\t\t<section class=\"elementor-section elementor-top-section elementor-element elementor-element-259dc24 is-yes elementor-section-boxed elementor-section-height-default elementor-section-height-default\" data-id=\"259dc24\" data-element_type=\"section\">\n\t\t\t\t\t\t<div class=\"elementor-container elementor-column-gap-default\">\n\t\t\t\t\t<div class=\"dis-fl col-12 col-12--medium elementor-column elementor-col-100 elementor-top-column elementor-element elementor-element-0c677dc  gut\" data-id=\"0c677dc\" data-element_type=\"column\">\n\t\t\t<div class=\"elementor-widget-wrap elementor-element-populated\">\n\t\t\t\t\t\t\t\t<div class=\"elementor-element elementor-element-1219607 lh-3 co-black elementor-widget elementor-widget-text-block\" data-id=\"1219607\" data-element_type=\"widget\" data-widget_type=\"text-block.default\">\n\t\t\t\t<div class=\"elementor-widget-container\">\n\t\t\t\n\n<div class=\"elementor-text-editor\"><p>In Deutschland gibt es mehrere M\u00f6glichkeiten, ein Unternehmen zu gr\u00fcnden. Gemeinsam mit unseren Netzwerkpartnern begleiten wir chinesische Unternehmen w\u00e4hrend des gesamten Gr\u00fcndungsprozesses. Unsere Dienstleistungen beinhalten im Detail:<\/p><\/div>\t\t<\/div>\n\t\t\t\t<\/div>\n\t\t\t\t\t<\/div>\n\t\t<\/div>\n\t\t\t\t\t\t\t<\/div>\n\t\t<\/section>\n\t\t\t\t<section class=\"elementor-section elementor-top-section elementor-element elementor-element-4bd559d is-yes elementor-section-boxed elementor-section-height-default elementor-section-height-default\" data-id=\"4bd559d\" data-element_type=\"section\">\n\t\t\t\t\t\t<div class=\"elementor-container elementor-column-gap-default\">\n\t\t\t\t\t<div class=\"dis-fl col-12 col-12--medium elementor-column elementor-col-100 elementor-top-column elementor-element elementor-element-32870ba  gut\" data-id=\"32870ba\" data-element_type=\"column\">\n\t\t\t<div class=\"elementor-widget-wrap elementor-element-populated\">\n\t\t\t\t\t\t\t\t<div class=\"elementor-element elementor-element-3b30e47 lh-3 co-black elementor-widget elementor-widget-text-block\" data-id=\"3b30e47\" data-element_type=\"widget\" data-widget_type=\"text-block.default\">\n\t\t\t\t<div class=\"elementor-widget-container\">\n\t\t\t\n\n<div class=\"elementor-text-editor\"><ul><li>Entwurf von offiziellen Dokumenten<\/li><li>Erstellung von Businesspl\u00e4nen<\/li><li>Unterst\u00fctzung und Beratung w\u00e4hrend allen Phasen der Unternehmensgr\u00fcndung<\/li><li>Begleitender Kontakt mit Rechtsanw\u00e4lten, Notaren, Steuerberatern, Wirtschaftspr\u00fcfungsgesellschaft und Banken<\/li><li>Eintragung ins Handelsregister<\/li><li>Umfangreiche Unterst\u00fctzung f\u00fcr Unternehmen bei der Beantragung von Arbeitserlaubnissen und der Kontaktaufnahme mit den zust\u00e4ndigen Regierungsbeh\u00f6rden<\/li><\/ul><\/div>\t\t<\/div>\n\t\t\t\t<\/div>\n\t\t\t\t\t<\/div>\n\t\t<\/div>\n\t\t\t\t\t\t\t<\/div>\n\t\t<\/section>\n\t\t\t\t\t\t<\/div>\n\t\t\t\t\t<\/div>\n\t\t","protected":false},"excerpt":{"rendered":"<p>Wir kennen die Herausforderungen, mit denen chinesische Unternehmen beim Eintritt in den deutschen Markt konfrontiert sind und bieten ihnen individuelle Unterst\u00fctzung und Hilfestellungen an. Unternehmen profitieren dabei von unserem umfangreichen Netzwerk. \u00a0 F\u00fcr einen erfolgreichen Einstieg in den deutschen Markt, stellen wir die folgenden auf die Bed\u00fcrfnisse chinesischer Unternehmen abgestimmte Dienstleistungen zur Verf\u00fcgung: Marktstudien und-analysen [&hellip;]<\/p>\n","protected":false},"author":3,"featured_media":0,"parent":0,"menu_order":0,"comment_status":"closed","ping_status":"closed","template":"","meta":[],"_links":{"self":[{"href":"https:\/\/chk-de.org\/de\/wp-json\/wp\/v2\/pages\/67425"}],"collection":[{"href":"https:\/\/chk-de.org\/de\/wp-json\/wp\/v2\/pages"}],"about":[{"href":"https:\/\/chk-de.org\/de\/wp-json\/wp\/v2\/types\/page"}],"author":[{"embeddable":true,"href":"https:\/\/chk-de.org\/de\/wp-json\/wp\/v2\/users\/3"}],"replies":[{"embeddable":true,"href":"https:\/\/chk-de.org\/de\/wp-json\/wp\/v2\/comments?post=67425"}],"version-history":[{"count":13,"href":"https:\/\/chk-de.org\/de\/wp-json\/wp\/v2\/pages\/67425\/revisions"}],"predecessor-version":[{"id":67974,"href":"https:\/\/chk-de.org\/de\/wp-json\/wp\/v2\/pages\/67425\/revisions\/67974"}],"wp:attachment":[{"href":"https:\/\/chk-de.org\/de\/wp-json\/wp\/v2\/media?parent=67425"}],"curies":[{"name":"wp","href":"https:\/\/api.w.org\/{rel}","templated":true}]}}