{"id":67388,"date":"2020-04-20T15:25:16","date_gmt":"2020-04-20T13:25:16","guid":{"rendered":"https:\/\/chk-de.org\/?page_id=67388"},"modified":"2020-06-17T14:21:06","modified_gmt":"2020-06-17T12:21:06","slug":"visaangelegenheiten","status":"publish","type":"page","link":"https:\/\/chk-de.org\/de\/visaangelegenheiten\/","title":{"rendered":"Visaangelegenheiten"},"content":{"rendered":"\t\t<div data-elementor-type=\"wp-page\" data-elementor-id=\"67388\" class=\"elementor elementor-67388 elementor-bc-flex-widget\" data-elementor-settings=\"[]\">\n\t\t\t\t\t\t\t<div class=\"elementor-section-wrap\">\n\t\t\t\t\t\t\t<section class=\"elementor-section elementor-top-section elementor-element elementor-element-2a9003a is-yes elementor-section-boxed elementor-section-height-default elementor-section-height-default\" data-id=\"2a9003a\" data-element_type=\"section\">\n\t\t\t\t\t\t<div class=\"elementor-container elementor-column-gap-default\">\n\t\t\t\t\t<div class=\"dis-fl col-12 col-12--medium elementor-column elementor-col-100 elementor-top-column elementor-element elementor-element-82c1505  gut\" data-id=\"82c1505\" data-element_type=\"column\">\n\t\t\t<div class=\"elementor-widget-wrap elementor-element-populated\">\n\t\t\t\t\t\t\t\t<div class=\"elementor-element elementor-element-0375135 lh-3 co-black elementor-widget elementor-widget-text-block\" data-id=\"0375135\" data-element_type=\"widget\" data-widget_type=\"text-block.default\">\n\t\t\t\t<div class=\"elementor-widget-container\">\n\t\t\t\n\n<div class=\"elementor-text-editor\"><p>Die CHKD bietet Unternehmen einen umfangreichen Visaservice an.\u00a0Wir unterst\u00fctzen Sie bei der Beantragung sowohl von Gesch\u00e4ftsvisa f\u00fcr China als auch Arbeitsvisa f\u00fcr Deutschland und stehen w\u00e4hrend des gesamten Antragsverfahren mit Rat und Tat an Ihrer Seite. CHKD Mitglieder k\u00f6nnen diesen Service zudem verg\u00fcnstigt in Anspruch nehmen.<\/p><\/div>\t\t<\/div>\n\t\t\t\t<\/div>\n\t\t\t\t\t<\/div>\n\t\t<\/div>\n\t\t\t\t\t\t\t<\/div>\n\t\t<\/section>\n\t\t\t\t<section class=\"elementor-section elementor-top-section elementor-element elementor-element-98a8226 is-yes elementor-section-boxed elementor-section-height-default elementor-section-height-default\" data-id=\"98a8226\" data-element_type=\"section\">\n\t\t\t\t\t\t<div class=\"elementor-container elementor-column-gap-default\">\n\t\t\t\t\t<div class=\"dis-fl col-12 col-12--medium elementor-column elementor-col-100 elementor-top-column elementor-element elementor-element-8c09895  gut\" data-id=\"8c09895\" data-element_type=\"column\">\n\t\t\t<div class=\"elementor-widget-wrap elementor-element-populated\">\n\t\t\t\t\t\t\t\t<div class=\"elementor-element elementor-element-2c88347 elementor-widget elementor-widget-spacer\" data-id=\"2c88347\" data-element_type=\"widget\" data-widget_type=\"spacer.default\">\n\t\t\t\t<div class=\"elementor-widget-container\">\n\t\t\t\t\t<div class=\"elementor-spacer\">\n\t\t\t<div class=\"elementor-spacer-inner\"><\/div>\n\t\t<\/div>\n\t\t\t\t<\/div>\n\t\t\t\t<\/div>\n\t\t\t\t\t<\/div>\n\t\t<\/div>\n\t\t\t\t\t\t\t<\/div>\n\t\t<\/section>\n\t\t\t\t<section class=\"elementor-section elementor-top-section elementor-element elementor-element-7a2daf0 is-yes elementor-section-boxed elementor-section-height-default elementor-section-height-default\" data-id=\"7a2daf0\" data-element_type=\"section\">\n\t\t\t\t\t\t<div class=\"elementor-container elementor-column-gap-default\">\n\t\t\t\t\t<div class=\"dis-fl col-12 col-12--medium elementor-column elementor-col-100 elementor-top-column elementor-element elementor-element-6ca8301  gut\" data-id=\"6ca8301\" data-element_type=\"column\" data-settings=\"{&quot;background_background&quot;:&quot;classic&quot;}\">\n\t\t\t<div class=\"elementor-widget-wrap elementor-element-populated\">\n\t\t\t\t\t\t\t\t<div class=\"elementor-element elementor-element-9a2d35c pad-t-1 align-center elementor-widget elementor-widget-simple-button\" data-id=\"9a2d35c\" data-element_type=\"widget\" data-widget_type=\"simple-button.default\">\n\t\t\t\t<div class=\"elementor-widget-container\">\n\t\t\t    \n  \n  \n  \n\n<a href=\" https:\/\/chk-de.org\/geschaeftsvisa-fuer-china\/\" class=\"button size-2 is-primary\">\n  <span>Gesch\u00e4ftsvisa f\u00fcr China<\/span>\n<\/a>\t\t<\/div>\n\t\t\t\t<\/div>\n\t\t\t\t\t<\/div>\n\t\t<\/div>\n\t\t\t\t\t\t\t<\/div>\n\t\t<\/section>\n\t\t\t\t<section class=\"elementor-section elementor-top-section elementor-element elementor-element-2837fd4 is-yes elementor-section-boxed elementor-section-height-default elementor-section-height-default\" data-id=\"2837fd4\" data-element_type=\"section\">\n\t\t\t\t\t\t<div class=\"elementor-container elementor-column-gap-default\">\n\t\t\t\t\t<div class=\"dis-fl col-12 col-12--medium elementor-column elementor-col-100 elementor-top-column elementor-element elementor-element-651368e  gut\" data-id=\"651368e\" data-element_type=\"column\">\n\t\t\t<div class=\"elementor-widget-wrap elementor-element-populated\">\n\t\t\t\t\t\t\t\t<div class=\"elementor-element elementor-element-8042162 elementor-widget elementor-widget-spacer\" data-id=\"8042162\" data-element_type=\"widget\" data-widget_type=\"spacer.default\">\n\t\t\t\t<div class=\"elementor-widget-container\">\n\t\t\t\t\t<div class=\"elementor-spacer\">\n\t\t\t<div class=\"elementor-spacer-inner\"><\/div>\n\t\t<\/div>\n\t\t\t\t<\/div>\n\t\t\t\t<\/div>\n\t\t\t\t\t<\/div>\n\t\t<\/div>\n\t\t\t\t\t\t\t<\/div>\n\t\t<\/section>\n\t\t\t\t<section class=\"elementor-section elementor-top-section elementor-element elementor-element-efbd6cd is-yes elementor-section-boxed elementor-section-height-default elementor-section-height-default\" data-id=\"efbd6cd\" data-element_type=\"section\">\n\t\t\t\t\t\t<div class=\"elementor-container elementor-column-gap-default\">\n\t\t\t\t\t<div class=\"dis-fl col-12 col-12--medium elementor-column elementor-col-100 elementor-top-column elementor-element elementor-element-fa7f83d  gut\" data-id=\"fa7f83d\" data-element_type=\"column\">\n\t\t\t<div class=\"elementor-widget-wrap elementor-element-populated\">\n\t\t\t\t\t\t\t\t<div class=\"elementor-element elementor-element-334a299 pad-t-1 align-center elementor-widget elementor-widget-simple-button\" data-id=\"334a299\" data-element_type=\"widget\" data-widget_type=\"simple-button.default\">\n\t\t\t\t<div class=\"elementor-widget-container\">\n\t\t\t    \n  \n  \n  \n\n<a href=\"https:\/\/chk-de.org\/arbeitsvisa-fuer-deutschland\/\" class=\"button size-2 is-primary\">\n  <span>Arbeitsvisa f\u00fcr Deutschland<\/span>\n<\/a>\t\t<\/div>\n\t\t\t\t<\/div>\n\t\t\t\t\t<\/div>\n\t\t<\/div>\n\t\t\t\t\t\t\t<\/div>\n\t\t<\/section>\n\t\t\t\t\t\t<\/div>\n\t\t\t\t\t<\/div>\n\t\t","protected":false},"excerpt":{"rendered":"<p>Die CHKD bietet Unternehmen einen umfangreichen Visaservice an.\u00a0Wir unterst\u00fctzen Sie bei der Beantragung sowohl von Gesch\u00e4ftsvisa f\u00fcr China als auch Arbeitsvisa f\u00fcr Deutschland und stehen w\u00e4hrend des gesamten Antragsverfahren mit Rat und Tat an Ihrer Seite. CHKD Mitglieder k\u00f6nnen diesen Service zudem verg\u00fcnstigt in Anspruch nehmen. Gesch\u00e4ftsvisa f\u00fcr China Arbeitsvisa f\u00fcr Deutschland<\/p>\n","protected":false},"author":3,"featured_media":0,"parent":0,"menu_order":0,"comment_status":"closed","ping_status":"closed","template":"template-page--sidebarless.php","meta":[],"_links":{"self":[{"href":"https:\/\/chk-de.org\/de\/wp-json\/wp\/v2\/pages\/67388"}],"collection":[{"href":"https:\/\/chk-de.org\/de\/wp-json\/wp\/v2\/pages"}],"about":[{"href":"https:\/\/chk-de.org\/de\/wp-json\/wp\/v2\/types\/page"}],"author":[{"embeddable":true,"href":"https:\/\/chk-de.org\/de\/wp-json\/wp\/v2\/users\/3"}],"replies":[{"embeddable":true,"href":"https:\/\/chk-de.org\/de\/wp-json\/wp\/v2\/comments?post=67388"}],"version-history":[{"count":18,"href":"https:\/\/chk-de.org\/de\/wp-json\/wp\/v2\/pages\/67388\/revisions"}],"predecessor-version":[{"id":68460,"href":"https:\/\/chk-de.org\/de\/wp-json\/wp\/v2\/pages\/67388\/revisions\/68460"}],"wp:attachment":[{"href":"https:\/\/chk-de.org\/de\/wp-json\/wp\/v2\/media?parent=67388"}],"curies":[{"name":"wp","href":"https:\/\/api.w.org\/{rel}","templated":true}]}}