{"id":67277,"date":"2020-04-20T15:05:53","date_gmt":"2020-04-20T13:05:53","guid":{"rendered":"https:\/\/chk-de.org\/?page_id=67277"},"modified":"2020-06-24T16:03:37","modified_gmt":"2020-06-24T14:03:37","slug":"chkd-akademie","status":"publish","type":"page","link":"https:\/\/chk-de.org\/de\/chkd-akademie\/","title":{"rendered":"CHKD Akademie"},"content":{"rendered":"\t\t<div data-elementor-type=\"wp-page\" data-elementor-id=\"67277\" class=\"elementor elementor-67277 elementor-bc-flex-widget\" data-elementor-settings=\"[]\">\n\t\t\t\t\t\t\t<div class=\"elementor-section-wrap\">\n\t\t\t\t\t\t\t<section class=\"elementor-section elementor-top-section elementor-element elementor-element-2df5efa is-yes elementor-section-boxed elementor-section-height-default elementor-section-height-default\" data-id=\"2df5efa\" data-element_type=\"section\">\n\t\t\t\t\t\t<div class=\"elementor-container elementor-column-gap-default\">\n\t\t\t\t\t<div class=\"dis-fl col-12 col-12--medium elementor-column elementor-col-100 elementor-top-column elementor-element elementor-element-52a2336  gut\" data-id=\"52a2336\" data-element_type=\"column\">\n\t\t\t<div class=\"elementor-widget-wrap elementor-element-populated\">\n\t\t\t\t\t\t\t\t<div class=\"elementor-element elementor-element-6889222 elementor-widget elementor-widget-image\" data-id=\"6889222\" data-element_type=\"widget\" data-widget_type=\"image.default\">\n\t\t\t\t<div class=\"elementor-widget-container\">\n\t\t\t\t\t\t\t\t\t\t\t\t\t\t\t<img width=\"1024\" height=\"681\" src=\"https:\/\/chk-de.org\/app\/uploads\/2020\/04\/CHKD-Training_15-1024x681.jpg\" class=\"attachment-large size-large\" alt=\"\" loading=\"lazy\" srcset=\"https:\/\/chk-de.org\/app\/uploads\/2020\/04\/CHKD-Training_15-1024x681.jpg 1024w, https:\/\/chk-de.org\/app\/uploads\/2020\/04\/CHKD-Training_15-300x199.jpg 300w, https:\/\/chk-de.org\/app\/uploads\/2020\/04\/CHKD-Training_15-768x511.jpg 768w, https:\/\/chk-de.org\/app\/uploads\/2020\/04\/CHKD-Training_15-e1592315261107.jpg 1504w\" sizes=\"(max-width: 1024px) 100vw, 1024px\" \/>\t\t\t\t\t\t\t\t\t\t\t\t\t\t\t<\/div>\n\t\t\t\t<\/div>\n\t\t\t\t\t<\/div>\n\t\t<\/div>\n\t\t\t\t\t\t\t<\/div>\n\t\t<\/section>\n\t\t\t\t<section class=\"elementor-section elementor-top-section elementor-element elementor-element-a0cdcea is-yes elementor-section-boxed elementor-section-height-default elementor-section-height-default\" data-id=\"a0cdcea\" data-element_type=\"section\">\n\t\t\t\t\t\t<div class=\"elementor-container elementor-column-gap-default\">\n\t\t\t\t\t<div class=\"dis-fl col-12 col-12--medium elementor-column elementor-col-100 elementor-top-column elementor-element elementor-element-ddd6c70  gut\" data-id=\"ddd6c70\" data-element_type=\"column\">\n\t\t\t<div class=\"elementor-widget-wrap elementor-element-populated\">\n\t\t\t\t\t\t\t\t<div class=\"elementor-element elementor-element-be910d8 elementor-widget elementor-widget-spacer\" data-id=\"be910d8\" data-element_type=\"widget\" data-widget_type=\"spacer.default\">\n\t\t\t\t<div class=\"elementor-widget-container\">\n\t\t\t\t\t<div class=\"elementor-spacer\">\n\t\t\t<div class=\"elementor-spacer-inner\"><\/div>\n\t\t<\/div>\n\t\t\t\t<\/div>\n\t\t\t\t<\/div>\n\t\t\t\t\t<\/div>\n\t\t<\/div>\n\t\t\t\t\t\t\t<\/div>\n\t\t<\/section>\n\t\t\t\t<section class=\"elementor-section elementor-top-section elementor-element elementor-element-7219ee1 is-yes elementor-section-boxed elementor-section-height-default elementor-section-height-default\" data-id=\"7219ee1\" data-element_type=\"section\">\n\t\t\t\t\t\t<div class=\"elementor-container elementor-column-gap-default\">\n\t\t\t\t\t<div class=\"dis-fl col-12 col-12--medium elementor-column elementor-col-100 elementor-top-column elementor-element elementor-element-0aa55e3  gut\" data-id=\"0aa55e3\" data-element_type=\"column\">\n\t\t\t<div class=\"elementor-widget-wrap elementor-element-populated\">\n\t\t\t\t\t\t\t\t<div class=\"elementor-element elementor-element-fa558d0 lh-3 co-black elementor-widget elementor-widget-text-block\" data-id=\"fa558d0\" data-element_type=\"widget\" data-widget_type=\"text-block.default\">\n\t\t\t\t<div class=\"elementor-widget-container\">\n\t\t\t\n\n<div class=\"elementor-text-editor\"><p>Die CHKD Akademie wurde 2018 gegr\u00fcndet und unterst\u00fctzt chinesische sowie deutsche Gesch\u00e4ftsf\u00fchrer, Manager und Mitarbeiter bei der St\u00e4rkung interkultureller Kompetenzen und der Schaffung eines effektiven Arbeitsumfeldes. Mit der Unterst\u00fctzung von Trainern, Branchenexperten und externen Institutionen bietet die CHKD Unternehmen Schulungen f\u00fcr F\u00fchrungskr\u00e4fte und Mitarbeiter an.<\/p><p>Zwei Themen, die dabei im Vordergrund stehen, sind \u201eInterkulturelles Management\u201c und \u201eEmployer Branding\u201c.<\/p><p>\u00a0<\/p><p>Unterschiede in der Gesch\u00e4ftskultur, in den Traditionen und Gesch\u00e4ftsmodellen stellen sowohl chinesische als auch deutsche Gesch\u00e4ftsf\u00fchrer, Manager und Mitarbeiter vor gro\u00dfe Herausforderungen. In der CHKD Akademie haben Unternehmen die M\u00f6glichkeit, ihre interkulturelle Kompetenz zu st\u00e4rken und auf diese Weise Missverst\u00e4ndnisse zu vermeiden und so ein effektives Arbeitsumfeld zu schaffen.<\/p><p>\u00a0<\/p><p>Als weitere Themen werden Methoden der Personalrekrutierung behandelt, um die Qualit\u00e4t des Unternehmens zu erh\u00f6hen. Selbstdarstellung, Mitarbeitergewinnung, Mitarbeiterbindung, Performance Management, Talentmanagement, Unternehmensimage, Work-Life Balance sind Aspekte, auf die ebenfalls eingegangen wird.<\/p><p>\u00a0<\/p><p>Im Rahmen der Trainings k\u00f6nnen individuelle Fragen und Probleme aufgenommen und analysiert werden. Insgesamt bietet das Training vielf\u00e4ltige Lehrmethoden. Interaktive Aufgaben und visuelle Pr\u00e4sentationen werden als Methoden verwendet, um den Teilnehmern den effektivsten Lernprozess anzubieten.<\/p><p>\u00a0<\/p><p>Das Themen-Portfolio der CHKD Akademie wird st\u00e4ndig erweitert. Wir halten Sie hier sowie auf unseren weiteren Kan\u00e4len (LinkedIn etc.) auf dem Laufenden.\u00a0<\/p><\/div>\t\t<\/div>\n\t\t\t\t<\/div>\n\t\t\t\t\t<\/div>\n\t\t<\/div>\n\t\t\t\t\t\t\t<\/div>\n\t\t<\/section>\n\t\t\t\t<section class=\"elementor-section elementor-top-section elementor-element elementor-element-68ae689 is-yes elementor-section-boxed elementor-section-height-default elementor-section-height-default\" data-id=\"68ae689\" data-element_type=\"section\">\n\t\t\t\t\t\t<div class=\"elementor-container elementor-column-gap-default\">\n\t\t\t\t\t<div class=\"dis-fl col-12 col-12--medium elementor-column elementor-col-100 elementor-top-column elementor-element elementor-element-c447b34  gut\" data-id=\"c447b34\" data-element_type=\"column\">\n\t\t\t<div class=\"elementor-widget-wrap elementor-element-populated\">\n\t\t\t\t\t\t\t\t<div class=\"elementor-element elementor-element-a091721 elementor-widget elementor-widget-spacer\" data-id=\"a091721\" data-element_type=\"widget\" data-widget_type=\"spacer.default\">\n\t\t\t\t<div class=\"elementor-widget-container\">\n\t\t\t\t\t<div class=\"elementor-spacer\">\n\t\t\t<div class=\"elementor-spacer-inner\"><\/div>\n\t\t<\/div>\n\t\t\t\t<\/div>\n\t\t\t\t<\/div>\n\t\t\t\t\t<\/div>\n\t\t<\/div>\n\t\t\t\t\t\t\t<\/div>\n\t\t<\/section>\n\t\t\t\t<section class=\"elementor-section elementor-top-section elementor-element elementor-element-f7b3bde is-yes elementor-section-boxed elementor-section-height-default elementor-section-height-default\" data-id=\"f7b3bde\" data-element_type=\"section\">\n\t\t\t\t\t\t<div class=\"elementor-container elementor-column-gap-default\">\n\t\t\t\t\t<div class=\"dis-fl col-12 col-12--medium elementor-column elementor-col-100 elementor-top-column elementor-element elementor-element-56aacb7  gut\" data-id=\"56aacb7\" data-element_type=\"column\">\n\t\t\t<div class=\"elementor-widget-wrap elementor-element-populated\">\n\t\t\t\t\t\t\t\t<div class=\"elementor-element elementor-element-f6037d9 elementor-widget elementor-widget-image-gallery\" data-id=\"f6037d9\" data-element_type=\"widget\" data-widget_type=\"image-gallery.default\">\n\t\t\t\t<div class=\"elementor-widget-container\">\n\t\t\t\t\t<div class=\"elementor-image-gallery\">\n\t\t\t\n<div class=\"lightbox gallery has-4-columns\" itemscope itemtype=\"http:\/\/schema.org\/ImageGallery\">\n  <div class=\"gallery__header size-5 fontw-l co-greyborder lh-1 divider\">\n    <span class=\"co-greytext\">Galerie<\/span>\n  <\/div>\n    <figure itemprop=\"associatedMedia\" itemscope itemtype=\"http:\/\/schema.org\/ImageObject\" class=\"gallery__item br-s\">\n    <a itemprop=\"contentUrl\" href=\"https:\/\/chk-de.org\/app\/uploads\/2020\/06\/CHKD-Training_01.l.q.jpg\" data-size=\"3008,2000\" data-caption=\"\">\n      <img\n        itemprop=\"thumbnail\"\n        src=\"https:\/\/chk-de.org\/app\/uploads\/2020\/06\/CHKD-Training_01.l.q-168x109.2-c-default.jpg\"\n        srcset=\"https:\/\/chk-de.org\/app\/uploads\/2020\/06\/CHKD-Training_01.l.q-168x109.2-c-default.jpg, https:\/\/chk-de.org\/app\/uploads\/2020\/06\/CHKD-Training_01.l.q-336x218.4-c-default.jpg 2x\"\n        alt=\"\">\n    <\/a>\n  <\/figure>\n    <figure itemprop=\"associatedMedia\" itemscope itemtype=\"http:\/\/schema.org\/ImageObject\" class=\"gallery__item br-s\">\n    <a itemprop=\"contentUrl\" href=\"https:\/\/chk-de.org\/app\/uploads\/2020\/06\/CHKD-Training_02.l.q.jpg\" data-size=\"3008,2000\" data-caption=\"\">\n      <img\n        itemprop=\"thumbnail\"\n        src=\"https:\/\/chk-de.org\/app\/uploads\/2020\/06\/CHKD-Training_02.l.q-168x109.2-c-default.jpg\"\n        srcset=\"https:\/\/chk-de.org\/app\/uploads\/2020\/06\/CHKD-Training_02.l.q-168x109.2-c-default.jpg, https:\/\/chk-de.org\/app\/uploads\/2020\/06\/CHKD-Training_02.l.q-336x218.4-c-default.jpg 2x\"\n        alt=\"\">\n    <\/a>\n  <\/figure>\n    <figure itemprop=\"associatedMedia\" itemscope itemtype=\"http:\/\/schema.org\/ImageObject\" class=\"gallery__item br-s\">\n    <a itemprop=\"contentUrl\" href=\"https:\/\/chk-de.org\/app\/uploads\/2020\/06\/CHKD-Training_03.l.q.jpg\" data-size=\"3008,2000\" data-caption=\"\">\n      <img\n        itemprop=\"thumbnail\"\n        src=\"https:\/\/chk-de.org\/app\/uploads\/2020\/06\/CHKD-Training_03.l.q-168x109.2-c-default.jpg\"\n        srcset=\"https:\/\/chk-de.org\/app\/uploads\/2020\/06\/CHKD-Training_03.l.q-168x109.2-c-default.jpg, https:\/\/chk-de.org\/app\/uploads\/2020\/06\/CHKD-Training_03.l.q-336x218.4-c-default.jpg 2x\"\n        alt=\"\">\n    <\/a>\n  <\/figure>\n    <figure itemprop=\"associatedMedia\" itemscope itemtype=\"http:\/\/schema.org\/ImageObject\" class=\"gallery__item br-s\">\n    <a itemprop=\"contentUrl\" href=\"https:\/\/chk-de.org\/app\/uploads\/2020\/06\/CHKD-Training_04.l.q.jpg\" data-size=\"3008,2000\" data-caption=\"\">\n      <img\n        itemprop=\"thumbnail\"\n        src=\"https:\/\/chk-de.org\/app\/uploads\/2020\/06\/CHKD-Training_04.l.q-168x109.2-c-default.jpg\"\n        srcset=\"https:\/\/chk-de.org\/app\/uploads\/2020\/06\/CHKD-Training_04.l.q-168x109.2-c-default.jpg, https:\/\/chk-de.org\/app\/uploads\/2020\/06\/CHKD-Training_04.l.q-336x218.4-c-default.jpg 2x\"\n        alt=\"\">\n    <\/a>\n  <\/figure>\n    <figure itemprop=\"associatedMedia\" itemscope itemtype=\"http:\/\/schema.org\/ImageObject\" class=\"gallery__item br-s\">\n    <a itemprop=\"contentUrl\" href=\"https:\/\/chk-de.org\/app\/uploads\/2020\/06\/CHKD-Training_05.l.q.jpg\" data-size=\"3008,2000\" data-caption=\"\">\n      <img\n        itemprop=\"thumbnail\"\n        src=\"https:\/\/chk-de.org\/app\/uploads\/2020\/06\/CHKD-Training_05.l.q-168x109.2-c-default.jpg\"\n        srcset=\"https:\/\/chk-de.org\/app\/uploads\/2020\/06\/CHKD-Training_05.l.q-168x109.2-c-default.jpg, https:\/\/chk-de.org\/app\/uploads\/2020\/06\/CHKD-Training_05.l.q-336x218.4-c-default.jpg 2x\"\n        alt=\"\">\n    <\/a>\n  <\/figure>\n    <figure itemprop=\"associatedMedia\" itemscope itemtype=\"http:\/\/schema.org\/ImageObject\" class=\"gallery__item br-s\">\n    <a itemprop=\"contentUrl\" href=\"https:\/\/chk-de.org\/app\/uploads\/2020\/06\/CHKD-Training_06.l.q.jpg\" data-size=\"3008,2000\" data-caption=\"\">\n      <img\n        itemprop=\"thumbnail\"\n        src=\"https:\/\/chk-de.org\/app\/uploads\/2020\/06\/CHKD-Training_06.l.q-168x109.2-c-default.jpg\"\n        srcset=\"https:\/\/chk-de.org\/app\/uploads\/2020\/06\/CHKD-Training_06.l.q-168x109.2-c-default.jpg, https:\/\/chk-de.org\/app\/uploads\/2020\/06\/CHKD-Training_06.l.q-336x218.4-c-default.jpg 2x\"\n        alt=\"\">\n    <\/a>\n  <\/figure>\n    <figure itemprop=\"associatedMedia\" itemscope itemtype=\"http:\/\/schema.org\/ImageObject\" class=\"gallery__item br-s\">\n    <a itemprop=\"contentUrl\" href=\"https:\/\/chk-de.org\/app\/uploads\/2020\/06\/CHKD-Training_01-l.q.jpg\" data-size=\"2106,1400\" data-caption=\"\">\n      <img\n        itemprop=\"thumbnail\"\n        src=\"https:\/\/chk-de.org\/app\/uploads\/2020\/06\/CHKD-Training_01-l.q-168x109.2-c-default.jpg\"\n        srcset=\"https:\/\/chk-de.org\/app\/uploads\/2020\/06\/CHKD-Training_01-l.q-168x109.2-c-default.jpg, https:\/\/chk-de.org\/app\/uploads\/2020\/06\/CHKD-Training_01-l.q-336x218.4-c-default.jpg 2x\"\n        alt=\"\">\n    <\/a>\n  <\/figure>\n    <figure itemprop=\"associatedMedia\" itemscope itemtype=\"http:\/\/schema.org\/ImageObject\" class=\"gallery__item br-s\">\n    <a itemprop=\"contentUrl\" href=\"https:\/\/chk-de.org\/app\/uploads\/2020\/06\/CHKD-Training_02-l.q..jpg\" data-size=\"3008,2000\" data-caption=\"\">\n      <img\n        itemprop=\"thumbnail\"\n        src=\"https:\/\/chk-de.org\/app\/uploads\/2020\/06\/CHKD-Training_02-l.q.-168x109.2-c-default.jpg\"\n        srcset=\"https:\/\/chk-de.org\/app\/uploads\/2020\/06\/CHKD-Training_02-l.q.-168x109.2-c-default.jpg, https:\/\/chk-de.org\/app\/uploads\/2020\/06\/CHKD-Training_02-l.q.-336x218.4-c-default.jpg 2x\"\n        alt=\"\">\n    <\/a>\n  <\/figure>\n    <figure itemprop=\"associatedMedia\" itemscope itemtype=\"http:\/\/schema.org\/ImageObject\" class=\"gallery__item br-s\">\n    <a itemprop=\"contentUrl\" href=\"https:\/\/chk-de.org\/app\/uploads\/2020\/06\/CHKD-Training_03-l.q..jpg\" data-size=\"3008,2000\" data-caption=\"\">\n      <img\n        itemprop=\"thumbnail\"\n        src=\"https:\/\/chk-de.org\/app\/uploads\/2020\/06\/CHKD-Training_03-l.q.-168x109.2-c-default.jpg\"\n        srcset=\"https:\/\/chk-de.org\/app\/uploads\/2020\/06\/CHKD-Training_03-l.q.-168x109.2-c-default.jpg, https:\/\/chk-de.org\/app\/uploads\/2020\/06\/CHKD-Training_03-l.q.-336x218.4-c-default.jpg 2x\"\n        alt=\"\">\n    <\/a>\n  <\/figure>\n    <figure itemprop=\"associatedMedia\" itemscope itemtype=\"http:\/\/schema.org\/ImageObject\" class=\"gallery__item br-s\">\n    <a itemprop=\"contentUrl\" href=\"https:\/\/chk-de.org\/app\/uploads\/2020\/06\/CHKD-Training_04-l.q..jpg\" data-size=\"3008,2000\" data-caption=\"\">\n      <img\n        itemprop=\"thumbnail\"\n        src=\"https:\/\/chk-de.org\/app\/uploads\/2020\/06\/CHKD-Training_04-l.q.-168x109.2-c-default.jpg\"\n        srcset=\"https:\/\/chk-de.org\/app\/uploads\/2020\/06\/CHKD-Training_04-l.q.-168x109.2-c-default.jpg, https:\/\/chk-de.org\/app\/uploads\/2020\/06\/CHKD-Training_04-l.q.-336x218.4-c-default.jpg 2x\"\n        alt=\"\">\n    <\/a>\n  <\/figure>\n    <figure itemprop=\"associatedMedia\" itemscope itemtype=\"http:\/\/schema.org\/ImageObject\" class=\"gallery__item br-s\">\n    <a itemprop=\"contentUrl\" href=\"https:\/\/chk-de.org\/app\/uploads\/2020\/06\/CHKD-Training_05-l.q..jpg\" data-size=\"3008,2000\" data-caption=\"\">\n      <img\n        itemprop=\"thumbnail\"\n        src=\"https:\/\/chk-de.org\/app\/uploads\/2020\/06\/CHKD-Training_05-l.q.-168x109.2-c-default.jpg\"\n        srcset=\"https:\/\/chk-de.org\/app\/uploads\/2020\/06\/CHKD-Training_05-l.q.-168x109.2-c-default.jpg, https:\/\/chk-de.org\/app\/uploads\/2020\/06\/CHKD-Training_05-l.q.-336x218.4-c-default.jpg 2x\"\n        alt=\"\">\n    <\/a>\n  <\/figure>\n    <figure itemprop=\"associatedMedia\" itemscope itemtype=\"http:\/\/schema.org\/ImageObject\" class=\"gallery__item br-s\">\n    <a itemprop=\"contentUrl\" href=\"https:\/\/chk-de.org\/app\/uploads\/2020\/06\/CHKD-Training_06-l.q..jpg\" data-size=\"3008,2000\" data-caption=\"\">\n      <img\n        itemprop=\"thumbnail\"\n        src=\"https:\/\/chk-de.org\/app\/uploads\/2020\/06\/CHKD-Training_06-l.q.-168x109.2-c-default.jpg\"\n        srcset=\"https:\/\/chk-de.org\/app\/uploads\/2020\/06\/CHKD-Training_06-l.q.-168x109.2-c-default.jpg, https:\/\/chk-de.org\/app\/uploads\/2020\/06\/CHKD-Training_06-l.q.-336x218.4-c-default.jpg 2x\"\n        alt=\"\">\n    <\/a>\n  <\/figure>\n    <figure itemprop=\"associatedMedia\" itemscope itemtype=\"http:\/\/schema.org\/ImageObject\" class=\"gallery__item br-s\">\n    <a itemprop=\"contentUrl\" href=\"https:\/\/chk-de.org\/app\/uploads\/2020\/06\/CHKD-Training_07-l.q..jpg\" data-size=\"3008,2000\" data-caption=\"\">\n      <img\n        itemprop=\"thumbnail\"\n        src=\"https:\/\/chk-de.org\/app\/uploads\/2020\/06\/CHKD-Training_07-l.q.-168x109.2-c-default.jpg\"\n        srcset=\"https:\/\/chk-de.org\/app\/uploads\/2020\/06\/CHKD-Training_07-l.q.-168x109.2-c-default.jpg, https:\/\/chk-de.org\/app\/uploads\/2020\/06\/CHKD-Training_07-l.q.-336x218.4-c-default.jpg 2x\"\n        alt=\"\">\n    <\/a>\n  <\/figure>\n    <figure itemprop=\"associatedMedia\" itemscope itemtype=\"http:\/\/schema.org\/ImageObject\" class=\"gallery__item br-s\">\n    <a itemprop=\"contentUrl\" href=\"https:\/\/chk-de.org\/app\/uploads\/2020\/06\/CHKD-Training_08-l.q..jpg\" data-size=\"3008,2000\" data-caption=\"\">\n      <img\n        itemprop=\"thumbnail\"\n        src=\"https:\/\/chk-de.org\/app\/uploads\/2020\/06\/CHKD-Training_08-l.q.-168x109.2-c-default.jpg\"\n        srcset=\"https:\/\/chk-de.org\/app\/uploads\/2020\/06\/CHKD-Training_08-l.q.-168x109.2-c-default.jpg, https:\/\/chk-de.org\/app\/uploads\/2020\/06\/CHKD-Training_08-l.q.-336x218.4-c-default.jpg 2x\"\n        alt=\"\">\n    <\/a>\n  <\/figure>\n    <figure itemprop=\"associatedMedia\" itemscope itemtype=\"http:\/\/schema.org\/ImageObject\" class=\"gallery__item br-s\">\n    <a itemprop=\"contentUrl\" href=\"https:\/\/chk-de.org\/app\/uploads\/2020\/06\/CHKD-Training_11-l.q..jpg\" data-size=\"3008,2000\" data-caption=\"\">\n      <img\n        itemprop=\"thumbnail\"\n        src=\"https:\/\/chk-de.org\/app\/uploads\/2020\/06\/CHKD-Training_11-l.q.-168x109.2-c-default.jpg\"\n        srcset=\"https:\/\/chk-de.org\/app\/uploads\/2020\/06\/CHKD-Training_11-l.q.-168x109.2-c-default.jpg, https:\/\/chk-de.org\/app\/uploads\/2020\/06\/CHKD-Training_11-l.q.-336x218.4-c-default.jpg 2x\"\n        alt=\"\">\n    <\/a>\n  <\/figure>\n    <figure itemprop=\"associatedMedia\" itemscope itemtype=\"http:\/\/schema.org\/ImageObject\" class=\"gallery__item br-s\">\n    <a itemprop=\"contentUrl\" href=\"https:\/\/chk-de.org\/app\/uploads\/2020\/06\/CHKD-Training_12-l.q..jpg\" data-size=\"3008,2000\" data-caption=\"\">\n      <img\n        itemprop=\"thumbnail\"\n        src=\"https:\/\/chk-de.org\/app\/uploads\/2020\/06\/CHKD-Training_12-l.q.-168x109.2-c-default.jpg\"\n        srcset=\"https:\/\/chk-de.org\/app\/uploads\/2020\/06\/CHKD-Training_12-l.q.-168x109.2-c-default.jpg, https:\/\/chk-de.org\/app\/uploads\/2020\/06\/CHKD-Training_12-l.q.-336x218.4-c-default.jpg 2x\"\n        alt=\"\">\n    <\/a>\n  <\/figure>\n    <figure itemprop=\"associatedMedia\" itemscope itemtype=\"http:\/\/schema.org\/ImageObject\" class=\"gallery__item br-s\">\n    <a itemprop=\"contentUrl\" href=\"https:\/\/chk-de.org\/app\/uploads\/2020\/06\/CHKD-Training_13-l.q..jpg\" data-size=\"3008,2000\" data-caption=\"\">\n      <img\n        itemprop=\"thumbnail\"\n        src=\"https:\/\/chk-de.org\/app\/uploads\/2020\/06\/CHKD-Training_13-l.q.-168x109.2-c-default.jpg\"\n        srcset=\"https:\/\/chk-de.org\/app\/uploads\/2020\/06\/CHKD-Training_13-l.q.-168x109.2-c-default.jpg, https:\/\/chk-de.org\/app\/uploads\/2020\/06\/CHKD-Training_13-l.q.-336x218.4-c-default.jpg 2x\"\n        alt=\"\">\n    <\/a>\n  <\/figure>\n    <figure itemprop=\"associatedMedia\" itemscope itemtype=\"http:\/\/schema.org\/ImageObject\" class=\"gallery__item br-s\">\n    <a itemprop=\"contentUrl\" href=\"https:\/\/chk-de.org\/app\/uploads\/2020\/06\/CHKD-Training_14-l.q..jpg\" data-size=\"3008,2000\" data-caption=\"\">\n      <img\n        itemprop=\"thumbnail\"\n        src=\"https:\/\/chk-de.org\/app\/uploads\/2020\/06\/CHKD-Training_14-l.q.-168x109.2-c-default.jpg\"\n        srcset=\"https:\/\/chk-de.org\/app\/uploads\/2020\/06\/CHKD-Training_14-l.q.-168x109.2-c-default.jpg, https:\/\/chk-de.org\/app\/uploads\/2020\/06\/CHKD-Training_14-l.q.-336x218.4-c-default.jpg 2x\"\n        alt=\"\">\n    <\/a>\n  <\/figure>\n    <figure itemprop=\"associatedMedia\" itemscope itemtype=\"http:\/\/schema.org\/ImageObject\" class=\"gallery__item br-s\">\n    <a itemprop=\"contentUrl\" href=\"https:\/\/chk-de.org\/app\/uploads\/2020\/06\/CHKD-Training_16-l.q..jpg\" data-size=\"3008,2000\" data-caption=\"\">\n      <img\n        itemprop=\"thumbnail\"\n        src=\"https:\/\/chk-de.org\/app\/uploads\/2020\/06\/CHKD-Training_16-l.q.-168x109.2-c-default.jpg\"\n        srcset=\"https:\/\/chk-de.org\/app\/uploads\/2020\/06\/CHKD-Training_16-l.q.-168x109.2-c-default.jpg, https:\/\/chk-de.org\/app\/uploads\/2020\/06\/CHKD-Training_16-l.q.-336x218.4-c-default.jpg 2x\"\n        alt=\"\">\n    <\/a>\n  <\/figure>\n    <figure itemprop=\"associatedMedia\" itemscope itemtype=\"http:\/\/schema.org\/ImageObject\" class=\"gallery__item br-s\">\n    <a itemprop=\"contentUrl\" href=\"https:\/\/chk-de.org\/app\/uploads\/2019\/12\/CHKD-Training_07-l.q..jpg\" data-size=\"3008,2000\" data-caption=\"\">\n      <img\n        itemprop=\"thumbnail\"\n        src=\"https:\/\/chk-de.org\/app\/uploads\/2019\/12\/CHKD-Training_07-l.q.-168x109.2-c-default.jpg\"\n        srcset=\"https:\/\/chk-de.org\/app\/uploads\/2019\/12\/CHKD-Training_07-l.q.-168x109.2-c-default.jpg, https:\/\/chk-de.org\/app\/uploads\/2019\/12\/CHKD-Training_07-l.q.-336x218.4-c-default.jpg 2x\"\n        alt=\"\">\n    <\/a>\n  <\/figure>\n    <figure itemprop=\"associatedMedia\" itemscope itemtype=\"http:\/\/schema.org\/ImageObject\" class=\"gallery__item br-s\">\n    <a itemprop=\"contentUrl\" href=\"https:\/\/chk-de.org\/app\/uploads\/2019\/12\/CHKD-Training_15-l.q..jpg\" data-size=\"3008,2000\" data-caption=\"\">\n      <img\n        itemprop=\"thumbnail\"\n        src=\"https:\/\/chk-de.org\/app\/uploads\/2019\/12\/CHKD-Training_15-l.q.-168x109.2-c-default.jpg\"\n        srcset=\"https:\/\/chk-de.org\/app\/uploads\/2019\/12\/CHKD-Training_15-l.q.-168x109.2-c-default.jpg, https:\/\/chk-de.org\/app\/uploads\/2019\/12\/CHKD-Training_15-l.q.-336x218.4-c-default.jpg 2x\"\n        alt=\"\">\n    <\/a>\n  <\/figure>\n  <\/div>\n\t\t<\/div>\n\t\t\t\t<\/div>\n\t\t\t\t<\/div>\n\t\t\t\t\t<\/div>\n\t\t<\/div>\n\t\t\t\t\t\t\t<\/div>\n\t\t<\/section>\n\t\t\t\t\t\t<\/div>\n\t\t\t\t\t<\/div>\n\t\t","protected":false},"excerpt":{"rendered":"<p>Die CHKD Akademie wurde 2018 gegr\u00fcndet und unterst\u00fctzt chinesische sowie deutsche Gesch\u00e4ftsf\u00fchrer, Manager und Mitarbeiter bei der St\u00e4rkung interkultureller Kompetenzen und der Schaffung eines effektiven Arbeitsumfeldes. Mit der Unterst\u00fctzung von Trainern, Branchenexperten und externen Institutionen bietet die CHKD Unternehmen Schulungen f\u00fcr F\u00fchrungskr\u00e4fte und Mitarbeiter an. Zwei Themen, die dabei im Vordergrund stehen, sind \u201eInterkulturelles Management\u201c [&hellip;]<\/p>\n","protected":false},"author":3,"featured_media":0,"parent":0,"menu_order":0,"comment_status":"closed","ping_status":"closed","template":"","meta":[],"_links":{"self":[{"href":"https:\/\/chk-de.org\/de\/wp-json\/wp\/v2\/pages\/67277"}],"collection":[{"href":"https:\/\/chk-de.org\/de\/wp-json\/wp\/v2\/pages"}],"about":[{"href":"https:\/\/chk-de.org\/de\/wp-json\/wp\/v2\/types\/page"}],"author":[{"embeddable":true,"href":"https:\/\/chk-de.org\/de\/wp-json\/wp\/v2\/users\/3"}],"replies":[{"embeddable":true,"href":"https:\/\/chk-de.org\/de\/wp-json\/wp\/v2\/comments?post=67277"}],"version-history":[{"count":13,"href":"https:\/\/chk-de.org\/de\/wp-json\/wp\/v2\/pages\/67277\/revisions"}],"predecessor-version":[{"id":69831,"href":"https:\/\/chk-de.org\/de\/wp-json\/wp\/v2\/pages\/67277\/revisions\/69831"}],"wp:attachment":[{"href":"https:\/\/chk-de.org\/de\/wp-json\/wp\/v2\/media?parent=67277"}],"curies":[{"name":"wp","href":"https:\/\/api.w.org\/{rel}","templated":true}]}}