{"id":67234,"date":"2020-04-24T10:51:19","date_gmt":"2020-04-24T08:51:19","guid":{"rendered":"https:\/\/chk-de.org\/?page_id=67234"},"modified":"2020-06-17T15:33:35","modified_gmt":"2020-06-17T13:33:35","slug":"geschaeftsvisa-fuer-china","status":"publish","type":"page","link":"https:\/\/chk-de.org\/de\/geschaeftsvisa-fuer-china\/","title":{"rendered":"Gesch\u00e4ftsvisa f\u00fcr China"},"content":{"rendered":"\t\t<div data-elementor-type=\"wp-page\" data-elementor-id=\"67234\" class=\"elementor elementor-67234 elementor-bc-flex-widget\" data-elementor-settings=\"[]\">\n\t\t\t\t\t\t\t<div class=\"elementor-section-wrap\">\n\t\t\t\t\t\t\t<section class=\"elementor-section elementor-top-section elementor-element elementor-element-778475b is-yes elementor-section-boxed elementor-section-height-default elementor-section-height-default\" data-id=\"778475b\" data-element_type=\"section\">\n\t\t\t\t\t\t<div class=\"elementor-container elementor-column-gap-default\">\n\t\t\t\t\t<div class=\"dis-fl col-12 col-12--medium elementor-column elementor-col-100 elementor-top-column elementor-element elementor-element-5b0b8cb  gut\" data-id=\"5b0b8cb\" data-element_type=\"column\">\n\t\t\t<div class=\"elementor-widget-wrap elementor-element-populated\">\n\t\t\t\t\t\t\t\t<div class=\"elementor-element elementor-element-0b4a2c4 elementor-widget elementor-widget-image\" data-id=\"0b4a2c4\" data-element_type=\"widget\" data-widget_type=\"image.default\">\n\t\t\t\t<div class=\"elementor-widget-container\">\n\t\t\t\t\t\t\t\t\t\t\t\t\t\t\t<img width=\"1024\" height=\"682\" src=\"https:\/\/chk-de.org\/app\/uploads\/2020\/06\/shutterstock_484360417_l.q.-1024x682.jpg\" class=\"attachment-large size-large\" alt=\"\" loading=\"lazy\" srcset=\"https:\/\/chk-de.org\/app\/uploads\/2020\/06\/shutterstock_484360417_l.q.-1024x682.jpg 1024w, https:\/\/chk-de.org\/app\/uploads\/2020\/06\/shutterstock_484360417_l.q.-300x200.jpg 300w, https:\/\/chk-de.org\/app\/uploads\/2020\/06\/shutterstock_484360417_l.q.-768x512.jpg 768w, https:\/\/chk-de.org\/app\/uploads\/2020\/06\/shutterstock_484360417_l.q..jpg 2000w\" sizes=\"(max-width: 1024px) 100vw, 1024px\" \/>\t\t\t\t\t\t\t\t\t\t\t\t\t\t\t<\/div>\n\t\t\t\t<\/div>\n\t\t\t\t\t<\/div>\n\t\t<\/div>\n\t\t\t\t\t\t\t<\/div>\n\t\t<\/section>\n\t\t\t\t<section class=\"elementor-section elementor-top-section elementor-element elementor-element-c83aa8e is-yes elementor-section-boxed elementor-section-height-default elementor-section-height-default\" data-id=\"c83aa8e\" data-element_type=\"section\">\n\t\t\t\t\t\t<div class=\"elementor-container elementor-column-gap-default\">\n\t\t\t\t\t<div class=\"dis-fl col-12 col-12--medium elementor-column elementor-col-100 elementor-top-column elementor-element elementor-element-e8d2463  gut\" data-id=\"e8d2463\" data-element_type=\"column\">\n\t\t\t<div class=\"elementor-widget-wrap elementor-element-populated\">\n\t\t\t\t\t\t\t\t<div class=\"elementor-element elementor-element-7514aaa elementor-widget elementor-widget-spacer\" data-id=\"7514aaa\" data-element_type=\"widget\" data-widget_type=\"spacer.default\">\n\t\t\t\t<div class=\"elementor-widget-container\">\n\t\t\t\t\t<div class=\"elementor-spacer\">\n\t\t\t<div class=\"elementor-spacer-inner\"><\/div>\n\t\t<\/div>\n\t\t\t\t<\/div>\n\t\t\t\t<\/div>\n\t\t\t\t\t<\/div>\n\t\t<\/div>\n\t\t\t\t\t\t\t<\/div>\n\t\t<\/section>\n\t\t\t\t<section class=\"elementor-section elementor-top-section elementor-element elementor-element-722f699 is-yes elementor-section-boxed elementor-section-height-default elementor-section-height-default\" data-id=\"722f699\" data-element_type=\"section\">\n\t\t\t\t\t\t<div class=\"elementor-container elementor-column-gap-default\">\n\t\t\t\t\t<div class=\"dis-fl col-12 col-12--medium elementor-column elementor-col-100 elementor-top-column elementor-element elementor-element-a92c328  gut\" data-id=\"a92c328\" data-element_type=\"column\">\n\t\t\t<div class=\"elementor-widget-wrap elementor-element-populated\">\n\t\t\t\t\t\t\t\t<div class=\"elementor-element elementor-element-14f0028 lh-3 co-black elementor-widget elementor-widget-text-block\" data-id=\"14f0028\" data-element_type=\"widget\" data-widget_type=\"text-block.default\">\n\t\t\t\t<div class=\"elementor-widget-container\">\n\t\t\t\n\n<div class=\"elementor-text-editor\"><p>Ben\u00f6tigen Sie Hilfe bei der Beantragung Ihres Gesch\u00e4ftsvisums? Dann nehmen Sie gerne Kontakt mit uns auf.<\/p><p><strong>\u00a0<\/strong><\/p><p>Aufgrund der geltenden Visabestimmungen, die u.a. ein pers\u00f6nliches Erscheinen des Antragsstellers bei einem Chinese Visa Application Service Center erfordern, bieten wir derzeit nur einen eingeschr\u00e4nkten Service zur Beantragung von Gesch\u00e4ftsvisa f\u00fcr China an.<\/p><p>\u00a0<\/p><p>Aktuelle Informationen \u00fcber \u00c4nderungen der Visabestimmungen finden Sie auf der Seite des <a href=\"https:\/\/bio.visaforchina.org\/BER2_DE\/\">Chinese Visa Application Service Center<\/a>.<\/p><\/div>\t\t<\/div>\n\t\t\t\t<\/div>\n\t\t\t\t\t<\/div>\n\t\t<\/div>\n\t\t\t\t\t\t\t<\/div>\n\t\t<\/section>\n\t\t\t\t\t\t<\/div>\n\t\t\t\t\t<\/div>\n\t\t","protected":false},"excerpt":{"rendered":"<p>Ben\u00f6tigen Sie Hilfe bei der Beantragung Ihres Gesch\u00e4ftsvisums? Dann nehmen Sie gerne Kontakt mit uns auf. \u00a0 Aufgrund der geltenden Visabestimmungen, die u.a. ein pers\u00f6nliches Erscheinen des Antragsstellers bei einem Chinese Visa Application Service Center erfordern, bieten wir derzeit nur einen eingeschr\u00e4nkten Service zur Beantragung von Gesch\u00e4ftsvisa f\u00fcr China an. \u00a0 Aktuelle Informationen \u00fcber \u00c4nderungen [&hellip;]<\/p>\n","protected":false},"author":3,"featured_media":0,"parent":0,"menu_order":0,"comment_status":"closed","ping_status":"closed","template":"","meta":[],"_links":{"self":[{"href":"https:\/\/chk-de.org\/de\/wp-json\/wp\/v2\/pages\/67234"}],"collection":[{"href":"https:\/\/chk-de.org\/de\/wp-json\/wp\/v2\/pages"}],"about":[{"href":"https:\/\/chk-de.org\/de\/wp-json\/wp\/v2\/types\/page"}],"author":[{"embeddable":true,"href":"https:\/\/chk-de.org\/de\/wp-json\/wp\/v2\/users\/3"}],"replies":[{"embeddable":true,"href":"https:\/\/chk-de.org\/de\/wp-json\/wp\/v2\/comments?post=67234"}],"version-history":[{"count":11,"href":"https:\/\/chk-de.org\/de\/wp-json\/wp\/v2\/pages\/67234\/revisions"}],"predecessor-version":[{"id":68467,"href":"https:\/\/chk-de.org\/de\/wp-json\/wp\/v2\/pages\/67234\/revisions\/68467"}],"wp:attachment":[{"href":"https:\/\/chk-de.org\/de\/wp-json\/wp\/v2\/media?parent=67234"}],"curies":[{"name":"wp","href":"https:\/\/api.w.org\/{rel}","templated":true}]}}