{"id":67228,"date":"2020-04-24T10:50:55","date_gmt":"2020-04-24T08:50:55","guid":{"rendered":"https:\/\/chk-de.org\/?page_id=67228"},"modified":"2020-06-17T15:34:38","modified_gmt":"2020-06-17T13:34:38","slug":"arbeitsvisa-fuer-deutschland","status":"publish","type":"page","link":"https:\/\/chk-de.org\/de\/arbeitsvisa-fuer-deutschland\/","title":{"rendered":"Arbeitsvisa f\u00fcr Deutschland"},"content":{"rendered":"\t\t<div data-elementor-type=\"wp-page\" data-elementor-id=\"67228\" class=\"elementor elementor-67228 elementor-bc-flex-widget\" data-elementor-settings=\"[]\">\n\t\t\t\t\t\t\t<div class=\"elementor-section-wrap\">\n\t\t\t\t\t\t\t<section class=\"elementor-section elementor-top-section elementor-element elementor-element-34017d2 is-yes elementor-section-boxed elementor-section-height-default elementor-section-height-default\" data-id=\"34017d2\" data-element_type=\"section\">\n\t\t\t\t\t\t<div class=\"elementor-container elementor-column-gap-default\">\n\t\t\t\t\t<div class=\"dis-fl col-12 col-12--medium elementor-column elementor-col-100 elementor-top-column elementor-element elementor-element-2cd387a  gut\" data-id=\"2cd387a\" data-element_type=\"column\">\n\t\t\t<div class=\"elementor-widget-wrap elementor-element-populated\">\n\t\t\t\t\t\t\t\t<div class=\"elementor-element elementor-element-d5f19d9 elementor-widget elementor-widget-image\" data-id=\"d5f19d9\" data-element_type=\"widget\" data-widget_type=\"image.default\">\n\t\t\t\t<div class=\"elementor-widget-container\">\n\t\t\t\t\t\t\t\t\t\t\t\t\t\t\t<img width=\"1024\" height=\"681\" src=\"https:\/\/chk-de.org\/app\/uploads\/2020\/06\/shutterstock_512560984_l.q.-1024x681.jpg\" class=\"attachment-large size-large\" alt=\"\" loading=\"lazy\" srcset=\"https:\/\/chk-de.org\/app\/uploads\/2020\/06\/shutterstock_512560984_l.q.-1024x681.jpg 1024w, https:\/\/chk-de.org\/app\/uploads\/2020\/06\/shutterstock_512560984_l.q.-300x199.jpg 300w, https:\/\/chk-de.org\/app\/uploads\/2020\/06\/shutterstock_512560984_l.q.-768x510.jpg 768w, https:\/\/chk-de.org\/app\/uploads\/2020\/06\/shutterstock_512560984_l.q..jpg 2016w\" sizes=\"(max-width: 1024px) 100vw, 1024px\" \/>\t\t\t\t\t\t\t\t\t\t\t\t\t\t\t<\/div>\n\t\t\t\t<\/div>\n\t\t\t\t\t<\/div>\n\t\t<\/div>\n\t\t\t\t\t\t\t<\/div>\n\t\t<\/section>\n\t\t\t\t<section class=\"elementor-section elementor-top-section elementor-element elementor-element-1ffa019 is-yes elementor-section-boxed elementor-section-height-default elementor-section-height-default\" data-id=\"1ffa019\" data-element_type=\"section\">\n\t\t\t\t\t\t<div class=\"elementor-container elementor-column-gap-default\">\n\t\t\t\t\t<div class=\"dis-fl col-12 col-12--medium elementor-column elementor-col-100 elementor-top-column elementor-element elementor-element-55d00d3  gut\" data-id=\"55d00d3\" data-element_type=\"column\">\n\t\t\t<div class=\"elementor-widget-wrap elementor-element-populated\">\n\t\t\t\t\t\t\t\t<div class=\"elementor-element elementor-element-f9a0a36 elementor-widget elementor-widget-spacer\" data-id=\"f9a0a36\" data-element_type=\"widget\" data-widget_type=\"spacer.default\">\n\t\t\t\t<div class=\"elementor-widget-container\">\n\t\t\t\t\t<div class=\"elementor-spacer\">\n\t\t\t<div class=\"elementor-spacer-inner\"><\/div>\n\t\t<\/div>\n\t\t\t\t<\/div>\n\t\t\t\t<\/div>\n\t\t\t\t\t<\/div>\n\t\t<\/div>\n\t\t\t\t\t\t\t<\/div>\n\t\t<\/section>\n\t\t\t\t<section class=\"elementor-section elementor-top-section elementor-element elementor-element-8a180cf is-yes elementor-section-boxed elementor-section-height-default elementor-section-height-default\" data-id=\"8a180cf\" data-element_type=\"section\">\n\t\t\t\t\t\t<div class=\"elementor-container elementor-column-gap-default\">\n\t\t\t\t\t<div class=\"dis-fl col-12 col-12--medium elementor-column elementor-col-100 elementor-top-column elementor-element elementor-element-0cef8fc  gut\" data-id=\"0cef8fc\" data-element_type=\"column\">\n\t\t\t<div class=\"elementor-widget-wrap elementor-element-populated\">\n\t\t\t\t\t\t\t\t<div class=\"elementor-element elementor-element-f939b8f pad-b-1 elementor-widget elementor-widget-header\" data-id=\"f939b8f\" data-element_type=\"widget\" data-widget_type=\"header.default\">\n\t\t\t\t<div class=\"elementor-widget-container\">\n\t\t\t<h2 class=\"heading\">\n    <span class=\"fontw-l has-divider lh-3 size-5\">Individuelle Beratung und Unterst\u00fctzung f\u00fcr Unternehmen<\/span>\n  <div class=\"heading__divider pad-t-2\" aria-hidden><svg width=\"90\" height=\"2\" viewBox=\"0 0 90 2\" xmlns=\"http:\/\/www.w3.org\/2000\/svg\"><line x1=\"0\" y1=\"1\" x2=\"90\" y2=\"1\" stroke-width=\"2\" \/><\/svg><\/div><\/h2>\t\t<\/div>\n\t\t\t\t<\/div>\n\t\t\t\t\t<\/div>\n\t\t<\/div>\n\t\t\t\t\t\t\t<\/div>\n\t\t<\/section>\n\t\t\t\t<section class=\"elementor-section elementor-top-section elementor-element elementor-element-57a3449 is-yes elementor-section-boxed elementor-section-height-default elementor-section-height-default\" data-id=\"57a3449\" data-element_type=\"section\">\n\t\t\t\t\t\t<div class=\"elementor-container elementor-column-gap-default\">\n\t\t\t\t\t<div class=\"dis-fl col-12 col-12--medium elementor-column elementor-col-100 elementor-top-column elementor-element elementor-element-86cc605  gut\" data-id=\"86cc605\" data-element_type=\"column\">\n\t\t\t<div class=\"elementor-widget-wrap elementor-element-populated\">\n\t\t\t\t\t\t\t\t<div class=\"elementor-element elementor-element-480fd2b lh-3 co-black elementor-widget elementor-widget-text-block\" data-id=\"480fd2b\" data-element_type=\"widget\" data-widget_type=\"text-block.default\">\n\t\t\t\t<div class=\"elementor-widget-container\">\n\t\t\t\n\n<div class=\"elementor-text-editor\"><p>Gerne betreuen wir Ihren gesamten Antragsprozess von der Zusammenstellung der Antragsunterlagen bis hin zum Kontakt mit den zust\u00e4ndigen Beh\u00f6rden.<\/p><\/div>\t\t<\/div>\n\t\t\t\t<\/div>\n\t\t\t\t\t<\/div>\n\t\t<\/div>\n\t\t\t\t\t\t\t<\/div>\n\t\t<\/section>\n\t\t\t\t<section class=\"elementor-section elementor-top-section elementor-element elementor-element-7fdf823 is-yes elementor-section-boxed elementor-section-height-default elementor-section-height-default\" data-id=\"7fdf823\" data-element_type=\"section\">\n\t\t\t\t\t\t<div class=\"elementor-container elementor-column-gap-default\">\n\t\t\t\t\t<div class=\"dis-fl col-12 col-12--medium elementor-column elementor-col-100 elementor-top-column elementor-element elementor-element-381bf3d  gut\" data-id=\"381bf3d\" data-element_type=\"column\">\n\t\t\t<div class=\"elementor-widget-wrap elementor-element-populated\">\n\t\t\t\t\t\t\t\t<div class=\"elementor-element elementor-element-eaa4535 elementor-widget elementor-widget-spacer\" data-id=\"eaa4535\" data-element_type=\"widget\" data-widget_type=\"spacer.default\">\n\t\t\t\t<div class=\"elementor-widget-container\">\n\t\t\t\t\t<div class=\"elementor-spacer\">\n\t\t\t<div class=\"elementor-spacer-inner\"><\/div>\n\t\t<\/div>\n\t\t\t\t<\/div>\n\t\t\t\t<\/div>\n\t\t\t\t\t<\/div>\n\t\t<\/div>\n\t\t\t\t\t\t\t<\/div>\n\t\t<\/section>\n\t\t\t\t<section class=\"elementor-section elementor-top-section elementor-element elementor-element-96b90ae is-yes elementor-section-boxed elementor-section-height-default elementor-section-height-default\" data-id=\"96b90ae\" data-element_type=\"section\">\n\t\t\t\t\t\t<div class=\"elementor-container elementor-column-gap-default\">\n\t\t\t\t\t<div class=\"dis-fl col-12 col-12--medium elementor-column elementor-col-100 elementor-top-column elementor-element elementor-element-1d96987  gut\" data-id=\"1d96987\" data-element_type=\"column\">\n\t\t\t<div class=\"elementor-widget-wrap elementor-element-populated\">\n\t\t\t\t\t\t\t\t<div class=\"elementor-element elementor-element-a242225 pad-b-1 elementor-widget elementor-widget-header\" data-id=\"a242225\" data-element_type=\"widget\" data-widget_type=\"header.default\">\n\t\t\t\t<div class=\"elementor-widget-container\">\n\t\t\t<h2 class=\"heading\">\n    <span class=\"fontw-l has-divider lh-3 size-5\">Leistungsumfang<\/span>\n  <div class=\"heading__divider pad-t-2\" aria-hidden><svg width=\"90\" height=\"2\" viewBox=\"0 0 90 2\" xmlns=\"http:\/\/www.w3.org\/2000\/svg\"><line x1=\"0\" y1=\"1\" x2=\"90\" y2=\"1\" stroke-width=\"2\" \/><\/svg><\/div><\/h2>\t\t<\/div>\n\t\t\t\t<\/div>\n\t\t\t\t\t<\/div>\n\t\t<\/div>\n\t\t\t\t\t\t\t<\/div>\n\t\t<\/section>\n\t\t\t\t<section class=\"elementor-section elementor-top-section elementor-element elementor-element-faed695 is-yes elementor-section-boxed elementor-section-height-default elementor-section-height-default\" data-id=\"faed695\" data-element_type=\"section\">\n\t\t\t\t\t\t<div class=\"elementor-container elementor-column-gap-default\">\n\t\t\t\t\t<div class=\"dis-fl col-12 col-12--medium elementor-column elementor-col-100 elementor-top-column elementor-element elementor-element-7c82598  gut\" data-id=\"7c82598\" data-element_type=\"column\">\n\t\t\t<div class=\"elementor-widget-wrap elementor-element-populated\">\n\t\t\t\t\t\t\t\t<div class=\"elementor-element elementor-element-d2e988a lh-3 co-black elementor-widget elementor-widget-text-block\" data-id=\"d2e988a\" data-element_type=\"widget\" data-widget_type=\"text-block.default\">\n\t\t\t\t<div class=\"elementor-widget-container\">\n\t\t\t\n\n<div class=\"elementor-text-editor\"><ul><li>Unterst\u00fctzung und Beratung w\u00e4hrend des gesamten Antragsverfahrens. Zusammenstellung der Antragsunterlagen (f\u00fcr Visa und Arbeitsgenehmigung) und Pr\u00fcfung auf Vollst\u00e4ndigkeit<\/li><li>Pr\u00fcfung des Entsendungsvertrages \/ Arbeitsvertrages<\/li><li>\u00dcbersetzung von Vertr\u00e4gen etc.<\/li><li>Entwurf von Stellenbeschreibungen gem\u00e4\u00df den gesetzlichen Anforderungen<\/li><li>Unterst\u00fctzung beim Kontakt mit zust\u00e4ndigen Beh\u00f6rden (Ausl\u00e4nderbeh\u00f6rde, Arbeitsagentur etc.)<\/li><li>Unterst\u00fctzung bei der Beantragung der \u201eBlauen Karte EU\u201c (f\u00fcr Drittstaatsangeh\u00f6rige, die einen Hochschulabschluss oder eine vergleichbare Qualifikation besitzen)<\/li><\/ul><\/div>\t\t<\/div>\n\t\t\t\t<\/div>\n\t\t\t\t\t<\/div>\n\t\t<\/div>\n\t\t\t\t\t\t\t<\/div>\n\t\t<\/section>\n\t\t\t\t<section class=\"elementor-section elementor-top-section elementor-element elementor-element-cc6a542 is-yes elementor-section-boxed elementor-section-height-default elementor-section-height-default\" data-id=\"cc6a542\" data-element_type=\"section\">\n\t\t\t\t\t\t<div class=\"elementor-container elementor-column-gap-default\">\n\t\t\t\t\t<div class=\"dis-fl col-12 col-12--medium elementor-column elementor-col-100 elementor-top-column elementor-element elementor-element-3431d38  gut\" data-id=\"3431d38\" data-element_type=\"column\">\n\t\t\t<div class=\"elementor-widget-wrap elementor-element-populated\">\n\t\t\t\t\t\t\t\t<div class=\"elementor-element elementor-element-a8b5faa elementor-widget elementor-widget-spacer\" data-id=\"a8b5faa\" data-element_type=\"widget\" data-widget_type=\"spacer.default\">\n\t\t\t\t<div class=\"elementor-widget-container\">\n\t\t\t\t\t<div class=\"elementor-spacer\">\n\t\t\t<div class=\"elementor-spacer-inner\"><\/div>\n\t\t<\/div>\n\t\t\t\t<\/div>\n\t\t\t\t<\/div>\n\t\t\t\t\t<\/div>\n\t\t<\/div>\n\t\t\t\t\t\t\t<\/div>\n\t\t<\/section>\n\t\t\t\t<section class=\"elementor-section elementor-top-section elementor-element elementor-element-edf80c2 is-yes elementor-section-boxed elementor-section-height-default elementor-section-height-default\" data-id=\"edf80c2\" data-element_type=\"section\">\n\t\t\t\t\t\t<div class=\"elementor-container elementor-column-gap-default\">\n\t\t\t\t\t<div class=\"dis-fl col-12 col-12--medium elementor-column elementor-col-100 elementor-top-column elementor-element elementor-element-8aa99e8  gut\" data-id=\"8aa99e8\" data-element_type=\"column\">\n\t\t\t<div class=\"elementor-widget-wrap elementor-element-populated\">\n\t\t\t\t\t\t\t\t<div class=\"elementor-element elementor-element-77f9bed lh-3 co-black elementor-widget elementor-widget-text-block\" data-id=\"77f9bed\" data-element_type=\"widget\" data-widget_type=\"text-block.default\">\n\t\t\t\t<div class=\"elementor-widget-container\">\n\t\t\t\n\n<div class=\"elementor-text-editor\"><p>Ben\u00f6tigen Sie Hilfe bei der Beantragung Ihres Arbeitsvisums? Dann nehmen Sie Kontakt mit uns auf. Gerne erstellen wir Ihnen ein individuelles Angebot.<\/p><\/div>\t\t<\/div>\n\t\t\t\t<\/div>\n\t\t\t\t\t<\/div>\n\t\t<\/div>\n\t\t\t\t\t\t\t<\/div>\n\t\t<\/section>\n\t\t\t\t\t\t<\/div>\n\t\t\t\t\t<\/div>\n\t\t","protected":false},"excerpt":{"rendered":"<p>Individuelle Beratung und Unterst\u00fctzung f\u00fcr Unternehmen Gerne betreuen wir Ihren gesamten Antragsprozess von der Zusammenstellung der Antragsunterlagen bis hin zum Kontakt mit den zust\u00e4ndigen Beh\u00f6rden. Leistungsumfang Unterst\u00fctzung und Beratung w\u00e4hrend des gesamten Antragsverfahrens. Zusammenstellung der Antragsunterlagen (f\u00fcr Visa und Arbeitsgenehmigung) und Pr\u00fcfung auf Vollst\u00e4ndigkeit Pr\u00fcfung des Entsendungsvertrages \/ Arbeitsvertrages \u00dcbersetzung von Vertr\u00e4gen etc. Entwurf von [&hellip;]<\/p>\n","protected":false},"author":3,"featured_media":0,"parent":0,"menu_order":0,"comment_status":"closed","ping_status":"closed","template":"","meta":[],"_links":{"self":[{"href":"https:\/\/chk-de.org\/de\/wp-json\/wp\/v2\/pages\/67228"}],"collection":[{"href":"https:\/\/chk-de.org\/de\/wp-json\/wp\/v2\/pages"}],"about":[{"href":"https:\/\/chk-de.org\/de\/wp-json\/wp\/v2\/types\/page"}],"author":[{"embeddable":true,"href":"https:\/\/chk-de.org\/de\/wp-json\/wp\/v2\/users\/3"}],"replies":[{"embeddable":true,"href":"https:\/\/chk-de.org\/de\/wp-json\/wp\/v2\/comments?post=67228"}],"version-history":[{"count":12,"href":"https:\/\/chk-de.org\/de\/wp-json\/wp\/v2\/pages\/67228\/revisions"}],"predecessor-version":[{"id":68469,"href":"https:\/\/chk-de.org\/de\/wp-json\/wp\/v2\/pages\/67228\/revisions\/68469"}],"wp:attachment":[{"href":"https:\/\/chk-de.org\/de\/wp-json\/wp\/v2\/media?parent=67228"}],"curies":[{"name":"wp","href":"https:\/\/api.w.org\/{rel}","templated":true}]}}