{"id":67060,"date":"2020-04-20T12:24:08","date_gmt":"2020-04-20T10:24:08","guid":{"rendered":"https:\/\/chk-de.org\/?page_id=67060"},"modified":"2020-06-24T15:40:03","modified_gmt":"2020-06-24T13:40:03","slug":"fachausschuss-automobilindustrie","status":"publish","type":"page","link":"https:\/\/chk-de.org\/de\/fachausschuss-automobilindustrie\/","title":{"rendered":"Fachausschuss-Automobilindustrie"},"content":{"rendered":"\t\t<div data-elementor-type=\"wp-page\" data-elementor-id=\"67060\" class=\"elementor elementor-67060 elementor-bc-flex-widget\" data-elementor-settings=\"[]\">\n\t\t\t\t\t\t\t<div class=\"elementor-section-wrap\">\n\t\t\t\t\t\t\t<section class=\"elementor-section elementor-top-section elementor-element elementor-element-765eed4 is-yes elementor-section-boxed elementor-section-height-default elementor-section-height-default\" data-id=\"765eed4\" data-element_type=\"section\">\n\t\t\t\t\t\t<div class=\"elementor-container elementor-column-gap-default\">\n\t\t\t\t\t<div class=\"dis-fl col-12 col-12--medium elementor-column elementor-col-100 elementor-top-column elementor-element elementor-element-08c74c2  gut\" data-id=\"08c74c2\" data-element_type=\"column\">\n\t\t\t<div class=\"elementor-widget-wrap elementor-element-populated\">\n\t\t\t\t\t\t\t\t<div class=\"elementor-element elementor-element-5f018e1 lh-3 co-black elementor-widget elementor-widget-text-block\" data-id=\"5f018e1\" data-element_type=\"widget\" data-widget_type=\"text-block.default\">\n\t\t\t\t<div class=\"elementor-widget-container\">\n\t\t\t\n\n<div class=\"elementor-text-editor\"><p>Der im Oktober 2017 gegr\u00fcndete Fachausschuss (Automobilindustrie) unterst\u00fctzt die Berliner Gesch\u00e4ftsstelle bei fach- und branchenspezifischen Themen bezogen auf die Automobilbranche. Der Expertenpool unterst\u00fctzt bei der Ermittlung branchenspezifischer Bed\u00fcrfnisse, dem Zusammentragen aktueller relevanter Informationen sowie bei der Organisation und der Koordinierung von Informations- und Netzwerkveranstaltungen. Der Fachausschuss liefert zudem Vorschl\u00e4ge zur Verbesserung des Gesch\u00e4fts- und Investitionsklimas sowie der Zusammenarbeit zwischen China und Deutschland in der Automobilbranche, welche die CHKD-Gesch\u00e4ftsstelle im Anschluss an die zust\u00e4ndigen Stellen kommuniziert.<\/p><p>\u00a0<\/p><\/div>\t\t<\/div>\n\t\t\t\t<\/div>\n\t\t\t\t\t<\/div>\n\t\t<\/div>\n\t\t\t\t\t\t\t<\/div>\n\t\t<\/section>\n\t\t\t\t<section class=\"elementor-section elementor-top-section elementor-element elementor-element-9318535 is-yes elementor-section-boxed elementor-section-height-default elementor-section-height-default\" data-id=\"9318535\" data-element_type=\"section\">\n\t\t\t\t\t\t<div class=\"elementor-container elementor-column-gap-default\">\n\t\t\t\t\t<div class=\"dis-fl col-12 col-12--medium elementor-column elementor-col-100 elementor-top-column elementor-element elementor-element-97a5e55  gut\" data-id=\"97a5e55\" data-element_type=\"column\">\n\t\t\t<div class=\"elementor-widget-wrap elementor-element-populated\">\n\t\t\t\t\t\t\t\t<div class=\"elementor-element elementor-element-6814e87 elementor-widget elementor-widget-image\" data-id=\"6814e87\" data-element_type=\"widget\" data-widget_type=\"image.default\">\n\t\t\t\t<div class=\"elementor-widget-container\">\n\t\t\t\t\t\t\t\t\t\t\t\t\t\t\t<img src=\"https:\/\/chk-de.org\/app\/uploads\/elementor\/thumbs\/Logos-background-orhpftdmet79gym8zi4q3xypnpb64xy558agszym5c.jpg\" title=\"Logos background\" alt=\"Logos background\" \/>\t\t\t\t\t\t\t\t\t\t\t\t\t\t\t<\/div>\n\t\t\t\t<\/div>\n\t\t\t\t\t<\/div>\n\t\t<\/div>\n\t\t\t\t\t\t\t<\/div>\n\t\t<\/section>\n\t\t\t\t<section class=\"elementor-section elementor-top-section elementor-element elementor-element-73f32c5 is-yes elementor-section-boxed elementor-section-height-default elementor-section-height-default\" data-id=\"73f32c5\" data-element_type=\"section\">\n\t\t\t\t\t\t<div class=\"elementor-container elementor-column-gap-default\">\n\t\t\t\t\t<div class=\"dis-fl col-12 col-12--medium elementor-column elementor-col-100 elementor-top-column elementor-element elementor-element-3db8c4e  gut\" data-id=\"3db8c4e\" data-element_type=\"column\">\n\t\t\t<div class=\"elementor-widget-wrap elementor-element-populated\">\n\t\t\t\t\t\t\t\t<div class=\"elementor-element elementor-element-6ea47e4 elementor-widget elementor-widget-spacer\" data-id=\"6ea47e4\" data-element_type=\"widget\" data-widget_type=\"spacer.default\">\n\t\t\t\t<div class=\"elementor-widget-container\">\n\t\t\t\t\t<div class=\"elementor-spacer\">\n\t\t\t<div class=\"elementor-spacer-inner\"><\/div>\n\t\t<\/div>\n\t\t\t\t<\/div>\n\t\t\t\t<\/div>\n\t\t\t\t\t<\/div>\n\t\t<\/div>\n\t\t\t\t\t\t\t<\/div>\n\t\t<\/section>\n\t\t\t\t<section class=\"elementor-section elementor-top-section elementor-element elementor-element-697fdb9 is-yes elementor-section-boxed elementor-section-height-default elementor-section-height-default\" data-id=\"697fdb9\" data-element_type=\"section\">\n\t\t\t\t\t\t<div class=\"elementor-container elementor-column-gap-default\">\n\t\t\t\t\t<div class=\"dis-fl col-12 col-6--medium elementor-column elementor-col-50 elementor-top-column elementor-element elementor-element-cd82c04  gut\" data-id=\"cd82c04\" data-element_type=\"column\">\n\t\t\t<div class=\"elementor-widget-wrap elementor-element-populated\">\n\t\t\t\t\t\t\t\t<div class=\"elementor-element elementor-element-7dfbc67 pad-b-1 elementor-widget elementor-widget-header\" data-id=\"7dfbc67\" data-element_type=\"widget\" data-widget_type=\"header.default\">\n\t\t\t\t<div class=\"elementor-widget-container\">\n\t\t\t<h2 class=\"heading\">\n    <span class=\"fontw-l has-divider lh-3 size-5\">Kontakt<\/span>\n  <div class=\"heading__divider pad-t-2\" aria-hidden><svg width=\"90\" height=\"2\" viewBox=\"0 0 90 2\" xmlns=\"http:\/\/www.w3.org\/2000\/svg\"><line x1=\"0\" y1=\"1\" x2=\"90\" y2=\"1\" stroke-width=\"2\" \/><\/svg><\/div><\/h2>\t\t<\/div>\n\t\t\t\t<\/div>\n\t\t\t\t<div class=\"elementor-element elementor-element-a76344d lh-3 co-black elementor-widget elementor-widget-text-block\" data-id=\"a76344d\" data-element_type=\"widget\" data-widget_type=\"text-block.default\">\n\t\t\t\t<div class=\"elementor-widget-container\">\n\t\t\t\n\n<div class=\"elementor-text-editor\"><p><strong>CHKD Gesch\u00e4ftsstelle<\/strong><br \/> +49 (0)30 209 175 22<\/p><p><a href=\"mailto:info[at]chk-de.org\">info[at]chk-de.org<\/a><\/p><\/div>\t\t<\/div>\n\t\t\t\t<\/div>\n\t\t\t\t\t<\/div>\n\t\t<\/div>\n\t\t\t\t<div class=\"dis-fl col-12 col-6--medium elementor-column elementor-col-50 elementor-top-column elementor-element elementor-element-2f49516  gut\" data-id=\"2f49516\" data-element_type=\"column\">\n\t\t\t<div class=\"elementor-widget-wrap\">\n\t\t\t\t\t\t\t\t\t<\/div>\n\t\t<\/div>\n\t\t\t\t\t\t\t<\/div>\n\t\t<\/section>\n\t\t\t\t\t\t<\/div>\n\t\t\t\t\t<\/div>\n\t\t","protected":false},"excerpt":{"rendered":"<p>Der im Oktober 2017 gegr\u00fcndete Fachausschuss (Automobilindustrie) unterst\u00fctzt die Berliner Gesch\u00e4ftsstelle bei fach- und branchenspezifischen Themen bezogen auf die Automobilbranche. Der Expertenpool unterst\u00fctzt bei der Ermittlung branchenspezifischer Bed\u00fcrfnisse, dem Zusammentragen aktueller relevanter Informationen sowie bei der Organisation und der Koordinierung von Informations- und Netzwerkveranstaltungen. Der Fachausschuss liefert zudem Vorschl\u00e4ge zur Verbesserung des Gesch\u00e4fts- und Investitionsklimas [&hellip;]<\/p>\n","protected":false},"author":3,"featured_media":0,"parent":0,"menu_order":0,"comment_status":"closed","ping_status":"closed","template":"template-page--sidebarless.php","meta":[],"_links":{"self":[{"href":"https:\/\/chk-de.org\/de\/wp-json\/wp\/v2\/pages\/67060"}],"collection":[{"href":"https:\/\/chk-de.org\/de\/wp-json\/wp\/v2\/pages"}],"about":[{"href":"https:\/\/chk-de.org\/de\/wp-json\/wp\/v2\/types\/page"}],"author":[{"embeddable":true,"href":"https:\/\/chk-de.org\/de\/wp-json\/wp\/v2\/users\/3"}],"replies":[{"embeddable":true,"href":"https:\/\/chk-de.org\/de\/wp-json\/wp\/v2\/comments?post=67060"}],"version-history":[{"count":12,"href":"https:\/\/chk-de.org\/de\/wp-json\/wp\/v2\/pages\/67060\/revisions"}],"predecessor-version":[{"id":69802,"href":"https:\/\/chk-de.org\/de\/wp-json\/wp\/v2\/pages\/67060\/revisions\/69802"}],"wp:attachment":[{"href":"https:\/\/chk-de.org\/de\/wp-json\/wp\/v2\/media?parent=67060"}],"curies":[{"name":"wp","href":"https:\/\/api.w.org\/{rel}","templated":true}]}}