{"id":292,"date":"2018-03-15T10:42:59","date_gmt":"2018-03-15T09:42:59","guid":{"rendered":"https:\/\/chk-de.org\/?page_id=292"},"modified":"2020-06-17T14:26:49","modified_gmt":"2020-06-17T12:26:49","slug":"marktinfo","status":"publish","type":"page","link":"https:\/\/chk-de.org\/de\/marktinfo\/","title":{"rendered":"Marktinfo"},"content":{"rendered":"\t\t<div data-elementor-type=\"wp-page\" data-elementor-id=\"292\" class=\"elementor elementor-292 elementor-bc-flex-widget\" data-elementor-settings=\"[]\">\n\t\t\t\t\t\t\t<div class=\"elementor-section-wrap\">\n\t\t\t\t\t\t\t<section class=\"elementor-section elementor-top-section elementor-element elementor-element-5245f99 is-yes elementor-section-boxed elementor-section-height-default elementor-section-height-default\" data-id=\"5245f99\" data-element_type=\"section\">\n\t\t\t\t\t\t<div class=\"elementor-container elementor-column-gap-default\">\n\t\t\t\t\t<div class=\"dis-fl col-12 col-12--medium elementor-column elementor-col-100 elementor-top-column elementor-element elementor-element-379c6e1  gut\" data-id=\"379c6e1\" data-element_type=\"column\">\n\t\t\t<div class=\"elementor-widget-wrap elementor-element-populated\">\n\t\t\t\t\t\t\t\t<div class=\"elementor-element elementor-element-b7635ca lh-3 co-black elementor-widget elementor-widget-text-block\" data-id=\"b7635ca\" data-element_type=\"widget\" data-widget_type=\"text-block.default\">\n\t\t\t\t<div class=\"elementor-widget-container\">\n\t\t\t\n\n<div class=\"elementor-text-editor\"><p>Hier finden Sie umfangreiche Informationen rund um das Thema <strong>&#8222;Investieren in Deutschland&#8220;<\/strong>. Auf der Seite <strong>&#8222;Investitionsstandort Deutschland&#8220;<\/strong> erhalten Sie einen \u00dcberblick \u00fcber die verschiedenen Investitionsstandorte in Deutschland. Unter <strong>&#8222;N\u00fctzliche Informationen&#8220;<\/strong> haben wir Daten und Informationen zusammengetragen, die f\u00fcr eine Investitions- und Gesch\u00e4ftsaktivit\u00e4t in Deutschland von Bedeutung sind.<\/p><\/div>\t\t<\/div>\n\t\t\t\t<\/div>\n\t\t\t\t\t<\/div>\n\t\t<\/div>\n\t\t\t\t\t\t\t<\/div>\n\t\t<\/section>\n\t\t\t\t<section class=\"elementor-section elementor-top-section elementor-element elementor-element-aa85d6f is-yes elementor-section-boxed elementor-section-height-default elementor-section-height-default\" data-id=\"aa85d6f\" data-element_type=\"section\">\n\t\t\t\t\t\t<div class=\"elementor-container elementor-column-gap-default\">\n\t\t\t\t\t<div class=\"dis-fl col-12 col-12--medium elementor-column elementor-col-100 elementor-top-column elementor-element elementor-element-77d025d  gut\" data-id=\"77d025d\" data-element_type=\"column\">\n\t\t\t<div class=\"elementor-widget-wrap elementor-element-populated\">\n\t\t\t\t\t\t\t\t<div class=\"elementor-element elementor-element-7536db5 elementor-widget elementor-widget-spacer\" data-id=\"7536db5\" data-element_type=\"widget\" data-widget_type=\"spacer.default\">\n\t\t\t\t<div class=\"elementor-widget-container\">\n\t\t\t\t\t<div class=\"elementor-spacer\">\n\t\t\t<div class=\"elementor-spacer-inner\"><\/div>\n\t\t<\/div>\n\t\t\t\t<\/div>\n\t\t\t\t<\/div>\n\t\t\t\t\t<\/div>\n\t\t<\/div>\n\t\t\t\t\t\t\t<\/div>\n\t\t<\/section>\n\t\t\t\t<section class=\"elementor-section elementor-top-section elementor-element elementor-element-6f45ef9 is-yes elementor-section-boxed elementor-section-height-default elementor-section-height-default\" data-id=\"6f45ef9\" data-element_type=\"section\">\n\t\t\t\t\t\t<div class=\"elementor-container elementor-column-gap-default\">\n\t\t\t\t\t<div class=\"dis-fl col-12 col-12--medium elementor-column elementor-col-100 elementor-top-column elementor-element elementor-element-163f256  gut\" data-id=\"163f256\" data-element_type=\"column\" data-settings=\"{&quot;background_background&quot;:&quot;classic&quot;}\">\n\t\t\t<div class=\"elementor-widget-wrap elementor-element-populated\">\n\t\t\t\t\t\t\t\t<div class=\"elementor-element elementor-element-82b153f pad-t-1 align-center elementor-widget elementor-widget-simple-button\" data-id=\"82b153f\" data-element_type=\"widget\" data-widget_type=\"simple-button.default\">\n\t\t\t\t<div class=\"elementor-widget-container\">\n\t\t\t    \n  \n  \n  \n\n<a href=\"https:\/\/chk-de.org\/investitionsstandort-deutschland\/\" class=\"button size-2 is-primary\">\n  <span>Investitionsstandort Deutschland <\/span>\n<\/a>\t\t<\/div>\n\t\t\t\t<\/div>\n\t\t\t\t\t<\/div>\n\t\t<\/div>\n\t\t\t\t\t\t\t<\/div>\n\t\t<\/section>\n\t\t\t\t<section class=\"elementor-section elementor-top-section elementor-element elementor-element-e14284d is-yes elementor-section-boxed elementor-section-height-default elementor-section-height-default\" data-id=\"e14284d\" data-element_type=\"section\">\n\t\t\t\t\t\t<div class=\"elementor-container elementor-column-gap-default\">\n\t\t\t\t\t<div class=\"dis-fl col-12 col-12--medium elementor-column elementor-col-100 elementor-top-column elementor-element elementor-element-80343c9  gut\" data-id=\"80343c9\" data-element_type=\"column\">\n\t\t\t<div class=\"elementor-widget-wrap elementor-element-populated\">\n\t\t\t\t\t\t\t\t<div class=\"elementor-element elementor-element-2f238eb elementor-widget elementor-widget-spacer\" data-id=\"2f238eb\" data-element_type=\"widget\" data-widget_type=\"spacer.default\">\n\t\t\t\t<div class=\"elementor-widget-container\">\n\t\t\t\t\t<div class=\"elementor-spacer\">\n\t\t\t<div class=\"elementor-spacer-inner\"><\/div>\n\t\t<\/div>\n\t\t\t\t<\/div>\n\t\t\t\t<\/div>\n\t\t\t\t\t<\/div>\n\t\t<\/div>\n\t\t\t\t\t\t\t<\/div>\n\t\t<\/section>\n\t\t\t\t<section class=\"elementor-section elementor-top-section elementor-element elementor-element-6d70b5a is-yes elementor-section-boxed elementor-section-height-default elementor-section-height-default\" data-id=\"6d70b5a\" data-element_type=\"section\">\n\t\t\t\t\t\t<div class=\"elementor-container elementor-column-gap-default\">\n\t\t\t\t\t<div class=\"dis-fl col-12 col-12--medium elementor-column elementor-col-100 elementor-top-column elementor-element elementor-element-3ef8645  gut\" data-id=\"3ef8645\" data-element_type=\"column\" data-settings=\"{&quot;background_background&quot;:&quot;classic&quot;}\">\n\t\t\t<div class=\"elementor-widget-wrap elementor-element-populated\">\n\t\t\t\t\t\t\t\t<div class=\"elementor-element elementor-element-a4ba0de pad-t-1 align-center elementor-widget elementor-widget-simple-button\" data-id=\"a4ba0de\" data-element_type=\"widget\" data-widget_type=\"simple-button.default\">\n\t\t\t\t<div class=\"elementor-widget-container\">\n\t\t\t    \n  \n  \n  \n\n<a href=\"https:\/\/chk-de.org\/nuetzliche-information\/\" class=\"button size-2 is-primary\">\n  <span>N\u00fctzliche Informationen<\/span>\n<\/a>\t\t<\/div>\n\t\t\t\t<\/div>\n\t\t\t\t\t<\/div>\n\t\t<\/div>\n\t\t\t\t\t\t\t<\/div>\n\t\t<\/section>\n\t\t\t\t\t\t<\/div>\n\t\t\t\t\t<\/div>\n\t\t","protected":false},"excerpt":{"rendered":"<p>Hier finden Sie umfangreiche Informationen rund um das Thema &#8222;Investieren in Deutschland&#8220;. Auf der Seite &#8222;Investitionsstandort Deutschland&#8220; erhalten Sie einen \u00dcberblick \u00fcber die verschiedenen Investitionsstandorte in Deutschland. Unter &#8222;N\u00fctzliche Informationen&#8220; haben wir Daten und Informationen zusammengetragen, die f\u00fcr eine Investitions- und Gesch\u00e4ftsaktivit\u00e4t in Deutschland von Bedeutung sind. Investitionsstandort Deutschland N\u00fctzliche Informationen<\/p>\n","protected":false},"author":2,"featured_media":0,"parent":0,"menu_order":0,"comment_status":"closed","ping_status":"closed","template":"template-page--sidebarless.php","meta":[],"_links":{"self":[{"href":"https:\/\/chk-de.org\/de\/wp-json\/wp\/v2\/pages\/292"}],"collection":[{"href":"https:\/\/chk-de.org\/de\/wp-json\/wp\/v2\/pages"}],"about":[{"href":"https:\/\/chk-de.org\/de\/wp-json\/wp\/v2\/types\/page"}],"author":[{"embeddable":true,"href":"https:\/\/chk-de.org\/de\/wp-json\/wp\/v2\/users\/2"}],"replies":[{"embeddable":true,"href":"https:\/\/chk-de.org\/de\/wp-json\/wp\/v2\/comments?post=292"}],"version-history":[{"count":11,"href":"https:\/\/chk-de.org\/de\/wp-json\/wp\/v2\/pages\/292\/revisions"}],"predecessor-version":[{"id":68461,"href":"https:\/\/chk-de.org\/de\/wp-json\/wp\/v2\/pages\/292\/revisions\/68461"}],"wp:attachment":[{"href":"https:\/\/chk-de.org\/de\/wp-json\/wp\/v2\/media?parent=292"}],"curies":[{"name":"wp","href":"https:\/\/api.w.org\/{rel}","templated":true}]}}