{"id":282,"date":"2018-03-15T10:41:55","date_gmt":"2018-03-15T09:41:55","guid":{"rendered":"https:\/\/chk-de.org\/?page_id=282"},"modified":"2020-06-17T16:23:48","modified_gmt":"2020-06-17T14:23:48","slug":"recruitment-service","status":"publish","type":"page","link":"https:\/\/chk-de.org\/de\/recruitment-service\/","title":{"rendered":"Recruitment Service"},"content":{"rendered":"\t\t<div data-elementor-type=\"wp-page\" data-elementor-id=\"282\" class=\"elementor elementor-282 elementor-bc-flex-widget\" data-elementor-settings=\"[]\">\n\t\t\t\t\t\t\t<div class=\"elementor-section-wrap\">\n\t\t\t\t\t\t\t<section class=\"elementor-section elementor-top-section elementor-element elementor-element-5dcbdf2 is-yes elementor-section-boxed elementor-section-height-default elementor-section-height-default\" data-id=\"5dcbdf2\" data-element_type=\"section\">\n\t\t\t\t\t\t<div class=\"elementor-container elementor-column-gap-default\">\n\t\t\t\t\t<div class=\"dis-fl col-12 col-12--medium elementor-column elementor-col-100 elementor-top-column elementor-element elementor-element-369a86a  gut\" data-id=\"369a86a\" data-element_type=\"column\">\n\t\t\t<div class=\"elementor-widget-wrap elementor-element-populated\">\n\t\t\t\t\t\t\t\t<div class=\"elementor-element elementor-element-e4a99d1 pad-b-1 elementor-widget elementor-widget-header\" data-id=\"e4a99d1\" data-element_type=\"widget\" data-widget_type=\"header.default\">\n\t\t\t\t<div class=\"elementor-widget-container\">\n\t\t\t<h2 class=\"heading\">\n    <span class=\"fontw-l has-divider lh-3 size-5\">Personalvermittlung \u00fcber digitale Kan\u00e4le der CHKD <\/span>\n  <div class=\"heading__divider pad-t-2\" aria-hidden><svg width=\"90\" height=\"2\" viewBox=\"0 0 90 2\" xmlns=\"http:\/\/www.w3.org\/2000\/svg\"><line x1=\"0\" y1=\"1\" x2=\"90\" y2=\"1\" stroke-width=\"2\" \/><\/svg><\/div><\/h2>\t\t<\/div>\n\t\t\t\t<\/div>\n\t\t\t\t\t<\/div>\n\t\t<\/div>\n\t\t\t\t\t\t\t<\/div>\n\t\t<\/section>\n\t\t\t\t<section class=\"elementor-section elementor-top-section elementor-element elementor-element-0653d65 is-yes elementor-section-boxed elementor-section-height-default elementor-section-height-default\" data-id=\"0653d65\" data-element_type=\"section\">\n\t\t\t\t\t\t<div class=\"elementor-container elementor-column-gap-default\">\n\t\t\t\t\t<div class=\"dis-fl col-12 col-12--medium elementor-column elementor-col-100 elementor-top-column elementor-element elementor-element-0881ff3  gut\" data-id=\"0881ff3\" data-element_type=\"column\">\n\t\t\t<div class=\"elementor-widget-wrap elementor-element-populated\">\n\t\t\t\t\t\t\t\t<div class=\"elementor-element elementor-element-a1c4935 lh-3 co-black elementor-widget elementor-widget-text-block\" data-id=\"a1c4935\" data-element_type=\"widget\" data-widget_type=\"text-block.default\">\n\t\t\t\t<div class=\"elementor-widget-container\">\n\t\t\t\n\n<div class=\"elementor-text-editor\"><p>Die CHKD bietet interessierten Unternehmen die M\u00f6glichkeit, Stellenausschreibungen an Jobsuchende aus dem chinabezogenen Arbeitsmarktsegment zu verschicken. Mit dem Versand per Mail und\/oder Social Media (WeChat-Kanal, Karrierenetzwerk LinkedIn) k\u00f6nnen Jobangebote flexibel an einen gro\u00dfen Verteiler der relevanten Zielgruppe weitergegeben werden. Auf diese Weise konnten bereits zahlreiche Jobs erfolgreich vermittelt werden.<\/p><p>\u00a0<\/p><p>Bei Interesse sprechen Sie uns gerne an!<\/p><\/div>\t\t<\/div>\n\t\t\t\t<\/div>\n\t\t\t\t\t<\/div>\n\t\t<\/div>\n\t\t\t\t\t\t\t<\/div>\n\t\t<\/section>\n\t\t\t\t<section class=\"elementor-section elementor-top-section elementor-element elementor-element-9bf1a6a is-yes elementor-section-boxed elementor-section-height-default elementor-section-height-default\" data-id=\"9bf1a6a\" data-element_type=\"section\">\n\t\t\t\t\t\t<div class=\"elementor-container elementor-column-gap-default\">\n\t\t\t\t\t<div class=\"dis-fl col-12 col-12--medium elementor-column elementor-col-100 elementor-top-column elementor-element elementor-element-bf5fe35  gut\" data-id=\"bf5fe35\" data-element_type=\"column\">\n\t\t\t<div class=\"elementor-widget-wrap elementor-element-populated\">\n\t\t\t\t\t\t\t\t<div class=\"elementor-element elementor-element-60a270d elementor-widget elementor-widget-spacer\" data-id=\"60a270d\" data-element_type=\"widget\" data-widget_type=\"spacer.default\">\n\t\t\t\t<div class=\"elementor-widget-container\">\n\t\t\t\t\t<div class=\"elementor-spacer\">\n\t\t\t<div class=\"elementor-spacer-inner\"><\/div>\n\t\t<\/div>\n\t\t\t\t<\/div>\n\t\t\t\t<\/div>\n\t\t\t\t\t<\/div>\n\t\t<\/div>\n\t\t\t\t\t\t\t<\/div>\n\t\t<\/section>\n\t\t\t\t<section class=\"elementor-section elementor-top-section elementor-element elementor-element-75a775a is-yes elementor-section-boxed elementor-section-height-default elementor-section-height-default\" data-id=\"75a775a\" data-element_type=\"section\">\n\t\t\t\t\t\t<div class=\"elementor-container elementor-column-gap-default\">\n\t\t\t\t\t<div class=\"dis-fl col-12 col-12--medium elementor-column elementor-col-100 elementor-top-column elementor-element elementor-element-351d89c  gut\" data-id=\"351d89c\" data-element_type=\"column\">\n\t\t\t<div class=\"elementor-widget-wrap elementor-element-populated\">\n\t\t\t\t\t\t\t\t<div class=\"elementor-element elementor-element-3cbcc6f pad-b-1 elementor-widget elementor-widget-header\" data-id=\"3cbcc6f\" data-element_type=\"widget\" data-widget_type=\"header.default\">\n\t\t\t\t<div class=\"elementor-widget-container\">\n\t\t\t<h2 class=\"heading\">\n    <span class=\"fontw-l has-divider lh-3 size-5\">CHKD-Recruitment Fair <\/span>\n  <div class=\"heading__divider pad-t-2\" aria-hidden><svg width=\"90\" height=\"2\" viewBox=\"0 0 90 2\" xmlns=\"http:\/\/www.w3.org\/2000\/svg\"><line x1=\"0\" y1=\"1\" x2=\"90\" y2=\"1\" stroke-width=\"2\" \/><\/svg><\/div><\/h2>\t\t<\/div>\n\t\t\t\t<\/div>\n\t\t\t\t\t<\/div>\n\t\t<\/div>\n\t\t\t\t\t\t\t<\/div>\n\t\t<\/section>\n\t\t\t\t<section class=\"elementor-section elementor-top-section elementor-element elementor-element-d690b5b is-yes elementor-section-boxed elementor-section-height-default elementor-section-height-default\" data-id=\"d690b5b\" data-element_type=\"section\">\n\t\t\t\t\t\t<div class=\"elementor-container elementor-column-gap-default\">\n\t\t\t\t\t<div class=\"dis-fl col-12 col-12--medium elementor-column elementor-col-100 elementor-top-column elementor-element elementor-element-70e4ed3  gut\" data-id=\"70e4ed3\" data-element_type=\"column\">\n\t\t\t<div class=\"elementor-widget-wrap elementor-element-populated\">\n\t\t\t\t\t\t\t\t<div class=\"elementor-element elementor-element-9fb2a87 lh-3 co-black elementor-widget elementor-widget-text-block\" data-id=\"9fb2a87\" data-element_type=\"widget\" data-widget_type=\"text-block.default\">\n\t\t\t\t<div class=\"elementor-widget-container\">\n\t\t\t\n\n<div class=\"elementor-text-editor\"><p>Die CHKD-Recruitment Fair \u201eDie deutsch-chinesische Karrieremesse\u201c ist das erste von der chinesischen Wirtschaft in Deutschland ausgerichtete Recruitment-Event. Die Messe bringt namhafte chinesische und deutsche Unternehmen zusammen mit hochqualifizierten Bewerbern &#8211; darunter Fachkr\u00e4fte, Akademiker, Berufsanf\u00e4nger, Studenten und Absolventen. Ziel dieser Plattform ist die Vermittlung von professionell ausgebildeten Fachkr\u00e4ften auf dem deutschen Arbeitsmarkt.<\/p><p>\u00a0<\/p><p>Seit dem Auftakt im Jahr 2015 hat die CHKD-Recruitment Fair bereits \u00fcber 40 exzellente Aussteller und j\u00e4hrlich mehr als 800 Besucher angezogen. Hier finden Sie einen R\u00fcckblick auf die vergangenen Messen:<\/p><p>\u00a0<\/p><p><a href=\"https:\/\/chk-de.org\/chkd-veranstaltet-4-deutsch-chinesische-karrieremesse-in-duesseldorf\/\"><span data-contrast=\"auto\">4.\u00a0<\/span><span data-contrast=\"auto\">CHKD-Recruitment Fair 2018 \u2013 \u201eDie deutsch-chinesische Karrieremesse<\/span><\/a><\/p><p><a href=\"https:\/\/chk-de.org\/chinesische-arbeitgeber-praesentieren-sich-auf-der-3-deutsch-chinesischen-karrieremesse-in-frankfurt\/\">3. CHKD-Recruitment Fair 2017 \u2013 \u201eDie deutsch-chinesische Karrieremesse<\/a><\/p><p><a href=\"https:\/\/chk-de.org\/24062016-de-1\/\">2. CHKD-Recruitment Fair 2016 \u2013 \u201eDie deutsch-chinesische Karrieremesse<\/a><\/p><p><a href=\"https:\/\/chk-de.org\/19062015-de-1\/\">1. CHKD-Recruitment Fair 2015 \u2013 \u201eDie deutsch-chinesische Karrieremesse<\/a><\/p><p><span data-ccp-props=\"{\">\u00a0<\/span><\/p><p><span data-contrast=\"none\">Die n\u00e4chste Messe ist f\u00fcr das Jahr 2021 geplant.<\/span><span data-ccp-props=\"{\">\u00a0<\/span><\/p><p>\u00a0<\/p><\/div>\t\t<\/div>\n\t\t\t\t<\/div>\n\t\t\t\t\t<\/div>\n\t\t<\/div>\n\t\t\t\t\t\t\t<\/div>\n\t\t<\/section>\n\t\t\t\t<section class=\"elementor-section elementor-top-section elementor-element elementor-element-236980c is-yes elementor-section-boxed elementor-section-height-default elementor-section-height-default\" data-id=\"236980c\" data-element_type=\"section\">\n\t\t\t\t\t\t<div class=\"elementor-container elementor-column-gap-default\">\n\t\t\t\t\t<div class=\"dis-fl col-12 col-12--medium elementor-column elementor-col-100 elementor-top-column elementor-element elementor-element-9e143a9  gut\" data-id=\"9e143a9\" data-element_type=\"column\">\n\t\t\t<div class=\"elementor-widget-wrap elementor-element-populated\">\n\t\t\t\t\t\t\t\t<div class=\"elementor-element elementor-element-0c0e8be elementor-widget elementor-widget-image\" data-id=\"0c0e8be\" data-element_type=\"widget\" data-widget_type=\"image.default\">\n\t\t\t\t<div class=\"elementor-widget-container\">\n\t\t\t\t\t\t\t\t\t\t\t\t\t\t\t<img width=\"768\" height=\"520\" src=\"https:\/\/chk-de.org\/app\/uploads\/2020\/04\/shutterstock_583289710-768x520.jpg\" class=\"attachment-medium_large size-medium_large\" alt=\"\" loading=\"lazy\" srcset=\"https:\/\/chk-de.org\/app\/uploads\/2020\/04\/shutterstock_583289710-768x520.jpg 768w, https:\/\/chk-de.org\/app\/uploads\/2020\/04\/shutterstock_583289710-300x203.jpg 300w, https:\/\/chk-de.org\/app\/uploads\/2020\/04\/shutterstock_583289710-1024x693.jpg 1024w\" sizes=\"(max-width: 768px) 100vw, 768px\" \/>\t\t\t\t\t\t\t\t\t\t\t\t\t\t\t<\/div>\n\t\t\t\t<\/div>\n\t\t\t\t\t<\/div>\n\t\t<\/div>\n\t\t\t\t\t\t\t<\/div>\n\t\t<\/section>\n\t\t\t\t<section class=\"elementor-section elementor-top-section elementor-element elementor-element-1a086bd is-yes elementor-section-boxed elementor-section-height-default elementor-section-height-default\" data-id=\"1a086bd\" data-element_type=\"section\">\n\t\t\t\t\t\t<div class=\"elementor-container elementor-column-gap-default\">\n\t\t\t\t\t<div class=\"dis-fl col-12 col-12--medium elementor-column elementor-col-100 elementor-top-column elementor-element elementor-element-d0251aa  gut\" data-id=\"d0251aa\" data-element_type=\"column\">\n\t\t\t<div class=\"elementor-widget-wrap elementor-element-populated\">\n\t\t\t\t\t\t\t\t<div class=\"elementor-element elementor-element-26871fc elementor-widget elementor-widget-spacer\" data-id=\"26871fc\" data-element_type=\"widget\" data-widget_type=\"spacer.default\">\n\t\t\t\t<div class=\"elementor-widget-container\">\n\t\t\t\t\t<div class=\"elementor-spacer\">\n\t\t\t<div class=\"elementor-spacer-inner\"><\/div>\n\t\t<\/div>\n\t\t\t\t<\/div>\n\t\t\t\t<\/div>\n\t\t\t\t\t<\/div>\n\t\t<\/div>\n\t\t\t\t\t\t\t<\/div>\n\t\t<\/section>\n\t\t\t\t<section class=\"elementor-section elementor-top-section elementor-element elementor-element-e209e93 is-yes elementor-section-boxed elementor-section-height-default elementor-section-height-default\" data-id=\"e209e93\" data-element_type=\"section\">\n\t\t\t\t\t\t<div class=\"elementor-container elementor-column-gap-default\">\n\t\t\t\t\t<div class=\"dis-fl col-12 col-12--medium elementor-column elementor-col-100 elementor-top-column elementor-element elementor-element-db3a377  gut\" data-id=\"db3a377\" data-element_type=\"column\">\n\t\t\t<div class=\"elementor-widget-wrap elementor-element-populated\">\n\t\t\t\t\t\t\t\t<div class=\"elementor-element elementor-element-5b8f98c pad-b-1 elementor-widget elementor-widget-header\" data-id=\"5b8f98c\" data-element_type=\"widget\" data-widget_type=\"header.default\">\n\t\t\t\t<div class=\"elementor-widget-container\">\n\t\t\t<h2 class=\"heading\">\n    <span class=\"fontw-l has-divider lh-3 size-5\">CHKD Job-Portal (im Aufbau) <\/span>\n  <div class=\"heading__divider pad-t-2\" aria-hidden><svg width=\"90\" height=\"2\" viewBox=\"0 0 90 2\" xmlns=\"http:\/\/www.w3.org\/2000\/svg\"><line x1=\"0\" y1=\"1\" x2=\"90\" y2=\"1\" stroke-width=\"2\" \/><\/svg><\/div><\/h2>\t\t<\/div>\n\t\t\t\t<\/div>\n\t\t\t\t\t<\/div>\n\t\t<\/div>\n\t\t\t\t\t\t\t<\/div>\n\t\t<\/section>\n\t\t\t\t<section class=\"elementor-section elementor-top-section elementor-element elementor-element-0e0d051 is-yes elementor-section-boxed elementor-section-height-default elementor-section-height-default\" data-id=\"0e0d051\" data-element_type=\"section\">\n\t\t\t\t\t\t<div class=\"elementor-container elementor-column-gap-default\">\n\t\t\t\t\t<div class=\"dis-fl col-12 col-12--medium elementor-column elementor-col-100 elementor-top-column elementor-element elementor-element-51be5bf  gut\" data-id=\"51be5bf\" data-element_type=\"column\">\n\t\t\t<div class=\"elementor-widget-wrap elementor-element-populated\">\n\t\t\t\t\t\t\t\t<div class=\"elementor-element elementor-element-877af7b lh-3 co-black elementor-widget elementor-widget-text-block\" data-id=\"877af7b\" data-element_type=\"widget\" data-widget_type=\"text-block.default\">\n\t\t\t\t<div class=\"elementor-widget-container\">\n\t\t\t\n\n<div class=\"elementor-text-editor\"><p>Um dem steigenden Bedarf an Personalbeschaffungskan\u00e4len im chinabezogenen Arbeitsmarktsegment zu decken, arbeitet die CHKD aktuell am Aufbau eines Online Job-Portals. Mittels dieser Plattform sollen Personalbeschaffungsprozesse f\u00fcr chinesische Unternehmen sowie deutsche Unternehmen mit Bezug zu China vereinfacht und effizienter gestaltet werden und bessere Kommunikationswege zwischen Arbeitsgebern und Jobsuchenden geschaffen werden.<\/p><p>\u00a0<\/p><p>Weitere Infos folgen.<\/p><\/div>\t\t<\/div>\n\t\t\t\t<\/div>\n\t\t\t\t\t<\/div>\n\t\t<\/div>\n\t\t\t\t\t\t\t<\/div>\n\t\t<\/section>\n\t\t\t\t\t\t<\/div>\n\t\t\t\t\t<\/div>\n\t\t","protected":false},"excerpt":{"rendered":"<p>Personalvermittlung \u00fcber digitale Kan\u00e4le der CHKD Die CHKD bietet interessierten Unternehmen die M\u00f6glichkeit, Stellenausschreibungen an Jobsuchende aus dem chinabezogenen Arbeitsmarktsegment zu verschicken. Mit dem Versand per Mail und\/oder Social Media (WeChat-Kanal, Karrierenetzwerk LinkedIn) k\u00f6nnen Jobangebote flexibel an einen gro\u00dfen Verteiler der relevanten Zielgruppe weitergegeben werden. Auf diese Weise konnten bereits zahlreiche Jobs erfolgreich vermittelt werden. [&hellip;]<\/p>\n","protected":false},"author":2,"featured_media":0,"parent":0,"menu_order":0,"comment_status":"closed","ping_status":"closed","template":"","meta":[],"_links":{"self":[{"href":"https:\/\/chk-de.org\/de\/wp-json\/wp\/v2\/pages\/282"}],"collection":[{"href":"https:\/\/chk-de.org\/de\/wp-json\/wp\/v2\/pages"}],"about":[{"href":"https:\/\/chk-de.org\/de\/wp-json\/wp\/v2\/types\/page"}],"author":[{"embeddable":true,"href":"https:\/\/chk-de.org\/de\/wp-json\/wp\/v2\/users\/2"}],"replies":[{"embeddable":true,"href":"https:\/\/chk-de.org\/de\/wp-json\/wp\/v2\/comments?post=282"}],"version-history":[{"count":6,"href":"https:\/\/chk-de.org\/de\/wp-json\/wp\/v2\/pages\/282\/revisions"}],"predecessor-version":[{"id":69017,"href":"https:\/\/chk-de.org\/de\/wp-json\/wp\/v2\/pages\/282\/revisions\/69017"}],"wp:attachment":[{"href":"https:\/\/chk-de.org\/de\/wp-json\/wp\/v2\/media?parent=282"}],"curies":[{"name":"wp","href":"https:\/\/api.w.org\/{rel}","templated":true}]}}