{"id":274,"date":"2018-03-15T10:40:41","date_gmt":"2018-03-15T09:40:41","guid":{"rendered":"https:\/\/chk-de.org\/?page_id=274"},"modified":"2020-06-26T12:42:34","modified_gmt":"2020-06-26T10:42:34","slug":"mitgliedschaft","status":"publish","type":"page","link":"https:\/\/chk-de.org\/de\/mitgliedschaft\/","title":{"rendered":"Mitgliedschaft"},"content":{"rendered":"\t\t<div data-elementor-type=\"wp-page\" data-elementor-id=\"274\" class=\"elementor elementor-274 elementor-bc-flex-widget\" data-elementor-settings=\"[]\">\n\t\t\t\t\t\t\t<div class=\"elementor-section-wrap\">\n\t\t\t\t\t\t\t<section class=\"elementor-section elementor-top-section elementor-element elementor-element-c24f80a is-yes elementor-section-boxed elementor-section-height-default elementor-section-height-default\" data-id=\"c24f80a\" data-element_type=\"section\">\n\t\t\t\t\t\t<div class=\"elementor-container elementor-column-gap-default\">\n\t\t\t\t\t<div class=\"dis-fl col-12 col-12--medium elementor-column elementor-col-100 elementor-top-column elementor-element elementor-element-e066ec3  gut\" data-id=\"e066ec3\" data-element_type=\"column\">\n\t\t\t<div class=\"elementor-widget-wrap elementor-element-populated\">\n\t\t\t\t\t\t\t\t<div class=\"elementor-element elementor-element-cbdf39d lh-3 co-black elementor-widget elementor-widget-text-block\" data-id=\"cbdf39d\" data-element_type=\"widget\" data-widget_type=\"text-block.default\">\n\t\t\t\t<div class=\"elementor-widget-container\">\n\t\t\t\n\n<div class=\"elementor-text-editor\"><p>Auf diesen Seiten finden Sie alle wichtigen Informationen rund die das Thema &#8222;Mitgliedschaft&#8220;: Lernen Sie die vielf\u00e4ltigen <a href=\"\/de\/vorteile\/\">Vorteile<\/a> einer Mitgliedschaft in der CHKD kennen. Wir informieren Sie au\u00dferdem \u00fcber das <a href=\"\/de\/mitglied-werden\/\">Antragsverfahren<\/a>, wer Mitglied der CHKD werden kann und welche weiteren M\u00f6glichkeiten es gibt, Teil des gr\u00f6\u00dften Netzwerkes chinesischer Unternehmen zu werden.<\/p><p>\u00a0<\/p><p>Die folgenden Grafiken geben Ihnen zudem einen \u00dcberblick, was die CHKD &#8211; als erste Au\u00dfenhandelskammer Chinas in Europa &#8211; auszeichnet, wer unsere Mitglieder sind und woher sie kommen.<\/p><\/div>\t\t<\/div>\n\t\t\t\t<\/div>\n\t\t\t\t\t<\/div>\n\t\t<\/div>\n\t\t\t\t\t\t\t<\/div>\n\t\t<\/section>\n\t\t\t\t<section class=\"elementor-section elementor-top-section elementor-element elementor-element-ce197ee is-yes elementor-section-boxed elementor-section-height-default elementor-section-height-default\" data-id=\"ce197ee\" data-element_type=\"section\">\n\t\t\t\t\t\t<div class=\"elementor-container elementor-column-gap-default\">\n\t\t\t\t\t<div class=\"dis-fl col-12 col-12--medium elementor-column elementor-col-100 elementor-top-column elementor-element elementor-element-c60740b  gut\" data-id=\"c60740b\" data-element_type=\"column\">\n\t\t\t<div class=\"elementor-widget-wrap elementor-element-populated\">\n\t\t\t\t\t\t\t\t<div class=\"elementor-element elementor-element-167e603 elementor-widget elementor-widget-spacer\" data-id=\"167e603\" data-element_type=\"widget\" data-widget_type=\"spacer.default\">\n\t\t\t\t<div class=\"elementor-widget-container\">\n\t\t\t\t\t<div class=\"elementor-spacer\">\n\t\t\t<div class=\"elementor-spacer-inner\"><\/div>\n\t\t<\/div>\n\t\t\t\t<\/div>\n\t\t\t\t<\/div>\n\t\t\t\t\t<\/div>\n\t\t<\/div>\n\t\t\t\t\t\t\t<\/div>\n\t\t<\/section>\n\t\t\t\t<section class=\"elementor-section elementor-top-section elementor-element elementor-element-0ce2b1e is-yes elementor-section-boxed elementor-section-height-default elementor-section-height-default\" data-id=\"0ce2b1e\" data-element_type=\"section\">\n\t\t\t\t\t\t<div class=\"elementor-container elementor-column-gap-default\">\n\t\t\t\t\t<div class=\"dis-fl col-12 col-12--medium elementor-column elementor-col-100 elementor-top-column elementor-element elementor-element-13b92f6  gut\" data-id=\"13b92f6\" data-element_type=\"column\">\n\t\t\t<div class=\"elementor-widget-wrap elementor-element-populated\">\n\t\t\t\t\t\t\t\t<div class=\"elementor-element elementor-element-ed2537e pad-b-2 elementor-widget elementor-widget-header\" data-id=\"ed2537e\" data-element_type=\"widget\" data-widget_type=\"header.default\">\n\t\t\t\t<div class=\"elementor-widget-container\">\n\t\t\t<h2 class=\"heading\">\n    <span class=\"fontw-l has-divider lh-3 size-5\">Wer sind unsere Mitglieder?<\/span>\n  <div class=\"heading__divider pad-t-2\" aria-hidden><svg width=\"90\" height=\"2\" viewBox=\"0 0 90 2\" xmlns=\"http:\/\/www.w3.org\/2000\/svg\"><line x1=\"0\" y1=\"1\" x2=\"90\" y2=\"1\" stroke-width=\"2\" \/><\/svg><\/div><\/h2>\t\t<\/div>\n\t\t\t\t<\/div>\n\t\t\t\t\t<\/div>\n\t\t<\/div>\n\t\t\t\t\t\t\t<\/div>\n\t\t<\/section>\n\t\t\t\t<section class=\"elementor-section elementor-top-section elementor-element elementor-element-e216798 is-yes elementor-section-boxed elementor-section-height-default elementor-section-height-default\" data-id=\"e216798\" data-element_type=\"section\">\n\t\t\t\t\t\t<div class=\"elementor-container elementor-column-gap-default\">\n\t\t\t\t\t<div class=\"dis-fl col-12 col-6--medium elementor-column elementor-col-50 elementor-top-column elementor-element elementor-element-b627c5b  gut\" data-id=\"b627c5b\" data-element_type=\"column\">\n\t\t\t<div class=\"elementor-widget-wrap elementor-element-populated\">\n\t\t\t\t\t\t\t\t<div class=\"elementor-element elementor-element-2055251 lh-3 co-black elementor-widget elementor-widget-text-block\" data-id=\"2055251\" data-element_type=\"widget\" data-widget_type=\"text-block.default\">\n\t\t\t\t<div class=\"elementor-widget-container\">\n\t\t\t\n\n<div class=\"elementor-text-editor\"><p><strong>Hohe Qualit\u00e4t<\/strong><\/p><\/div>\t\t<\/div>\n\t\t\t\t<\/div>\n\t\t\t\t<div class=\"elementor-element elementor-element-03ab118 elementor-widget elementor-widget-image\" data-id=\"03ab118\" data-element_type=\"widget\" data-widget_type=\"image.default\">\n\t\t\t\t<div class=\"elementor-widget-container\">\n\t\t\t\t\t\t\t\t\t\t\t\t\t\t\t<img width=\"1024\" height=\"1024\" src=\"https:\/\/chk-de.org\/app\/uploads\/2020\/06\/1-1024x1024.png\" class=\"attachment-large size-large\" alt=\"\" loading=\"lazy\" srcset=\"https:\/\/chk-de.org\/app\/uploads\/2020\/06\/1-1024x1024.png 1024w, https:\/\/chk-de.org\/app\/uploads\/2020\/06\/1-150x150.png 150w, https:\/\/chk-de.org\/app\/uploads\/2020\/06\/1-300x300.png 300w, https:\/\/chk-de.org\/app\/uploads\/2020\/06\/1-768x768.png 768w, https:\/\/chk-de.org\/app\/uploads\/2020\/06\/1.png 1182w\" sizes=\"(max-width: 1024px) 100vw, 1024px\" \/>\t\t\t\t\t\t\t\t\t\t\t\t\t\t\t<\/div>\n\t\t\t\t<\/div>\n\t\t\t\t\t<\/div>\n\t\t<\/div>\n\t\t\t\t<div class=\"dis-fl col-12 col-6--medium elementor-column elementor-col-50 elementor-top-column elementor-element elementor-element-4979afb  gut\" data-id=\"4979afb\" data-element_type=\"column\">\n\t\t\t<div class=\"elementor-widget-wrap elementor-element-populated\">\n\t\t\t\t\t\t\t\t<div class=\"elementor-element elementor-element-6871e8a lh-3 co-black elementor-widget elementor-widget-text-block\" data-id=\"6871e8a\" data-element_type=\"widget\" data-widget_type=\"text-block.default\">\n\t\t\t\t<div class=\"elementor-widget-container\">\n\t\t\t\n\n<div class=\"elementor-text-editor\"><p><strong>Vielf\u00e4ltiges Engagement<\/strong><\/p><\/div>\t\t<\/div>\n\t\t\t\t<\/div>\n\t\t\t\t<div class=\"elementor-element elementor-element-01386a5 elementor-widget elementor-widget-image\" data-id=\"01386a5\" data-element_type=\"widget\" data-widget_type=\"image.default\">\n\t\t\t\t<div class=\"elementor-widget-container\">\n\t\t\t\t\t\t\t\t\t\t\t\t\t\t\t<img width=\"1024\" height=\"1024\" src=\"https:\/\/chk-de.org\/app\/uploads\/2020\/06\/2-1024x1024.png\" class=\"attachment-large size-large\" alt=\"\" loading=\"lazy\" srcset=\"https:\/\/chk-de.org\/app\/uploads\/2020\/06\/2-1024x1024.png 1024w, https:\/\/chk-de.org\/app\/uploads\/2020\/06\/2-150x150.png 150w, https:\/\/chk-de.org\/app\/uploads\/2020\/06\/2-300x300.png 300w, https:\/\/chk-de.org\/app\/uploads\/2020\/06\/2-768x768.png 768w, https:\/\/chk-de.org\/app\/uploads\/2020\/06\/2.png 1182w\" sizes=\"(max-width: 1024px) 100vw, 1024px\" \/>\t\t\t\t\t\t\t\t\t\t\t\t\t\t\t<\/div>\n\t\t\t\t<\/div>\n\t\t\t\t\t<\/div>\n\t\t<\/div>\n\t\t\t\t\t\t\t<\/div>\n\t\t<\/section>\n\t\t\t\t<section class=\"elementor-section elementor-top-section elementor-element elementor-element-18c5dfb is-yes elementor-section-boxed elementor-section-height-default elementor-section-height-default\" data-id=\"18c5dfb\" data-element_type=\"section\">\n\t\t\t\t\t\t<div class=\"elementor-container elementor-column-gap-default\">\n\t\t\t\t\t<div class=\"dis-fl col-12 col-12--medium elementor-column elementor-col-100 elementor-top-column elementor-element elementor-element-841f84d  gut\" data-id=\"841f84d\" data-element_type=\"column\">\n\t\t\t<div class=\"elementor-widget-wrap elementor-element-populated\">\n\t\t\t\t\t\t\t\t<div class=\"elementor-element elementor-element-c547fab elementor-widget elementor-widget-spacer\" data-id=\"c547fab\" data-element_type=\"widget\" data-widget_type=\"spacer.default\">\n\t\t\t\t<div class=\"elementor-widget-container\">\n\t\t\t\t\t<div class=\"elementor-spacer\">\n\t\t\t<div class=\"elementor-spacer-inner\"><\/div>\n\t\t<\/div>\n\t\t\t\t<\/div>\n\t\t\t\t<\/div>\n\t\t\t\t\t<\/div>\n\t\t<\/div>\n\t\t\t\t\t\t\t<\/div>\n\t\t<\/section>\n\t\t\t\t<section class=\"elementor-section elementor-top-section elementor-element elementor-element-8236bc9 is-yes elementor-section-boxed elementor-section-height-default elementor-section-height-default\" data-id=\"8236bc9\" data-element_type=\"section\">\n\t\t\t\t\t\t<div class=\"elementor-container elementor-column-gap-default\">\n\t\t\t\t\t<div class=\"dis-fl col-12 col-6--medium elementor-column elementor-col-50 elementor-top-column elementor-element elementor-element-17be722  gut\" data-id=\"17be722\" data-element_type=\"column\">\n\t\t\t<div class=\"elementor-widget-wrap elementor-element-populated\">\n\t\t\t\t\t\t\t\t<div class=\"elementor-element elementor-element-b62dbcf lh-3 co-black elementor-widget elementor-widget-text-block\" data-id=\"b62dbcf\" data-element_type=\"widget\" data-widget_type=\"text-block.default\">\n\t\t\t\t<div class=\"elementor-widget-container\">\n\t\t\t\n\n<div class=\"elementor-text-editor\"><p><strong>Stetiges Wachstum<\/strong><\/p><\/div>\t\t<\/div>\n\t\t\t\t<\/div>\n\t\t\t\t<div class=\"elementor-element elementor-element-2e76dd7 elementor-widget elementor-widget-image\" data-id=\"2e76dd7\" data-element_type=\"widget\" data-widget_type=\"image.default\">\n\t\t\t\t<div class=\"elementor-widget-container\">\n\t\t\t\t\t\t\t\t\t\t\t\t\t\t\t<img width=\"1024\" height=\"1024\" src=\"https:\/\/chk-de.org\/app\/uploads\/2020\/06\/3-1024x1024.png\" class=\"attachment-large size-large\" alt=\"\" loading=\"lazy\" srcset=\"https:\/\/chk-de.org\/app\/uploads\/2020\/06\/3-1024x1024.png 1024w, https:\/\/chk-de.org\/app\/uploads\/2020\/06\/3-150x150.png 150w, https:\/\/chk-de.org\/app\/uploads\/2020\/06\/3-300x300.png 300w, https:\/\/chk-de.org\/app\/uploads\/2020\/06\/3-768x768.png 768w, https:\/\/chk-de.org\/app\/uploads\/2020\/06\/3.png 1182w\" sizes=\"(max-width: 1024px) 100vw, 1024px\" \/>\t\t\t\t\t\t\t\t\t\t\t\t\t\t\t<\/div>\n\t\t\t\t<\/div>\n\t\t\t\t\t<\/div>\n\t\t<\/div>\n\t\t\t\t<div class=\"dis-fl col-12 col-6--medium elementor-column elementor-col-50 elementor-top-column elementor-element elementor-element-6cf832a  gut\" data-id=\"6cf832a\" data-element_type=\"column\">\n\t\t\t<div class=\"elementor-widget-wrap elementor-element-populated\">\n\t\t\t\t\t\t\t\t<div class=\"elementor-element elementor-element-1b7b721 lh-3 co-black elementor-widget elementor-widget-text-block\" data-id=\"1b7b721\" data-element_type=\"widget\" data-widget_type=\"text-block.default\">\n\t\t\t\t<div class=\"elementor-widget-container\">\n\t\t\t\n\n<div class=\"elementor-text-editor\"><p><strong>Fokus auf lokalen Arbeitsmarkt<\/strong><\/p><\/div>\t\t<\/div>\n\t\t\t\t<\/div>\n\t\t\t\t<div class=\"elementor-element elementor-element-1a3ef0b elementor-widget elementor-widget-image\" data-id=\"1a3ef0b\" data-element_type=\"widget\" data-widget_type=\"image.default\">\n\t\t\t\t<div class=\"elementor-widget-container\">\n\t\t\t\t\t\t\t\t\t\t\t\t\t\t\t<img width=\"1024\" height=\"1024\" src=\"https:\/\/chk-de.org\/app\/uploads\/2020\/06\/4-1024x1024.png\" class=\"attachment-large size-large\" alt=\"\" loading=\"lazy\" srcset=\"https:\/\/chk-de.org\/app\/uploads\/2020\/06\/4-1024x1024.png 1024w, https:\/\/chk-de.org\/app\/uploads\/2020\/06\/4-150x150.png 150w, https:\/\/chk-de.org\/app\/uploads\/2020\/06\/4-300x300.png 300w, https:\/\/chk-de.org\/app\/uploads\/2020\/06\/4-768x768.png 768w, https:\/\/chk-de.org\/app\/uploads\/2020\/06\/4.png 1182w\" sizes=\"(max-width: 1024px) 100vw, 1024px\" \/>\t\t\t\t\t\t\t\t\t\t\t\t\t\t\t<\/div>\n\t\t\t\t<\/div>\n\t\t\t\t\t<\/div>\n\t\t<\/div>\n\t\t\t\t\t\t\t<\/div>\n\t\t<\/section>\n\t\t\t\t<section class=\"elementor-section elementor-top-section elementor-element elementor-element-4a38cbe is-yes elementor-section-boxed elementor-section-height-default elementor-section-height-default\" data-id=\"4a38cbe\" data-element_type=\"section\">\n\t\t\t\t\t\t<div class=\"elementor-container elementor-column-gap-default\">\n\t\t\t\t\t<div class=\"dis-fl col-12 col-12--medium elementor-column elementor-col-100 elementor-top-column elementor-element elementor-element-42669f5  gut\" data-id=\"42669f5\" data-element_type=\"column\">\n\t\t\t<div class=\"elementor-widget-wrap elementor-element-populated\">\n\t\t\t\t\t\t\t\t<div class=\"elementor-element elementor-element-39ecc66 elementor-widget elementor-widget-spacer\" data-id=\"39ecc66\" data-element_type=\"widget\" data-widget_type=\"spacer.default\">\n\t\t\t\t<div class=\"elementor-widget-container\">\n\t\t\t\t\t<div class=\"elementor-spacer\">\n\t\t\t<div class=\"elementor-spacer-inner\"><\/div>\n\t\t<\/div>\n\t\t\t\t<\/div>\n\t\t\t\t<\/div>\n\t\t\t\t\t<\/div>\n\t\t<\/div>\n\t\t\t\t\t\t\t<\/div>\n\t\t<\/section>\n\t\t\t\t<section class=\"elementor-section elementor-top-section elementor-element elementor-element-8f7d07f is-yes elementor-section-boxed elementor-section-height-default elementor-section-height-default\" data-id=\"8f7d07f\" data-element_type=\"section\">\n\t\t\t\t\t\t<div class=\"elementor-container elementor-column-gap-default\">\n\t\t\t\t\t<div class=\"dis-fl col-12 col-6--medium elementor-column elementor-col-50 elementor-top-column elementor-element elementor-element-562b6d8  gut\" data-id=\"562b6d8\" data-element_type=\"column\">\n\t\t\t<div class=\"elementor-widget-wrap elementor-element-populated\">\n\t\t\t\t\t\t\t\t<div class=\"elementor-element elementor-element-3244a6f lh-3 co-black elementor-widget elementor-widget-text-block\" data-id=\"3244a6f\" data-element_type=\"widget\" data-widget_type=\"text-block.default\">\n\t\t\t\t<div class=\"elementor-widget-container\">\n\t\t\t\n\n<div class=\"elementor-text-editor\"><p><span style=\"color: #000000;\"><b>Unsere Herkunft<\/b><br \/><\/span><\/p><\/div>\t\t<\/div>\n\t\t\t\t<\/div>\n\t\t\t\t<div class=\"elementor-element elementor-element-64f1b77 elementor-widget elementor-widget-image\" data-id=\"64f1b77\" data-element_type=\"widget\" data-widget_type=\"image.default\">\n\t\t\t\t<div class=\"elementor-widget-container\">\n\t\t\t\t\t\t\t\t\t\t\t\t\t\t\t<img width=\"1024\" height=\"1024\" src=\"https:\/\/chk-de.org\/app\/uploads\/2020\/06\/5-1-1024x1024.png\" class=\"attachment-large size-large\" alt=\"\" loading=\"lazy\" srcset=\"https:\/\/chk-de.org\/app\/uploads\/2020\/06\/5-1-1024x1024.png 1024w, https:\/\/chk-de.org\/app\/uploads\/2020\/06\/5-1-150x150.png 150w, https:\/\/chk-de.org\/app\/uploads\/2020\/06\/5-1-300x300.png 300w, https:\/\/chk-de.org\/app\/uploads\/2020\/06\/5-1-768x768.png 768w, https:\/\/chk-de.org\/app\/uploads\/2020\/06\/5-1.png 1182w\" sizes=\"(max-width: 1024px) 100vw, 1024px\" \/>\t\t\t\t\t\t\t\t\t\t\t\t\t\t\t<\/div>\n\t\t\t\t<\/div>\n\t\t\t\t\t<\/div>\n\t\t<\/div>\n\t\t\t\t<div class=\"dis-fl col-12 col-6--medium elementor-column elementor-col-50 elementor-top-column elementor-element elementor-element-42b176e  gut\" data-id=\"42b176e\" data-element_type=\"column\">\n\t\t\t<div class=\"elementor-widget-wrap elementor-element-populated\">\n\t\t\t\t\t\t\t\t<div class=\"elementor-element elementor-element-a037cbf lh-3 co-black elementor-widget elementor-widget-text-block\" data-id=\"a037cbf\" data-element_type=\"widget\" data-widget_type=\"text-block.default\">\n\t\t\t\t<div class=\"elementor-widget-container\">\n\t\t\t\n\n<div class=\"elementor-text-editor\"><p><strong>Stark vernetzt in der Wirtschaft<\/strong><\/p><\/div>\t\t<\/div>\n\t\t\t\t<\/div>\n\t\t\t\t<div class=\"elementor-element elementor-element-1af9527 elementor-widget elementor-widget-image\" data-id=\"1af9527\" data-element_type=\"widget\" data-widget_type=\"image.default\">\n\t\t\t\t<div class=\"elementor-widget-container\">\n\t\t\t\t\t\t\t\t\t\t\t\t\t\t\t<img width=\"1024\" height=\"1024\" src=\"https:\/\/chk-de.org\/app\/uploads\/2020\/06\/6-1024x1024.png\" class=\"attachment-large size-large\" alt=\"\" loading=\"lazy\" srcset=\"https:\/\/chk-de.org\/app\/uploads\/2020\/06\/6-1024x1024.png 1024w, https:\/\/chk-de.org\/app\/uploads\/2020\/06\/6-150x150.png 150w, https:\/\/chk-de.org\/app\/uploads\/2020\/06\/6-300x300.png 300w, https:\/\/chk-de.org\/app\/uploads\/2020\/06\/6-768x768.png 768w, https:\/\/chk-de.org\/app\/uploads\/2020\/06\/6.png 1182w\" sizes=\"(max-width: 1024px) 100vw, 1024px\" \/>\t\t\t\t\t\t\t\t\t\t\t\t\t\t\t<\/div>\n\t\t\t\t<\/div>\n\t\t\t\t\t<\/div>\n\t\t<\/div>\n\t\t\t\t\t\t\t<\/div>\n\t\t<\/section>\n\t\t\t\t\t\t<\/div>\n\t\t\t\t\t<\/div>\n\t\t","protected":false},"excerpt":{"rendered":"<p>Auf diesen Seiten finden Sie alle wichtigen Informationen rund die das Thema &#8222;Mitgliedschaft&#8220;: Lernen Sie die vielf\u00e4ltigen Vorteile einer Mitgliedschaft in der CHKD kennen. Wir informieren Sie au\u00dferdem \u00fcber das Antragsverfahren, wer Mitglied der CHKD werden kann und welche weiteren M\u00f6glichkeiten es gibt, Teil des gr\u00f6\u00dften Netzwerkes chinesischer Unternehmen zu werden. \u00a0 Die folgenden Grafiken [&hellip;]<\/p>\n","protected":false},"author":2,"featured_media":0,"parent":0,"menu_order":0,"comment_status":"closed","ping_status":"closed","template":"template-page--sidebarless.php","meta":[],"_links":{"self":[{"href":"https:\/\/chk-de.org\/de\/wp-json\/wp\/v2\/pages\/274"}],"collection":[{"href":"https:\/\/chk-de.org\/de\/wp-json\/wp\/v2\/pages"}],"about":[{"href":"https:\/\/chk-de.org\/de\/wp-json\/wp\/v2\/types\/page"}],"author":[{"embeddable":true,"href":"https:\/\/chk-de.org\/de\/wp-json\/wp\/v2\/users\/2"}],"replies":[{"embeddable":true,"href":"https:\/\/chk-de.org\/de\/wp-json\/wp\/v2\/comments?post=274"}],"version-history":[{"count":27,"href":"https:\/\/chk-de.org\/de\/wp-json\/wp\/v2\/pages\/274\/revisions"}],"predecessor-version":[{"id":70244,"href":"https:\/\/chk-de.org\/de\/wp-json\/wp\/v2\/pages\/274\/revisions\/70244"}],"wp:attachment":[{"href":"https:\/\/chk-de.org\/de\/wp-json\/wp\/v2\/media?parent=274"}],"curies":[{"name":"wp","href":"https:\/\/api.w.org\/{rel}","templated":true}]}}