{"id":262,"date":"2018-03-15T10:38:59","date_gmt":"2018-03-15T09:38:59","guid":{"rendered":"https:\/\/chk-de.org\/?page_id=262"},"modified":"2025-03-11T14:13:50","modified_gmt":"2025-03-11T13:13:50","slug":"ueber-uns","status":"publish","type":"page","link":"https:\/\/chk-de.org\/de\/ueber-uns\/","title":{"rendered":"\u00dcber uns"},"content":{"rendered":"\t\t<div data-elementor-type=\"wp-page\" data-elementor-id=\"262\" class=\"elementor elementor-262\" data-elementor-settings=\"[]\">\n\t\t\t\t\t\t\t<div class=\"elementor-section-wrap\">\n\t\t\t\t\t\t\t<section class=\"elementor-section elementor-top-section elementor-element elementor-element-75c2aeb is-yes elementor-section-boxed elementor-section-height-default elementor-section-height-default\" data-id=\"75c2aeb\" data-element_type=\"section\">\n\t\t\t\t\t\t<div class=\"elementor-container elementor-column-gap-default\">\n\t\t\t\t\t<div class=\"dis-fl col-12 col-12--medium elementor-column elementor-col-100 elementor-top-column elementor-element elementor-element-b683d31  gut\" data-id=\"b683d31\" data-element_type=\"column\">\n\t\t\t<div class=\"elementor-widget-wrap elementor-element-populated\">\n\t\t\t\t\t\t\t\t<div class=\"elementor-element elementor-element-8a33849 elementor-widget elementor-widget-image\" data-id=\"8a33849\" data-element_type=\"widget\" data-widget_type=\"image.default\">\n\t\t\t\t<div class=\"elementor-widget-container\">\n\t\t\t\t\t\t\t\t\t\t\t\t\t\t\t<img src=\"https:\/\/chk-de.org\/app\/uploads\/elementor\/thumbs\/CHKD_logo3_300dpi-nnjpom2lfegwbvwic1x68zll8mvpdbmyof8ovogyje.jpg\" title=\"chkd_logo3_300dpi\" alt=\"chkd_logo3_300dpi\" \/>\t\t\t\t\t\t\t\t\t\t\t\t\t\t\t<\/div>\n\t\t\t\t<\/div>\n\t\t\t\t\t<\/div>\n\t\t<\/div>\n\t\t\t\t\t\t\t<\/div>\n\t\t<\/section>\n\t\t\t\t<section class=\"elementor-section elementor-top-section elementor-element elementor-element-f2ec4fe is-yes elementor-section-boxed elementor-section-height-default elementor-section-height-default\" data-id=\"f2ec4fe\" data-element_type=\"section\">\n\t\t\t\t\t\t<div class=\"elementor-container elementor-column-gap-default\">\n\t\t\t\t\t<div class=\"dis-fl col-12 col-12--medium elementor-column elementor-col-100 elementor-top-column elementor-element elementor-element-20ced3f  gut\" data-id=\"20ced3f\" data-element_type=\"column\">\n\t\t\t<div class=\"elementor-widget-wrap elementor-element-populated\">\n\t\t\t\t\t\t\t\t<div class=\"elementor-element elementor-element-c1a4be2 elementor-widget elementor-widget-spacer\" data-id=\"c1a4be2\" data-element_type=\"widget\" data-widget_type=\"spacer.default\">\n\t\t\t\t<div class=\"elementor-widget-container\">\n\t\t\t\t\t<div class=\"elementor-spacer\">\n\t\t\t<div class=\"elementor-spacer-inner\"><\/div>\n\t\t<\/div>\n\t\t\t\t<\/div>\n\t\t\t\t<\/div>\n\t\t\t\t\t<\/div>\n\t\t<\/div>\n\t\t\t\t\t\t\t<\/div>\n\t\t<\/section>\n\t\t\t\t<section class=\"elementor-section elementor-top-section elementor-element elementor-element-8866318 is-yes elementor-section-boxed elementor-section-height-default elementor-section-height-default\" data-id=\"8866318\" data-element_type=\"section\">\n\t\t\t\t\t\t<div class=\"elementor-container elementor-column-gap-default\">\n\t\t\t\t\t<div class=\"dis-fl col-12 col-12--medium elementor-column elementor-col-100 elementor-top-column elementor-element elementor-element-e87ee34  gut\" data-id=\"e87ee34\" data-element_type=\"column\">\n\t\t\t<div class=\"elementor-widget-wrap elementor-element-populated\">\n\t\t\t\t\t\t\t\t<div class=\"elementor-element elementor-element-0639c45 lh-4 co-black elementor-widget elementor-widget-text-block\" data-id=\"0639c45\" data-element_type=\"widget\" data-widget_type=\"text-block.default\">\n\t\t\t\t<div class=\"elementor-widget-container\">\n\t\t\t\n\n<div class=\"elementor-text-editor\"><p>Die Chinesische Handelskammer in Deutschland e. V. (CHKD) ist die erste Au\u00dfenhandelskammer Chinas in Europa und die offizielle Vertretung der chinesischen Wirtschaft in Deutschland. Die Handelskammer vertritt die Interessen ihrer \u00fcber 350 Mitgliedsunternehmen, von denen rund die H\u00e4lfte zu den 500 wirtschaftsst\u00e4rksten Unternehmen Chinas geh\u00f6ren, gegen\u00fcber der deutschen Politik, Wirtschaft und Gesellschaft.\u00a0<\/p><p>\u00a0<\/p><p>Das Ziel ist die St\u00e4rkung der wirtschaftlichen Zusammenarbeit zwischen China und Deutschland. Im gr\u00f6\u00dften Netzwerk chinesischer Unternehmen in Deutschland sind au\u00dferdem deutsche Wirtschaftsf\u00f6rderungen auf Landesebene, Industrie- und Handelskammern mit China-Schwerpunkt und namhafte deutsche Unternehmen als F\u00f6rdermitglieder sowie weitere langj\u00e4hrige Partner aktiv.<\/p><p>Die Aufgaben der CHKD sind in folgende drei Bereiche aufgeteilt:<\/p><\/div>\t\t<\/div>\n\t\t\t\t<\/div>\n\t\t\t\t\t<\/div>\n\t\t<\/div>\n\t\t\t\t\t\t\t<\/div>\n\t\t<\/section>\n\t\t\t\t<section class=\"elementor-section elementor-top-section elementor-element elementor-element-df67c2f is-yes elementor-section-boxed elementor-section-height-default elementor-section-height-default\" data-id=\"df67c2f\" data-element_type=\"section\">\n\t\t\t\t\t\t<div class=\"elementor-container elementor-column-gap-default\">\n\t\t\t\t\t<div class=\"dis-fl col-12 col-12--medium elementor-column elementor-col-100 elementor-top-column elementor-element elementor-element-eec76cb  gut\" data-id=\"eec76cb\" data-element_type=\"column\">\n\t\t\t<div class=\"elementor-widget-wrap elementor-element-populated\">\n\t\t\t\t\t\t\t\t<div class=\"elementor-element elementor-element-cbac699 elementor-widget elementor-widget-spacer\" data-id=\"cbac699\" data-element_type=\"widget\" data-widget_type=\"spacer.default\">\n\t\t\t\t<div class=\"elementor-widget-container\">\n\t\t\t\t\t<div class=\"elementor-spacer\">\n\t\t\t<div class=\"elementor-spacer-inner\"><\/div>\n\t\t<\/div>\n\t\t\t\t<\/div>\n\t\t\t\t<\/div>\n\t\t\t\t\t<\/div>\n\t\t<\/div>\n\t\t\t\t\t\t\t<\/div>\n\t\t<\/section>\n\t\t\t\t<section class=\"elementor-section elementor-top-section elementor-element elementor-element-4466ca4 is-yes elementor-section-boxed elementor-section-height-default elementor-section-height-default\" data-id=\"4466ca4\" data-element_type=\"section\">\n\t\t\t\t\t\t<div class=\"elementor-container elementor-column-gap-default\">\n\t\t\t\t\t<div class=\"dis-fl col-12 col-12--medium elementor-column elementor-col-100 elementor-top-column elementor-element elementor-element-01ac3dc  gut\" data-id=\"01ac3dc\" data-element_type=\"column\">\n\t\t\t<div class=\"elementor-widget-wrap elementor-element-populated\">\n\t\t\t\t\t\t\t\t<div class=\"elementor-element elementor-element-644c740 pad-b-1 elementor-widget elementor-widget-header\" data-id=\"644c740\" data-element_type=\"widget\" data-widget_type=\"header.default\">\n\t\t\t\t<div class=\"elementor-widget-container\">\n\t\t\t<h2 class=\"heading\">\n    <span class=\"fontw-l has-divider lh-3 size-5\">1. Interessensvertretung<\/span>\n  <div class=\"heading__divider pad-t-2\" aria-hidden><svg width=\"90\" height=\"2\" viewBox=\"0 0 90 2\" xmlns=\"http:\/\/www.w3.org\/2000\/svg\"><line x1=\"0\" y1=\"1\" x2=\"90\" y2=\"1\" stroke-width=\"2\" \/><\/svg><\/div><\/h2>\t\t<\/div>\n\t\t\t\t<\/div>\n\t\t\t\t\t<\/div>\n\t\t<\/div>\n\t\t\t\t\t\t\t<\/div>\n\t\t<\/section>\n\t\t\t\t<section class=\"elementor-section elementor-top-section elementor-element elementor-element-3a58781 is-yes elementor-section-boxed elementor-section-height-default elementor-section-height-default\" data-id=\"3a58781\" data-element_type=\"section\">\n\t\t\t\t\t\t<div class=\"elementor-container elementor-column-gap-default\">\n\t\t\t\t\t<div class=\"dis-fl col-12 col-12--medium elementor-column elementor-col-100 elementor-top-column elementor-element elementor-element-ac42aea  gut\" data-id=\"ac42aea\" data-element_type=\"column\">\n\t\t\t<div class=\"elementor-widget-wrap elementor-element-populated\">\n\t\t\t\t\t\t\t\t<div class=\"elementor-element elementor-element-565faec lh-4 co-black elementor-widget elementor-widget-text-block\" data-id=\"565faec\" data-element_type=\"widget\" data-widget_type=\"text-block.default\">\n\t\t\t\t<div class=\"elementor-widget-container\">\n\t\t\t\n\n<div class=\"elementor-text-editor\"><p>Die CHKD vertritt die Interessen ihrer Mitglieder gegen\u00fcber der deutschen Politik, Wirtschaft und \u00d6ffentlichkeit. Die Kammer ist au\u00dferdem Ansprechpartner f\u00fcr Medien zu Themen der chinesisch-deutschen Wirtschaftszusammenarbeit mit Fokus auf Aktivit\u00e4ten chinesischer Unternehmen in Deutschland und Europa.<\/p><\/div>\t\t<\/div>\n\t\t\t\t<\/div>\n\t\t\t\t\t<\/div>\n\t\t<\/div>\n\t\t\t\t\t\t\t<\/div>\n\t\t<\/section>\n\t\t\t\t<section class=\"elementor-section elementor-top-section elementor-element elementor-element-6a39d11 is-yes elementor-section-boxed elementor-section-height-default elementor-section-height-default\" data-id=\"6a39d11\" data-element_type=\"section\">\n\t\t\t\t\t\t<div class=\"elementor-container elementor-column-gap-default\">\n\t\t\t\t\t<div class=\"dis-fl col-12 col-12--medium elementor-column elementor-col-100 elementor-top-column elementor-element elementor-element-66f939d  gut\" data-id=\"66f939d\" data-element_type=\"column\">\n\t\t\t<div class=\"elementor-widget-wrap elementor-element-populated\">\n\t\t\t\t\t\t\t\t<div class=\"elementor-element elementor-element-1df7ba2 elementor-widget elementor-widget-spacer\" data-id=\"1df7ba2\" data-element_type=\"widget\" data-widget_type=\"spacer.default\">\n\t\t\t\t<div class=\"elementor-widget-container\">\n\t\t\t\t\t<div class=\"elementor-spacer\">\n\t\t\t<div class=\"elementor-spacer-inner\"><\/div>\n\t\t<\/div>\n\t\t\t\t<\/div>\n\t\t\t\t<\/div>\n\t\t\t\t\t<\/div>\n\t\t<\/div>\n\t\t\t\t\t\t\t<\/div>\n\t\t<\/section>\n\t\t\t\t<section class=\"elementor-section elementor-top-section elementor-element elementor-element-03f8c32 is-yes elementor-section-boxed elementor-section-height-default elementor-section-height-default\" data-id=\"03f8c32\" data-element_type=\"section\">\n\t\t\t\t\t\t<div class=\"elementor-container elementor-column-gap-default\">\n\t\t\t\t\t<div class=\"dis-fl col-12 col-12--medium elementor-column elementor-col-100 elementor-top-column elementor-element elementor-element-2761a0c  gut\" data-id=\"2761a0c\" data-element_type=\"column\">\n\t\t\t<div class=\"elementor-widget-wrap elementor-element-populated\">\n\t\t\t\t\t\t\t\t<div class=\"elementor-element elementor-element-1be8307 pad-b-1 elementor-widget elementor-widget-header\" data-id=\"1be8307\" data-element_type=\"widget\" data-widget_type=\"header.default\">\n\t\t\t\t<div class=\"elementor-widget-container\">\n\t\t\t<h2 class=\"heading\">\n    <span class=\"fontw-l has-divider lh-3 size-5\">2. Mitgliederorganisation<\/span>\n  <div class=\"heading__divider pad-t-2\" aria-hidden><svg width=\"90\" height=\"2\" viewBox=\"0 0 90 2\" xmlns=\"http:\/\/www.w3.org\/2000\/svg\"><line x1=\"0\" y1=\"1\" x2=\"90\" y2=\"1\" stroke-width=\"2\" \/><\/svg><\/div><\/h2>\t\t<\/div>\n\t\t\t\t<\/div>\n\t\t\t\t\t<\/div>\n\t\t<\/div>\n\t\t\t\t\t\t\t<\/div>\n\t\t<\/section>\n\t\t\t\t<section class=\"elementor-section elementor-top-section elementor-element elementor-element-29d1118 is-yes elementor-section-boxed elementor-section-height-default elementor-section-height-default\" data-id=\"29d1118\" data-element_type=\"section\">\n\t\t\t\t\t\t<div class=\"elementor-container elementor-column-gap-default\">\n\t\t\t\t\t<div class=\"dis-fl col-12 col-12--medium elementor-column elementor-col-100 elementor-top-column elementor-element elementor-element-d7bf960  gut\" data-id=\"d7bf960\" data-element_type=\"column\">\n\t\t\t<div class=\"elementor-widget-wrap elementor-element-populated\">\n\t\t\t\t\t\t\t\t<div class=\"elementor-element elementor-element-43baa17 lh-4 co-black elementor-widget elementor-widget-text-block\" data-id=\"43baa17\" data-element_type=\"widget\" data-widget_type=\"text-block.default\">\n\t\t\t\t<div class=\"elementor-widget-container\">\n\t\t\t\n\n<div class=\"elementor-text-editor\"><p>Mit der Organisation zahlreicher Veranstaltungen st\u00e4rkt die CHKD den Austausch und die Vernetzung der Mitglieder untereinander und mit der deutschen Wirtschaft, Politik und Gesellschaft. Das Veranstaltungsportfolio enth\u00e4lt sowohl \u00fcberregionale Formate als auch regionale Member Events. In dem Bereich <a href=\"https:\/\/chk-de.org\/events\">Events<\/a>\u00a0erfahren Sie mehr \u00fcber anstehende sowie vergangene Veranstaltungen.<\/p><\/div>\t\t<\/div>\n\t\t\t\t<\/div>\n\t\t\t\t\t<\/div>\n\t\t<\/div>\n\t\t\t\t\t\t\t<\/div>\n\t\t<\/section>\n\t\t\t\t<section class=\"elementor-section elementor-top-section elementor-element elementor-element-bb35078 is-yes elementor-section-boxed elementor-section-height-default elementor-section-height-default\" data-id=\"bb35078\" data-element_type=\"section\">\n\t\t\t\t\t\t<div class=\"elementor-container elementor-column-gap-default\">\n\t\t\t\t\t<div class=\"dis-fl col-12 col-12--medium elementor-column elementor-col-100 elementor-top-column elementor-element elementor-element-af66981  gut\" data-id=\"af66981\" data-element_type=\"column\">\n\t\t\t<div class=\"elementor-widget-wrap elementor-element-populated\">\n\t\t\t\t\t\t\t\t<div class=\"elementor-element elementor-element-fcd3edd elementor-widget elementor-widget-spacer\" data-id=\"fcd3edd\" data-element_type=\"widget\" data-widget_type=\"spacer.default\">\n\t\t\t\t<div class=\"elementor-widget-container\">\n\t\t\t\t\t<div class=\"elementor-spacer\">\n\t\t\t<div class=\"elementor-spacer-inner\"><\/div>\n\t\t<\/div>\n\t\t\t\t<\/div>\n\t\t\t\t<\/div>\n\t\t\t\t\t<\/div>\n\t\t<\/div>\n\t\t\t\t\t\t\t<\/div>\n\t\t<\/section>\n\t\t\t\t<section class=\"elementor-section elementor-top-section elementor-element elementor-element-4af95d8 is-yes elementor-section-boxed elementor-section-height-default elementor-section-height-default\" data-id=\"4af95d8\" data-element_type=\"section\">\n\t\t\t\t\t\t<div class=\"elementor-container elementor-column-gap-default\">\n\t\t\t\t\t<div class=\"dis-fl col-12 col-12--medium elementor-column elementor-col-100 elementor-top-column elementor-element elementor-element-40b87f9  gut\" data-id=\"40b87f9\" data-element_type=\"column\">\n\t\t\t<div class=\"elementor-widget-wrap elementor-element-populated\">\n\t\t\t\t\t\t\t\t<div class=\"elementor-element elementor-element-252c145 pad-b-1 elementor-widget elementor-widget-header\" data-id=\"252c145\" data-element_type=\"widget\" data-widget_type=\"header.default\">\n\t\t\t\t<div class=\"elementor-widget-container\">\n\t\t\t<h2 class=\"heading\">\n    <span class=\"fontw-l has-divider lh-3 size-5\">3. Dienstleistungen\n<\/span>\n  <div class=\"heading__divider pad-t-2\" aria-hidden><svg width=\"90\" height=\"2\" viewBox=\"0 0 90 2\" xmlns=\"http:\/\/www.w3.org\/2000\/svg\"><line x1=\"0\" y1=\"1\" x2=\"90\" y2=\"1\" stroke-width=\"2\" \/><\/svg><\/div><\/h2>\t\t<\/div>\n\t\t\t\t<\/div>\n\t\t\t\t\t<\/div>\n\t\t<\/div>\n\t\t\t\t\t\t\t<\/div>\n\t\t<\/section>\n\t\t\t\t<section class=\"elementor-section elementor-top-section elementor-element elementor-element-8e89fed is-yes elementor-section-boxed elementor-section-height-default elementor-section-height-default\" data-id=\"8e89fed\" data-element_type=\"section\">\n\t\t\t\t\t\t<div class=\"elementor-container elementor-column-gap-default\">\n\t\t\t\t\t<div class=\"dis-fl col-12 col-12--medium elementor-column elementor-col-100 elementor-top-column elementor-element elementor-element-6336f0b  gut\" data-id=\"6336f0b\" data-element_type=\"column\">\n\t\t\t<div class=\"elementor-widget-wrap elementor-element-populated\">\n\t\t\t\t\t\t\t\t<div class=\"elementor-element elementor-element-65589b1 lh-4 co-black elementor-widget elementor-widget-text-block\" data-id=\"65589b1\" data-element_type=\"widget\" data-widget_type=\"text-block.default\">\n\t\t\t\t<div class=\"elementor-widget-container\">\n\t\t\t\n\n<div class=\"elementor-text-editor\"><p>Die vielf\u00e4ltigen Dienstleistungen der CHKD richten sich an chinesische und deutsche Unternehmen. Die Services umfassen u.a. <a href=\"https:\/\/chk-de.org\/messe-delegation-und-events\/\">Messe-, Delegations- und Eventservices<\/a>, <a href=\"https:\/\/chk-de.org\/dienstleistungen\/recruitment-service\/\">Personalrekrutierung<\/a>\u00a0und Unterst\u00fctzung bei <a href=\"https:\/\/chk-de.org\/visaangelegenheiten\/\">Visaangelegenheiten<\/a>\u00a0 sowie beim <a href=\"https:\/\/chk-de.org\/markteintritt\/\">Markteintritt<\/a>\u00a0. Im Rahmen der CHKD Akademie werden au\u00dferdem Trainings und Seminare f\u00fcr F\u00fchrungskr\u00e4fte und Mitarbeiter zu unterschiedlichen Themen angeboten.<\/p><\/div>\t\t<\/div>\n\t\t\t\t<\/div>\n\t\t\t\t\t<\/div>\n\t\t<\/div>\n\t\t\t\t\t\t\t<\/div>\n\t\t<\/section>\n\t\t\t\t<section class=\"elementor-section elementor-top-section elementor-element elementor-element-387126d is-yes elementor-section-boxed elementor-section-height-default elementor-section-height-default\" data-id=\"387126d\" data-element_type=\"section\">\n\t\t\t\t\t\t<div class=\"elementor-container elementor-column-gap-default\">\n\t\t\t\t\t<div class=\"dis-fl col-12 col-12--medium elementor-column elementor-col-100 elementor-top-column elementor-element elementor-element-651d594  gut\" data-id=\"651d594\" data-element_type=\"column\">\n\t\t\t<div class=\"elementor-widget-wrap elementor-element-populated\">\n\t\t\t\t\t\t\t\t<div class=\"elementor-element elementor-element-52febe1 elementor-widget elementor-widget-spacer\" data-id=\"52febe1\" data-element_type=\"widget\" data-widget_type=\"spacer.default\">\n\t\t\t\t<div class=\"elementor-widget-container\">\n\t\t\t\t\t<div class=\"elementor-spacer\">\n\t\t\t<div class=\"elementor-spacer-inner\"><\/div>\n\t\t<\/div>\n\t\t\t\t<\/div>\n\t\t\t\t<\/div>\n\t\t\t\t\t<\/div>\n\t\t<\/div>\n\t\t\t\t\t\t\t<\/div>\n\t\t<\/section>\n\t\t\t\t<section class=\"elementor-section elementor-top-section elementor-element elementor-element-c725c89 is-yes elementor-section-boxed elementor-section-height-default elementor-section-height-default\" data-id=\"c725c89\" data-element_type=\"section\">\n\t\t\t\t\t\t<div class=\"elementor-container elementor-column-gap-default\">\n\t\t\t\t\t<div class=\"dis-fl col-12 col-12--medium elementor-column elementor-col-100 elementor-top-column elementor-element elementor-element-634d471  gut\" data-id=\"634d471\" data-element_type=\"column\">\n\t\t\t<div class=\"elementor-widget-wrap elementor-element-populated\">\n\t\t\t\t\t\t\t\t<div class=\"elementor-element elementor-element-07c8954 elementor-widget elementor-widget-spacer\" data-id=\"07c8954\" data-element_type=\"widget\" data-widget_type=\"spacer.default\">\n\t\t\t\t<div class=\"elementor-widget-container\">\n\t\t\t\t\t<div class=\"elementor-spacer\">\n\t\t\t<div class=\"elementor-spacer-inner\"><\/div>\n\t\t<\/div>\n\t\t\t\t<\/div>\n\t\t\t\t<\/div>\n\t\t\t\t\t<\/div>\n\t\t<\/div>\n\t\t\t\t\t\t\t<\/div>\n\t\t<\/section>\n\t\t\t\t<section class=\"elementor-section elementor-top-section elementor-element elementor-element-3c360cb is-yes elementor-section-boxed elementor-section-height-default elementor-section-height-default\" data-id=\"3c360cb\" data-element_type=\"section\">\n\t\t\t\t\t\t<div class=\"elementor-container elementor-column-gap-default\">\n\t\t\t\t\t<div class=\"dis-fl col-12 col-12--medium elementor-column elementor-col-100 elementor-top-column elementor-element elementor-element-1982e04  gut\" data-id=\"1982e04\" data-element_type=\"column\">\n\t\t\t<div class=\"elementor-widget-wrap elementor-element-populated\">\n\t\t\t\t\t\t\t\t<div class=\"elementor-element elementor-element-742120a lh-3 co-black elementor-widget elementor-widget-text-block\" data-id=\"742120a\" data-element_type=\"widget\" data-widget_type=\"text-block.default\">\n\t\t\t\t<div class=\"elementor-widget-container\">\n\t\t\t\n\n<div class=\"elementor-text-editor\"><p>Hier kommen Sie zur CHKD <a href=\"https:\/\/chk-de.org\/app\/uploads\/2025\/03\/Datenschutzerklaerung-fuer-Mitglieder.pdf\">Datenschutzerkl\u00e4rung<\/a>.<\/p><\/div>\t\t<\/div>\n\t\t\t\t<\/div>\n\t\t\t\t\t<\/div>\n\t\t<\/div>\n\t\t\t\t\t\t\t<\/div>\n\t\t<\/section>\n\t\t\t\t\t\t<\/div>\n\t\t\t\t\t<\/div>\n\t\t","protected":false},"excerpt":{"rendered":"<p>Die Chinesische Handelskammer in Deutschland e. V. (CHKD) ist die erste Au\u00dfenhandelskammer Chinas in Europa und die offizielle Vertretung der chinesischen Wirtschaft in Deutschland. Die Handelskammer vertritt die Interessen ihrer \u00fcber 350 Mitgliedsunternehmen, von denen rund die H\u00e4lfte zu den 500 wirtschaftsst\u00e4rksten Unternehmen Chinas geh\u00f6ren, gegen\u00fcber der deutschen Politik, Wirtschaft und Gesellschaft.\u00a0 \u00a0 Das Ziel [&hellip;]<\/p>\n","protected":false},"author":2,"featured_media":0,"parent":0,"menu_order":0,"comment_status":"closed","ping_status":"closed","template":"template-page--sidebarless.php","meta":[],"_links":{"self":[{"href":"https:\/\/chk-de.org\/de\/wp-json\/wp\/v2\/pages\/262"}],"collection":[{"href":"https:\/\/chk-de.org\/de\/wp-json\/wp\/v2\/pages"}],"about":[{"href":"https:\/\/chk-de.org\/de\/wp-json\/wp\/v2\/types\/page"}],"author":[{"embeddable":true,"href":"https:\/\/chk-de.org\/de\/wp-json\/wp\/v2\/users\/2"}],"replies":[{"embeddable":true,"href":"https:\/\/chk-de.org\/de\/wp-json\/wp\/v2\/comments?post=262"}],"version-history":[{"count":29,"href":"https:\/\/chk-de.org\/de\/wp-json\/wp\/v2\/pages\/262\/revisions"}],"predecessor-version":[{"id":89579,"href":"https:\/\/chk-de.org\/de\/wp-json\/wp\/v2\/pages\/262\/revisions\/89579"}],"wp:attachment":[{"href":"https:\/\/chk-de.org\/de\/wp-json\/wp\/v2\/media?parent=262"}],"curies":[{"name":"wp","href":"https:\/\/api.w.org\/{rel}","templated":true}]}}